{"id":30864,"date":"2022-04-18T01:32:08","date_gmt":"2022-04-18T01:32:08","guid":{"rendered":"http:\/\/getibogaine.com\/?page_id=3"},"modified":"2026-03-11T15:20:15","modified_gmt":"2026-03-11T19:20:15","slug":"datenschutzerklarung","status":"publish","type":"page","link":"https:\/\/getibogaine.com\/de\/datenschutzerklarung\/","title":{"rendered":"Datenschutzerkl\u00e4rung"},"content":{"rendered":"\t\t<div data-elementor-type=\"wp-page\" data-elementor-id=\"30864\" class=\"elementor elementor-30864 elementor-3\" data-elementor-post-type=\"page\">\n\t\t\t\t<div class=\"elementor-element elementor-element-5ceef1e e-flex e-con-boxed e-con e-parent\" data-id=\"5ceef1e\" data-element_type=\"container\" data-e-type=\"container\" data-settings=\"{&quot;background_background&quot;:&quot;classic&quot;,&quot;animation&quot;:&quot;none&quot;}\">\n\t\t\t\t\t<div class=\"e-con-inner\">\n\t\t<div class=\"elementor-element elementor-element-095a4a4 e-con-full e-flex e-con e-child\" data-id=\"095a4a4\" data-element_type=\"container\" data-e-type=\"container\" data-settings=\"{&quot;motion_fx_motion_fx_scrolling&quot;:&quot;yes&quot;,&quot;motion_fx_translateY_effect&quot;:&quot;yes&quot;,&quot;motion_fx_translateY_speed&quot;:{&quot;unit&quot;:&quot;px&quot;,&quot;size&quot;:4,&quot;sizes&quot;:[]},&quot;motion_fx_translateY_affectedRange&quot;:{&quot;unit&quot;:&quot;%&quot;,&quot;size&quot;:&quot;&quot;,&quot;sizes&quot;:{&quot;start&quot;:0,&quot;end&quot;:100}},&quot;motion_fx_devices&quot;:[&quot;widescreen&quot;,&quot;desktop&quot;,&quot;laptop&quot;,&quot;tablet&quot;,&quot;mobile&quot;]}\">\n\t\t\t\t<div class=\"elementor-element elementor-element-c4d0fc8 elementor-widget elementor-widget-heading\" data-id=\"c4d0fc8\" data-element_type=\"widget\" data-e-type=\"widget\" data-widget_type=\"heading.default\">\n\t\t\t\t\t<h1 class=\"elementor-heading-title elementor-size-default\">Datenschutzerkl\u00e4rung<\/h1>\t\t\t\t<\/div>\n\t\t\t\t<\/div>\n\t\t\t\t\t<\/div>\n\t\t\t\t<\/div>\n\t\t<div class=\"elementor-element elementor-element-2b16b99 e-flex e-con-boxed e-con e-parent\" data-id=\"2b16b99\" data-element_type=\"container\" data-e-type=\"container\">\n\t\t\t\t\t<div class=\"e-con-inner\">\n\t\t<div class=\"elementor-element elementor-element-43bfb68 e-con-full e-flex e-con e-child\" data-id=\"43bfb68\" data-element_type=\"container\" data-e-type=\"container\">\n\t\t\t\t<div class=\"elementor-element elementor-element-8b1593c elementor-widget elementor-widget-heading\" data-id=\"8b1593c\" data-element_type=\"widget\" data-e-type=\"widget\" data-widget_type=\"heading.default\">\n\t\t\t\t\t<h2 class=\"elementor-heading-title elementor-size-default\">Get Ibogaine Datenschutzerkl\u00e4rung<\/h2>\t\t\t\t<\/div>\n\t\t\t\t<div class=\"elementor-element elementor-element-7820396 elementor-widget elementor-widget-text-editor\" data-id=\"7820396\" data-element_type=\"widget\" data-e-type=\"widget\" data-widget_type=\"text-editor.default\">\n\t\t\t\t\t\t\t\t\t<p><\/p>\n<p>Bei\u00a0<a href=\"http:\/\/Getibogaine.com\" target=\"_blank\" rel=\"noopener\">Getibogaine.com<\/a> k\u00f6nnen wir Informationen erhalten, die Sie uns direkt auf den Websites zur Verf\u00fcgung stellen; dazu geh\u00f6ren ohne Einschr\u00e4nkung alle Online- und Offline-Erhebungen s\u00e4mtlicher Arten personenbezogener Daten.<\/p>\n<p>Diese Informationen k\u00f6nnen personenbezogene Daten umfassen, also Informationen, die dazu verwendet werden k\u00f6nnen, Sie individuell zu identifizieren. Zu den erhobenen personenbezogenen Daten k\u00f6nnen geh\u00f6ren:<br \/>Kontaktinformationen wie Name, Adresse, E-Mail-Adresse, Telefonnummer, Faxnummer, Name der Organisation und\/oder Berufsbezeichnung<\/p>\n<ul>\n<li>Ern\u00e4hrungseinschr\u00e4nkungen, Passdaten f\u00fcr Reisebuchungen oder zu Identifikationszwecken, Sozialversicherungsnummer (sofern gesetzlich erforderlich), Bankverbindungsdaten, (Notfall-)Kontaktpersonen, Familieninformationen (sofern zutreffend und in \u00dcbereinstimmung mit lokalem Recht)<\/li>\n<li>Kreditw\u00fcrdigkeit, USt-IdNr., Produkt-, Kaufhistorie, Anforderungsdokumentation<\/li>\n<li>Bilder, Video- und Audioaufnahmen, sofern Sie Ihre Einwilligung erteilt haben<\/li>\n<li>Sensible personenbezogene Daten, wie Gesundheitsinformationen oder Berichte \u00fcber einen einzelnen Endkunden, d. h. in Bezug auf Produktanspr\u00fcche und Untersuchungen, pr\u00e4- und postoperative Behandlungsergebnisse von Patienten f\u00fcr Forschungs- und statistische Zwecke oder Strafregisterausz\u00fcge f\u00fcr Due-Diligence-Verfahren in \u00dcbereinstimmung mit geltendem Recht. Wir werden die erhobenen personenbezogenen Daten f\u00fcr die oben genannten Prozesse und Verarbeitungszwecke entsprechend unseren Verpflichtungen aufbewahren und verwenden, einschlie\u00dflich, aber nicht beschr\u00e4nkt auf rechtliche, gesch\u00e4ftliche und administrative Verpflichtungen.<\/li>\n<\/ul>\n<p><\/p>\t\t\t\t\t\t\t\t<\/div>\n\t\t\t\t<div class=\"elementor-element elementor-element-c13c0c6 elementor-widget elementor-widget-heading\" data-id=\"c13c0c6\" data-element_type=\"widget\" data-e-type=\"widget\" data-widget_type=\"heading.default\">\n\t\t\t\t\t<h2 class=\"elementor-heading-title elementor-size-default\">VERWENDUNG VON INFORMATIONEN<\/h2>\t\t\t\t<\/div>\n\t\t\t\t<div class=\"elementor-element elementor-element-44b6a1f elementor-widget elementor-widget-text-editor\" data-id=\"44b6a1f\" data-element_type=\"widget\" data-e-type=\"widget\" data-widget_type=\"text-editor.default\">\n\t\t\t\t\t\t\t\t\t\n<p>Wir k\u00f6nnen \u00fcber die Websites erhobene Informationen, einschlie\u00dflich personenbezogener Informationen und Informationen zur Website-Nutzung, f\u00fcr verschiedene Zwecke verwenden, einschlie\u00dflich, aber nicht beschr\u00e4nkt auf:<\/p>\n<ol>\n<li>Ihnen die Nutzung der Websites zu erm\u00f6glichen und Ihnen damit verbundene Dienstleistungen bereitzustellen, einschlie\u00dflich der Beantwortung Ihrer Fragen und Kommentare;<\/li>\n<li>Transaktionen abzuwickeln und Ihre Registrierung, Bestellungen und Zahlungen zu verarbeiten, einschlie\u00dflich der \u00dcberpr\u00fcfung, dass die von Ihnen bereitgestellten Informationen korrekt und aktuell sind;<\/li>\n<li>unsere Gesch\u00e4ftsbeziehung mit Ihnen und dem von Ihnen vertretenen Unternehmen zu verwalten und weiterzuentwickeln;<\/li>\n<li>Ihre Online-Erlebnisse zu personalisieren und Inhalte, Empfehlungen und Angebote, die wir Ihnen auf den Websites und anderweitig online anzeigen, auf Sie zuzuschneiden;<\/li>\n<li>Ihnen Informationen, Produkte oder Dienstleistungen bereitzustellen, die Sie angefordert oder deren Erhalt Sie zugestimmt haben oder von denen wir anderweitig glauben, dass sie Sie interessieren werden, einschlie\u00dflich Informationen und Sonderangeboten von uns, unseren Werbekunden und unseren externen Gesch\u00e4ftspartnern;<\/li>\n<li>interne Analysen durchzuf\u00fchren, wie z. B. Umfragen und Marktforschung;<\/li>\n<li>die Websites, unsere Produkte und Dienstleistungen zu verbessern sowie f\u00fcr interne Gesch\u00e4ftszwecke;<\/li>\n<li>Sie mit administrativen Mitteilungen und \u2013 nach unserem Ermessen \u2013 \u00fcber \u00c4nderungen der Richtlinien der Website zu kontaktieren;<\/li>\n<li>Trends, Nutzung und Aktivit\u00e4ten von Besuchern und Nutzern der Websites zu \u00fcberwachen und zu analysieren; um geltende Gesetze, Vorschriften oder rechtliche Verfahren sowie Branchenstandards und unsere Unternehmensrichtlinien einzuhalten;<\/li>\n<li>f\u00fcr Zwecke, die zum Zeitpunkt der Bereitstellung Ihrer Informationen offengelegt werden, und wie in dieser Datenschutzerkl\u00e4rung weiter beschrieben oder zul\u00e4ssig;<\/li>\n<li>jegliche vermutete oder tats\u00e4chliche betr\u00fcgerische oder rechtswidrige Aktivit\u00e4t oder jegliche Aktivit\u00e4t, die gegen unsere Richtlinien verst\u00f6\u00dft, zu verhindern, zu untersuchen, zu identifizieren oder anderweitige Ma\u00dfnahmen in Bezug darauf zu ergreifen;<\/li>\n<li>Ihre Pr\u00e4ferenzen zu speichern und wiederherzustellen, wenn Sie auf die Website zur\u00fcckkehren;<\/li>\n<li>zur Einhaltung geltender Gesetze, Vorschriften oder rechtlicher Verfahren sowie von Unternehmensstandards und unseren Unternehmensrichtlinien oder anderweitig mit Ihrer Einwilligung.<\/li>\n<\/ol>\n\t\t\t\t\t\t\t\t<\/div>\n\t\t\t\t<div class=\"elementor-element elementor-element-df6ebeb elementor-widget elementor-widget-spacer\" data-id=\"df6ebeb\" data-element_type=\"widget\" data-e-type=\"widget\" data-widget_type=\"spacer.default\">\n\t\t\t\t\t\t\t<div class=\"elementor-spacer\">\n\t\t\t<div class=\"elementor-spacer-inner\"><\/div>\n\t\t<\/div>\n\t\t\t\t\t\t<\/div>\n\t\t\t\t<\/div>\n\t\t\t\t\t<\/div>\n\t\t\t\t<\/div>\n\t\t\t\t<\/div>\n\t\t","protected":false},"excerpt":{"rendered":"<p>Datenschutzerkl\u00e4rung Get Ibogaine Datenschutzerkl\u00e4rung Bei\u00a0Getibogaine.com k\u00f6nnen wir Informationen erhalten, die Sie uns direkt auf den Websites zur Verf\u00fcgung stellen; dazu [&hellip;]<\/p>\n","protected":false},"author":3,"featured_media":30865,"parent":0,"menu_order":0,"comment_status":"closed","ping_status":"closed","template":"elementor_header_footer","meta":{"site-sidebar-layout":"default","site-content-layout":"","ast-site-content-layout":"default","site-content-style":"default","site-sidebar-style":"default","ast-global-header-display":"","ast-banner-title-visibility":"","ast-main-header-display":"","ast-hfb-above-header-display":"","ast-hfb-below-header-display":"","ast-hfb-mobile-header-display":"","site-post-title":"","ast-breadcrumbs-content":"","ast-featured-img":"","footer-sml-layout":"","ast-disable-related-posts":"","theme-transparent-header-meta":"","adv-header-id-meta":"","stick-header-meta":"","header-above-stick-meta":"","header-main-stick-meta":"","header-below-stick-meta":"","astra-migrate-meta-layouts":"default","ast-page-background-enabled":"default","ast-page-background-meta":{"desktop":{"background-color":"var(--ast-global-color-4)","background-image":"","background-repeat":"repeat","background-position":"center center","background-size":"auto","background-attachment":"scroll","background-type":"","background-media":"","overlay-type":"","overlay-color":"","overlay-opacity":"","overlay-gradient":""},"tablet":{"background-color":"","background-image":"","background-repeat":"repeat","background-position":"center center","background-size":"auto","background-attachment":"scroll","background-type":"","background-media":"","overlay-type":"","overlay-color":"","overlay-opacity":"","overlay-gradient":""},"mobile":{"background-color":"","background-image":"","background-repeat":"repeat","background-position":"center center","background-size":"auto","background-attachment":"scroll","background-type":"","background-media":"","overlay-type":"","overlay-color":"","overlay-opacity":"","overlay-gradient":""}},"ast-content-background-meta":{"desktop":{"background-color":"var(--ast-global-color-5)","background-image":"","background-repeat":"repeat","background-position":"center center","background-size":"auto","background-attachment":"scroll","background-type":"","background-media":"","overlay-type":"","overlay-color":"","overlay-opacity":"","overlay-gradient":""},"tablet":{"background-color":"var(--ast-global-color-5)","background-image":"","background-repeat":"repeat","background-position":"center center","background-size":"auto","background-attachment":"scroll","background-type":"","background-media":"","overlay-type":"","overlay-color":"","overlay-opacity":"","overlay-gradient":""},"mobile":{"background-color":"var(--ast-global-color-5)","background-image":"","background-repeat":"repeat","background-position":"center center","background-size":"auto","background-attachment":"scroll","background-type":"","background-media":"","overlay-type":"","overlay-color":"","overlay-opacity":"","overlay-gradient":""}},"footnotes":""},"class_list":["post-30864","page","type-page","status-publish","has-post-thumbnail","hentry"],"jetpack_sharing_enabled":true,"_links":{"self":[{"href":"https:\/\/getibogaine.com\/de\/wp-json\/wp\/v2\/pages\/30864","targetHints":{"allow":["GET"]}}],"collection":[{"href":"https:\/\/getibogaine.com\/de\/wp-json\/wp\/v2\/pages"}],"about":[{"href":"https:\/\/getibogaine.com\/de\/wp-json\/wp\/v2\/types\/page"}],"author":[{"embeddable":true,"href":"https:\/\/getibogaine.com\/de\/wp-json\/wp\/v2\/users\/3"}],"replies":[{"embeddable":true,"href":"https:\/\/getibogaine.com\/de\/wp-json\/wp\/v2\/comments?post=30864"}],"version-history":[{"count":4,"href":"https:\/\/getibogaine.com\/de\/wp-json\/wp\/v2\/pages\/30864\/revisions"}],"predecessor-version":[{"id":35890,"href":"https:\/\/getibogaine.com\/de\/wp-json\/wp\/v2\/pages\/30864\/revisions\/35890"}],"wp:featuredmedia":[{"embeddable":true,"href":"https:\/\/getibogaine.com\/de\/wp-json\/wp\/v2\/media\/30865"}],"wp:attachment":[{"href":"https:\/\/getibogaine.com\/de\/wp-json\/wp\/v2\/media?parent=30864"}],"curies":[{"name":"wp","href":"https:\/\/api.w.org\/{rel}","templated":true}]}}