{"id":30881,"date":"2022-04-18T03:30:48","date_gmt":"2022-04-18T07:30:48","guid":{"rendered":"http:\/\/getibogaine.com\/?page_id=13"},"modified":"2026-03-12T14:02:07","modified_gmt":"2026-03-12T18:02:07","slug":"richtlinie-fur-ruckerstattungen-und-ruckgaben","status":"publish","type":"page","link":"https:\/\/getibogaine.com\/de\/richtlinie-fur-ruckerstattungen-und-ruckgaben\/","title":{"rendered":"Richtlinie f\u00fcr R\u00fcckerstattungen und R\u00fcckgaben"},"content":{"rendered":"\t\t<div data-elementor-type=\"wp-page\" data-elementor-id=\"30881\" class=\"elementor elementor-30881 elementor-13\" data-elementor-post-type=\"page\">\n\t\t\t\t<div class=\"elementor-element elementor-element-770c53e e-flex e-con-boxed e-con e-parent\" data-id=\"770c53e\" data-element_type=\"container\" data-e-type=\"container\" data-settings=\"{&quot;background_background&quot;:&quot;classic&quot;}\">\n\t\t\t\t\t<div class=\"e-con-inner\">\n\t\t<div class=\"elementor-element elementor-element-5508011 e-con-full e-flex e-con e-child\" data-id=\"5508011\" data-element_type=\"container\" data-e-type=\"container\" data-settings=\"{&quot;motion_fx_motion_fx_scrolling&quot;:&quot;yes&quot;,&quot;motion_fx_translateY_effect&quot;:&quot;yes&quot;,&quot;motion_fx_translateY_speed&quot;:{&quot;unit&quot;:&quot;px&quot;,&quot;size&quot;:4,&quot;sizes&quot;:[]},&quot;motion_fx_translateY_affectedRange&quot;:{&quot;unit&quot;:&quot;%&quot;,&quot;size&quot;:&quot;&quot;,&quot;sizes&quot;:{&quot;start&quot;:0,&quot;end&quot;:100}},&quot;motion_fx_devices&quot;:[&quot;widescreen&quot;,&quot;desktop&quot;,&quot;laptop&quot;,&quot;tablet&quot;,&quot;mobile&quot;]}\">\n\t\t\t\t<div class=\"elementor-element elementor-element-37f1a02 elementor-widget elementor-widget-spacer\" data-id=\"37f1a02\" data-element_type=\"widget\" data-e-type=\"widget\" data-widget_type=\"spacer.default\">\n\t\t\t\t\t\t\t<div class=\"elementor-spacer\">\n\t\t\t<div class=\"elementor-spacer-inner\"><\/div>\n\t\t<\/div>\n\t\t\t\t\t\t<\/div>\n\t\t\t\t<div class=\"elementor-element elementor-element-f997c13 elementor-widget elementor-widget-heading\" data-id=\"f997c13\" data-element_type=\"widget\" data-e-type=\"widget\" data-widget_type=\"heading.default\">\n\t\t\t\t\t<h1 class=\"elementor-heading-title elementor-size-default\">Stornierung und R\u00fcckgabe<\/h1>\t\t\t\t<\/div>\n\t\t\t\t<div class=\"elementor-element elementor-element-80d7889 elementor-widget elementor-widget-heading\" data-id=\"80d7889\" data-element_type=\"widget\" data-e-type=\"widget\" data-widget_type=\"heading.default\">\n\t\t\t\t\t<h2 class=\"elementor-heading-title elementor-size-default\">Im Folgenden finden Sie unsere Stornierungs- und R\u00fcckgaberichtlinie f\u00fcr unsere Ibogaine-Produkte<\/h2>\t\t\t\t<\/div>\n\t\t\t\t<\/div>\n\t\t\t\t\t<\/div>\n\t\t\t\t<\/div>\n\t\t<div class=\"elementor-element elementor-element-43435b4 e-flex e-con-boxed e-con e-parent\" data-id=\"43435b4\" data-element_type=\"container\" data-e-type=\"container\">\n\t\t\t\t\t<div class=\"e-con-inner\">\n\t\t<div class=\"elementor-element elementor-element-8c89456 e-con-full e-flex e-con e-child\" data-id=\"8c89456\" data-element_type=\"container\" data-e-type=\"container\">\n\t\t\t\t<div class=\"elementor-element elementor-element-84e8aa9 elementor-widget elementor-widget-heading\" data-id=\"84e8aa9\" data-element_type=\"widget\" data-e-type=\"widget\" data-widget_type=\"heading.default\">\n\t\t\t\t\t<h3 class=\"elementor-heading-title elementor-size-default\">Stornierung<\/h3>\t\t\t\t<\/div>\n\t\t\t\t<div class=\"elementor-element elementor-element-2a23224 elementor-widget elementor-widget-text-editor\" data-id=\"2a23224\" data-element_type=\"widget\" data-e-type=\"widget\" data-widget_type=\"text-editor.default\">\n\t\t\t\t\t\t\t\t\t<p>Nachdem die Zahlung verarbeitet wurde, k\u00f6nnen Bestellungen nicht storniert werden, k\u00f6nnen jedoch auf Anfrage ge\u00e4ndert werden. Sollten Sie mit Ihrem Kauf unzufrieden sein, setzen wir alles daran, Ihnen zu helfen. Unser Team bem\u00fcht sich, mit jeder Lieferung korrekte und Produkte in h\u00f6chster Qualit\u00e4t zu liefern.<\/p>\n<p>F\u00fcr den seltenen Fall, dass Sie einen falschen, defekten oder minderwertigen Artikel erhalten, kontaktieren Sie uns bitte umgehend unter <em><span style=\"text-decoration: underline;\"><a href=\"mailto:in**@*********ne.com\" data-original-string=\"PeE1w4yyNUOL\/5Xt\/soyeg==bd0jyXvB4kLgWf41zIYSYpH31h2MsFqxxu5b9aIug5eEsI=\" title=\"Dieser Kontakt wurde von Anti-Spam by CleanTalk verschl\u00fcsselt. Klicken Sie hier, um ihn zu entschl\u00fcsseln. Um die Entschl\u00fcsselung abzuschlie\u00dfen, stellen Sie sicher, dass JavaScript in Ihrem Browser aktiviert ist.\" target=\"_blank\" rel=\"noopener\" data-wplink-edit=\"true\"><span \n                data-original-string='kBLkOSk3cpiq8yKgFrBzBg==bd0U4N0QR4tCLJBixGwSnfI+nzIpxhZ8Z\/JAIxttmPUBeM='\n                class='apbct-email-encoder'\n                title='Dieser Kontakt wurde von Anti-Spam by CleanTalk verschl\u00fcsselt. Klicken Sie hier, um ihn zu entschl\u00fcsseln. Um die Entschl\u00fcsselung abzuschlie\u00dfen, stellen Sie sicher, dass JavaScript in Ihrem Browser aktiviert ist.'>in<span class=\"apbct-blur\">**<\/span>@<span class=\"apbct-blur\">*********<\/span>ne.com<\/span><\/a><\/span><\/em>, damit wir das Problem schnell l\u00f6sen k\u00f6nnen.<\/p>\n<p><!-- \/wp:paragraph --><\/p>\t\t\t\t\t\t\t\t<\/div>\n\t\t\t\t<div class=\"elementor-element elementor-element-8b2f0e4 elementor-widget elementor-widget-heading\" data-id=\"8b2f0e4\" data-element_type=\"widget\" data-e-type=\"widget\" data-widget_type=\"heading.default\">\n\t\t\t\t\t<h3 class=\"elementor-heading-title elementor-size-default\">R\u00fcckgaben<\/h3>\t\t\t\t<\/div>\n\t\t\t\t<div class=\"elementor-element elementor-element-4aac6fd elementor-widget elementor-widget-text-editor\" data-id=\"4aac6fd\" data-element_type=\"widget\" data-e-type=\"widget\" data-widget_type=\"text-editor.default\">\n\t\t\t\t\t\t\t\t\t<p>Wenn ein Fehler auftritt, m\u00fcssen Sie uns innerhalb von 48 Stunden nach Erhalt der Sendung benachrichtigen, um f\u00fcr eine R\u00fcckgabe berechtigt zu sein. Der Artikel muss unbenutzt sowie im Originalzustand und in der Originalverpackung sein. F\u00fcr alle R\u00fcckgaben ist ein Kaufnachweis erforderlich. Bei Problemen mit der Produktqualit\u00e4t ist ein Nachweis erforderlich, der die minderwertige Qualit\u00e4t des Artikels belegt.<\/p>\n<p>Bei Fragen oder Unklarheiten z\u00f6gern Sie nicht, uns per E-Mail unter <a href=\"mailto:in**@*********ne.com\" data-original-string=\"l8pyTWU1Nv31Q+VqKxDqFw==bd0jJyQjbLORuVRYwmBOrvUKIAZeA+K5bfTZQLGVqbPbPY=\" title=\"Dieser Kontakt wurde von Anti-Spam by CleanTalk verschl\u00fcsselt. Klicken Sie hier, um ihn zu entschl\u00fcsseln. Um die Entschl\u00fcsselung abzuschlie\u00dfen, stellen Sie sicher, dass JavaScript in Ihrem Browser aktiviert ist.\" target=\"_blank\" rel=\"noopener\"><span style=\"text-decoration: underline;\"><em><span \n                data-original-string='r3TERemp2\/5OBw529v2x4g==bd0VnHMxUGp7rtGTZLmO6MlVUL1jFN+TMFJ0SZjpr1iT4I='\n                class='apbct-email-encoder'\n                title='Dieser Kontakt wurde von Anti-Spam by CleanTalk verschl\u00fcsselt. Klicken Sie hier, um ihn zu entschl\u00fcsseln. Um die Entschl\u00fcsselung abzuschlie\u00dfen, stellen Sie sicher, dass JavaScript in Ihrem Browser aktiviert ist.'>in<span class=\"apbct-blur\">**<\/span>@<span class=\"apbct-blur\">*********<\/span>ne.com<\/span><\/em><\/span><\/a> zu kontaktieren.<\/p>\n<p><!-- \/wp:paragraph --><\/p>\t\t\t\t\t\t\t\t<\/div>\n\t\t\t\t<div class=\"elementor-element elementor-element-2a2a9dd elementor-widget elementor-widget-spacer\" data-id=\"2a2a9dd\" data-element_type=\"widget\" data-e-type=\"widget\" data-widget_type=\"spacer.default\">\n\t\t\t\t\t\t\t<div class=\"elementor-spacer\">\n\t\t\t<div class=\"elementor-spacer-inner\"><\/div>\n\t\t<\/div>\n\t\t\t\t\t\t<\/div>\n\t\t\t\t<\/div>\n\t\t\t\t\t<\/div>\n\t\t\t\t<\/div>\n\t\t\t\t<\/div>\n\t\t","protected":false},"excerpt":{"rendered":"<p>Stornierung und R\u00fcckgabe Im Folgenden finden Sie unsere Stornierungs- und R\u00fcckgaberichtlinie f\u00fcr unsere Ibogaine-Produkte Stornierung Nachdem die Zahlung verarbeitet wurde, [&hellip;]<\/p>\n","protected":false},"author":3,"featured_media":30865,"parent":0,"menu_order":0,"comment_status":"closed","ping_status":"closed","template":"elementor_header_footer","meta":{"site-sidebar-layout":"default","site-content-layout":"","ast-site-content-layout":"default","site-content-style":"default","site-sidebar-style":"default","ast-global-header-display":"","ast-banner-title-visibility":"","ast-main-header-display":"","ast-hfb-above-header-display":"","ast-hfb-below-header-display":"","ast-hfb-mobile-header-display":"","site-post-title":"","ast-breadcrumbs-content":"","ast-featured-img":"","footer-sml-layout":"","ast-disable-related-posts":"","theme-transparent-header-meta":"","adv-header-id-meta":"","stick-header-meta":"","header-above-stick-meta":"","header-main-stick-meta":"","header-below-stick-meta":"","astra-migrate-meta-layouts":"default","ast-page-background-enabled":"default","ast-page-background-meta":{"desktop":{"background-color":"var(--ast-global-color-4)","background-image":"","background-repeat":"repeat","background-position":"center center","background-size":"auto","background-attachment":"scroll","background-type":"","background-media":"","overlay-type":"","overlay-color":"","overlay-opacity":"","overlay-gradient":""},"tablet":{"background-color":"","background-image":"","background-repeat":"repeat","background-position":"center center","background-size":"auto","background-attachment":"scroll","background-type":"","background-media":"","overlay-type":"","overlay-color":"","overlay-opacity":"","overlay-gradient":""},"mobile":{"background-color":"","background-image":"","background-repeat":"repeat","background-position":"center center","background-size":"auto","background-attachment":"scroll","background-type":"","background-media":"","overlay-type":"","overlay-color":"","overlay-opacity":"","overlay-gradient":""}},"ast-content-background-meta":{"desktop":{"background-color":"var(--ast-global-color-5)","background-image":"","background-repeat":"repeat","background-position":"center center","background-size":"auto","background-attachment":"scroll","background-type":"","background-media":"","overlay-type":"","overlay-color":"","overlay-opacity":"","overlay-gradient":""},"tablet":{"background-color":"var(--ast-global-color-5)","background-image":"","background-repeat":"repeat","background-position":"center center","background-size":"auto","background-attachment":"scroll","background-type":"","background-media":"","overlay-type":"","overlay-color":"","overlay-opacity":"","overlay-gradient":""},"mobile":{"background-color":"var(--ast-global-color-5)","background-image":"","background-repeat":"repeat","background-position":"center center","background-size":"auto","background-attachment":"scroll","background-type":"","background-media":"","overlay-type":"","overlay-color":"","overlay-opacity":"","overlay-gradient":""}},"footnotes":""},"class_list":["post-30881","page","type-page","status-publish","has-post-thumbnail","hentry"],"jetpack_sharing_enabled":true,"_links":{"self":[{"href":"https:\/\/getibogaine.com\/de\/wp-json\/wp\/v2\/pages\/30881","targetHints":{"allow":["GET"]}}],"collection":[{"href":"https:\/\/getibogaine.com\/de\/wp-json\/wp\/v2\/pages"}],"about":[{"href":"https:\/\/getibogaine.com\/de\/wp-json\/wp\/v2\/types\/page"}],"author":[{"embeddable":true,"href":"https:\/\/getibogaine.com\/de\/wp-json\/wp\/v2\/users\/3"}],"replies":[{"embeddable":true,"href":"https:\/\/getibogaine.com\/de\/wp-json\/wp\/v2\/comments?post=30881"}],"version-history":[{"count":4,"href":"https:\/\/getibogaine.com\/de\/wp-json\/wp\/v2\/pages\/30881\/revisions"}],"predecessor-version":[{"id":36120,"href":"https:\/\/getibogaine.com\/de\/wp-json\/wp\/v2\/pages\/30881\/revisions\/36120"}],"wp:featuredmedia":[{"embeddable":true,"href":"https:\/\/getibogaine.com\/de\/wp-json\/wp\/v2\/media\/30865"}],"wp:attachment":[{"href":"https:\/\/getibogaine.com\/de\/wp-json\/wp\/v2\/media?parent=30881"}],"curies":[{"name":"wp","href":"https:\/\/api.w.org\/{rel}","templated":true}]}}