{"id":31085,"date":"2022-10-14T10:40:01","date_gmt":"2022-10-14T14:40:01","guid":{"rendered":"http:\/\/getibogaine.com\/?page_id=10440"},"modified":"2026-03-11T12:17:28","modified_gmt":"2026-03-11T16:17:28","slug":"allgemeine-geschaftsbedingungen","status":"publish","type":"page","link":"https:\/\/getibogaine.com\/de\/allgemeine-geschaftsbedingungen\/","title":{"rendered":"Allgemeine Gesch\u00e4ftsbedingungen"},"content":{"rendered":"\t\t<div data-elementor-type=\"wp-page\" data-elementor-id=\"31085\" class=\"elementor elementor-31085 elementor-10440\" data-elementor-post-type=\"page\">\n\t\t\t\t<div class=\"elementor-element elementor-element-42f944a e-flex e-con-boxed e-con e-parent\" data-id=\"42f944a\" data-element_type=\"container\" data-e-type=\"container\" data-settings=\"{&quot;background_background&quot;:&quot;classic&quot;}\">\n\t\t\t\t\t<div class=\"e-con-inner\">\n\t\t<div class=\"elementor-element elementor-element-69f3c81 e-con-full e-flex e-con e-child\" data-id=\"69f3c81\" data-element_type=\"container\" data-e-type=\"container\" data-settings=\"{&quot;motion_fx_motion_fx_scrolling&quot;:&quot;yes&quot;,&quot;motion_fx_translateY_effect&quot;:&quot;yes&quot;,&quot;motion_fx_translateY_speed&quot;:{&quot;unit&quot;:&quot;px&quot;,&quot;size&quot;:4,&quot;sizes&quot;:[]},&quot;motion_fx_translateY_affectedRange&quot;:{&quot;unit&quot;:&quot;%&quot;,&quot;size&quot;:&quot;&quot;,&quot;sizes&quot;:{&quot;start&quot;:0,&quot;end&quot;:100}},&quot;motion_fx_devices&quot;:[&quot;widescreen&quot;,&quot;desktop&quot;,&quot;laptop&quot;,&quot;tablet&quot;,&quot;mobile&quot;]}\">\n\t\t\t\t<div class=\"elementor-element elementor-element-6309569 elementor-widget elementor-widget-spacer\" data-id=\"6309569\" data-element_type=\"widget\" data-e-type=\"widget\" data-widget_type=\"spacer.default\">\n\t\t\t\t\t\t\t<div class=\"elementor-spacer\">\n\t\t\t<div class=\"elementor-spacer-inner\"><\/div>\n\t\t<\/div>\n\t\t\t\t\t\t<\/div>\n\t\t\t\t<div class=\"elementor-element elementor-element-7a47e8e elementor-widget elementor-widget-heading\" data-id=\"7a47e8e\" data-element_type=\"widget\" data-e-type=\"widget\" data-widget_type=\"heading.default\">\n\t\t\t\t\t<h1 class=\"elementor-heading-title elementor-size-default\">RECHTLICHER HAFTUNGSAUSSCHLUSS UND NUTZUNGSBEDINGUNGEN<\/h1>\t\t\t\t<\/div>\n\t\t\t\t<div class=\"elementor-element elementor-element-38e2e7f elementor-widget elementor-widget-text-editor\" data-id=\"38e2e7f\" data-element_type=\"widget\" data-e-type=\"widget\" data-widget_type=\"text-editor.default\">\n\t\t\t\t\t\t\t\t\t<p>Haftungsausschluss: Getibogaine.com \u2013 Nutzungsbedingungen, Kauf und Risikoanerkennung<\/p>\t\t\t\t\t\t\t\t<\/div>\n\t\t\t\t<div class=\"elementor-element elementor-element-bb05414 elementor-widget elementor-widget-heading\" data-id=\"bb05414\" data-element_type=\"widget\" data-e-type=\"widget\" data-widget_type=\"heading.default\">\n\t\t\t\t\t<p class=\"elementor-heading-title elementor-size-default\">\u00dcberarbeiteter rechtlicher Haftungsausschluss am 27. Februar 2026<\/p>\t\t\t\t<\/div>\n\t\t\t\t<\/div>\n\t\t\t\t\t<\/div>\n\t\t\t\t<\/div>\n\t\t<div class=\"elementor-element elementor-element-1746d8b e-flex e-con-boxed e-con e-parent\" data-id=\"1746d8b\" data-element_type=\"container\" data-e-type=\"container\">\n\t\t\t\t\t<div class=\"e-con-inner\">\n\t\t<div class=\"elementor-element elementor-element-b108ed9 e-con-full e-flex e-con e-child\" data-id=\"b108ed9\" data-element_type=\"container\" data-e-type=\"container\">\n\t\t\t\t<div class=\"elementor-element elementor-element-b0dc37c elementor-widget elementor-widget-text-editor\" data-id=\"b0dc37c\" data-element_type=\"widget\" data-e-type=\"widget\" data-widget_type=\"text-editor.default\">\n\t\t\t\t\t\t\t\t\t<p>BITTE LESEN SIE DIESES DOKUMENT SORGF\u00c4LTIG DURCH. Durch den Zugriff auf, das Durchsuchen oder den Kauf \u00fcber <strong><a href=\"https:\/\/getibogaine.com\">Getibogaine.com<\/a><\/strong> (nachfolgend \u201edie Website\u201c) best\u00e4tigen Sie, dass Sie die folgenden Bedingungen, Verzichtserkl\u00e4rungen und Haftungsbeschr\u00e4nkungen gelesen und verstanden haben und sich damit einverstanden erkl\u00e4ren, an sie gebunden zu sein. Wenn Sie mit irgendeinem Teil dieses Haftungsausschlusses nicht einverstanden sind, ist Ihnen die Nutzung dieser Website oder der Kauf ihrer Produkte ausdr\u00fccklich untersagt.<\/p>\n<p><strong>1. Allgemeine Informationen &amp; keine medizinische Beratung<\/strong><br \/>Die auf dieser Website bereitgestellten Inhalte, einschlie\u00dflich, aber nicht beschr\u00e4nkt auf Texte, Grafiken, Bilder und Informationen zu Ibogaine, Voacanga oder anderen botanischen Produkten, dienen ausschlie\u00dflich allgemeinen Informations- und Bildungszwecken. Wir haben unseren Sitz in Kamerun, wo Iboga im Rahmen traditioneller und alternativer Medizin verwendet wird.<\/p>\n<p>Wir sind keine medizinischen Fachkr\u00e4fte, und diese Informationen stellen keine medizinische Beratung oder Diagnose dar und sind keine Behauptung, dass irgendein Produkt eine Krankheit (einschlie\u00dflich Abh\u00e4ngigkeit) heilen, lindern, behandeln oder verhindern kann. Sie m\u00fcssen vor der Verwendung eines auf dieser Website gekauften Produkts einen qualifizierten, zugelassenen Arzt in Ihrer Rechtsordnung konsultieren. Die Entscheidung, irgendeine Substanz zu therapeutischen Zwecken zu verwenden, ist eine bedeutende medizinische Entscheidung, die inh\u00e4rente Risiken birgt, einschlie\u00dflich schwerer Verletzungen oder des Todes, und muss unter Aufsicht eines medizinischen Fachpersonals getroffen werden.<\/p>\n<p><strong>2. Ausschlie\u00dfliche Verantwortung des K\u00e4ufers: Einhaltung lokalen, nationalen und internationalen Rechts<\/strong><br \/>Der K\u00e4ufer und\/oder Nutzer (nachfolgend \u201eder K\u00e4ufer\u201c) \u00fcbernimmt die volle und ausschlie\u00dfliche Verantwortung daf\u00fcr, den rechtlichen Status von Ibogaine, Voacanga und allen anderen Produkten in seinem jeweiligen Land, Bundesstaat, seiner Provinz, seinem County und seiner lokalen Rechtsordnung zu pr\u00fcfen.<\/p>\n<p>\u00b7 Wandelnde Regulierungslage: Der K\u00e4ufer erkennt an, dass es zwar in bestimmten Teilen der Vereinigten Staaten und anderen Regionen Bestrebungen zur Legalisierung von Psychedelika gibt, der rechtliche Status von Substanzen jedoch dynamisch ist und sich zwischen Rechtsordnungen drastisch unterscheidet (z. B. kann das, was in einem US-Bundesstaat legal ist, in einem anderen auf Bundesebene ein Schwerverbrechen darstellen).<br \/>\u00b7 Keine geografische Differenzierung: Aufgrund der globalen Natur unseres Gesch\u00e4fts und des unterschiedlichen rechtlichen Status unseres Produktkatalogs (z. B. ist Voacanga in vielen Rechtsordnungen legal, in denen Ibogaine nicht legal ist) k\u00f6nnen wir Bestellungen nicht nach dem Standort des K\u00e4ufers pr\u00fcfen, filtern oder trennen. Die Verf\u00fcgbarkeit eines Produkts auf dieser Website bedeutet nicht, dass es in Ihrer Rechtsordnung legal ist.<br \/>\u00b7 Alleinige Verantwortung: Es liegt ausschlie\u00dflich in der Verantwortung des K\u00e4ufers, das Gesetz zu kennen. <strong><a href=\"https:\/\/getibogaine.com\">Getibogaine.com<\/a><\/strong>, seine Eigent\u00fcmer, Betreiber und verbundenen Unternehmen \u00fcbernehmen keinerlei Haftung f\u00fcr K\u00e4ufe durch Personen an Orten, an denen solche K\u00e4ufe oder der Besitz illegal sind.<\/p>\n<p><strong>3. Zahlungsabwicklung &amp; finanzielle Sanktionen<\/strong><br \/>Der K\u00e4ufer erkennt an, dass der Verkauf von Ibogaine gem\u00e4\u00df den Nutzungsbedingungen der meisten globalen Zahlungsabwickler (Kreditkartenunternehmen, PayPal, Stripe usw.) eine eingeschr\u00e4nkte T\u00e4tigkeit darstellt, selbst in Rechtsordnungen, in denen die Substanz legal ist.<\/p>\n<p>\u00b7 R\u00fcckbuchungen &amp; Sanktionen: Falls ein Zahlungsabwickler im Zusammenhang mit einer Transaktion f\u00fcr Ibogaine oder verwandte Produkte ein Konto sanktioniert, r\u00fcckg\u00e4ngig macht oder mit Geb\u00fchren belegt, erkl\u00e4rt sich der K\u00e4ufer damit einverstanden, Getibogaine.com in voller H\u00f6he des Transaktionsbetrags zu entsch\u00e4digen, zuz\u00fcglich aller damit verbundenen R\u00fcckbuchungsgeb\u00fchren, Strafgeb\u00fchren oder administrativen Kosten, die uns auferlegt werden.<br \/>\u00b7 Haftungsausschluss: <strong><a href=\"https:\/\/getibogaine.com\">Getibogaine.com<\/a><\/strong> ist nicht verantwortlich und haftet nicht f\u00fcr Verz\u00f6gerungen oder Ausf\u00e4lle bei der Zahlungsabwicklung aufgrund von Ma\u00dfnahmen, die Finanzinstitute oder Zahlungsabwickler im Hinblick auf die Art der verkauften Produkte ergreifen.<\/p>\n<p><strong>4. Haftungsfreistellung &amp; Schadloshaltung<\/strong><br \/>Soweit gesetzlich zul\u00e4ssig, entbinden, verzichten, stellen Sie (der K\u00e4ufer) hiermit <strong><a href=\"https:\/\/getibogaine.com\">Getibogaine.com<\/a><\/strong>, seine Direktoren, leitenden Angestellten, Mitarbeiter, Beauftragten und verbundenen Unternehmen (zusammen \u201edas Unternehmen\u201c) von jeglicher Haftung und verpflichten sich, keine Klage zu erheben, hinsichtlich s\u00e4mtlicher Haftungen, Anspr\u00fcche, Forderungen, Klagen oder Klagegr\u00fcnde, die aus oder im Zusammenhang mit Verlust, Schaden oder Verletzung, einschlie\u00dflich Tod, entstehen oder damit zusammenh\u00e4ngen, die Ihnen oder einer mit Ihnen verbundenen Person beim Kauf, Besitz oder Konsum unserer Produkte entstehen k\u00f6nnen.<\/p>\n<p>Sie erkl\u00e4ren sich ausdr\u00fccklich damit einverstanden, das Unternehmen zu entsch\u00e4digen, zu verteidigen und schadlos zu halten gegen\u00fcber jeglichen Anspr\u00fcchen, Sch\u00e4den, Haftungen, Kosten und Aufwendungen (einschlie\u00dflich angemessener Anwaltskosten), die entstehen aus oder im Zusammenhang stehen mit:<br \/>(a) Ihrem Versto\u00df gegen lokales, nationales oder internationales Recht hinsichtlich des Kaufs oder Besitzes unserer Produkte.<br \/>(b) Jeglicher k\u00f6rperlicher oder psychischer Verletzung bis hin zum Tod, die aus der Verwendung oder dem Missbrauch unserer Produkte resultiert.<br \/>(c) Jeglichem Anspruch, der von einer dritten Partei oder einer staatlichen Stelle gegen das Unternehmen geltend gemacht wird und der auf Ihre Handlungen zur\u00fcckzuf\u00fchren ist.<\/p>\n<p><strong>5. Keine stillschweigende Garantie<\/strong><br \/>Die auf dieser Website verkauften Produkte werden \u201eWIE BESEHEN\u201c und \u201eWIE VERF\u00dcGBAR\u201c bereitgestellt. Wir schlie\u00dfen ausdr\u00fccklich s\u00e4mtliche Garantien jedweder Art aus, ob ausdr\u00fccklich oder stillschweigend, einschlie\u00dflich, aber nicht beschr\u00e4nkt auf, die stillschweigenden Garantien der Marktg\u00e4ngigkeit, der Eignung f\u00fcr einen bestimmten Zweck (einschlie\u00dflich der Behandlung von Abh\u00e4ngigkeit) sowie der Nichtverletzung von Rechten.<\/p>\n<p><strong>6. Best\u00e4tigung des Verst\u00e4ndnisses<\/strong><br \/>Durch das Aufgeben einer Bestellung bei <strong><a href=\"https:\/\/getibogaine.com\">Getibogaine.com<\/a><\/strong> f\u00fchren Sie diese Vereinbarung digital aus und best\u00e4tigen, dass:<\/p>\n<p>\u00b7 Sie auf Empfehlung Ihres eigenen medizinischen Fachpersonals handeln.<br \/>\u00b7 Sie gepr\u00fcft haben, dass die von Ihnen bestellten Produkte in Ihrer jeweiligen Rechtsordnung legal sind.<br \/>\u00b7 Sie verstehen, dass das Unternehmen seinen Sitz in Kamerun hat, unter dem Schutz lokaler Rahmenbedingungen der traditionellen Medizin t\u00e4tig ist und aufgrund Ihrer Kaufentscheidung nicht der Gerichtsbarkeit oder den Gesetzen Ihres Landes unterworfen werden kann.<br \/>\u00b7 Sie alle mit dieser Transaktion verbundenen Risiken, rechtliche wie k\u00f6rperliche, \u00fcbernehmen.<\/p>\n<p><!-- \/wp:paragraph --><\/p>\t\t\t\t\t\t\t\t<\/div>\n\t\t\t\t<\/div>\n\t\t\t\t\t<\/div>\n\t\t\t\t<\/div>\n\t\t\t\t<\/div>\n\t\t","protected":false},"excerpt":{"rendered":"<p>RECHTLICHER HAFTUNGSAUSSCHLUSS UND NUTZUNGSBEDINGUNGEN Haftungsausschluss: Getibogaine.com \u2013 Nutzungsbedingungen, Kauf und Risikoanerkennung \u00dcberarbeiteter rechtlicher Haftungsausschluss am 27. Februar 2026 BITTE LESEN [&hellip;]<\/p>\n","protected":false},"author":3,"featured_media":30865,"parent":0,"menu_order":0,"comment_status":"closed","ping_status":"closed","template":"elementor_header_footer","meta":{"site-sidebar-layout":"default","site-content-layout":"","ast-site-content-layout":"default","site-content-style":"default","site-sidebar-style":"default","ast-global-header-display":"","ast-banner-title-visibility":"","ast-main-header-display":"","ast-hfb-above-header-display":"","ast-hfb-below-header-display":"","ast-hfb-mobile-header-display":"","site-post-title":"","ast-breadcrumbs-content":"","ast-featured-img":"","footer-sml-layout":"","ast-disable-related-posts":"","theme-transparent-header-meta":"","adv-header-id-meta":"","stick-header-meta":"","header-above-stick-meta":"","header-main-stick-meta":"","header-below-stick-meta":"","astra-migrate-meta-layouts":"default","ast-page-background-enabled":"default","ast-page-background-meta":{"desktop":{"background-color":"var(--ast-global-color-4)","background-image":"","background-repeat":"repeat","background-position":"center center","background-size":"auto","background-attachment":"scroll","background-type":"","background-media":"","overlay-type":"","overlay-color":"","overlay-opacity":"","overlay-gradient":""},"tablet":{"background-color":"","background-image":"","background-repeat":"repeat","background-position":"center center","background-size":"auto","background-attachment":"scroll","background-type":"","background-media":"","overlay-type":"","overlay-color":"","overlay-opacity":"","overlay-gradient":""},"mobile":{"background-color":"","background-image":"","background-repeat":"repeat","background-position":"center center","background-size":"auto","background-attachment":"scroll","background-type":"","background-media":"","overlay-type":"","overlay-color":"","overlay-opacity":"","overlay-gradient":""}},"ast-content-background-meta":{"desktop":{"background-color":"var(--ast-global-color-5)","background-image":"","background-repeat":"repeat","background-position":"center center","background-size":"auto","background-attachment":"scroll","background-type":"","background-media":"","overlay-type":"","overlay-color":"","overlay-opacity":"","overlay-gradient":""},"tablet":{"background-color":"var(--ast-global-color-5)","background-image":"","background-repeat":"repeat","background-position":"center center","background-size":"auto","background-attachment":"scroll","background-type":"","background-media":"","overlay-type":"","overlay-color":"","overlay-opacity":"","overlay-gradient":""},"mobile":{"background-color":"var(--ast-global-color-5)","background-image":"","background-repeat":"repeat","background-position":"center center","background-size":"auto","background-attachment":"scroll","background-type":"","background-media":"","overlay-type":"","overlay-color":"","overlay-opacity":"","overlay-gradient":""}},"footnotes":""},"class_list":["post-31085","page","type-page","status-publish","has-post-thumbnail","hentry"],"jetpack_sharing_enabled":true,"_links":{"self":[{"href":"https:\/\/getibogaine.com\/de\/wp-json\/wp\/v2\/pages\/31085","targetHints":{"allow":["GET"]}}],"collection":[{"href":"https:\/\/getibogaine.com\/de\/wp-json\/wp\/v2\/pages"}],"about":[{"href":"https:\/\/getibogaine.com\/de\/wp-json\/wp\/v2\/types\/page"}],"author":[{"embeddable":true,"href":"https:\/\/getibogaine.com\/de\/wp-json\/wp\/v2\/users\/3"}],"replies":[{"embeddable":true,"href":"https:\/\/getibogaine.com\/de\/wp-json\/wp\/v2\/comments?post=31085"}],"version-history":[{"count":4,"href":"https:\/\/getibogaine.com\/de\/wp-json\/wp\/v2\/pages\/31085\/revisions"}],"predecessor-version":[{"id":35787,"href":"https:\/\/getibogaine.com\/de\/wp-json\/wp\/v2\/pages\/31085\/revisions\/35787"}],"wp:featuredmedia":[{"embeddable":true,"href":"https:\/\/getibogaine.com\/de\/wp-json\/wp\/v2\/media\/30865"}],"wp:attachment":[{"href":"https:\/\/getibogaine.com\/de\/wp-json\/wp\/v2\/media?parent=31085"}],"curies":[{"name":"wp","href":"https:\/\/api.w.org\/{rel}","templated":true}]}}