{"id":31098,"date":"2022-10-14T10:45:28","date_gmt":"2022-10-14T14:45:28","guid":{"rendered":"http:\/\/getibogaine.com\/?page_id=10448"},"modified":"2026-03-11T12:12:26","modified_gmt":"2026-03-11T16:12:26","slug":"betrugswarnung","status":"publish","type":"page","link":"https:\/\/getibogaine.com\/de\/betrugswarnung\/","title":{"rendered":"Betrugswarnung"},"content":{"rendered":"\t\t<div data-elementor-type=\"wp-page\" data-elementor-id=\"31098\" class=\"elementor elementor-31098 elementor-10448\" data-elementor-post-type=\"page\">\n\t\t\t\t\t\t<section class=\"elementor-section elementor-top-section elementor-element elementor-element-1411679c elementor-section-boxed elementor-section-height-default elementor-section-height-default\" data-id=\"1411679c\" data-element_type=\"section\" data-e-type=\"section\">\n\t\t\t\t\t\t<div class=\"elementor-container elementor-column-gap-default\">\n\t\t\t\t\t<div class=\"elementor-column elementor-col-100 elementor-top-column elementor-element elementor-element-3ff41695\" data-id=\"3ff41695\" data-element_type=\"column\" data-e-type=\"column\">\n\t\t\t<div class=\"elementor-widget-wrap elementor-element-populated\">\n\t\t\t\t\t\t<div class=\"elementor-element elementor-element-fc835a9 elementor-widget elementor-widget-heading\" data-id=\"fc835a9\" data-element_type=\"widget\" data-e-type=\"widget\" data-widget_type=\"heading.default\">\n\t\t\t\t\t<h1 class=\"elementor-heading-title elementor-size-default\">Vorsicht vor Betr\u00fcgern<\/h1>\t\t\t\t<\/div>\n\t\t\t\t<div class=\"elementor-element elementor-element-466c0f9e elementor-widget elementor-widget-text-editor\" data-id=\"466c0f9e\" data-element_type=\"widget\" data-e-type=\"widget\" data-widget_type=\"text-editor.default\">\n\t\t\t\t\t\t\t\t\t<p><\/p>\n<p>Beim Surfen im Internet werden Sie auf zahlreiche Angebote f\u00fcr Ibogaine und Iboga zum Verkauf sto\u00dfen. Es ist jedoch entscheidend, beim Online-Kauf von Ibogaine echte Anbieter von Betr\u00fcgern zu unterscheiden. Unser Online-Iboga-Shop hebt sich als die zuverl\u00e4ssigste und seri\u00f6seste Option hervor \u2013 belegt durch <a href=\"http:\/\/getibogaine.com\/ibogaine-treatment-testimonials\/\"><strong><span style=\"text-decoration: underline;\">authentische Erfahrungsberichte<\/span><\/strong><\/a> unserer zufriedenen Kunden.<\/p>\n<p>Um sicherzustellen, dass Sie mit einem vertrauensw\u00fcrdigen H\u00e4ndler Gesch\u00e4fte machen, bestehen Sie auf einem Live-Videoanruf, um die Verf\u00fcgbarkeit von Ibogaine oder Iboga zum Verkauf zu best\u00e4tigen. Fordern Sie Nachweise \u00fcber fr\u00fchere <a href=\"http:\/\/getibogaine.com\/videos-receipts\/\"><strong><span style=\"text-decoration: underline;\">erfolgreiche Sendungen<\/span><\/strong><\/a> an, etwa Versandbelege, um die Glaubw\u00fcrdigkeit zu belegen.<\/p>\n<p>Ein seri\u00f6ser Verk\u00e4ufer sollte eine direkte Kommunikation mit einem fr\u00fcheren Kunden erm\u00f6glichen, der bereit ist, seine Erfahrungen mit dem Kauf von Ibogaine im Shop zu teilen. Seien Sie vorsichtig bei ungew\u00f6hnlich niedrigen Ibogaine- und Iboga-Preisen, da die Echtheit bei unrealistisch niedrigen Kosten f\u00fcr diese seltene Substanz oft nicht gegeben ist. F\u00fcr weitere Einblicke in die <a href=\"http:\/\/getibogaine.com\/ibogaine-price-and-treatment-costs\/\"><span style=\"text-decoration: underline;\"><strong>Ibogaine-Preisgestaltung<\/strong><\/span><\/a> k\u00f6nnen Sie gerne unseren Blog besuchen, um wertvolle Informationen zu erhalten.<\/p>\n<p><\/p>\t\t\t\t\t\t\t\t<\/div>\n\t\t\t\t<div class=\"elementor-element elementor-element-9365eb4 elementor-widget elementor-widget-spacer\" data-id=\"9365eb4\" data-element_type=\"widget\" data-e-type=\"widget\" data-widget_type=\"spacer.default\">\n\t\t\t\t\t\t\t<div class=\"elementor-spacer\">\n\t\t\t<div class=\"elementor-spacer-inner\"><\/div>\n\t\t<\/div>\n\t\t\t\t\t\t<\/div>\n\t\t\t\t\t<\/div>\n\t\t<\/div>\n\t\t\t\t\t<\/div>\n\t\t<\/section>\n\t\t\t\t<\/div>\n\t\t","protected":false},"excerpt":{"rendered":"<p>Vorsicht vor Betr\u00fcgern Beim Surfen im Internet werden Sie auf zahlreiche Angebote f\u00fcr Ibogaine und Iboga zum Verkauf sto\u00dfen. Es [&hellip;]<\/p>\n","protected":false},"author":3,"featured_media":31099,"parent":0,"menu_order":0,"comment_status":"closed","ping_status":"closed","template":"elementor_header_footer","meta":{"site-sidebar-layout":"default","site-content-layout":"","ast-site-content-layout":"default","site-content-style":"default","site-sidebar-style":"default","ast-global-header-display":"","ast-banner-title-visibility":"","ast-main-header-display":"","ast-hfb-above-header-display":"","ast-hfb-below-header-display":"","ast-hfb-mobile-header-display":"","site-post-title":"disabled","ast-breadcrumbs-content":"","ast-featured-img":"","footer-sml-layout":"","ast-disable-related-posts":"","theme-transparent-header-meta":"","adv-header-id-meta":"","stick-header-meta":"","header-above-stick-meta":"","header-main-stick-meta":"","header-below-stick-meta":"","astra-migrate-meta-layouts":"default","ast-page-background-enabled":"default","ast-page-background-meta":{"desktop":{"background-color":"var(--ast-global-color-4)","background-image":"","background-repeat":"repeat","background-position":"center center","background-size":"auto","background-attachment":"scroll","background-type":"","background-media":"","overlay-type":"","overlay-color":"","overlay-opacity":"","overlay-gradient":""},"tablet":{"background-color":"","background-image":"","background-repeat":"repeat","background-position":"center center","background-size":"auto","background-attachment":"scroll","background-type":"","background-media":"","overlay-type":"","overlay-color":"","overlay-opacity":"","overlay-gradient":""},"mobile":{"background-color":"","background-image":"","background-repeat":"repeat","background-position":"center center","background-size":"auto","background-attachment":"scroll","background-type":"","background-media":"","overlay-type":"","overlay-color":"","overlay-opacity":"","overlay-gradient":""}},"ast-content-background-meta":{"desktop":{"background-color":"var(--ast-global-color-5)","background-image":"","background-repeat":"repeat","background-position":"center center","background-size":"auto","background-attachment":"scroll","background-type":"","background-media":"","overlay-type":"","overlay-color":"","overlay-opacity":"","overlay-gradient":""},"tablet":{"background-color":"var(--ast-global-color-5)","background-image":"","background-repeat":"repeat","background-position":"center center","background-size":"auto","background-attachment":"scroll","background-type":"","background-media":"","overlay-type":"","overlay-color":"","overlay-opacity":"","overlay-gradient":""},"mobile":{"background-color":"var(--ast-global-color-5)","background-image":"","background-repeat":"repeat","background-position":"center center","background-size":"auto","background-attachment":"scroll","background-type":"","background-media":"","overlay-type":"","overlay-color":"","overlay-opacity":"","overlay-gradient":""}},"footnotes":""},"class_list":["post-31098","page","type-page","status-publish","has-post-thumbnail","hentry"],"jetpack_sharing_enabled":true,"_links":{"self":[{"href":"https:\/\/getibogaine.com\/de\/wp-json\/wp\/v2\/pages\/31098","targetHints":{"allow":["GET"]}}],"collection":[{"href":"https:\/\/getibogaine.com\/de\/wp-json\/wp\/v2\/pages"}],"about":[{"href":"https:\/\/getibogaine.com\/de\/wp-json\/wp\/v2\/types\/page"}],"author":[{"embeddable":true,"href":"https:\/\/getibogaine.com\/de\/wp-json\/wp\/v2\/users\/3"}],"replies":[{"embeddable":true,"href":"https:\/\/getibogaine.com\/de\/wp-json\/wp\/v2\/comments?post=31098"}],"version-history":[{"count":4,"href":"https:\/\/getibogaine.com\/de\/wp-json\/wp\/v2\/pages\/31098\/revisions"}],"predecessor-version":[{"id":35769,"href":"https:\/\/getibogaine.com\/de\/wp-json\/wp\/v2\/pages\/31098\/revisions\/35769"}],"wp:featuredmedia":[{"embeddable":true,"href":"https:\/\/getibogaine.com\/de\/wp-json\/wp\/v2\/media\/31099"}],"wp:attachment":[{"href":"https:\/\/getibogaine.com\/de\/wp-json\/wp\/v2\/media?parent=31098"}],"curies":[{"name":"wp","href":"https:\/\/api.w.org\/{rel}","templated":true}]}}