{"id":31133,"date":"2022-10-20T04:23:13","date_gmt":"2022-10-20T08:23:13","guid":{"rendered":"http:\/\/getibogaine.com\/?page_id=11042"},"modified":"2026-03-11T15:23:50","modified_gmt":"2026-03-11T19:23:50","slug":"versand-lieferung","status":"publish","type":"page","link":"https:\/\/getibogaine.com\/de\/versand-lieferung\/","title":{"rendered":"Versand &#038; Lieferung"},"content":{"rendered":"\t\t<div data-elementor-type=\"wp-page\" data-elementor-id=\"31133\" class=\"elementor elementor-31133 elementor-11042\" data-elementor-post-type=\"page\">\n\t\t\t\t<div class=\"elementor-element elementor-element-992b329 e-flex e-con-boxed e-con e-parent\" data-id=\"992b329\" data-element_type=\"container\" data-e-type=\"container\" data-settings=\"{&quot;background_background&quot;:&quot;classic&quot;}\">\n\t\t\t\t\t<div class=\"e-con-inner\">\n\t\t<div class=\"elementor-element elementor-element-a38b58f e-con-full e-flex e-con e-child\" data-id=\"a38b58f\" data-element_type=\"container\" data-e-type=\"container\" data-settings=\"{&quot;motion_fx_motion_fx_scrolling&quot;:&quot;yes&quot;,&quot;motion_fx_translateY_effect&quot;:&quot;yes&quot;,&quot;motion_fx_translateY_speed&quot;:{&quot;unit&quot;:&quot;px&quot;,&quot;size&quot;:4,&quot;sizes&quot;:[]},&quot;motion_fx_translateY_affectedRange&quot;:{&quot;unit&quot;:&quot;%&quot;,&quot;size&quot;:&quot;&quot;,&quot;sizes&quot;:{&quot;start&quot;:0,&quot;end&quot;:100}},&quot;motion_fx_devices&quot;:[&quot;widescreen&quot;,&quot;desktop&quot;,&quot;laptop&quot;,&quot;tablet&quot;,&quot;mobile&quot;]}\">\n\t\t\t\t<div class=\"elementor-element elementor-element-05dcde7 elementor-widget elementor-widget-spacer\" data-id=\"05dcde7\" data-element_type=\"widget\" data-e-type=\"widget\" data-widget_type=\"spacer.default\">\n\t\t\t\t\t\t\t<div class=\"elementor-spacer\">\n\t\t\t<div class=\"elementor-spacer-inner\"><\/div>\n\t\t<\/div>\n\t\t\t\t\t\t<\/div>\n\t\t\t\t<div class=\"elementor-element elementor-element-83a4824 elementor-widget elementor-widget-heading\" data-id=\"83a4824\" data-element_type=\"widget\" data-e-type=\"widget\" data-widget_type=\"heading.default\">\n\t\t\t\t\t<h1 class=\"elementor-heading-title elementor-size-default\">Versand- und Lieferbedingungen<\/h1>\t\t\t\t<\/div>\n\t\t\t\t<div class=\"elementor-element elementor-element-4e697b9 elementor-widget elementor-widget-heading\" data-id=\"4e697b9\" data-element_type=\"widget\" data-e-type=\"widget\" data-widget_type=\"heading.default\">\n\t\t\t\t\t<h2 class=\"elementor-heading-title elementor-size-default\">Hier ist unsere Versandrichtlinie f\u00fcr die weltweite Ibogaine-Lieferung<\/h2>\t\t\t\t<\/div>\n\t\t\t\t<\/div>\n\t\t\t\t\t<\/div>\n\t\t\t\t<\/div>\n\t\t<div class=\"elementor-element elementor-element-d60e105 e-flex e-con-boxed e-con e-parent\" data-id=\"d60e105\" data-element_type=\"container\" data-e-type=\"container\">\n\t\t\t\t\t<div class=\"e-con-inner\">\n\t\t<div class=\"elementor-element elementor-element-213105e e-con-full e-flex e-con e-child\" data-id=\"213105e\" data-element_type=\"container\" data-e-type=\"container\">\n\t\t\t\t<div class=\"elementor-element elementor-element-62effa5 elementor-widget elementor-widget-text-editor\" data-id=\"62effa5\" data-element_type=\"widget\" data-e-type=\"widget\" data-widget_type=\"text-editor.default\">\n\t\t\t\t\t\t\t\t\tWir sind stolz darauf, internationale Versanddienste f\u00fcr all unsere Iboga-Produkte anzubieten.\u00a0\t\t\t\t\t\t\t\t<\/div>\n\t\t\t\t<div class=\"elementor-element elementor-element-26d01dd elementor-widget elementor-widget-heading\" data-id=\"26d01dd\" data-element_type=\"widget\" data-e-type=\"widget\" data-widget_type=\"heading.default\">\n\t\t\t\t\t<h2 class=\"elementor-heading-title elementor-size-default\">Zollgeb\u00fchren<\/h2>\t\t\t\t<\/div>\n\t\t\t\t<div class=\"elementor-element elementor-element-e1036ed elementor-widget elementor-widget-text-editor\" data-id=\"e1036ed\" data-element_type=\"widget\" data-e-type=\"widget\" data-widget_type=\"text-editor.default\">\n\t\t\t\t\t\t\t\t\t<p><\/p>\n<p data-pm-slice=\"1 1 []\">Wir sind nicht verantwortlich f\u00fcr Zollgeb\u00fchren oder Steuern, sobald die Artikel in Ihr Land versandt wurden. Mit dem Kauf von Ibogaine bei uns stimmen Sie zu, dass die Pakete (Produkte) an Sie versandt werden k\u00f6nnen und bei der Ankunft in Ihrem Land Zollgeb\u00fchren anfallen k\u00f6nnen.<\/p>\n<p><\/p>\t\t\t\t\t\t\t\t<\/div>\n\t\t\t\t<div class=\"elementor-element elementor-element-fdc9198 elementor-widget elementor-widget-heading\" data-id=\"fdc9198\" data-element_type=\"widget\" data-e-type=\"widget\" data-widget_type=\"heading.default\">\n\t\t\t\t\t<h2 class=\"elementor-heading-title elementor-size-default\">Versanddauer<\/h2>\t\t\t\t<\/div>\n\t\t\t\t<div class=\"elementor-element elementor-element-1eac107 elementor-widget elementor-widget-text-editor\" data-id=\"1eac107\" data-element_type=\"widget\" data-e-type=\"widget\" data-widget_type=\"text-editor.default\">\n\t\t\t\t\t\t\t\t\t<p>Wir raten unseren Kunden beim Kauf auf getibogaine.com stets, den schnellen Versand zu w\u00e4hlen. Daher verwenden wir DHL, dessen Lieferzeit bei 3\u20137 Tagen liegt.<\/p>\n<p>F\u00fcr Kunden, die EMS kennen: Wir haben diese Option gestrichen und bieten nur noch schnelle Versanddienste wie DHL an.<\/p>\n<p>Obwohl es g\u00fcnstiger ist, haben uns die Unannehmlichkeiten und Verz\u00f6gerungen aufgrund von<span style=\"color: #ff9900;\"> <strong><a style=\"color: #ff9900;\" href=\"http:\/\/getibogaine.com\/videos-receipts\/\">Kundenfeedback<\/a><\/strong><\/span> dazu veranlasst, DHL als die zufriedenstellendste Option f\u00fcr den p\u00fcnktlichen Versand und die Lieferung von Produkten zu bevorzugen. DHL stellt seinen Kunden eine Sendungsnummer aus, sodass das Paket nachverfolgbar ist. Au\u00dferdem k\u00f6nnen Kunden ihre Sendungen online verfolgen.<\/p>\t\t\t\t\t\t\t\t<\/div>\n\t\t\t\t<div class=\"elementor-element elementor-element-3361578 elementor-widget elementor-widget-heading\" data-id=\"3361578\" data-element_type=\"widget\" data-e-type=\"widget\" data-widget_type=\"heading.default\">\n\t\t\t\t\t<h2 class=\"elementor-heading-title elementor-size-default\">Versandkosten<\/h2>\t\t\t\t<\/div>\n\t\t\t\t<div class=\"elementor-element elementor-element-28fe05e elementor-widget elementor-widget-text-editor\" data-id=\"28fe05e\" data-element_type=\"widget\" data-e-type=\"widget\" data-widget_type=\"text-editor.default\">\n\t\t\t\t\t\t\t\t\t<p><\/p>\n<p>Der Versand variiert je nach zu kaufender Menge. Das sind unsere Versandkosten:<\/p>\n<p>\u00a0<\/p>\n<table width=\"630\">\n<thead>\n<tr>\n<td>\n<p><strong>GEWICHT<\/strong><\/p>\n<\/td>\n<td>\n<p><strong>*VERSANDKOSTEN<\/strong><\/p>\n<\/td>\n<\/tr>\n<\/thead>\n<tbody>\n<tr>\n<td>\n<p>0,1 kg \u2013 2 kg\u00a0<\/p>\n<\/td>\n<td>\n<p>$80<\/p>\n<\/td>\n<\/tr>\n<tr>\n<td>\n<p>2,01 kg \u2013 5 kg<\/p>\n<\/td>\n<td>\n<p>$100<\/p>\n<\/td>\n<\/tr>\n<tr>\n<td>\n<p>5,01 kg \u2013 10 kg<\/p>\n<\/td>\n<td>\n<p>$150<\/p>\n<\/td>\n<\/tr>\n<tr>\n<td>\n<p>>10 kg<\/p>\n<\/td>\n<td>\n<p>$200 und wir \u00fcbernehmen die zus\u00e4tzlichen Versandkosten<\/p>\n<\/td>\n<\/tr>\n<\/tbody>\n<\/table>\n<p>\u00a0<\/p>\n<p>Die maximale Lieferzeit betr\u00e4gt 3\u20137 Werktage.<\/p>\n<p><em>*Dies beinhaltet nicht unsere Bearbeitungszeit von 24 Stunden.<\/em><\/p>\n<p><\/p>\t\t\t\t\t\t\t\t<\/div>\n\t\t\t\t<div class=\"elementor-element elementor-element-eadc5da elementor-widget elementor-widget-heading\" data-id=\"eadc5da\" data-element_type=\"widget\" data-e-type=\"widget\" data-widget_type=\"heading.default\">\n\t\t\t\t\t<h2 class=\"elementor-heading-title elementor-size-default\">Sendungsverfolgung<\/h2>\t\t\t\t<\/div>\n\t\t\t\t<div class=\"elementor-element elementor-element-69303f2 elementor-widget elementor-widget-text-editor\" data-id=\"69303f2\" data-element_type=\"widget\" data-e-type=\"widget\" data-widget_type=\"text-editor.default\">\n\t\t\t\t\t\t\t\t\t<p><\/p>\n<p>Sobald Ihr Iboga-Typ versendet wurde, erhalten Sie eine Versandbest\u00e4tigungs-E-Mail mit einer <span style=\"color: #ff9900;\"><strong><a style=\"color: #ff9900;\" href=\"http:\/\/getibogaine.com\/tracking-order\/\">Sendungsnummer.<\/a><\/strong><\/span> Es liegt in Ihrer Verantwortung, die Hinweise zur Sendungsverfolgung und Zustellung zu befolgen.<\/p>\n<p><\/p>\t\t\t\t\t\t\t\t<\/div>\n\t\t\t\t<div class=\"elementor-element elementor-element-cbfbe49 elementor-widget elementor-widget-heading\" data-id=\"cbfbe49\" data-element_type=\"widget\" data-e-type=\"widget\" data-widget_type=\"heading.default\">\n\t\t\t\t\t<h2 class=\"elementor-heading-title elementor-size-default\"><a href=\"http:\/\/getibogaine.com\/payment\/\">Zahlung vornehmen<\/a><\/h2>\t\t\t\t<\/div>\n\t\t\t\t<div class=\"elementor-element elementor-element-9ddd207 elementor-widget elementor-widget-text-editor\" data-id=\"9ddd207\" data-element_type=\"widget\" data-e-type=\"widget\" data-widget_type=\"text-editor.default\">\n\t\t\t\t\t\t\t\t\t<p>Transaktionen abwickeln und Ihre Registrierung, Bestellungen und<span style=\"color: #ff9900;\"><strong> <a style=\"color: #ff9900;\" href=\"http:\/\/getibogaine.com\/payment\/\">Zahlungen<\/a><\/strong><\/span> verarbeiten, einschlie\u00dflich der \u00dcberpr\u00fcfung, dass die von Ihnen bereitgestellten Informationen korrekt und aktuell sind. Weitere Informationen zu unseren R\u00fcckgabe- und Erstattungsrichtlinien finden Sie auf <span style=\"color: #ff9900;\"><strong><a style=\"color: #ff9900;\" href=\"http:\/\/getibogaine.com\/refund-returns\/\">unserer R\u00fcckgabe- und Erstattungsseite<\/a><\/strong><\/span><\/p>\t\t\t\t\t\t\t\t<\/div>\n\t\t\t\t<div class=\"elementor-element elementor-element-480dd03 elementor-widget elementor-widget-spacer\" data-id=\"480dd03\" data-element_type=\"widget\" data-e-type=\"widget\" data-widget_type=\"spacer.default\">\n\t\t\t\t\t\t\t<div class=\"elementor-spacer\">\n\t\t\t<div class=\"elementor-spacer-inner\"><\/div>\n\t\t<\/div>\n\t\t\t\t\t\t<\/div>\n\t\t\t\t<\/div>\n\t\t\t\t\t<\/div>\n\t\t\t\t<\/div>\n\t\t\t\t<\/div>\n\t\t","protected":false},"excerpt":{"rendered":"<p>Versand- und Lieferbedingungen Hier ist unsere Versandrichtlinie f\u00fcr die weltweite Ibogaine-Lieferung Wir sind stolz darauf, internationale Versanddienste f\u00fcr all unsere [&hellip;]<\/p>\n","protected":false},"author":3,"featured_media":30913,"parent":0,"menu_order":0,"comment_status":"closed","ping_status":"closed","template":"elementor_header_footer","meta":{"site-sidebar-layout":"default","site-content-layout":"","ast-site-content-layout":"default","site-content-style":"default","site-sidebar-style":"default","ast-global-header-display":"","ast-banner-title-visibility":"","ast-main-header-display":"","ast-hfb-above-header-display":"","ast-hfb-below-header-display":"","ast-hfb-mobile-header-display":"","site-post-title":"","ast-breadcrumbs-content":"","ast-featured-img":"","footer-sml-layout":"","ast-disable-related-posts":"","theme-transparent-header-meta":"","adv-header-id-meta":"","stick-header-meta":"","header-above-stick-meta":"","header-main-stick-meta":"","header-below-stick-meta":"","astra-migrate-meta-layouts":"default","ast-page-background-enabled":"default","ast-page-background-meta":{"desktop":{"background-color":"var(--ast-global-color-4)","background-image":"","background-repeat":"repeat","background-position":"center center","background-size":"auto","background-attachment":"scroll","background-type":"","background-media":"","overlay-type":"","overlay-color":"","overlay-opacity":"","overlay-gradient":""},"tablet":{"background-color":"","background-image":"","background-repeat":"repeat","background-position":"center center","background-size":"auto","background-attachment":"scroll","background-type":"","background-media":"","overlay-type":"","overlay-color":"","overlay-opacity":"","overlay-gradient":""},"mobile":{"background-color":"","background-image":"","background-repeat":"repeat","background-position":"center center","background-size":"auto","background-attachment":"scroll","background-type":"","background-media":"","overlay-type":"","overlay-color":"","overlay-opacity":"","overlay-gradient":""}},"ast-content-background-meta":{"desktop":{"background-color":"var(--ast-global-color-5)","background-image":"","background-repeat":"repeat","background-position":"center center","background-size":"auto","background-attachment":"scroll","background-type":"","background-media":"","overlay-type":"","overlay-color":"","overlay-opacity":"","overlay-gradient":""},"tablet":{"background-color":"var(--ast-global-color-5)","background-image":"","background-repeat":"repeat","background-position":"center center","background-size":"auto","background-attachment":"scroll","background-type":"","background-media":"","overlay-type":"","overlay-color":"","overlay-opacity":"","overlay-gradient":""},"mobile":{"background-color":"var(--ast-global-color-5)","background-image":"","background-repeat":"repeat","background-position":"center center","background-size":"auto","background-attachment":"scroll","background-type":"","background-media":"","overlay-type":"","overlay-color":"","overlay-opacity":"","overlay-gradient":""}},"footnotes":""},"class_list":["post-31133","page","type-page","status-publish","has-post-thumbnail","hentry"],"jetpack_sharing_enabled":true,"_links":{"self":[{"href":"https:\/\/getibogaine.com\/de\/wp-json\/wp\/v2\/pages\/31133","targetHints":{"allow":["GET"]}}],"collection":[{"href":"https:\/\/getibogaine.com\/de\/wp-json\/wp\/v2\/pages"}],"about":[{"href":"https:\/\/getibogaine.com\/de\/wp-json\/wp\/v2\/types\/page"}],"author":[{"embeddable":true,"href":"https:\/\/getibogaine.com\/de\/wp-json\/wp\/v2\/users\/3"}],"replies":[{"embeddable":true,"href":"https:\/\/getibogaine.com\/de\/wp-json\/wp\/v2\/comments?post=31133"}],"version-history":[{"count":7,"href":"https:\/\/getibogaine.com\/de\/wp-json\/wp\/v2\/pages\/31133\/revisions"}],"predecessor-version":[{"id":35896,"href":"https:\/\/getibogaine.com\/de\/wp-json\/wp\/v2\/pages\/31133\/revisions\/35896"}],"wp:featuredmedia":[{"embeddable":true,"href":"https:\/\/getibogaine.com\/de\/wp-json\/wp\/v2\/media\/30913"}],"wp:attachment":[{"href":"https:\/\/getibogaine.com\/de\/wp-json\/wp\/v2\/media?parent=31133"}],"curies":[{"name":"wp","href":"https:\/\/api.w.org\/{rel}","templated":true}]}}