{"id":31348,"date":"2022-06-01T09:07:07","date_gmt":"2022-06-01T09:07:07","guid":{"rendered":"http:\/\/getibogaine.com\/?post_type=product&#038;p=6034"},"modified":"2026-03-17T11:31:07","modified_gmt":"2026-03-17T15:31:07","slug":"iboga-wurzelrinde-1-kg","status":"publish","type":"product","link":"https:\/\/getibogaine.com\/de\/produkt\/iboga-wurzelrinde-1-kg\/","title":{"rendered":"Iboga-Wurzelrinde (1 kg)"},"content":{"rendered":"<h2><strong>1 kg Iboga-Wurzelrinde zu verkaufen<\/strong><\/h2>\n<p><iframe title=\"YouTube video player\" src=\"https:\/\/www.youtube.com\/embed\/MO4Qm_bjK8A?si=37t6iVNiJ5CtbxAG\" width=\"560\" height=\"315\" frameborder=\"0\" allowfullscreen=\"allowfullscreen\"><\/iframe><br \/>\nWir wissen, dass du online nach der besten Iboga-Wurzelrinde suchst \u2013 und wir haben das Richtige f\u00fcr dich. Unsere Iboga-Wurzelrinde wird auf unserer pestizidfreien Iboga-Farm in Zentralafrika produziert. Mit unserer Iboga-Wurzelrinde kannst du ein reines, unverf\u00e4lschtes Produkt erwarten, das zum Einnehmen bereit ist.<\/p>\n<p>Unsere Iboga-Wurzelrinde ist eines der besten nat\u00fcrlichen Mittel gegen Drogenabh\u00e4ngigkeit. Eine gute M\u00f6glichkeit, deine Abh\u00e4ngigkeit zu \u00fcberwinden, ist die Verwendung unserer Iboga-Wurzelrinde als Nahrungserg\u00e4nzung oder Behandlungsmethode. Unsere Iboga-Wurzelrinde enth\u00e4lt 95 % reinen Ibogain-Extrakt, der nachweislich Wunder dabei wirkt, Entzugssymptome bei Menschen mit einer Substanzgebrauchsst\u00f6rung zu verringern. Unsere Iboga-Wurzelrinde ist zu 100 % nat\u00fcrlich und damit sicher und wirksam, um dir zu helfen, deine Abh\u00e4ngigkeit zu \u00fcberwinden.<\/p>\n<p><img fetchpriority=\"high\" decoding=\"async\" class=\"alignnone size-medium wp-image-10888\" src=\"http:\/\/getibogaine.com\/wp-content\/uploads\/2022\/10\/iboga-root-bark-full-320x403.jpg\" alt=\"1 kg Iboga Root Bark for Sale\" width=\"320\" height=\"403\" title=\"\" srcset=\"https:\/\/getibogaine.com\/wp-content\/uploads\/2022\/10\/iboga-root-bark-full-320x403.jpg 320w, https:\/\/getibogaine.com\/wp-content\/uploads\/2022\/10\/iboga-root-bark-full-525x662.jpg 525w, https:\/\/getibogaine.com\/wp-content\/uploads\/2022\/10\/iboga-root-bark-full-813x1024.jpg 813w, https:\/\/getibogaine.com\/wp-content\/uploads\/2022\/10\/iboga-root-bark-full-768x968.jpg 768w, https:\/\/getibogaine.com\/wp-content\/uploads\/2022\/10\/iboga-root-bark-full.jpg 900w\" sizes=\"(max-width: 320px) 100vw, 320px\" \/><\/p>\n<h3><strong>Vorteile der Iboga-Wurzelrinde zum Verkauf<\/strong><\/h3>\n<p><a title=\"Difference Between Iboga And Ibogaine\" href=\"http:\/\/getibogaine.com\/whats-the-difference-between-iboga-and-ibogaine\/\">Iboga und Ibogain<\/a> haben das Potenzial, verschiedene psychische Erkrankungen zu behandeln. Dazu geh\u00f6ren Depressionen, posttraumatische Belastungsst\u00f6rung (PTBS) und verschiedene Arten von Abh\u00e4ngigkeiten. Unten findest du eine Liste einiger Vorteile der Verwendung von Iboga bei Abh\u00e4ngigkeit.<\/p>\n<ul>\n<li>Bew\u00e4ltigung von Abh\u00e4ngigkeit, weniger schmerzhafte Entzugssymptome<\/li>\n<li>Intensivere Traumerinnerungen<\/li>\n<li>Zentral stimulierende Wirkung<\/li>\n<li>Spirituelles, mystisches Gef\u00fchl<\/li>\n<li>Klartr\u00e4ume, luzide Tr\u00e4ume, au\u00dferk\u00f6rperliche Erfahrungen<\/li>\n<li>Einblick in das Unterbewusstsein<\/li>\n<li>St\u00e4rkung des Selbstvertrauens<\/li>\n<li>Bew\u00e4ltigung traumatischer Erfahrungen und St\u00f6rungen<\/li>\n<li>Die Fantasie beleben<\/li>\n<li>Erinnerungen aus der fr\u00fchen Kindheit zug\u00e4nglich machen<\/li>\n<li>Entkalkung der Zirbeldr\u00fcse<\/li>\n<li>Erholsamer Schlaf<\/li>\n<li>Klarheit und Fokus<\/li>\n<li>Synchronisation der Gehirnh\u00e4lften<\/li>\n<\/ul>\n<p><strong>Herkunft:<\/strong> <em>Zentralafrikanischer Regenwald<\/em><\/p>\n","protected":false},"excerpt":{"rendered":"<p>Expressversand mit einer schnellen Lieferzeit von 3\u20137 Tagen<\/p>\n<p>Marke: Get Ibogaine<\/p>\n<p>Gewicht: 1 Kilogramm<\/p>\n<p>Versandkosten: Werden an der Kasse berechnet<\/p>\n<p>Ihre Bestellung wird innerhalb von 24 Stunden nach Abschluss Ihres Kaufs versendet und trifft innerhalb von drei bis sieben Werktagen ein. Unsere Versandtarife variieren je nach Gewicht des Pakets.<\/p>\n","protected":false},"featured_media":34508,"comment_status":"open","ping_status":"closed","template":"","meta":{"site-sidebar-layout":"default","site-content-layout":"","ast-site-content-layout":"default","site-content-style":"default","site-sidebar-style":"default","ast-global-header-display":"","ast-banner-title-visibility":"","ast-main-header-display":"","ast-hfb-above-header-display":"","ast-hfb-below-header-display":"","ast-hfb-mobile-header-display":"","site-post-title":"","ast-breadcrumbs-content":"","ast-featured-img":"","footer-sml-layout":"","ast-disable-related-posts":"","theme-transparent-header-meta":"default","adv-header-id-meta":"","stick-header-meta":"default","header-above-stick-meta":"","header-main-stick-meta":"","header-below-stick-meta":"","astra-migrate-meta-layouts":"set","ast-page-background-enabled":"default","ast-page-background-meta":{"desktop":{"background-color":"var(--ast-global-color-4)","background-image":"","background-repeat":"repeat","background-position":"center center","background-size":"auto","background-attachment":"scroll","background-type":"","background-media":"","overlay-type":"","overlay-color":"","overlay-opacity":"","overlay-gradient":""},"tablet":{"background-color":"","background-image":"","background-repeat":"repeat","background-position":"center center","background-size":"auto","background-attachment":"scroll","background-type":"","background-media":"","overlay-type":"","overlay-color":"","overlay-opacity":"","overlay-gradient":""},"mobile":{"background-color":"","background-image":"","background-repeat":"repeat","background-position":"center center","background-size":"auto","background-attachment":"scroll","background-type":"","background-media":"","overlay-type":"","overlay-color":"","overlay-opacity":"","overlay-gradient":""}},"ast-content-background-meta":{"desktop":{"background-color":"var(--ast-global-color-5)","background-image":"","background-repeat":"repeat","background-position":"center center","background-size":"auto","background-attachment":"scroll","background-type":"","background-media":"","overlay-type":"","overlay-color":"","overlay-opacity":"","overlay-gradient":""},"tablet":{"background-color":"var(--ast-global-color-5)","background-image":"","background-repeat":"repeat","background-position":"center center","background-size":"auto","background-attachment":"scroll","background-type":"","background-media":"","overlay-type":"","overlay-color":"","overlay-opacity":"","overlay-gradient":""},"mobile":{"background-color":"var(--ast-global-color-5)","background-image":"","background-repeat":"repeat","background-position":"center center","background-size":"auto","background-attachment":"scroll","background-type":"","background-media":"","overlay-type":"","overlay-color":"","overlay-opacity":"","overlay-gradient":""}},"jetpack_publicize_message":"","jetpack_publicize_feature_enabled":true,"jetpack_social_post_already_shared":true,"jetpack_social_options":{"image_generator_settings":{"template":"highway","default_image_id":0,"font":"","enabled":false},"version":2}},"product_brand":[4009],"product_cat":[3947],"product_tag":[1529,1556,1520],"class_list":{"0":"post-31348","1":"product","2":"type-product","3":"status-publish","4":"has-post-thumbnail","6":"product_brand-getibogaine","7":"product_cat-iboga-wurzeln-zum-verkauf","8":"product_tag-iboga-wurzelrinden-spane","9":"product_tag-iboga-wurzelrindenpulver","10":"product_tag-naturlich","11":"pa_product-state-iboga-wurzelrinden-spane","12":"pa_product-state-iboga-wurzelrindenpulver","13":"desktop-align-left","14":"tablet-align-left","15":"mobile-align-left","16":"ast-product-gallery-layout-horizontal-slider","17":"ast-product-single-variable","18":"ast-product-tabs-layout-horizontal","20":"first","21":"instock","22":"shipping-taxable","23":"purchasable","24":"product-type-variable"},"jetpack_publicize_connections":[],"jetpack_sharing_enabled":true,"_links":{"self":[{"href":"https:\/\/getibogaine.com\/de\/wp-json\/wp\/v2\/product\/31348","targetHints":{"allow":["GET"]}}],"collection":[{"href":"https:\/\/getibogaine.com\/de\/wp-json\/wp\/v2\/product"}],"about":[{"href":"https:\/\/getibogaine.com\/de\/wp-json\/wp\/v2\/types\/product"}],"replies":[{"embeddable":true,"href":"https:\/\/getibogaine.com\/de\/wp-json\/wp\/v2\/comments?post=31348"}],"version-history":[{"count":0,"href":"https:\/\/getibogaine.com\/de\/wp-json\/wp\/v2\/product\/31348\/revisions"}],"wp:featuredmedia":[{"embeddable":true,"href":"https:\/\/getibogaine.com\/de\/wp-json\/wp\/v2\/media\/34508"}],"wp:attachment":[{"href":"https:\/\/getibogaine.com\/de\/wp-json\/wp\/v2\/media?parent=31348"}],"wp:term":[{"taxonomy":"product_brand","embeddable":true,"href":"https:\/\/getibogaine.com\/de\/wp-json\/wp\/v2\/product_brand?post=31348"},{"taxonomy":"product_cat","embeddable":true,"href":"https:\/\/getibogaine.com\/de\/wp-json\/wp\/v2\/product_cat?post=31348"},{"taxonomy":"product_tag","embeddable":true,"href":"https:\/\/getibogaine.com\/de\/wp-json\/wp\/v2\/product_tag?post=31348"}],"curies":[{"name":"wp","href":"https:\/\/api.w.org\/{rel}","templated":true}]}}