{"id":31362,"date":"2026-01-12T15:13:17","date_gmt":"2026-01-12T20:13:17","guid":{"rendered":"https:\/\/getibogaine.com\/?post_type=product&#038;p=29567"},"modified":"2026-03-09T03:32:11","modified_gmt":"2026-03-09T07:32:11","slug":"iboga-root-bark-50g","status":"publish","type":"product","link":"https:\/\/getibogaine.com\/de\/produkt\/iboga-root-bark-50g\/","title":{"rendered":"Iboga-Wurzelrinde (50g)"},"content":{"rendered":"<div class=\"row\">\n<div class=\"col-lg-7 col-12\">\n<p style=\"text-align: left;\"><strong>Kaufen Sie 50 Gramm Iboga-Wurzelrinde in Los Angeles<\/strong><\/p>\n<p>Wir wissen, dass Sie online nach der besten Iboga-Wurzelrinde suchen, und wir haben Sie abgedeckt.<\/p>\n<p>Unsere Iboga-Wurzelrinde wird auf unserer eigenen Pestizid-freien Iboga-Farm in Zentralafrika produziert. Mit unserer Iboga-Wurzelrinde erwarten Sie ein reines, unverf\u00e4lschtes Produkt, das zur Aufnahme bereit ist.<\/p>\n<p>Unsere Iboga-Wurzelrinde ist eine der besten nat\u00fcrlichen <a href=\"http:\/\/getibogaine.com\/ibogaine-therapy-for-drug-and-addiction\/\">Heilmittel gegen Drogenabh\u00e4ngigkeit<\/a>. Eine gro\u00dfartige M\u00f6glichkeit, Ihre Sucht zu bek\u00e4mpfen, besteht darin, unsere Iboga-Wurzelrinde als Erg\u00e4nzung oder Behandlungsmethode zu verwenden. Unsere Iboga-Wurzelrinde enth\u00e4lt 95% reines Ibogain-Extrakt, das nachweislich Wunder wirkt, um die Entzugssymptome von S\u00fcchtigen zu reduzieren. Unsere Iboga-Wurzelrinde ist 100% nat\u00fcrlich und damit sicher und effektiv, um Ihre Sucht zu \u00fcberwinden.<\/p>\n<p>Die Verwendung von Iboga-Wurzelrinde ist eine effektive Methode, um mehrere Krankheiten zu heilen, und Ihr K\u00f6rper wird sich in kurzer Zeit besser f\u00fchlen. Es beseitigt die Suchtsymptome und Ihre Gesundheit wird wieder normal. Wenn Sie mit Sucht zu k\u00e4mpfen haben, haben Sie vielleicht bereits mehrere Mittel ausprobiert, aber bei Ihnen hat nichts funktioniert. Jetzt ist es Zeit, Iboga-Wurzelrinde zu probieren.<\/p>\n<h3><strong>Vorteile von Iboga-Wurzelrinde\u00a0<\/strong><\/h3>\n<p><span style=\"color: #000000;\"><a title=\"Difference Between Iboga And Ibogaine\" href=\"http:\/\/getibogaine.com\/whats-the-difference-between-iboga-and-ibogaine\/\">Iboga und Ibogain<\/a> Haben Sie das Potenzial, verschiedene psychische Erkrankungen zu behandeln. Dazu geh\u00f6ren Depressionen, posttraumatische Belastungsst\u00f6rungen (PTBS) und verschiedene Arten von Sucht. Nachfolgend finden Sie eine Liste einiger Vorteile der Nutzung <a href=\"http:\/\/getibogaine.com\/benefits-of-using-ibogaine-for-nicotine-addiction\/\">Ibogain f\u00fcr die Sucht.<\/a><\/span><\/p>\n<ul>\n<li><span style=\"color: #000000;\">Suchtbew\u00e4ltigung und weniger schmerzhafte Entzugserscheinungen<\/span><\/li>\n<li><span style=\"color: #000000;\">Intensivere Traumerinnerungen<\/span><\/li>\n<li><span style=\"color: #000000;\">Zentrale anregende Wirkung<\/span><\/li>\n<li><span style=\"color: #000000;\">Spirituelles, mystisches Gef\u00fchl<\/span><\/li>\n<li><span style=\"color: #000000;\">Klare Tr\u00e4ume, klare Tr\u00e4ume, au\u00dferk\u00f6rperliche Erfahrungen<\/span><\/li>\n<li><span style=\"color: #000000;\">Einblick in das Unterbewusstsein<\/span><\/li>\n<li><span style=\"color: #000000;\">Selbstvertrauen st\u00e4rken<\/span><\/li>\n<li><span style=\"color: #000000;\">Umgang mit traumatischen Erfahrungen und St\u00f6rungen<\/span><\/li>\n<li><span style=\"color: #000000;\">Beleben Sie die Vorstellungskraft<\/span><\/li>\n<li><span style=\"color: #000000;\">Fr\u00fchkindliche Erinnerungen zug\u00e4nglich machen<\/span><\/li>\n<li><span style=\"color: #000000;\">Entkalken der Zirbeldr\u00fcse<\/span><\/li>\n<li><span style=\"color: #000000;\">erholsamer Schlaf<\/span><\/li>\n<li><span style=\"color: #000000;\">Klarheit und Fokus<\/span><\/li>\n<li><span style=\"color: #000000;\">Synchronisation der Gehirnh\u00e4lften<\/span><\/li>\n<\/ul>\n<p>&nbsp;<\/p>\n<p><strong>Herkunft<\/strong>: Kaufen Sie Iboga-Wurzelrinde in Los Angeles von der <em>Zentralafrikanischer Regenwald<\/em><\/p>\n<\/div>\n<\/div>\n","protected":false},"excerpt":{"rendered":"<p>Expressversand mit einer schnellen Lieferzeit von 3\u20137 Tagen<\/p>\n<p>Marke: Get Ibogain<\/p>\n<p>Gewicht: 50 Gramm<\/p>\n<p>Versandkosten: berechnet an der Kasse<\/p>\n<p><em>Ihre Bestellung wird innerhalb von 24 Stunden nach Abschluss Ihres Kaufs versendet. Unsere Versandkosten variieren je nach Gewicht des Pakets.<\/em><\/p>\n","protected":false},"featured_media":34508,"comment_status":"open","ping_status":"closed","template":"","meta":{"site-sidebar-layout":"default","site-content-layout":"","ast-site-content-layout":"default","site-content-style":"default","site-sidebar-style":"default","ast-global-header-display":"","ast-banner-title-visibility":"","ast-main-header-display":"","ast-hfb-above-header-display":"","ast-hfb-below-header-display":"","ast-hfb-mobile-header-display":"","site-post-title":"","ast-breadcrumbs-content":"","ast-featured-img":"","footer-sml-layout":"","ast-disable-related-posts":"","theme-transparent-header-meta":"default","adv-header-id-meta":"","stick-header-meta":"default","header-above-stick-meta":"","header-main-stick-meta":"","header-below-stick-meta":"","astra-migrate-meta-layouts":"set","ast-page-background-enabled":"default","ast-page-background-meta":{"desktop":{"background-color":"var(--ast-global-color-4)","background-image":"","background-repeat":"repeat","background-position":"center center","background-size":"auto","background-attachment":"scroll","background-type":"","background-media":"","overlay-type":"","overlay-color":"","overlay-opacity":"","overlay-gradient":""},"tablet":{"background-color":"","background-image":"","background-repeat":"repeat","background-position":"center center","background-size":"auto","background-attachment":"scroll","background-type":"","background-media":"","overlay-type":"","overlay-color":"","overlay-opacity":"","overlay-gradient":""},"mobile":{"background-color":"","background-image":"","background-repeat":"repeat","background-position":"center center","background-size":"auto","background-attachment":"scroll","background-type":"","background-media":"","overlay-type":"","overlay-color":"","overlay-opacity":"","overlay-gradient":""}},"ast-content-background-meta":{"desktop":{"background-color":"var(--ast-global-color-5)","background-image":"","background-repeat":"repeat","background-position":"center center","background-size":"auto","background-attachment":"scroll","background-type":"","background-media":"","overlay-type":"","overlay-color":"","overlay-opacity":"","overlay-gradient":""},"tablet":{"background-color":"var(--ast-global-color-5)","background-image":"","background-repeat":"repeat","background-position":"center center","background-size":"auto","background-attachment":"scroll","background-type":"","background-media":"","overlay-type":"","overlay-color":"","overlay-opacity":"","overlay-gradient":""},"mobile":{"background-color":"var(--ast-global-color-5)","background-image":"","background-repeat":"repeat","background-position":"center center","background-size":"auto","background-attachment":"scroll","background-type":"","background-media":"","overlay-type":"","overlay-color":"","overlay-opacity":"","overlay-gradient":""}},"jetpack_publicize_message":"","jetpack_publicize_feature_enabled":true,"jetpack_social_post_already_shared":true,"jetpack_social_options":{"image_generator_settings":{"template":"highway","default_image_id":0,"font":"","enabled":false},"version":2}},"product_brand":[4009],"product_cat":[3947],"product_tag":[],"class_list":{"0":"post-31362","1":"product","2":"type-product","3":"status-publish","4":"has-post-thumbnail","6":"product_brand-getibogaine","7":"product_cat-iboga-wurzeln-zum-verkauf","8":"pa_product-state-iboga-wurzelrinden-spane","9":"pa_product-state-iboga-wurzelrindenpulver","10":"desktop-align-left","11":"tablet-align-left","12":"mobile-align-left","13":"ast-product-gallery-layout-vertical-slider","14":"ast-product-single-variable","15":"ast-product-tabs-layout-horizontal","17":"first","18":"instock","19":"featured","20":"shipping-taxable","21":"purchasable","22":"product-type-variable","23":"has-default-attributes"},"jetpack_publicize_connections":[],"jetpack_sharing_enabled":true,"_links":{"self":[{"href":"https:\/\/getibogaine.com\/de\/wp-json\/wp\/v2\/product\/31362","targetHints":{"allow":["GET"]}}],"collection":[{"href":"https:\/\/getibogaine.com\/de\/wp-json\/wp\/v2\/product"}],"about":[{"href":"https:\/\/getibogaine.com\/de\/wp-json\/wp\/v2\/types\/product"}],"replies":[{"embeddable":true,"href":"https:\/\/getibogaine.com\/de\/wp-json\/wp\/v2\/comments?post=31362"}],"version-history":[{"count":1,"href":"https:\/\/getibogaine.com\/de\/wp-json\/wp\/v2\/product\/31362\/revisions"}],"predecessor-version":[{"id":34647,"href":"https:\/\/getibogaine.com\/de\/wp-json\/wp\/v2\/product\/31362\/revisions\/34647"}],"wp:featuredmedia":[{"embeddable":true,"href":"https:\/\/getibogaine.com\/de\/wp-json\/wp\/v2\/media\/34508"}],"wp:attachment":[{"href":"https:\/\/getibogaine.com\/de\/wp-json\/wp\/v2\/media?parent=31362"}],"wp:term":[{"taxonomy":"product_brand","embeddable":true,"href":"https:\/\/getibogaine.com\/de\/wp-json\/wp\/v2\/product_brand?post=31362"},{"taxonomy":"product_cat","embeddable":true,"href":"https:\/\/getibogaine.com\/de\/wp-json\/wp\/v2\/product_cat?post=31362"},{"taxonomy":"product_tag","embeddable":true,"href":"https:\/\/getibogaine.com\/de\/wp-json\/wp\/v2\/product_tag?post=31362"}],"curies":[{"name":"wp","href":"https:\/\/api.w.org\/{rel}","templated":true}]}}