{"id":31368,"date":"2025-11-30T21:00:38","date_gmt":"2025-12-01T02:00:38","guid":{"rendered":"https:\/\/getibogaine.com\/?post_type=product&#038;p=29097"},"modified":"2026-03-17T11:36:41","modified_gmt":"2026-03-17T15:36:41","slug":"iboga-ta-9g","status":"publish","type":"product","link":"https:\/\/getibogaine.com\/de\/produkt\/iboga-ta-9g\/","title":{"rendered":"Iboga TA (9 g)"},"content":{"rendered":"<div class=\"row\">\n<div class=\"col-lg-7 col-12\">\n<h2 style=\"text-align: left;\">Iboga TA zu verkaufen kaufen \u2013 9 Gramm<\/h2>\n<p>Iboga TA zu verkaufen kaufen, <strong>9\u00a0Gramm<\/strong>. ein revolution\u00e4res Produkt, das das Beste aus <a title=\"Natural\" href=\"http:\/\/getibogaine.com\/product-tag\/natural\/\" data-wpil-monitor-id=\"123\">Natur<\/a> und Wissenschaft vereint, damit du eine ganzheitliche Ver\u00e4nderung deiner Wahrnehmung der Welt erleben kannst.<\/p>\n<p>Dieses Produkt wird aus reiner Iboga-Wurzelrinde gewonnen, und der Extraktionsprozess wird sorgf\u00e4ltig \u00fcberwacht, um jegliche Verunreinigungen oder Unreinheiten zu entfernen.<\/p>\n<p>Iboga TA\u00a0ist eine br\u00e4unliche Substanz, die f\u00fcr Einsteiger und f\u00fcr diejenigen entwickelt wurde, die ihre Dosis erh\u00f6hen m\u00f6chten. Es ist eine rein ganzheitliche\u00a0<a href=\"http:\/\/getibogaine.com\/lsd-substance-use-and-ibogaine-treatment\/\" target=\"_blank\" rel=\"noopener\">Substanz<\/a>\u00a0die den K\u00f6rper nicht negativ beeinflusst. Du wirst eine Vielzahl\u00a0<a href=\"http:\/\/getibogaine.com\/tag\/psychedelics\/\" target=\"_blank\" rel=\"noopener\">psychedelischer<\/a> Effekte erleben, darunter eine gesteigerte Sinneswahrnehmung, Offenheit, Klarheit und Freude.<\/p>\n<p>Mit Iboga TA kannst du dieselben Vorteile genie\u00dfen, wie sie bei <a title=\"ibogaine\" href=\"http:\/\/getibogaine.com\/tag\/ibogaine\/\" data-wpil-monitor-id=\"126\">Ibogaine<\/a> berichtet werden \u2013 jedoch ohne die vielen damit verbundenen Risiken.<\/p>\n<\/div>\n<\/div>\n<h3><strong>Iboga TA einnehmen\u00a0<\/strong><\/h3>\n<ul>\n<li>Eine spirituelle Erfahrung, die dein Leben positiv ver\u00e4ndern kann<\/li>\n<li>garantiert dir eine ganzheitliche Ver\u00e4nderung<\/li>\n<li>Mehr Selbstvertrauen in sozialen Situationen<\/li>\n<li>Kreatives Denken und Vertrauen in deine Intuition<\/li>\n<li>Ein gr\u00f6\u00dferes Verst\u00e4ndnis des Universums<\/li>\n<\/ul>\n<div class=\"row\">\n<div class=\"col-lg-7 col-12\">\n<h3 style=\"text-align: left;\"><strong>Iboga-TA-Inhaltsstoffe<\/strong><\/h3>\n<p>Unser Iboga-TA-Produkt ist ein hochwertiger Extrakt, der sch\u00e4tzungsweise 45% Ibogain enth\u00e4lt. Es erscheint als St\u00fccke oder braune Klumpen aus gemahlenem braunem Pulver.<\/p>\n<ul>\n<li style=\"text-align: left;\"><span style=\"color: #000000;\"><a style=\"color: #000000;\" href=\"http:\/\/getibogaine.com\/iboga-ta-extract\/\">Iboga-Totalalkaloid-Extrakt zu verkaufen <\/a>ist Iboga <a href=\"http:\/\/getibogaine.com\/iboga-ta-extract\/\">Totalalkaloid-Extrakt zu verkaufen<\/a>.<\/span><\/li>\n<li style=\"text-align: left;\"><span style=\"color: #000000;\">Extrahiert aus Iboga-Wurzelrindenpulver.<\/span><\/li>\n<li style=\"text-align: left;\"><span style=\"color: #000000;\">Es besteht zu sch\u00e4tzungsweise 45% aus <a title=\"ibogaine.\" href=\"http:\/\/getibogaine.com\/tag\/ibogaine-2\/\" data-wpil-monitor-id=\"127\">Ibogain<\/a>.<\/span><\/li>\n<li style=\"text-align: left;\"><span style=\"color: #000000;\">Es erscheint als braune Klumpen.<\/span><\/li>\n<\/ul>\n<p>Besuchen Sie noch heute unseren Shop und entdecken Sie unsere hochwertigen Produkte zu erschwinglichen Preisen.<\/p>\n<p><strong>Herkunft<\/strong>: <em>Zentralafrikanischer Regenwald<\/em><\/p>\n<\/div>\n<\/div>\n","protected":false},"excerpt":{"rendered":"<p>Expressversand hat eine schnelle Lieferzeit von 3\u20137 Tagen.<\/p>\n<p>Produkt: Iboga TA<\/p>\n<p>Marke: Get Ibogaine<\/p>\n<p>Gewicht: 9 Gramm<\/p>\n<p>Versandkosten: Wird an der Kasse berechnet<\/p>\n<p><em>Ihre Bestellung wird innerhalb von 24 Stunden nach dem Kauf versendet und kommt innerhalb von drei bis sieben Werktagen an. Unsere Versandtarife variieren je nach Gewicht des Pakets.<\/em><\/p>\n","protected":false},"featured_media":34531,"comment_status":"open","ping_status":"closed","template":"","meta":{"site-sidebar-layout":"default","site-content-layout":"","ast-site-content-layout":"default","site-content-style":"default","site-sidebar-style":"default","ast-global-header-display":"","ast-banner-title-visibility":"","ast-main-header-display":"","ast-hfb-above-header-display":"","ast-hfb-below-header-display":"","ast-hfb-mobile-header-display":"","site-post-title":"","ast-breadcrumbs-content":"","ast-featured-img":"","footer-sml-layout":"","ast-disable-related-posts":"","theme-transparent-header-meta":"default","adv-header-id-meta":"","stick-header-meta":"default","header-above-stick-meta":"","header-main-stick-meta":"","header-below-stick-meta":"","astra-migrate-meta-layouts":"set","ast-page-background-enabled":"default","ast-page-background-meta":{"desktop":{"background-color":"var(--ast-global-color-4)","background-image":"","background-repeat":"repeat","background-position":"center center","background-size":"auto","background-attachment":"scroll","background-type":"","background-media":"","overlay-type":"","overlay-color":"","overlay-opacity":"","overlay-gradient":""},"tablet":{"background-color":"","background-image":"","background-repeat":"repeat","background-position":"center center","background-size":"auto","background-attachment":"scroll","background-type":"","background-media":"","overlay-type":"","overlay-color":"","overlay-opacity":"","overlay-gradient":""},"mobile":{"background-color":"","background-image":"","background-repeat":"repeat","background-position":"center center","background-size":"auto","background-attachment":"scroll","background-type":"","background-media":"","overlay-type":"","overlay-color":"","overlay-opacity":"","overlay-gradient":""}},"ast-content-background-meta":{"desktop":{"background-color":"var(--ast-global-color-5)","background-image":"","background-repeat":"repeat","background-position":"center center","background-size":"auto","background-attachment":"scroll","background-type":"","background-media":"","overlay-type":"","overlay-color":"","overlay-opacity":"","overlay-gradient":""},"tablet":{"background-color":"var(--ast-global-color-5)","background-image":"","background-repeat":"repeat","background-position":"center center","background-size":"auto","background-attachment":"scroll","background-type":"","background-media":"","overlay-type":"","overlay-color":"","overlay-opacity":"","overlay-gradient":""},"mobile":{"background-color":"var(--ast-global-color-5)","background-image":"","background-repeat":"repeat","background-position":"center center","background-size":"auto","background-attachment":"scroll","background-type":"","background-media":"","overlay-type":"","overlay-color":"","overlay-opacity":"","overlay-gradient":""}},"jetpack_publicize_message":"","jetpack_publicize_feature_enabled":true,"jetpack_social_post_already_shared":true,"jetpack_social_options":{"image_generator_settings":{"template":"highway","default_image_id":0,"font":"","enabled":false},"version":2}},"product_brand":[4009],"product_cat":[4547],"product_tag":[],"class_list":{"0":"post-31368","1":"product","2":"type-product","3":"status-publish","4":"has-post-thumbnail","6":"product_brand-getibogaine","7":"product_cat-iboga-ta","8":"desktop-align-left","9":"tablet-align-left","10":"mobile-align-left","11":"ast-product-gallery-layout-horizontal-slider","12":"ast-product-tabs-layout-horizontal","14":"first","15":"instock","16":"shipping-taxable","17":"purchasable","18":"product-type-simple"},"jetpack_publicize_connections":[],"jetpack_sharing_enabled":true,"_links":{"self":[{"href":"https:\/\/getibogaine.com\/de\/wp-json\/wp\/v2\/product\/31368","targetHints":{"allow":["GET"]}}],"collection":[{"href":"https:\/\/getibogaine.com\/de\/wp-json\/wp\/v2\/product"}],"about":[{"href":"https:\/\/getibogaine.com\/de\/wp-json\/wp\/v2\/types\/product"}],"replies":[{"embeddable":true,"href":"https:\/\/getibogaine.com\/de\/wp-json\/wp\/v2\/comments?post=31368"}],"version-history":[{"count":1,"href":"https:\/\/getibogaine.com\/de\/wp-json\/wp\/v2\/product\/31368\/revisions"}],"predecessor-version":[{"id":35254,"href":"https:\/\/getibogaine.com\/de\/wp-json\/wp\/v2\/product\/31368\/revisions\/35254"}],"wp:featuredmedia":[{"embeddable":true,"href":"https:\/\/getibogaine.com\/de\/wp-json\/wp\/v2\/media\/34531"}],"wp:attachment":[{"href":"https:\/\/getibogaine.com\/de\/wp-json\/wp\/v2\/media?parent=31368"}],"wp:term":[{"taxonomy":"product_brand","embeddable":true,"href":"https:\/\/getibogaine.com\/de\/wp-json\/wp\/v2\/product_brand?post=31368"},{"taxonomy":"product_cat","embeddable":true,"href":"https:\/\/getibogaine.com\/de\/wp-json\/wp\/v2\/product_cat?post=31368"},{"taxonomy":"product_tag","embeddable":true,"href":"https:\/\/getibogaine.com\/de\/wp-json\/wp\/v2\/product_tag?post=31368"}],"curies":[{"name":"wp","href":"https:\/\/api.w.org\/{rel}","templated":true}]}}