{"id":31374,"date":"2025-11-30T20:52:52","date_gmt":"2025-12-01T01:52:52","guid":{"rendered":"https:\/\/getibogaine.com\/?post_type=product&#038;p=29096"},"modified":"2026-03-09T07:27:21","modified_gmt":"2026-03-09T11:27:21","slug":"iboga-ta-7g","status":"publish","type":"product","link":"https:\/\/getibogaine.com\/de\/produkt\/iboga-ta-7g\/","title":{"rendered":"Iboga TA (7 g)"},"content":{"rendered":"<div class=\"row\">\n<div class=\"col-lg-7 col-12\">\n<h2 style=\"text-align: left;\">Reine Gesamtalkaloide kaufen<\/h2>\n<p>M\u00fcssen Sie 7 Gramm Iboga TA kaufen? Dann sind Sie hier genau richtig!<\/p>\n<p>Reine Gesamtalkaloide kaufen. Mit gro\u00dfer Freude pr\u00e4sentieren wir Ihnen das legend\u00e4re Iboga TA mit 7 Gramm. Dies ist ein revolution\u00e4res Produkt, das das Beste aus Natur und Wissenschaft vereint, damit Sie eine vollspektrige Ver\u00e4nderung Ihrer Wahrnehmung der Welt erleben k\u00f6nnen.<\/p>\n<p>Dieses Produkt wird aus reiner Iboga-Wurzelrinde extrahiert, und der Extraktionsprozess wird sorgf\u00e4ltig \u00fcberwacht, um jegliche Verunreinigungen oder Fremdstoffe zu entfernen.<\/p>\n<p>Iboga TA wurde sowohl f\u00fcr Einsteiger als auch f\u00fcr diejenigen entwickelt, die ihre Dosis steigern m\u00f6chten. Es ist eine rein ganzheitliche Substanz, die keine negativen Auswirkungen auf den K\u00f6rper hat. Sie werden eine Vielzahl psychedelischer Effekte erleben, darunter gesteigerte Sinneswahrnehmung, Offenheit, Klarheit und Freude. Iboga TA liegt in einer br\u00e4unlichen Form vor.<\/p>\n<h2 data-start=\"186\" data-end=\"253\">Was Menschen <em data-start=\"202\" data-end=\"220\">im Allgemeinen berichten<\/em> \u00fcber TA im <strong data-start=\"237\" data-end=\"253\">7-Gramm-Bereich<\/strong><\/h2>\n<p data-start=\"254\" data-end=\"314\">(TA = Gesamtalkaloid-Extrakt, deutlich st\u00e4rker als Wurzelrinde.)<\/p>\n<p data-start=\"316\" data-end=\"373\">Mengen, die in diesem Bereich besprochen werden, werden \u00fcblicherweise beschrieben als:<\/p>\n<h2 data-start=\"375\" data-end=\"415\"><strong data-start=\"378\" data-end=\"415\">1. Eine sehr starke therapeutische Dosis<\/strong><\/h2>\n<p data-start=\"416\" data-end=\"436\">Menschen sagen, es f\u00fchlt sich an wie:<\/p>\n<ul data-start=\"437\" data-end=\"546\">\n<li data-start=\"437\" data-end=\"461\">\n<p data-start=\"439\" data-end=\"461\">Intensiver als 6g<\/p>\n<\/li>\n<li data-start=\"462\" data-end=\"484\">\n<p data-start=\"464\" data-end=\"484\">Emotional tiefergehend<\/p>\n<\/li>\n<li data-start=\"485\" data-end=\"503\">\n<p data-start=\"487\" data-end=\"503\">Noch immersiver<\/p>\n<\/li>\n<li data-start=\"504\" data-end=\"546\">\n<p data-start=\"506\" data-end=\"546\">L\u00e4nger anhaltend (12\u201324+ Stunden Wirkung)<\/p>\n<\/li>\n<\/ul>\n<p data-start=\"548\" data-end=\"638\">Das ist der Bereich, in dem Menschen in \u00fcberwachten Umgebungen <strong data-start=\"587\" data-end=\"614\">\u201egro\u00dfer Reset\u201c-Erfahrungen<\/strong> beschreiben.<\/p>\n<h2 data-start=\"645\" data-end=\"676\"><strong data-start=\"648\" data-end=\"676\">2. H\u00f6here k\u00f6rperliche Belastung<\/strong><\/h2>\n<p data-start=\"677\" data-end=\"695\">H\u00e4ufig berichtet:<\/p>\n<ul data-start=\"696\" data-end=\"848\">\n<li data-start=\"696\" data-end=\"746\">\n<p data-start=\"698\" data-end=\"746\">Das Bed\u00fcrfnis, w\u00e4hrend des Gro\u00dfteils der Erfahrung zu liegen<\/p>\n<\/li>\n<li data-start=\"747\" data-end=\"772\">\n<p data-start=\"749\" data-end=\"772\">Starke Schwere im K\u00f6rper<\/p>\n<\/li>\n<li data-start=\"773\" data-end=\"803\">\n<p data-start=\"775\" data-end=\"803\">Empfindlichkeit gegen\u00fcber Licht\/Ger\u00e4uschen<\/p>\n<\/li>\n<li data-start=\"804\" data-end=\"825\">\n<p data-start=\"806\" data-end=\"825\">Gelegentliche \u00dcbelkeit<\/p>\n<\/li>\n<li data-start=\"826\" data-end=\"848\">\n<p data-start=\"828\" data-end=\"848\">Schwierigkeiten beim Gehen<\/p>\n<\/li>\n<\/ul>\n<p data-start=\"850\" data-end=\"920\">Deshalb \u00fcberwachen medizinisch betreute Zentren EKG und Elektrolyte.<\/p>\n<h2 data-start=\"927\" data-end=\"972\"><strong data-start=\"930\" data-end=\"972\">3. Tiefgreifendere psychologische Effekte<\/strong><\/h2>\n<p data-start=\"973\" data-end=\"995\">Menschen beschreiben oft:<\/p>\n<ul data-start=\"996\" data-end=\"1119\">\n<li data-start=\"996\" data-end=\"1011\">\n<p data-start=\"998\" data-end=\"1011\">Lebensr\u00fcckblick<\/p>\n<\/li>\n<li data-start=\"1012\" data-end=\"1060\">\n<p data-start=\"1014\" data-end=\"1060\">Erkenntnisse \u00fcber Beziehungen, Traumata und Gewohnheiten<\/p>\n<\/li>\n<li data-start=\"1061\" data-end=\"1087\">\n<p data-start=\"1063\" data-end=\"1087\">Klarer \u201einnerer Dialog\u201c<\/p>\n<\/li>\n<li data-start=\"1088\" data-end=\"1119\">\n<p data-start=\"1090\" data-end=\"1119\">Ein starker introspektiver Sog<\/p>\n<\/li>\n<\/ul>\n<p data-start=\"1121\" data-end=\"1204\">Es ist so intensiv, dass viele Kliniken auf dieser Stufe <strong data-start=\"1160\" data-end=\"1189\">niemals jemanden allein lassen<\/strong>.<\/p>\n<h2 data-start=\"1211\" data-end=\"1241\"><strong data-start=\"1214\" data-end=\"1241\">4. L\u00e4nger anhaltende Nachwirkungen<\/strong><\/h2>\n<p data-start=\"1242\" data-end=\"1256\">Menschen berichten:<\/p>\n<ul data-start=\"1257\" data-end=\"1396\">\n<li data-start=\"1257\" data-end=\"1293\">\n<p data-start=\"1259\" data-end=\"1293\">1\u20132 Tage mit geringem Appetit oder Ruhebed\u00fcrfnis<\/p>\n<\/li>\n<li data-start=\"1294\" data-end=\"1322\">\n<p data-start=\"1296\" data-end=\"1322\">2\u20133 Wochen \u201eAfterglow\u201c<\/p>\n<\/li>\n<li data-start=\"1323\" data-end=\"1343\">\n<p data-start=\"1325\" data-end=\"1343\">Klareres Denken<\/p>\n<\/li>\n<li data-start=\"1344\" data-end=\"1372\">\n<p data-start=\"1346\" data-end=\"1372\">Weniger zwanghaftes Verhalten<\/p>\n<\/li>\n<li data-start=\"1373\" data-end=\"1396\">\n<p data-start=\"1375\" data-end=\"1396\">Emotionale Stabilit\u00e4t<\/p>\n<\/li>\n<\/ul>\n<p data-start=\"1398\" data-end=\"1490\">Auch das passiert wieder nur zuverl\u00e4ssig, wenn die Person <strong data-start=\"1456\" data-end=\"1474\">medizinisch abgesichert<\/strong> ist und beaufsichtigt wird.<\/p>\n<p>&nbsp;<\/p>\n<h3 style=\"text-align: left;\"><strong>Iboga TA Inhaltsstoffe<\/strong><\/h3>\n<p>Unser Iboga-TA-Produkt ist ein hochwertiger Extrakt, der sch\u00e4tzungsweise 45 % Ibogain enth\u00e4lt und als St\u00fccke oder braune Klumpen aus gemahlenem braunem Pulver erscheint.<\/p>\n<ul>\n<li style=\"text-align: left;\"><span style=\"color: #000000;\">Ein Extrakt<a style=\"color: #000000;\" href=\"http:\/\/getibogaine.com\/iboga-ta-extract\/\">\u00a0des Ibogain-Alkaloids zum Verkauf <\/a>ist der Iboga-Gesamtalkaloid-Extrakt.<\/span><\/li>\n<li style=\"text-align: left;\"><span style=\"color: #000000;\">Extrahiert aus Iboga-Wurzelrindenpulver.<\/span><\/li>\n<li style=\"text-align: left;\"><span style=\"color: #000000;\">Besteht aus gesch\u00e4tzten 45 % Ibogain.<\/span><\/li>\n<li style=\"text-align: left;\"><span style=\"color: #000000;\">Erscheint als braune Klumpen.<\/span><\/li>\n<\/ul>\n<p>&nbsp;<\/p>\n<p>Besuchen Sie noch heute unseren Shop und entdecken Sie unsere hochwertigen Produkte zu erschwinglichen Preisen.<\/p>\n<p><strong>Herkunft<\/strong>: <em>Zentralafrikanischer Regenwald<\/em><\/p>\n<\/div>\n<\/div>\n","protected":false},"excerpt":{"rendered":"<p>Expressversand hat eine schnelle Lieferzeit von 3\u20137 Tagen.<\/p>\n<p>Produkt: Iboga TA<\/p>\n<p>Marke: Get Ibogaine<\/p>\n<p>Gewicht: 7 Gramm<\/p>\n<p>Versandkosten: Werden an der Kasse berechnet<\/p>\n<p>&nbsp;<\/p>\n","protected":false},"featured_media":34531,"comment_status":"open","ping_status":"closed","template":"","meta":{"site-sidebar-layout":"default","site-content-layout":"","ast-site-content-layout":"default","site-content-style":"default","site-sidebar-style":"default","ast-global-header-display":"","ast-banner-title-visibility":"","ast-main-header-display":"","ast-hfb-above-header-display":"","ast-hfb-below-header-display":"","ast-hfb-mobile-header-display":"","site-post-title":"","ast-breadcrumbs-content":"","ast-featured-img":"","footer-sml-layout":"","ast-disable-related-posts":"","theme-transparent-header-meta":"default","adv-header-id-meta":"","stick-header-meta":"default","header-above-stick-meta":"","header-main-stick-meta":"","header-below-stick-meta":"","astra-migrate-meta-layouts":"set","ast-page-background-enabled":"default","ast-page-background-meta":{"desktop":{"background-color":"var(--ast-global-color-4)","background-image":"","background-repeat":"repeat","background-position":"center center","background-size":"auto","background-attachment":"scroll","background-type":"","background-media":"","overlay-type":"","overlay-color":"","overlay-opacity":"","overlay-gradient":""},"tablet":{"background-color":"","background-image":"","background-repeat":"repeat","background-position":"center center","background-size":"auto","background-attachment":"scroll","background-type":"","background-media":"","overlay-type":"","overlay-color":"","overlay-opacity":"","overlay-gradient":""},"mobile":{"background-color":"","background-image":"","background-repeat":"repeat","background-position":"center center","background-size":"auto","background-attachment":"scroll","background-type":"","background-media":"","overlay-type":"","overlay-color":"","overlay-opacity":"","overlay-gradient":""}},"ast-content-background-meta":{"desktop":{"background-color":"var(--ast-global-color-5)","background-image":"","background-repeat":"repeat","background-position":"center center","background-size":"auto","background-attachment":"scroll","background-type":"","background-media":"","overlay-type":"","overlay-color":"","overlay-opacity":"","overlay-gradient":""},"tablet":{"background-color":"var(--ast-global-color-5)","background-image":"","background-repeat":"repeat","background-position":"center center","background-size":"auto","background-attachment":"scroll","background-type":"","background-media":"","overlay-type":"","overlay-color":"","overlay-opacity":"","overlay-gradient":""},"mobile":{"background-color":"var(--ast-global-color-5)","background-image":"","background-repeat":"repeat","background-position":"center center","background-size":"auto","background-attachment":"scroll","background-type":"","background-media":"","overlay-type":"","overlay-color":"","overlay-opacity":"","overlay-gradient":""}},"jetpack_publicize_message":"","jetpack_publicize_feature_enabled":true,"jetpack_social_post_already_shared":true,"jetpack_social_options":{"image_generator_settings":{"template":"highway","default_image_id":0,"font":"","enabled":false},"version":2}},"product_brand":[4009],"product_cat":[4547],"product_tag":[1547,1520],"class_list":{"0":"post-31374","1":"product","2":"type-product","3":"status-publish","4":"has-post-thumbnail","6":"product_brand-getibogaine","7":"product_cat-iboga-ta","8":"product_tag-iboga-ta","9":"product_tag-naturlich","10":"desktop-align-left","11":"tablet-align-left","12":"mobile-align-left","13":"ast-product-gallery-layout-horizontal-slider","14":"ast-product-tabs-layout-horizontal","16":"first","17":"instock","18":"shipping-taxable","19":"purchasable","20":"product-type-simple"},"jetpack_publicize_connections":[],"jetpack_sharing_enabled":true,"_links":{"self":[{"href":"https:\/\/getibogaine.com\/de\/wp-json\/wp\/v2\/product\/31374","targetHints":{"allow":["GET"]}}],"collection":[{"href":"https:\/\/getibogaine.com\/de\/wp-json\/wp\/v2\/product"}],"about":[{"href":"https:\/\/getibogaine.com\/de\/wp-json\/wp\/v2\/types\/product"}],"replies":[{"embeddable":true,"href":"https:\/\/getibogaine.com\/de\/wp-json\/wp\/v2\/comments?post=31374"}],"version-history":[{"count":0,"href":"https:\/\/getibogaine.com\/de\/wp-json\/wp\/v2\/product\/31374\/revisions"}],"wp:featuredmedia":[{"embeddable":true,"href":"https:\/\/getibogaine.com\/de\/wp-json\/wp\/v2\/media\/34531"}],"wp:attachment":[{"href":"https:\/\/getibogaine.com\/de\/wp-json\/wp\/v2\/media?parent=31374"}],"wp:term":[{"taxonomy":"product_brand","embeddable":true,"href":"https:\/\/getibogaine.com\/de\/wp-json\/wp\/v2\/product_brand?post=31374"},{"taxonomy":"product_cat","embeddable":true,"href":"https:\/\/getibogaine.com\/de\/wp-json\/wp\/v2\/product_cat?post=31374"},{"taxonomy":"product_tag","embeddable":true,"href":"https:\/\/getibogaine.com\/de\/wp-json\/wp\/v2\/product_tag?post=31374"}],"curies":[{"name":"wp","href":"https:\/\/api.w.org\/{rel}","templated":true}]}}