{"id":31386,"date":"2025-11-30T20:29:47","date_gmt":"2025-12-01T01:29:47","guid":{"rendered":"https:\/\/getibogaine.com\/?post_type=product&#038;p=29095"},"modified":"2026-03-09T07:23:23","modified_gmt":"2026-03-09T11:23:23","slug":"kaufe-6-gramm-iboga-ta","status":"publish","type":"product","link":"https:\/\/getibogaine.com\/de\/produkt\/kaufe-6-gramm-iboga-ta\/","title":{"rendered":"Iboga TA (6 g)"},"content":{"rendered":"<div class=\"row\">\n<div class=\"col-lg-7 col-12\">\n<h2 style=\"text-align: left;\">Kaufe 6 Gramm Iboga-Gesamtalkaloide<\/h2>\n<p>M\u00f6chtest du 6 Gramm Iboga TA kaufen? Dann bist du hier richtig! Kaufe noch heute reine Gesamtalkaloide.<br \/>\nDies ist ein revolution\u00e4res Produkt, das das Beste aus Natur und Wissenschaft vereint, um dir zu helfen, einen ganzheitlichen, vollspektralen Wandel in deiner Wahrnehmung der Welt zu erleben.<\/p>\n<p>Dieses Produkt wird aus reiner Iboga-Wurzelrinde extrahiert, und der Extraktionsprozess wird sorgf\u00e4ltig \u00fcberwacht, um jegliche Verunreinigungen oder Unreinheiten zu beseitigen.<\/p>\n<h2 data-start=\"358\" data-end=\"432\">Was Menschen <em data-start=\"374\" data-end=\"385\">im Allgemeinen<\/em> \u00fcber eine TA-Menge im Bereich von 6 Gramm berichten<\/h2>\n<p data-start=\"433\" data-end=\"493\">(Zur Erinnerung: Das ist <strong data-start=\"452\" data-end=\"473\">keine Dosierungsempfehlung<\/strong>, sondern nur zur Information.)<\/p>\n<p data-start=\"495\" data-end=\"617\">Iboga <strong data-start=\"501\" data-end=\"524\">TA (Gesamtalkaloid)<\/strong> ist <em data-start=\"528\" data-end=\"552\">pro Gramm deutlich st\u00e4rker<\/em> als Wurzelrinde, weil es konzentrierte Iboga-Alkaloide enth\u00e4lt.<\/p>\n<p data-start=\"619\" data-end=\"821\">Menschen beschreiben Mengen in diesem Bereich oft als in der <strong data-start=\"683\" data-end=\"716\">\u201etherapeutisch, aber stark\u201c-Zone<\/strong> liegend: kein Mikrodosieren, keine winzige Dosis, aber auch nicht die extreme \u201eFlood Dose\u201c \u2014 jedoch <strong data-start=\"794\" data-end=\"821\">hoch genug, um Folgendes zu bewirken:<\/strong><\/p>\n<h3 data-start=\"823\" data-end=\"862\"><strong data-start=\"827\" data-end=\"862\">1. Starke psychologische Effekte<\/strong><\/h3>\n<p data-start=\"863\" data-end=\"875\">Viele berichten:<\/p>\n<ul data-start=\"876\" data-end=\"1006\">\n<li data-start=\"876\" data-end=\"898\">\n<p data-start=\"878\" data-end=\"898\">Tiefe Selbstreflexion<\/p>\n<\/li>\n<li data-start=\"899\" data-end=\"921\">\n<p data-start=\"901\" data-end=\"921\">Aufkommende Erinnerungen<\/p>\n<\/li>\n<li data-start=\"922\" data-end=\"946\">\n<p data-start=\"924\" data-end=\"946\">Emotionale Verarbeitung<\/p>\n<\/li>\n<li data-start=\"947\" data-end=\"1006\">\n<p data-start=\"949\" data-end=\"1006\">Lebensr\u00fcckblick-\u00e4hnliche Bilder (traumartig, keine Halluzinationen)<\/p>\n<\/li>\n<\/ul>\n<p data-start=\"1008\" data-end=\"1203\">Deshalb werden TA-Extrakte in etwa diesem Bereich h\u00e4ufig im Zusammenhang mit <strong data-start=\"1088\" data-end=\"1114\">Unterbrechung von Suchtverhalten<\/strong>, <strong data-start=\"1116\" data-end=\"1135\">emotionalem Reset<\/strong> oder <strong data-start=\"1140\" data-end=\"1165\">spiritueller Erforschung<\/strong> diskutiert \u2014 erneut: nur in beaufsichtigten Settings.<\/p>\n<h3 data-start=\"1210\" data-end=\"1249\"><strong data-start=\"1214\" data-end=\"1249\">2. Deutliche k\u00f6rperliche Effekte<\/strong><\/h3>\n<p data-start=\"1250\" data-end=\"1279\">Zu den berichteten Erfahrungen geh\u00f6ren:<\/p>\n<ul data-start=\"1280\" data-end=\"1435\">\n<li data-start=\"1280\" data-end=\"1299\">\n<p data-start=\"1282\" data-end=\"1299\">Starke k\u00f6rperliche Belastung<\/p>\n<\/li>\n<li data-start=\"1300\" data-end=\"1338\">\n<p data-start=\"1302\" data-end=\"1338\">Viele Stunden liegen m\u00fcssen<\/p>\n<\/li>\n<li data-start=\"1339\" data-end=\"1373\">\n<p data-start=\"1341\" data-end=\"1373\">Empfindlichkeit gegen\u00fcber Licht und Ger\u00e4uschen<\/p>\n<\/li>\n<li data-start=\"1374\" data-end=\"1398\">\n<p data-start=\"1376\" data-end=\"1398\">In manchen F\u00e4llen \u00dcbelkeit<\/p>\n<\/li>\n<li data-start=\"1399\" data-end=\"1435\">\n<p data-start=\"1401\" data-end=\"1435\">Schlafst\u00f6rungen f\u00fcr 24\u201348 Stunden<\/p>\n<\/li>\n<\/ul>\n<p data-start=\"1437\" data-end=\"1533\">Deshalb werden in medizinisch \u00fcberwachten Umgebungen stets <strong data-start=\"1498\" data-end=\"1532\">Herz, Leber und Elektrolyte<\/strong> \u00fcberwacht.<\/p>\n<h3 data-start=\"1540\" data-end=\"1587\"><strong data-start=\"1544\" data-end=\"1587\">3. Vor\u00fcbergehendes Zur\u00fccksetzen bestimmter Verhaltensweisen<\/strong><\/h3>\n<p data-start=\"1588\" data-end=\"1664\">Menschen, die dieses Niveau in klinik\u00e4hnlichen Kontexten durchlaufen, sagen oft, sie f\u00fchlten sich:<\/p>\n<ul data-start=\"1665\" data-end=\"1778\">\n<li data-start=\"1665\" data-end=\"1690\">\n<p data-start=\"1667\" data-end=\"1690\">Wie eine Pause von Verlangen<\/p>\n<\/li>\n<li data-start=\"1691\" data-end=\"1716\">\n<p data-start=\"1693\" data-end=\"1716\">Wie eine \u201eUnterbrechung des Musters\u201c<\/p>\n<\/li>\n<li data-start=\"1717\" data-end=\"1743\">\n<p data-start=\"1719\" data-end=\"1743\">Mit einem ruhigeren Geisteszustand<\/p>\n<\/li>\n<li data-start=\"1744\" data-end=\"1778\">\n<p data-start=\"1746\" data-end=\"1778\">Mit weniger Zw\u00e4ngen oder Angst<\/p>\n<\/li>\n<\/ul>\n<p data-start=\"1780\" data-end=\"1906\">Das wird besonders im Zusammenhang mit <strong data-start=\"1816\" data-end=\"1864\">Opioiden, Stimulanzien, Alkohol und Depressionen<\/strong> diskutiert \u2013 aber noch einmal: <strong data-start=\"1878\" data-end=\"1905\">niemals sicher allein durchzuf\u00fchren<\/strong>.<\/p>\n<h3 data-start=\"1913\" data-end=\"1948\"><strong data-start=\"1917\" data-end=\"1948\">4. Eine lange \u201eAfterglow\u201c-Phase<\/strong><\/h3>\n<p data-start=\"1949\" data-end=\"1990\">\u00dcber Tage bis Wochen beschreiben Menschen oft:<\/p>\n<ul data-start=\"1991\" data-end=\"2087\">\n<li data-start=\"1991\" data-end=\"2007\">\n<p data-start=\"1993\" data-end=\"2007\">Mehr Klarheit<\/p>\n<\/li>\n<li data-start=\"2008\" data-end=\"2023\">\n<p data-start=\"2010\" data-end=\"2023\">Bessere Stimmung<\/p>\n<\/li>\n<li data-start=\"2024\" data-end=\"2037\">\n<p data-start=\"2026\" data-end=\"2037\">Weniger Angst<\/p>\n<\/li>\n<li data-start=\"2038\" data-end=\"2062\">\n<p data-start=\"2040\" data-end=\"2062\">Erh\u00f6hte Motivation<\/p>\n<\/li>\n<li data-start=\"2063\" data-end=\"2087\">\n<p data-start=\"2065\" data-end=\"2087\">Ein Gef\u00fchl der Erdung<\/p>\n<\/li>\n<\/ul>\n<p data-start=\"2089\" data-end=\"2158\">Aber das geschieht nur, wenn die Person medizinisch fit ist und \u00fcberwacht wird.<\/p>\n<h3 style=\"text-align: left;\"><strong>Iboga TA Inhaltsstoffe<\/strong><\/h3>\n<p>Unser Iboga-TA-Produkt ist ein hochwertiger Extrakt, der sch\u00e4tzungsweise 45 % Ibogain enth\u00e4lt, und er erscheint als St\u00fcckchen oder braune Klumpen aus gemahlenem braunem Pulver.<\/p>\n<ul>\n<li style=\"text-align: left;\"><span style=\"color: #000000;\">Ein Extrakt<a style=\"color: #000000;\" href=\"http:\/\/getibogaine.com\/iboga-ta-extract\/\">\u00a0des Ibogain-Alkaloids zum Verkauf <\/a>ist ein Iboga-Gesamtalkaloid-Extrakt.<\/span><\/li>\n<li style=\"text-align: left;\"><span style=\"color: #000000;\">Gewonnen aus Iboga-Wurzelrindenpulver.<\/span><\/li>\n<li style=\"text-align: left;\"><span style=\"color: #000000;\">Besteht sch\u00e4tzungsweise zu 45 % aus Ibogain.<\/span><\/li>\n<li style=\"text-align: left;\"><span style=\"color: #000000;\">Erscheint als braune Klumpen.<\/span><\/li>\n<\/ul>\n<p>&nbsp;<\/p>\n<p>Besuchen Sie noch heute unseren Shop und entdecken Sie unsere hochwertigen Produkte zu erschwinglichen Preisen.<\/p>\n<p><strong>Herkunft<\/strong>: <em>Zentralafrikanischer Regenwald<\/em><\/p>\n<\/div>\n<\/div>\n","protected":false},"excerpt":{"rendered":"<p>Expressversand hat eine schnelle Lieferzeit von 3\u20137 Tagen.<\/p>\n<p><strong>Produkt:<\/strong> Iboga TA<\/p>\n<p><strong>Marke:<\/strong> Get Ibogaine<\/p>\n<p><strong>Gewicht:<\/strong> 6 Gramm<\/p>\n<p>Versandkosten: Werden beim Checkout berechnet<\/p>\n<h5>Vorteile von Iboga TA<\/h5>\n<p>Die Ibogaine-Behandlung bei Abh\u00e4ngigkeit ist bei mehreren verschiedenen Arten von Sucht wirksam. Ein Beispiel daf\u00fcr ist die Heroinsucht.<\/p>\n<ul>\n<li>Es ist ungiftig.<\/li>\n<li>Es ist sicher<\/li>\n<li>Viele Iboga-Behandlungszentren bevorzugen es sowohl wegen der einfachen Anwendung als auch wegen der tieferen psycho-spirituellen Erfahrung.<\/li>\n<li>Iboga TA ist eine nicht suchterzeugende und wirksame M\u00f6glichkeit, psychische Erkrankungen zu behandeln.<\/li>\n<li>Die meisten Abh\u00e4ngigen, die die Behandlung abschlie\u00dfen, gewinnen eine neue Perspektive und zeigen ein neues Engagement, eine L\u00f6sung zu finden und drogenfrei zu werden.<\/li>\n<li>Es kann zur Behandlung von Problemen wie Depressionen, posttraumatischer Belastungsst\u00f6rung (PTBS) und verschiedenen Arten von Abh\u00e4ngigkeiten eingesetzt werden.<\/li>\n<li>Iboga TA kann die Toleranz gegen\u00fcber Heroin senken.<\/li>\n<li>Die TA-Verbindung reduziert Ihr Verlangen und Ihre Entzugssymptome in hohem Ma\u00df und hilft bei den Auswirkungen von Suchtdruck, Depressionen und Angst.<\/li>\n<li>Es kann bei langfristiger Anwendung wirksam dabei sein, Hirnsch\u00e4den zu reparieren.<\/li>\n<li>Es wird in Entgiftungszentren eingesetzt und erm\u00f6glicht es Ihnen, die Erfahrung leichter zu durchstehen.<\/li>\n<\/ul>\n<p><em>Ihre Bestellung wird innerhalb von 24 Stunden nach Abschluss Ihres Kaufs versendet und trifft innerhalb von drei bis sieben Werktagen ein. Unsere Versandtarife variieren je nach Gewicht des Pakets.<\/em><\/p>\n","protected":false},"featured_media":34374,"comment_status":"open","ping_status":"closed","template":"","meta":{"site-sidebar-layout":"default","site-content-layout":"","ast-site-content-layout":"default","site-content-style":"default","site-sidebar-style":"default","ast-global-header-display":"","ast-banner-title-visibility":"","ast-main-header-display":"","ast-hfb-above-header-display":"","ast-hfb-below-header-display":"","ast-hfb-mobile-header-display":"","site-post-title":"","ast-breadcrumbs-content":"","ast-featured-img":"","footer-sml-layout":"","ast-disable-related-posts":"","theme-transparent-header-meta":"default","adv-header-id-meta":"","stick-header-meta":"default","header-above-stick-meta":"","header-main-stick-meta":"","header-below-stick-meta":"","astra-migrate-meta-layouts":"set","ast-page-background-enabled":"default","ast-page-background-meta":{"desktop":{"background-color":"var(--ast-global-color-4)","background-image":"","background-repeat":"repeat","background-position":"center center","background-size":"auto","background-attachment":"scroll","background-type":"","background-media":"","overlay-type":"","overlay-color":"","overlay-opacity":"","overlay-gradient":""},"tablet":{"background-color":"","background-image":"","background-repeat":"repeat","background-position":"center center","background-size":"auto","background-attachment":"scroll","background-type":"","background-media":"","overlay-type":"","overlay-color":"","overlay-opacity":"","overlay-gradient":""},"mobile":{"background-color":"","background-image":"","background-repeat":"repeat","background-position":"center center","background-size":"auto","background-attachment":"scroll","background-type":"","background-media":"","overlay-type":"","overlay-color":"","overlay-opacity":"","overlay-gradient":""}},"ast-content-background-meta":{"desktop":{"background-color":"var(--ast-global-color-5)","background-image":"","background-repeat":"repeat","background-position":"center center","background-size":"auto","background-attachment":"scroll","background-type":"","background-media":"","overlay-type":"","overlay-color":"","overlay-opacity":"","overlay-gradient":""},"tablet":{"background-color":"var(--ast-global-color-5)","background-image":"","background-repeat":"repeat","background-position":"center center","background-size":"auto","background-attachment":"scroll","background-type":"","background-media":"","overlay-type":"","overlay-color":"","overlay-opacity":"","overlay-gradient":""},"mobile":{"background-color":"var(--ast-global-color-5)","background-image":"","background-repeat":"repeat","background-position":"center center","background-size":"auto","background-attachment":"scroll","background-type":"","background-media":"","overlay-type":"","overlay-color":"","overlay-opacity":"","overlay-gradient":""}},"jetpack_publicize_message":"","jetpack_publicize_feature_enabled":true,"jetpack_social_post_already_shared":true,"jetpack_social_options":{"image_generator_settings":{"template":"highway","default_image_id":0,"font":"","enabled":false},"version":2}},"product_brand":[4009],"product_cat":[4547],"product_tag":[],"class_list":{"0":"post-31386","1":"product","2":"type-product","3":"status-publish","4":"has-post-thumbnail","6":"product_brand-getibogaine","7":"product_cat-iboga-ta","8":"desktop-align-left","9":"tablet-align-left","10":"mobile-align-left","11":"ast-product-gallery-layout-horizontal-slider","12":"ast-product-tabs-layout-horizontal","14":"first","15":"instock","16":"shipping-taxable","17":"purchasable","18":"product-type-simple"},"jetpack_publicize_connections":[],"jetpack_sharing_enabled":true,"_links":{"self":[{"href":"https:\/\/getibogaine.com\/de\/wp-json\/wp\/v2\/product\/31386","targetHints":{"allow":["GET"]}}],"collection":[{"href":"https:\/\/getibogaine.com\/de\/wp-json\/wp\/v2\/product"}],"about":[{"href":"https:\/\/getibogaine.com\/de\/wp-json\/wp\/v2\/types\/product"}],"replies":[{"embeddable":true,"href":"https:\/\/getibogaine.com\/de\/wp-json\/wp\/v2\/comments?post=31386"}],"version-history":[{"count":1,"href":"https:\/\/getibogaine.com\/de\/wp-json\/wp\/v2\/product\/31386\/revisions"}],"predecessor-version":[{"id":34385,"href":"https:\/\/getibogaine.com\/de\/wp-json\/wp\/v2\/product\/31386\/revisions\/34385"}],"wp:featuredmedia":[{"embeddable":true,"href":"https:\/\/getibogaine.com\/de\/wp-json\/wp\/v2\/media\/34374"}],"wp:attachment":[{"href":"https:\/\/getibogaine.com\/de\/wp-json\/wp\/v2\/media?parent=31386"}],"wp:term":[{"taxonomy":"product_brand","embeddable":true,"href":"https:\/\/getibogaine.com\/de\/wp-json\/wp\/v2\/product_brand?post=31386"},{"taxonomy":"product_cat","embeddable":true,"href":"https:\/\/getibogaine.com\/de\/wp-json\/wp\/v2\/product_cat?post=31386"},{"taxonomy":"product_tag","embeddable":true,"href":"https:\/\/getibogaine.com\/de\/wp-json\/wp\/v2\/product_tag?post=31386"}],"curies":[{"name":"wp","href":"https:\/\/api.w.org\/{rel}","templated":true}]}}