{"id":31396,"date":"2022-06-01T09:26:46","date_gmt":"2022-06-01T09:26:46","guid":{"rendered":"http:\/\/getibogaine.com\/?post_type=product&#038;p=6040"},"modified":"2026-03-17T11:30:46","modified_gmt":"2026-03-17T15:30:46","slug":"iboga-ta-2g","status":"publish","type":"product","link":"https:\/\/getibogaine.com\/de\/produkt\/iboga-ta-2g\/","title":{"rendered":"Iboga TA (2 g)"},"content":{"rendered":"<div class=\"row\">\n<div class=\"col-lg-7 col-12\">\n<h2 style=\"text-align: left;\">Wo kann ich Iboga TA in meiner N\u00e4he bekommen?<\/h2>\n<p>Du kannst jetzt das heilende <strong>Iboga TA 2 Gramm in deiner N\u00e4he<\/strong> bekommen. Dies ist ein revolution\u00e4res Produkt, das das Beste aus Natur und Wissenschaft vereint, um dir eine umfassende Ver\u00e4nderung deiner Wahrnehmung der Welt zu erm\u00f6glichen.<\/p>\n<p>Dieses Produkt wird aus reiner Iboga-Wurzelrinde extrahiert, und der Extraktionsprozess wird sorgf\u00e4ltig \u00fcberwacht, um jegliche Verunreinigungen oder Unreinheiten zu entfernen.<\/p>\n<p>Iboga TA wurde sowohl f\u00fcr Anf\u00e4nger als auch f\u00fcr diejenigen entwickelt, die ihre Dosis erh\u00f6hen m\u00f6chten. Dies ist eine rein ganzheitliche Substanz, die keine negativen Auswirkungen auf den K\u00f6rper hat. Du wirst eine Reihe psychedelischer Effekte erleben, darunter eine gesteigerte Sinneswahrnehmung, Offenheit, Klarheit und Freude. Iboga TA liegt in einer br\u00e4unlichen Form vor.<\/p>\n<p>Mit Iboga TA kannst du dieselben Vorteile genie\u00dfen, wie sie bei <a href=\"http:\/\/getibogaine.com\/\">ibogaine<\/a> berichtet werden \u2013 ohne die vielen damit verbundenen Risiken.<\/p>\n<h3>Iboga TA einnehmen<\/h3>\n<ul>\n<li>Eine spirituelle Erfahrung, die dein Leben positiv ver\u00e4ndern kann<\/li>\n<li>garantiert dir eine umfassende Ver\u00e4nderung<\/li>\n<li>Mehr Selbstvertrauen in sozialen Situationen<\/li>\n<li>Kreatives Denken und Vertrauen in deine Intuition<\/li>\n<li>Ein tieferes Verst\u00e4ndnis des Universums<\/li>\n<\/ul>\n<h3 style=\"text-align: left;\"><strong>Iboga TA Inhaltsstoffe<\/strong><\/h3>\n<p>Unser Iboga-TA-Produkt ist ein hochwertiger Extrakt, der sch\u00e4tzungsweise 45% Ibogaine enth\u00e4lt, und erscheint als St\u00fccke oder braune Klumpen aus gemahlenem braunem Pulver.<\/p>\n<ul>\n<li style=\"text-align: left;\"><span style=\"color: #000000;\"><a style=\"color: #000000;\" href=\"http:\/\/getibogaine.com\/iboga-ta-extract\/\">Iboga Totalalkaloid-Extrakt zu verkaufen <\/a>ist Iboga Totalalkaloid-Extrakt zu verkaufen.<\/span><\/li>\n<li style=\"text-align: left;\"><span style=\"color: #000000;\">Aus Iboga-Wurzelrindenpulver extrahiert.<\/span><\/li>\n<li style=\"text-align: left;\"><span style=\"color: #000000;\">Besteht sch\u00e4tzungsweise zu 45 % aus Ibogaine.<\/span><\/li>\n<li style=\"text-align: left;\"><span style=\"color: #000000;\">Es erscheint als braune Klumpen.<\/span><\/li>\n<\/ul>\n<p>&nbsp;<\/p>\n<p>Kaufen Sie noch heute unsere hochwertigen Produkte in unserem Shop und profitieren Sie von unseren g\u00fcnstigen Preisen.<\/p>\n<p><strong>Herkunft<\/strong>: <em>Zentralafrikanischer Regenwald<\/em><\/p>\n<p><strong>Sorten<\/strong>: <a href=\"https:\/\/ljsgroup.org\/\" target=\"_blank\" rel=\"noopener\">LJS Group<\/a><\/p>\n<\/div>\n<\/div>\n","protected":false},"excerpt":{"rendered":"<p>Produkt: Iboga TA<\/p>\n<p>Marke: Get Ibogaine<\/p>\n<p>Gewicht: 2 Gramm<\/p>\n<p>Versandkosten: Werden an der Kasse berechnet<\/p>\n<p><em>Ihre Bestellung wird innerhalb von 24 Stunden nach Abschluss Ihres Kaufs versendet und kommt innerhalb von drei bis sieben Werktagen an. Unsere Versandtarife variieren je nach Gewicht des Pakets.<\/em><\/p>\n","protected":false},"featured_media":35249,"comment_status":"open","ping_status":"closed","template":"","meta":{"site-sidebar-layout":"default","site-content-layout":"","ast-site-content-layout":"default","site-content-style":"default","site-sidebar-style":"default","ast-global-header-display":"","ast-banner-title-visibility":"","ast-main-header-display":"","ast-hfb-above-header-display":"","ast-hfb-below-header-display":"","ast-hfb-mobile-header-display":"","site-post-title":"","ast-breadcrumbs-content":"","ast-featured-img":"","footer-sml-layout":"","ast-disable-related-posts":"","theme-transparent-header-meta":"default","adv-header-id-meta":"","stick-header-meta":"default","header-above-stick-meta":"","header-main-stick-meta":"","header-below-stick-meta":"","astra-migrate-meta-layouts":"set","ast-page-background-enabled":"default","ast-page-background-meta":{"desktop":{"background-color":"var(--ast-global-color-4)","background-image":"","background-repeat":"repeat","background-position":"center center","background-size":"auto","background-attachment":"scroll","background-type":"","background-media":"","overlay-type":"","overlay-color":"","overlay-opacity":"","overlay-gradient":""},"tablet":{"background-color":"","background-image":"","background-repeat":"repeat","background-position":"center center","background-size":"auto","background-attachment":"scroll","background-type":"","background-media":"","overlay-type":"","overlay-color":"","overlay-opacity":"","overlay-gradient":""},"mobile":{"background-color":"","background-image":"","background-repeat":"repeat","background-position":"center center","background-size":"auto","background-attachment":"scroll","background-type":"","background-media":"","overlay-type":"","overlay-color":"","overlay-opacity":"","overlay-gradient":""}},"ast-content-background-meta":{"desktop":{"background-color":"var(--ast-global-color-5)","background-image":"","background-repeat":"repeat","background-position":"center center","background-size":"auto","background-attachment":"scroll","background-type":"","background-media":"","overlay-type":"","overlay-color":"","overlay-opacity":"","overlay-gradient":""},"tablet":{"background-color":"var(--ast-global-color-5)","background-image":"","background-repeat":"repeat","background-position":"center center","background-size":"auto","background-attachment":"scroll","background-type":"","background-media":"","overlay-type":"","overlay-color":"","overlay-opacity":"","overlay-gradient":""},"mobile":{"background-color":"var(--ast-global-color-5)","background-image":"","background-repeat":"repeat","background-position":"center center","background-size":"auto","background-attachment":"scroll","background-type":"","background-media":"","overlay-type":"","overlay-color":"","overlay-opacity":"","overlay-gradient":""}},"jetpack_publicize_message":"","jetpack_publicize_feature_enabled":true,"jetpack_social_post_already_shared":true,"jetpack_social_options":{"image_generator_settings":{"template":"highway","default_image_id":0,"font":"","enabled":false},"version":2}},"product_brand":[4009],"product_cat":[4547],"product_tag":[1547],"class_list":{"0":"post-31396","1":"product","2":"type-product","3":"status-publish","4":"has-post-thumbnail","6":"product_brand-getibogaine","7":"product_cat-iboga-ta","8":"product_tag-iboga-ta","9":"desktop-align-left","10":"tablet-align-left","11":"mobile-align-left","12":"ast-product-gallery-layout-horizontal-slider","13":"ast-product-tabs-layout-horizontal","15":"first","16":"instock","17":"shipping-taxable","18":"purchasable","19":"product-type-simple"},"jetpack_publicize_connections":[],"jetpack_sharing_enabled":true,"_links":{"self":[{"href":"https:\/\/getibogaine.com\/de\/wp-json\/wp\/v2\/product\/31396","targetHints":{"allow":["GET"]}}],"collection":[{"href":"https:\/\/getibogaine.com\/de\/wp-json\/wp\/v2\/product"}],"about":[{"href":"https:\/\/getibogaine.com\/de\/wp-json\/wp\/v2\/types\/product"}],"replies":[{"embeddable":true,"href":"https:\/\/getibogaine.com\/de\/wp-json\/wp\/v2\/comments?post=31396"}],"version-history":[{"count":0,"href":"https:\/\/getibogaine.com\/de\/wp-json\/wp\/v2\/product\/31396\/revisions"}],"wp:featuredmedia":[{"embeddable":true,"href":"https:\/\/getibogaine.com\/de\/wp-json\/wp\/v2\/media\/35249"}],"wp:attachment":[{"href":"https:\/\/getibogaine.com\/de\/wp-json\/wp\/v2\/media?parent=31396"}],"wp:term":[{"taxonomy":"product_brand","embeddable":true,"href":"https:\/\/getibogaine.com\/de\/wp-json\/wp\/v2\/product_brand?post=31396"},{"taxonomy":"product_cat","embeddable":true,"href":"https:\/\/getibogaine.com\/de\/wp-json\/wp\/v2\/product_cat?post=31396"},{"taxonomy":"product_tag","embeddable":true,"href":"https:\/\/getibogaine.com\/de\/wp-json\/wp\/v2\/product_tag?post=31396"}],"curies":[{"name":"wp","href":"https:\/\/api.w.org\/{rel}","templated":true}]}}