{"id":31402,"date":"2022-06-02T06:02:44","date_gmt":"2022-06-02T10:02:44","guid":{"rendered":"http:\/\/getibogaine.com\/?post_type=product&#038;p=6066"},"modified":"2026-03-17T11:31:08","modified_gmt":"2026-03-17T15:31:08","slug":"iboga-wurzelrinden-250g","status":"publish","type":"product","link":"https:\/\/getibogaine.com\/de\/produkt\/iboga-wurzelrinden-250g\/","title":{"rendered":"Iboga-Wurzelrinden (250g)"},"content":{"rendered":"<div class=\"row\">\n<div class=\"col-lg-7 col-12\">\n<h2 style=\"text-align: left;\"><span style=\"color: #000000;\"><strong>Iboga-Wurzelrinde<\/strong><\/span><\/h2>\n<p>Kaufen Sie eine Iboga-Pflanze. Wir wissen, dass Sie online nach der besten Iboga-Wurzelrinde suchen \u2013 und wir haben genau das Richtige f\u00fcr Sie.<\/p>\n<p>Unsere Iboga-Wurzelrinde wird auf unserer eigenen, pestizidfreien Iboga-Farm in Zentralafrika produziert. Mit unserer Iboga-Wurzelrinde k\u00f6nnen Sie ein reines, unverf\u00e4lschtes Produkt erwarten, das zum Einnehmen bereit ist.<\/p>\n<p>Unsere Iboga-Wurzelrinde ist eines der besten nat\u00fcrlichen Mittel gegen Drogenabh\u00e4ngigkeit. Eine gute M\u00f6glichkeit, Ihre Sucht zu \u00fcberwinden, ist die Verwendung unserer <a href=\"http:\/\/getibogaine.com\/iboga-root-bark-for-sale\/\">Iboga-Wurzelrinde<\/a> als Nahrungserg\u00e4nzung oder Behandlungsmethode. Unsere Iboga-Wurzelrinde enth\u00e4lt 95% reinen Ibogaine-Extrakt, der nachweislich Wunder dabei wirkt, die Entzugssymptome von Menschen mit einer Substanzkonsumst\u00f6rung zu verringern. Unsere Iboga-Wurzelrinde ist 100% nat\u00fcrlich und damit sicher und wirksam, um Ihnen zu helfen, Ihre Sucht zu \u00fcberwinden.<\/p>\n<p>Die Anwendung von Iboga-Wurzelrinde ist eine wirksame M\u00f6glichkeit, mehrere Krankheiten zu behandeln, und Ihr K\u00f6rper wird sich in kurzer Zeit besser f\u00fchlen. Sie beseitigt die Sucht-Symptome, und Ihre Gesundheit normalisiert sich wieder. Wenn Sie mit einer Abh\u00e4ngigkeit k\u00e4mpfen, haben Sie m\u00f6glicherweise bereits mehrere Mittel ausprobiert, aber nichts hat bei Ihnen geholfen. Jetzt ist es an der Zeit, Iboga-Wurzelrinde auszuprobieren.<\/p>\n<h3><strong>Vorteile der Iboga-Wurzelrinde\u00a0<\/strong><\/h3>\n<p><span style=\"color: #000000;\"><a title=\"Difference Between Iboga And Ibogaine\" href=\"http:\/\/getibogaine.com\/whats-the-difference-between-iboga-and-ibogaine\/\">Iboga und Ibogaine<\/a> haben das Potenzial, verschiedene psychische Erkrankungen zu behandeln. Dazu geh\u00f6ren Depressionen, posttraumatische Belastungsst\u00f6rung (PTBS) und verschiedene Arten von Abh\u00e4ngigkeiten. Unten finden Sie eine Liste einiger Vorteile der Verwendung von Iboga bei Abh\u00e4ngigkeit.<\/span><\/p>\n<ul>\n<li><span style=\"color: #000000;\">Bew\u00e4ltigung von Abh\u00e4ngigkeit, weniger schmerzhafte Entzugserscheinungen<\/span><\/li>\n<li><span style=\"color: #000000;\">Intensivere Traumerinnerungen<\/span><\/li>\n<li><span style=\"color: #000000;\">Zentral stimulierende Wirkung<\/span><\/li>\n<li><span style=\"color: #000000;\">Spirituelles, mystisches Gef\u00fchl<\/span><\/li>\n<li><span style=\"color: #000000;\">Luzide Tr\u00e4ume, luzide Tr\u00e4ume, au\u00dferk\u00f6rperliche Erfahrungen<\/span><\/li>\n<li><span style=\"color: #000000;\">Einblick in das Unterbewusstsein<\/span><\/li>\n<li><span style=\"color: #000000;\">St\u00e4rkung des Selbstvertrauens<\/span><\/li>\n<li><span style=\"color: #000000;\">Bew\u00e4ltigung traumatischer Erlebnisse und St\u00f6rungen<\/span><\/li>\n<li><span style=\"color: #000000;\">Die Vorstellungskraft beleben<\/span><\/li>\n<li><span style=\"color: #000000;\">Fr\u00fchkindliche Erinnerungen zug\u00e4nglich machen<\/span><\/li>\n<li><span style=\"color: #000000;\">Entkalkung der Zirbeldr\u00fcse<\/span><\/li>\n<li><span style=\"color: #000000;\">Erholsamer Schlaf<\/span><\/li>\n<li><span style=\"color: #000000;\">Klarheit und Fokus<\/span><\/li>\n<li><span style=\"color: #000000;\">Synchronisation der Gehirnh\u00e4lften<\/span><\/li>\n<\/ul>\n<p><strong>Herkunft<\/strong>: <em>Zentralafrikanischer Regenwald<\/em><\/p>\n<\/div>\n<\/div>\n","protected":false},"excerpt":{"rendered":"<p>Expressversand mit einer schnellen Lieferzeit von 3\u20137 Tagen<\/p>\n<p>Marke: Get Ibogaine<\/p>\n<p>Gewicht: 250 Gramm<\/p>\n<p>Versandkosten: Werden an der Kasse berechnet<\/p>\n<p><em>Ihre Bestellung wird innerhalb von 24 Stunden nach Abschluss Ihres Kaufs versendet und trifft innerhalb von drei bis sieben Werktagen ein. Unsere Versandtarife variieren je nach Gewicht des Pakets.<\/em><\/p>\n","protected":false},"featured_media":34664,"comment_status":"open","ping_status":"closed","template":"","meta":{"site-sidebar-layout":"default","site-content-layout":"","ast-site-content-layout":"default","site-content-style":"default","site-sidebar-style":"default","ast-global-header-display":"","ast-banner-title-visibility":"","ast-main-header-display":"","ast-hfb-above-header-display":"","ast-hfb-below-header-display":"","ast-hfb-mobile-header-display":"","site-post-title":"","ast-breadcrumbs-content":"","ast-featured-img":"","footer-sml-layout":"","ast-disable-related-posts":"","theme-transparent-header-meta":"default","adv-header-id-meta":"","stick-header-meta":"default","header-above-stick-meta":"","header-main-stick-meta":"","header-below-stick-meta":"","astra-migrate-meta-layouts":"set","ast-page-background-enabled":"default","ast-page-background-meta":{"desktop":{"background-color":"var(--ast-global-color-4)","background-image":"","background-repeat":"repeat","background-position":"center center","background-size":"auto","background-attachment":"scroll","background-type":"","background-media":"","overlay-type":"","overlay-color":"","overlay-opacity":"","overlay-gradient":""},"tablet":{"background-color":"","background-image":"","background-repeat":"repeat","background-position":"center center","background-size":"auto","background-attachment":"scroll","background-type":"","background-media":"","overlay-type":"","overlay-color":"","overlay-opacity":"","overlay-gradient":""},"mobile":{"background-color":"","background-image":"","background-repeat":"repeat","background-position":"center center","background-size":"auto","background-attachment":"scroll","background-type":"","background-media":"","overlay-type":"","overlay-color":"","overlay-opacity":"","overlay-gradient":""}},"ast-content-background-meta":{"desktop":{"background-color":"var(--ast-global-color-5)","background-image":"","background-repeat":"repeat","background-position":"center center","background-size":"auto","background-attachment":"scroll","background-type":"","background-media":"","overlay-type":"","overlay-color":"","overlay-opacity":"","overlay-gradient":""},"tablet":{"background-color":"var(--ast-global-color-5)","background-image":"","background-repeat":"repeat","background-position":"center center","background-size":"auto","background-attachment":"scroll","background-type":"","background-media":"","overlay-type":"","overlay-color":"","overlay-opacity":"","overlay-gradient":""},"mobile":{"background-color":"var(--ast-global-color-5)","background-image":"","background-repeat":"repeat","background-position":"center center","background-size":"auto","background-attachment":"scroll","background-type":"","background-media":"","overlay-type":"","overlay-color":"","overlay-opacity":"","overlay-gradient":""}},"jetpack_publicize_message":"","jetpack_publicize_feature_enabled":true,"jetpack_social_post_already_shared":true,"jetpack_social_options":{"image_generator_settings":{"template":"highway","default_image_id":0,"font":"","enabled":false},"version":2}},"product_brand":[4009],"product_cat":[3947],"product_tag":[1592],"class_list":{"0":"post-31402","1":"product","2":"type-product","3":"status-publish","4":"has-post-thumbnail","6":"product_brand-getibogaine","7":"product_cat-iboga-wurzeln-zum-verkauf","8":"product_tag-iboga","9":"pa_product-state-iboga-wurzelrinden-spane","10":"pa_product-state-iboga-wurzelrindenpulver","11":"desktop-align-left","12":"tablet-align-left","13":"mobile-align-left","14":"ast-product-gallery-layout-horizontal-slider","15":"ast-product-single-variable","16":"ast-product-tabs-layout-horizontal","18":"first","19":"instock","20":"shipping-taxable","21":"purchasable","22":"product-type-variable"},"jetpack_publicize_connections":[],"jetpack_sharing_enabled":true,"_links":{"self":[{"href":"https:\/\/getibogaine.com\/de\/wp-json\/wp\/v2\/product\/31402","targetHints":{"allow":["GET"]}}],"collection":[{"href":"https:\/\/getibogaine.com\/de\/wp-json\/wp\/v2\/product"}],"about":[{"href":"https:\/\/getibogaine.com\/de\/wp-json\/wp\/v2\/types\/product"}],"replies":[{"embeddable":true,"href":"https:\/\/getibogaine.com\/de\/wp-json\/wp\/v2\/comments?post=31402"}],"version-history":[{"count":0,"href":"https:\/\/getibogaine.com\/de\/wp-json\/wp\/v2\/product\/31402\/revisions"}],"wp:featuredmedia":[{"embeddable":true,"href":"https:\/\/getibogaine.com\/de\/wp-json\/wp\/v2\/media\/34664"}],"wp:attachment":[{"href":"https:\/\/getibogaine.com\/de\/wp-json\/wp\/v2\/media?parent=31402"}],"wp:term":[{"taxonomy":"product_brand","embeddable":true,"href":"https:\/\/getibogaine.com\/de\/wp-json\/wp\/v2\/product_brand?post=31402"},{"taxonomy":"product_cat","embeddable":true,"href":"https:\/\/getibogaine.com\/de\/wp-json\/wp\/v2\/product_cat?post=31402"},{"taxonomy":"product_tag","embeddable":true,"href":"https:\/\/getibogaine.com\/de\/wp-json\/wp\/v2\/product_tag?post=31402"}],"curies":[{"name":"wp","href":"https:\/\/api.w.org\/{rel}","templated":true}]}}