{"id":31408,"date":"2022-10-10T10:50:58","date_gmt":"2022-10-10T14:50:58","guid":{"rendered":"http:\/\/getibogaine.com\/?post_type=product&#038;p=10284"},"modified":"2026-03-17T11:31:06","modified_gmt":"2026-03-17T15:31:06","slug":"unverfaelschte-iboga-wurzel-zum-verkauf-100g","status":"publish","type":"product","link":"https:\/\/getibogaine.com\/de\/produkt\/unverfaelschte-iboga-wurzel-zum-verkauf-100g\/","title":{"rendered":"Iboga-Wurzelrinde (100 g)"},"content":{"rendered":"<div class=\"row\">\n<div class=\"col-lg-7 col-12\">\n<h2 style=\"text-align: left;\">Holen Sie sich Ihre unverf\u00e4lschte Iboga-Wurzel zu verkaufen, 100 g<\/h2>\n<p>Unverf\u00e4lschte Iboga-Wurzeln 100 g zu verkaufen. Wir wissen, dass Sie reine, unverf\u00e4lschte Iboga-Wurzelrinde m\u00f6chten, und genau das bieten wir.<\/p>\n<p>Unsere Iboga-Wurzelrinde wird auf unserer pestizidfreien Farm in Zentralafrika produziert. Mit unserer Iboga-Wurzelrinde k\u00f6nnen Sie ein reines, unverf\u00e4lschtes Produkt erwarten, das zum Einnehmen bereit ist. Wir wissen, dass es schwer ist, online einen vertrauensw\u00fcrdigen Shop f\u00fcr Iboga-Wurzelrinde zu finden, aber wir sind hier, um zu helfen. Sie k\u00f6nnen die <strong><a href=\"http:\/\/getibogaine.com\/ibogaine-treatment-testimonials\/\">Bewertungen von Kunden<\/a> <\/strong>sehen, die dieses Produkt gekauft haben.<\/p>\n<p>Getibogaine Unverf\u00e4lschte Iboga-Wurzel zu verkaufen ist eines der besten nat\u00fcrlichen Mittel gegen Drogenabh\u00e4ngigkeit. Eine gro\u00dfartige M\u00f6glichkeit, Ihre Sucht zu \u00fcberwinden, ist die Verwendung unserer Iboga-Wurzelrinde als Nahrungserg\u00e4nzung oder Behandlungsmethode. Unsere Iboga-Wurzelrinde enth\u00e4lt 95 % reinen Ibogaine-Extrakt, der nachweislich Wunder dabei wirkt, die <a title=\"What is Addiction? Understanding Causes, Symptoms, and Treatment\" href=\"http:\/\/getibogaine.com\/what-is-addiction\/\" data-wpil-monitor-id=\"166\">Entzugssymptome von Abh\u00e4ngigen<\/a> zu reduzieren. Unsere Iboga-Wurzelrinde ist zu 100 % nat\u00fcrlich und damit sicher und wirksam, um Ihnen zu helfen, Ihre <a title=\"How Ibogaine Can Help With Depression\" href=\"http:\/\/getibogaine.com\/how-ibogaine-can-help-with-depression\/\" data-wpil-monitor-id=\"167\">Sucht<\/a> zu \u00fcberwinden.<\/p>\n<p>Die Iboga-Wurzelrinde ist eine wirksame M\u00f6glichkeit, mehrere Krankheiten zu heilen, und Ihr K\u00f6rper wird sich schnell besser f\u00fchlen. Sie beseitigt die Symptome der <a title=\"addiction\" href=\"http:\/\/getibogaine.com\/tag\/addiction\/\" data-wpil-monitor-id=\"168\">Sucht<\/a>, und Ihre Gesundheit normalisiert sich wieder. Wenn Sie mit einer Abh\u00e4ngigkeit k\u00e4mpfen, haben Sie vielleicht bereits mehrere Mittel ausprobiert, aber nichts hat bei Ihnen geholfen. Jetzt ist es an der Zeit, unsere unverf\u00e4lschte Iboga-Wurzel zum Verkauf auszuprobieren.<\/p>\n<h3><strong>Vorteile der Iboga-Wurzelrinde\u00a0<\/strong><\/h3>\n<p><span style=\"color: #000000;\"><a title=\"Difference Between Iboga And Ibogaine\" href=\"http:\/\/getibogaine.com\/whats-the-difference-between-iboga-and-ibogaine\/\">Iboga und Ibogain<\/a> haben das Potenzial, verschiedene psychische Erkrankungen zu behandeln. Dazu z\u00e4hlen Depressionen, die posttraumatische Belastungsst\u00f6rung (PTBS) und verschiedene <a href=\"http:\/\/getibogaine.com\/methadone-addiction-treatment\/\">Arten von Abh\u00e4ngigkeiten.<\/a> Nachfolgend finden Sie eine Liste einiger Vorteile der Anwendung von Iboga bei Abh\u00e4ngigkeit.<\/span><\/p>\n<ul>\n<li><span style=\"color: #000000;\">Bessere Bew\u00e4ltigung der Abh\u00e4ngigkeit und weniger schmerzhafte <a title=\"Opioid Addiction Withdrawal Symptoms And Cravings\" href=\"http:\/\/getibogaine.com\/withdrawal-symptoms-and-cravings-for-people-addicted-to-opioids\/\" data-wpil-monitor-id=\"169\">Entzugserscheinungen<\/a><\/span><\/li>\n<li><span style=\"color: #000000;\">Intensivere Traumerinnerungen<\/span><\/li>\n<li><span style=\"color: #000000;\">Zentral stimulierende Wirkung<\/span><\/li>\n<li><span style=\"color: #000000;\">Spirituelles, mystisches Gef\u00fchl<\/span><\/li>\n<li><span style=\"color: #000000;\">Klartr\u00e4ume, Klartr\u00e4ume, Au\u00dferk\u00f6rperliche Erfahrungen<\/span><\/li>\n<li><span style=\"color: #000000;\">Einblick in das Unterbewusstsein<\/span><\/li>\n<li><span style=\"color: #000000;\">St\u00e4rkung des Selbstvertrauens<\/span><\/li>\n<li><span style=\"color: #000000;\">Umgang mit traumatischen Erlebnissen und St\u00f6rungen<\/span><\/li>\n<li><span style=\"color: #000000;\">Die Fantasie beleben<\/span><\/li>\n<li><span style=\"color: #000000;\">Fr\u00fchkindliche Erinnerungen zug\u00e4nglich machen<\/span><\/li>\n<li><span style=\"color: #000000;\">Entkalkung der Zirbeldr\u00fcse<\/span><\/li>\n<li><span style=\"color: #000000;\">Erholsamer Schlaf<\/span><\/li>\n<li><span style=\"color: #000000;\">Klarheit und Fokus<\/span><\/li>\n<li><span style=\"color: #000000;\">Synchronisierung der Gehirnh\u00e4lften<\/span><\/li>\n<\/ul>\n<p>&nbsp;<\/p>\n<p><strong>Herkunft<\/strong>: Unverf\u00e4lschte Iboga-Wurzel zum Verkauf aus dem <em>zentralafrikanischen Regenwald<\/em><\/p>\n<\/div>\n<\/div>\n","protected":false},"excerpt":{"rendered":"<p>Expressversand mit einer schnellen Lieferzeit von 3\u20137 Tagen<\/p>\n<p>Marke: Get Ibogaine<\/p>\n<p>Gewicht: 100 Gramm<\/p>\n<p>Versandkosten: Werden an der Kasse berechnet<\/p>\n<p>Ihre Bestellung wird innerhalb von 24 Stunden nach dem Kauf versendet und trifft innerhalb von drei bis sieben Werktagen ein. Unsere Versandtarife variieren je nach Gewicht des Pakets.<\/p>\n","protected":false},"featured_media":34419,"comment_status":"open","ping_status":"closed","template":"","meta":{"site-sidebar-layout":"default","site-content-layout":"","ast-site-content-layout":"default","site-content-style":"default","site-sidebar-style":"default","ast-global-header-display":"","ast-banner-title-visibility":"","ast-main-header-display":"","ast-hfb-above-header-display":"","ast-hfb-below-header-display":"","ast-hfb-mobile-header-display":"","site-post-title":"","ast-breadcrumbs-content":"","ast-featured-img":"","footer-sml-layout":"","ast-disable-related-posts":"","theme-transparent-header-meta":"default","adv-header-id-meta":"","stick-header-meta":"default","header-above-stick-meta":"","header-main-stick-meta":"","header-below-stick-meta":"","astra-migrate-meta-layouts":"set","ast-page-background-enabled":"default","ast-page-background-meta":{"desktop":{"background-color":"var(--ast-global-color-4)","background-image":"","background-repeat":"repeat","background-position":"center center","background-size":"auto","background-attachment":"scroll","background-type":"","background-media":"","overlay-type":"","overlay-color":"","overlay-opacity":"","overlay-gradient":""},"tablet":{"background-color":"","background-image":"","background-repeat":"repeat","background-position":"center center","background-size":"auto","background-attachment":"scroll","background-type":"","background-media":"","overlay-type":"","overlay-color":"","overlay-opacity":"","overlay-gradient":""},"mobile":{"background-color":"","background-image":"","background-repeat":"repeat","background-position":"center center","background-size":"auto","background-attachment":"scroll","background-type":"","background-media":"","overlay-type":"","overlay-color":"","overlay-opacity":"","overlay-gradient":""}},"ast-content-background-meta":{"desktop":{"background-color":"var(--ast-global-color-5)","background-image":"","background-repeat":"repeat","background-position":"center center","background-size":"auto","background-attachment":"scroll","background-type":"","background-media":"","overlay-type":"","overlay-color":"","overlay-opacity":"","overlay-gradient":""},"tablet":{"background-color":"var(--ast-global-color-5)","background-image":"","background-repeat":"repeat","background-position":"center center","background-size":"auto","background-attachment":"scroll","background-type":"","background-media":"","overlay-type":"","overlay-color":"","overlay-opacity":"","overlay-gradient":""},"mobile":{"background-color":"var(--ast-global-color-5)","background-image":"","background-repeat":"repeat","background-position":"center center","background-size":"auto","background-attachment":"scroll","background-type":"","background-media":"","overlay-type":"","overlay-color":"","overlay-opacity":"","overlay-gradient":""}},"jetpack_publicize_message":"","jetpack_publicize_feature_enabled":true,"jetpack_social_post_already_shared":true,"jetpack_social_options":{"image_generator_settings":{"template":"highway","default_image_id":0,"font":"","enabled":false},"version":2}},"product_brand":[4009],"product_cat":[3947],"product_tag":[],"class_list":{"0":"post-31408","1":"product","2":"type-product","3":"status-publish","4":"has-post-thumbnail","6":"product_brand-getibogaine","7":"product_cat-iboga-wurzeln-zum-verkauf","8":"pa_product-state-iboga-wurzelrinden-spane","9":"pa_product-state-iboga-wurzelrindenpulver","10":"desktop-align-left","11":"tablet-align-left","12":"mobile-align-left","13":"ast-product-gallery-layout-horizontal-slider","14":"ast-product-single-variable","15":"ast-product-tabs-layout-horizontal","17":"first","18":"instock","19":"featured","20":"shipping-taxable","21":"purchasable","22":"product-type-variable","23":"has-default-attributes"},"jetpack_publicize_connections":[],"jetpack_sharing_enabled":true,"_links":{"self":[{"href":"https:\/\/getibogaine.com\/de\/wp-json\/wp\/v2\/product\/31408","targetHints":{"allow":["GET"]}}],"collection":[{"href":"https:\/\/getibogaine.com\/de\/wp-json\/wp\/v2\/product"}],"about":[{"href":"https:\/\/getibogaine.com\/de\/wp-json\/wp\/v2\/types\/product"}],"replies":[{"embeddable":true,"href":"https:\/\/getibogaine.com\/de\/wp-json\/wp\/v2\/comments?post=31408"}],"version-history":[{"count":0,"href":"https:\/\/getibogaine.com\/de\/wp-json\/wp\/v2\/product\/31408\/revisions"}],"wp:featuredmedia":[{"embeddable":true,"href":"https:\/\/getibogaine.com\/de\/wp-json\/wp\/v2\/media\/34419"}],"wp:attachment":[{"href":"https:\/\/getibogaine.com\/de\/wp-json\/wp\/v2\/media?parent=31408"}],"wp:term":[{"taxonomy":"product_brand","embeddable":true,"href":"https:\/\/getibogaine.com\/de\/wp-json\/wp\/v2\/product_brand?post=31408"},{"taxonomy":"product_cat","embeddable":true,"href":"https:\/\/getibogaine.com\/de\/wp-json\/wp\/v2\/product_cat?post=31408"},{"taxonomy":"product_tag","embeddable":true,"href":"https:\/\/getibogaine.com\/de\/wp-json\/wp\/v2\/product_tag?post=31408"}],"curies":[{"name":"wp","href":"https:\/\/api.w.org\/{rel}","templated":true}]}}