{"id":31414,"date":"2022-10-11T05:56:38","date_gmt":"2022-10-11T04:56:38","guid":{"rendered":"http:\/\/getibogaine.com\/?post_type=product&#038;p=10307"},"modified":"2026-03-17T11:31:06","modified_gmt":"2026-03-17T15:31:06","slug":"iboga-wurzelrinde-fuer-die-suchttherapie","status":"publish","type":"product","link":"https:\/\/getibogaine.com\/de\/produkt\/iboga-wurzelrinde-fuer-die-suchttherapie\/","title":{"rendered":"Iboga-Wurzelrinde 80 g"},"content":{"rendered":"<div class=\"row\">\n<div class=\"col-lg-7 col-12\">\n<h2 style=\"text-align: left;\">Iboga-Wurzelrinde f\u00fcr die Suchttherapie<\/h2>\n<p>Erleben Sie die transformative Kraft unserer Iboga-Wurzelrinde (80 g) \u2013 ein wirksames Naturheilmittel, speziell f\u00fcr die Suchttherapie entwickelt. Vollgepackt mit 95 % reinem Ibogaine-Extrakt ist diese hochwertige Wurzelrinde speziell formuliert, um Entzugssymptome zu reduzieren und Sie auf Ihrem Weg aus der Abh\u00e4ngigkeit zu unterst\u00fctzen.<\/p>\n<p>Mit den heilenden Eigenschaften der Natur bietet unsere 100 % nat\u00fcrliche Iboga-Wurzelrinde ein sicheres und wirksames Erg\u00e4nzungsmittel f\u00fcr alle, die ihr Leben zur\u00fcckgewinnen m\u00f6chten. Ob Sie Ihre Behandlung erg\u00e4nzen oder einen ganzheitlichen Ansatz zur Genesung w\u00e4hlen m\u00f6chten \u2013 unsere Iboga-Wurzelrinde ist ein unverzichtbarer Verb\u00fcndeter auf Ihrem Weg zum Wohlbefinden. Blicken Sie mit Iboga-Wurzelrinde f\u00fcr die Suchttherapie in eine bessere Zukunft und machen Sie den ersten Schritt hin zu nachhaltiger Ver\u00e4nderung.<\/p>\n<p>Suchen Sie die beste Iboga-Wurzelrinde online? Dann sind Sie hier genau richtig!<\/p>\n<p>Unsere pestizidfreie Iboga-Farm in Zentralafrika produziert unsere Iboga-Wurzelrinde in erstklassiger Qualit\u00e4t. Wenn Sie sich f\u00fcr unser Produkt entscheiden, erhalten Sie reine, unverf\u00e4lschte Iboga-Wurzelrinde, die zum Einnehmen bereit ist.<\/p>\n<p>Beenden Sie Ihre Sucht mit unserem Naturheilmittel \u2013 Iboga-Wurzelrinde. Ob als Nahrungserg\u00e4nzung oder als Behandlungsmethode: Unsere Iboga-Wurzelrinde ist f\u00fcr ihre Wirksamkeit bei der Unterst\u00fctzung der Suchttherapie bekannt. Mit einem reinen Ibogaine-Extrakt mit 95 % hat sie sich als \u00e4u\u00dferst hilfreich erwiesen, um Entzugssymptome zu reduzieren. Vertrauen Sie auf unsere 100 % nat\u00fcrliche Iboga-Wurzelrinde f\u00fcr sichere und wirksame Unterst\u00fctzung auf Ihrem Weg aus der Abh\u00e4ngigkeit.<\/p>\n<p>Iboga-Wurzelrinde zur Suchtgenesung ist eine wirksame M\u00f6glichkeit, mehrere Beschwerden zu behandeln, und Ihr K\u00f6rper wird sich schnell besser f\u00fchlen. Sie beseitigt die Symptome der <a title=\"addiction\" href=\"http:\/\/getibogaine.com\/tag\/addiction\/\" data-wpil-monitor-id=\"161\">Sucht<\/a>\u00a0und Ihre Gesundheit normalisiert sich wieder. Wenn Sie mit einer Sucht k\u00e4mpfen, haben Sie m\u00f6glicherweise bereits verschiedene Mittel ausprobiert, aber nichts hat bei Ihnen geholfen. Jetzt ist es an der Zeit, Iboga-Wurzelrinde auszuprobieren.<\/p>\n<h2>Iboga-Wurzelrinde 80 g \u2013 Nat\u00fcrliche Unterst\u00fctzung bei der Suchtgenesung<\/h2>\n<p>Iboga-Wurzelrinde ist f\u00fcr ihr besonderes Potenzial bekannt, die Suchtbehandlung und das psychische Wohlbefinden zu unterst\u00fctzen. Sie hat vielversprechende Effekte bei verschiedenen psychischen Belastungen gezeigt, darunter Sucht, Depressionen und PTBS. So kann Iboga-Wurzelrinde die Genesung unterst\u00fctzen:<\/p>\n<ul>\n<li>Lindert Entzugserscheinungen: hilft, Suchtdruck zu bew\u00e4ltigen und reduziert Entzugsbeschwerden.<\/li>\n<li>Verbessert Traumklarheit: F\u00f6rdert lebhafte Tr\u00e4ume und tiefere Selbstreflexion.<\/li>\n<li>Regt den Geist an: Bietet einen sanften Schub an mentaler Energie und Wachheit.<\/li>\n<li>Spirituelle Verbindung: Schafft ein Gef\u00fchl des spirituellen Erwachens und inneren Friedens.<\/li>\n<li>Tiefe Selbsterkenntnis: F\u00f6rdert das Verst\u00e4ndnis unbewusster Gedanken und Emotionen.<\/li>\n<li>St\u00e4rkt das Selbstvertrauen: Baut Widerstandskraft auf und unterst\u00fctzt emotionale Heilung.<\/li>\n<li>Unterst\u00fctzt Traumabew\u00e4ltigung: Hilft bei der Verarbeitung vergangener Traumata.<\/li>\n<li>F\u00f6rdert Vorstellungskraft und Kreativit\u00e4t: Regt kreatives Denken und Inspiration an.<\/li>\n<li>Verbessert das Erinnerungsverm\u00f6gen: Kann Kindheitserinnerungen und vergessene Details wieder zug\u00e4nglich machen.<\/li>\n<li>F\u00f6rdert erholsamen Schlaf: Unterst\u00fctzt eine bessere Schlafqualit\u00e4t und Klarheit.<\/li>\n<li>Gleicht die Gehirnaktivit\u00e4t aus: Zielt darauf ab, die Funktion der linken und rechten Gehirnh\u00e4lfte f\u00fcr Klarheit und Fokus zu harmonisieren.<\/li>\n<\/ul>\n<p>Erlebe die nat\u00fcrlichen Vorteile der Iboga-Wurzelrinde, die geistige Klarheit, Regeneration und inneren Frieden unterst\u00fctzen kann.<\/p>\n<p><strong>Herkunft<\/strong>: Kamerun<\/p>\n<\/div>\n<\/div>\n","protected":false},"excerpt":{"rendered":"<p>Expressversand mit einer schnellen Lieferzeit von 3\u20137<\/p>\n<p>Tagen Marke: Get Ibogaine<\/p>\n<p>Gewicht: 80 Gramm<\/p>\n<p>Versandkosten: Werden beim Checkout berechnet<\/p>\n<p><em>Deine Bestellung wird innerhalb von 24 Stunden nach Abschluss deines Kaufs versendet und kommt innerhalb von drei bis sieben Werktagen an. Unsere Versandtarife variieren je nach Gewicht des Pakets.<\/em><\/p>\n","protected":false},"featured_media":34392,"comment_status":"open","ping_status":"closed","template":"","meta":{"site-sidebar-layout":"default","site-content-layout":"","ast-site-content-layout":"default","site-content-style":"default","site-sidebar-style":"default","ast-global-header-display":"","ast-banner-title-visibility":"","ast-main-header-display":"","ast-hfb-above-header-display":"","ast-hfb-below-header-display":"","ast-hfb-mobile-header-display":"","site-post-title":"","ast-breadcrumbs-content":"","ast-featured-img":"","footer-sml-layout":"","ast-disable-related-posts":"","theme-transparent-header-meta":"default","adv-header-id-meta":"","stick-header-meta":"default","header-above-stick-meta":"","header-main-stick-meta":"","header-below-stick-meta":"","astra-migrate-meta-layouts":"set","ast-page-background-enabled":"default","ast-page-background-meta":{"desktop":{"background-color":"var(--ast-global-color-4)","background-image":"","background-repeat":"repeat","background-position":"center center","background-size":"auto","background-attachment":"scroll","background-type":"","background-media":"","overlay-type":"","overlay-color":"","overlay-opacity":"","overlay-gradient":""},"tablet":{"background-color":"","background-image":"","background-repeat":"repeat","background-position":"center center","background-size":"auto","background-attachment":"scroll","background-type":"","background-media":"","overlay-type":"","overlay-color":"","overlay-opacity":"","overlay-gradient":""},"mobile":{"background-color":"","background-image":"","background-repeat":"repeat","background-position":"center center","background-size":"auto","background-attachment":"scroll","background-type":"","background-media":"","overlay-type":"","overlay-color":"","overlay-opacity":"","overlay-gradient":""}},"ast-content-background-meta":{"desktop":{"background-color":"var(--ast-global-color-5)","background-image":"","background-repeat":"repeat","background-position":"center center","background-size":"auto","background-attachment":"scroll","background-type":"","background-media":"","overlay-type":"","overlay-color":"","overlay-opacity":"","overlay-gradient":""},"tablet":{"background-color":"var(--ast-global-color-5)","background-image":"","background-repeat":"repeat","background-position":"center center","background-size":"auto","background-attachment":"scroll","background-type":"","background-media":"","overlay-type":"","overlay-color":"","overlay-opacity":"","overlay-gradient":""},"mobile":{"background-color":"var(--ast-global-color-5)","background-image":"","background-repeat":"repeat","background-position":"center center","background-size":"auto","background-attachment":"scroll","background-type":"","background-media":"","overlay-type":"","overlay-color":"","overlay-opacity":"","overlay-gradient":""}},"jetpack_publicize_message":"","jetpack_publicize_feature_enabled":true,"jetpack_social_post_already_shared":true,"jetpack_social_options":{"image_generator_settings":{"template":"highway","default_image_id":0,"font":"","enabled":false},"version":2}},"product_brand":[4009],"product_cat":[3947],"product_tag":[1520],"class_list":{"0":"post-31414","1":"product","2":"type-product","3":"status-publish","4":"has-post-thumbnail","6":"product_brand-getibogaine","7":"product_cat-iboga-wurzeln-zum-verkauf","8":"product_tag-naturlich","9":"pa_product-state-iboga-wurzelrinden-spane","10":"pa_product-state-iboga-wurzelrindenpulver","11":"desktop-align-left","12":"tablet-align-left","13":"mobile-align-left","14":"ast-product-gallery-layout-horizontal-slider","15":"ast-product-single-variable","16":"ast-product-tabs-layout-horizontal","18":"first","19":"instock","20":"shipping-taxable","21":"purchasable","22":"product-type-variable","23":"has-default-attributes"},"jetpack_publicize_connections":[],"jetpack_sharing_enabled":true,"_links":{"self":[{"href":"https:\/\/getibogaine.com\/de\/wp-json\/wp\/v2\/product\/31414","targetHints":{"allow":["GET"]}}],"collection":[{"href":"https:\/\/getibogaine.com\/de\/wp-json\/wp\/v2\/product"}],"about":[{"href":"https:\/\/getibogaine.com\/de\/wp-json\/wp\/v2\/types\/product"}],"replies":[{"embeddable":true,"href":"https:\/\/getibogaine.com\/de\/wp-json\/wp\/v2\/comments?post=31414"}],"version-history":[{"count":0,"href":"https:\/\/getibogaine.com\/de\/wp-json\/wp\/v2\/product\/31414\/revisions"}],"wp:featuredmedia":[{"embeddable":true,"href":"https:\/\/getibogaine.com\/de\/wp-json\/wp\/v2\/media\/34392"}],"wp:attachment":[{"href":"https:\/\/getibogaine.com\/de\/wp-json\/wp\/v2\/media?parent=31414"}],"wp:term":[{"taxonomy":"product_brand","embeddable":true,"href":"https:\/\/getibogaine.com\/de\/wp-json\/wp\/v2\/product_brand?post=31414"},{"taxonomy":"product_cat","embeddable":true,"href":"https:\/\/getibogaine.com\/de\/wp-json\/wp\/v2\/product_cat?post=31414"},{"taxonomy":"product_tag","embeddable":true,"href":"https:\/\/getibogaine.com\/de\/wp-json\/wp\/v2\/product_tag?post=31414"}],"curies":[{"name":"wp","href":"https:\/\/api.w.org\/{rel}","templated":true}]}}