{"id":31420,"date":"2022-10-11T06:14:50","date_gmt":"2022-10-11T10:14:50","guid":{"rendered":"http:\/\/getibogaine.com\/?post_type=product&#038;p=10310"},"modified":"2026-03-17T11:31:08","modified_gmt":"2026-03-17T15:31:08","slug":"iboga-wurzelrinde-150-g","status":"publish","type":"product","link":"https:\/\/getibogaine.com\/de\/produkt\/iboga-wurzelrinde-150-g\/","title":{"rendered":"Iboga-Wurzelrinde (150 g)"},"content":{"rendered":"<div class=\"row\">\n<div class=\"col-lg-7 col-12\">\n<h2 style=\"text-align: left;\"><span style=\"color: #000000;\"><strong>150 g Iboga-Wurzelrinde gegen Sucht<\/strong><\/span><\/h2>\n<p>Kaufen Sie 150 g Iboga-Wurzel zur Linderung von Sucht. Wir wissen, dass Sie online nach der besten Iboga-Wurzelrinde suchen \u2013 und wir haben die passende L\u00f6sung f\u00fcr Sie.<\/p>\n<p>Unsere Iboga-Wurzelrinde wird auf unserer pestizidfreien Iboga-Farm in Zentralafrika produziert. Mit unserer reinen, unverf\u00e4lschten Iboga-Wurzelrinde k\u00f6nnen Sie ein Produkt erwarten, das f\u00fcr die Einnahme bereit ist.<\/p>\n<p>Unsere Iboga-Wurzelrinde geh\u00f6rt zu den besten nat\u00fcrlichen Mitteln gegen Drogenabh\u00e4ngigkeit. Eine gute M\u00f6glichkeit, Ihre Sucht zu durchbrechen, ist die Verwendung unserer Iboga-Wurzelrinde als Nahrungserg\u00e4nzung oder Behandlungsmethode. Unsere Iboga-Wurzelrinde enth\u00e4lt 95 % reinen Ibogaine-Extrakt, der nachweislich Wunder dabei wirkt, Entzugserscheinungen bei Menschen mit Abh\u00e4ngigkeit zu reduzieren. Unsere Iboga-Wurzelrinde ist zu 100 % nat\u00fcrlich und damit sicher und wirksam, um Ihnen zu helfen, Ihre Sucht zu \u00fcberwinden.<\/p>\n<p>Die 150 Gramm Iboga-Wurzel zur Linderung von Sucht sind eine wirksame M\u00f6glichkeit, mehrere Krankheiten zu behandeln, und Ihr K\u00f6rper wird sich schnell besser f\u00fchlen. Sie beseitigt die Suchtsymptome, und Ihre Gesundheit wird wieder normal. Wenn Sie mit einer Abh\u00e4ngigkeit k\u00e4mpfen, haben Sie m\u00f6glicherweise bereits mehrere Mittel ausprobiert, aber nichts hat bei Ihnen funktioniert. Jetzt ist es Zeit, Iboga-Wurzelrinde auszuprobieren.<\/p>\n<h3><strong>Vorteile der Iboga-Wurzelrinde\u00a0<\/strong><\/h3>\n<p><span style=\"color: #000000;\">Iboga und Ibogain haben das Potenzial, verschiedene <a href=\"http:\/\/getibogaine.com\/category\/mental-health\/\">psychische Erkrankungen<\/a> zu behandeln. Dazu geh\u00f6ren Depressionen, posttraumatische Belastungsst\u00f6rung (PTBS) und verschiedene Arten von Abh\u00e4ngigkeiten. Unten finden Sie eine Liste einiger Vorteile der Verwendung von Iboga bei Abh\u00e4ngigkeit.<\/span><\/p>\n<ul>\n<li><span style=\"color: #000000;\">Bew\u00e4ltigung der Abh\u00e4ngigkeit und weniger schmerzhafte Entzugserscheinungen<\/span><\/li>\n<li><span style=\"color: #000000;\">Intensivere Traumerinnerungen<\/span><\/li>\n<li><span style=\"color: #000000;\">Zentral stimulierende Wirkung<\/span><\/li>\n<li><span style=\"color: #000000;\">Spirituelles, mystisches Gef\u00fchl<\/span><\/li>\n<li><span style=\"color: #000000;\">Klartr\u00e4ume, Klartr\u00e4ume, Au\u00dferk\u00f6rperliche Erfahrungen<\/span><\/li>\n<li><span style=\"color: #000000;\">Einblick in das Unterbewusstsein<\/span><\/li>\n<li><span style=\"color: #000000;\">St\u00e4rkung des Selbstvertrauens<\/span><\/li>\n<li><span style=\"color: #000000;\">Bew\u00e4ltigung traumatischer Erfahrungen und St\u00f6rungen<\/span><\/li>\n<li><span style=\"color: #000000;\">Die Vorstellungskraft beleben<\/span><\/li>\n<li><span style=\"color: #000000;\">Fr\u00fchkindliche Erinnerungen zug\u00e4nglich machen<\/span><\/li>\n<li><span style=\"color: #000000;\">Entkalkung der Zirbeldr\u00fcse<\/span><\/li>\n<li><span style=\"color: #000000;\">Erholsamer Schlaf<\/span><\/li>\n<li><span style=\"color: #000000;\">Klarheit und Fokus<\/span><\/li>\n<li><span style=\"color: #000000;\">Synchronisierung der Gehirnh\u00e4lften<\/span><\/li>\n<\/ul>\n<p><strong>Herkunft<\/strong>: <em>Zentralafrikanischer Regenwald<\/em><\/p>\n<\/div>\n<\/div>\n<p>&nbsp;<\/p>\n","protected":false},"excerpt":{"rendered":"<p>Expressversand mit einer schnellen Lieferzeit von 3\u20137 Tagen<\/p>\n<p>Marke: Get Ibogaine<\/p>\n<p>Gewicht: 150 Gramm<\/p>\n<p>Versandkosten: Werden an der Kasse berechnet<\/p>\n<p><em>Deine Bestellung wird innerhalb von 24 Stunden nach dem Kauf versendet und kommt innerhalb von drei bis sieben Werktagen an. Unsere Versandtarife variieren je nach Gewicht des Pakets.<\/em><\/p>\n","protected":false},"featured_media":34426,"comment_status":"open","ping_status":"closed","template":"","meta":{"site-sidebar-layout":"default","site-content-layout":"","ast-site-content-layout":"default","site-content-style":"default","site-sidebar-style":"default","ast-global-header-display":"","ast-banner-title-visibility":"","ast-main-header-display":"","ast-hfb-above-header-display":"","ast-hfb-below-header-display":"","ast-hfb-mobile-header-display":"","site-post-title":"","ast-breadcrumbs-content":"","ast-featured-img":"","footer-sml-layout":"","ast-disable-related-posts":"","theme-transparent-header-meta":"default","adv-header-id-meta":"","stick-header-meta":"default","header-above-stick-meta":"","header-main-stick-meta":"","header-below-stick-meta":"","astra-migrate-meta-layouts":"set","ast-page-background-enabled":"default","ast-page-background-meta":{"desktop":{"background-color":"var(--ast-global-color-4)","background-image":"","background-repeat":"repeat","background-position":"center center","background-size":"auto","background-attachment":"scroll","background-type":"","background-media":"","overlay-type":"","overlay-color":"","overlay-opacity":"","overlay-gradient":""},"tablet":{"background-color":"","background-image":"","background-repeat":"repeat","background-position":"center center","background-size":"auto","background-attachment":"scroll","background-type":"","background-media":"","overlay-type":"","overlay-color":"","overlay-opacity":"","overlay-gradient":""},"mobile":{"background-color":"","background-image":"","background-repeat":"repeat","background-position":"center center","background-size":"auto","background-attachment":"scroll","background-type":"","background-media":"","overlay-type":"","overlay-color":"","overlay-opacity":"","overlay-gradient":""}},"ast-content-background-meta":{"desktop":{"background-color":"var(--ast-global-color-5)","background-image":"","background-repeat":"repeat","background-position":"center center","background-size":"auto","background-attachment":"scroll","background-type":"","background-media":"","overlay-type":"","overlay-color":"","overlay-opacity":"","overlay-gradient":""},"tablet":{"background-color":"var(--ast-global-color-5)","background-image":"","background-repeat":"repeat","background-position":"center center","background-size":"auto","background-attachment":"scroll","background-type":"","background-media":"","overlay-type":"","overlay-color":"","overlay-opacity":"","overlay-gradient":""},"mobile":{"background-color":"var(--ast-global-color-5)","background-image":"","background-repeat":"repeat","background-position":"center center","background-size":"auto","background-attachment":"scroll","background-type":"","background-media":"","overlay-type":"","overlay-color":"","overlay-opacity":"","overlay-gradient":""}},"jetpack_publicize_message":"","jetpack_publicize_feature_enabled":true,"jetpack_social_post_already_shared":true,"jetpack_social_options":{"image_generator_settings":{"template":"highway","default_image_id":0,"font":"","enabled":false},"version":2}},"product_brand":[4009],"product_cat":[3947],"product_tag":[],"class_list":{"0":"post-31420","1":"product","2":"type-product","3":"status-publish","4":"has-post-thumbnail","6":"product_brand-getibogaine","7":"product_cat-iboga-wurzeln-zum-verkauf","8":"pa_product-state-iboga-wurzelrinden-spane","9":"pa_product-state-iboga-wurzelrindenpulver","10":"desktop-align-left","11":"tablet-align-left","12":"mobile-align-left","13":"ast-product-gallery-layout-horizontal-slider","14":"ast-product-single-variable","15":"ast-product-tabs-layout-horizontal","17":"first","18":"instock","19":"shipping-taxable","20":"purchasable","21":"product-type-variable","22":"has-default-attributes"},"jetpack_publicize_connections":[],"jetpack_sharing_enabled":true,"_links":{"self":[{"href":"https:\/\/getibogaine.com\/de\/wp-json\/wp\/v2\/product\/31420","targetHints":{"allow":["GET"]}}],"collection":[{"href":"https:\/\/getibogaine.com\/de\/wp-json\/wp\/v2\/product"}],"about":[{"href":"https:\/\/getibogaine.com\/de\/wp-json\/wp\/v2\/types\/product"}],"replies":[{"embeddable":true,"href":"https:\/\/getibogaine.com\/de\/wp-json\/wp\/v2\/comments?post=31420"}],"version-history":[{"count":0,"href":"https:\/\/getibogaine.com\/de\/wp-json\/wp\/v2\/product\/31420\/revisions"}],"wp:featuredmedia":[{"embeddable":true,"href":"https:\/\/getibogaine.com\/de\/wp-json\/wp\/v2\/media\/34426"}],"wp:attachment":[{"href":"https:\/\/getibogaine.com\/de\/wp-json\/wp\/v2\/media?parent=31420"}],"wp:term":[{"taxonomy":"product_brand","embeddable":true,"href":"https:\/\/getibogaine.com\/de\/wp-json\/wp\/v2\/product_brand?post=31420"},{"taxonomy":"product_cat","embeddable":true,"href":"https:\/\/getibogaine.com\/de\/wp-json\/wp\/v2\/product_cat?post=31420"},{"taxonomy":"product_tag","embeddable":true,"href":"https:\/\/getibogaine.com\/de\/wp-json\/wp\/v2\/product_tag?post=31420"}],"curies":[{"name":"wp","href":"https:\/\/api.w.org\/{rel}","templated":true}]}}