{"id":31426,"date":"2022-10-11T06:24:46","date_gmt":"2022-10-11T10:24:46","guid":{"rendered":"http:\/\/getibogaine.com\/?post_type=product&#038;p=10314"},"modified":"2026-03-07T10:02:13","modified_gmt":"2026-03-07T15:02:13","slug":"iboga-wurzelrinde-in-san-francisco-kaufen-200g","status":"publish","type":"product","link":"https:\/\/getibogaine.com\/de\/produkt\/iboga-wurzelrinde-in-san-francisco-kaufen-200g\/","title":{"rendered":"Iboga-Wurzelrinden (200 g)"},"content":{"rendered":"<div class=\"row\">\n<div class=\"col-lg-7 col-12\">\n<h2 style=\"text-align: left;\">Iboga-Wurzelrinde in San Francisco kaufen<\/h2>\n<p>Wir wissen, dass Sie online nach der besten Iboga-Wurzelrinde suchen \u2013 und wir haben genau das Richtige f\u00fcr Sie. Unsere <a title=\"Secret Bwiti Religion &amp; Healing with Iboga Plant\" href=\"http:\/\/getibogaine.com\/bwiti-religion-and-healing-practices-with-iboga\/\" data-wpil-monitor-id=\"142\">Iboga<\/a>-Rinden stammen von unserer eigenen, pestizidfreien Iboga-Farm in Zentralafrika. Mit unserem Iboga k\u00f6nnen Sie ein reines, <a href=\"https:\/\/www.dictionary.com\/browse\/unadulterated\" target=\"_blank\" rel=\"noopener\">unverf\u00e4lschtes<\/a> Produkt erwarten, das zum Einnehmen bereit ist. San Franciscos Kampf mit Drogenabh\u00e4ngigkeit, besonders in Gegenden wie dem Tenderloin District, ist gut dokumentiert \u2013 mit steigenden Zahlen von \u00dcberdosierungen und damit verbundenen Gesundheitsproblemen. Viele Einwohner suchen nach ganzheitlichen Behandlungsans\u00e4tzen. Unsere Iboga-Wurzelrinde bietet eine nat\u00fcrliche, wirksame L\u00f6sung, die die Ursachen der Abh\u00e4ngigkeit an der Wurzel angeht und Bewohnern von San Francisco hilft, ihre Reise zur Genesung zu beginnen.<\/p>\n<p>Unsere Iboga-Wurzelrinde ist eines der <a href=\"http:\/\/getibogaine.com\/\">besten nat\u00fcrlichen Mittel gegen Drogensucht<\/a>. Eine gro\u00dfartige M\u00f6glichkeit, deine Gewohnheit zu durchbrechen, ist die Verwendung unseres <a title=\"iboga\" href=\"http:\/\/getibogaine.com\/product-tag\/iboga\/\" data-wpil-monitor-id=\"143\">Iboga<\/a> als Nahrungserg\u00e4nzung oder Behandlungsmethode. Unsere Iboga-Wurzeln enthalten 95% reinen <a title=\"ibogaine\" href=\"http:\/\/getibogaine.com\/tag\/ibogaine\/\" data-wpil-monitor-id=\"144\">Ibogaine<\/a>-Extrakt, der nachweislich Wunder dabei wirkt, die Entzugssymptome von Abh\u00e4ngigen zu reduzieren. Unsere Iboga-Wurzelrinde ist zu 100% nat\u00fcrlich und daher sicher und wirksam, um dir zu helfen, deine <a title=\"addiction\" href=\"http:\/\/getibogaine.com\/tag\/addiction\/\" data-wpil-monitor-id=\"145\">Sucht<\/a> zu \u00fcberwinden.<\/p>\n<p>Die Anwendung von Iboga ist eine wirksame Methode, um mehrere Erkrankungen zu behandeln, und dein K\u00f6rper wird sich in kurzer Zeit besser f\u00fchlen. Es beseitigt die Symptome der <a title=\"How Ibogaine Can Help With Depression\" href=\"http:\/\/getibogaine.com\/how-ibogaine-can-help-with-depression\/\" data-wpil-monitor-id=\"146\">Sucht<\/a>, und deine Gesundheit normalisiert sich wieder. Wenn du mit einer Sucht k\u00e4mpfst, hast du m\u00f6glicherweise bereits mehrere Mittel ausprobiert, aber nichts hat bei dir funktioniert. Jetzt ist es an der Zeit, Iboga auszuprobieren.<\/p>\n<h3><strong>Vorteile der Iboga-Wurzelrinde\u00a0<\/strong><\/h3>\n<p><a href=\"https:\/\/getibogaine.com\/de\/?page_id=30947\">Iboga-Wurzelrinde<\/a> bietet verschiedene Vorteile. Sie hat das Potenzial, psychische Probleme wie Depressionen, PTBS und S\u00fcchte zu behandeln. Hier sind einige Vorteile der Verwendung von Iboga bei Sucht:<\/p>\n<ul>\n<li>Lindert Entzugssymptome und hilft, mit der Sucht umzugehen<\/li>\n<li>Verbessert die Traumerinnerung und -intensit\u00e4t<\/li>\n<li>Sorgt f\u00fcr eine stimulierende Wirkung auf das Zentralnervensystem<\/li>\n<li>Bietet ein spirituelles und mystisches Erlebnis<\/li>\n<li>Erm\u00f6glicht luzide Tr\u00e4ume und au\u00dferk\u00f6rperliche Erfahrungen<\/li>\n<li>Bietet Einblick in das Unterbewusstsein<\/li>\n<li>St\u00e4rkt das Selbstvertrauen<\/li>\n<li>Hilft bei der Bew\u00e4ltigung von Traumata und St\u00f6rungen<\/li>\n<li>Regt die Fantasie an<\/li>\n<li>Erm\u00f6glicht den Zugang zu fr\u00fchen Kindheitserinnerungen<\/li>\n<li>Entgiftet die Zirbeldr\u00fcse<\/li>\n<li>F\u00f6rdert erholsamen Schlaf<\/li>\n<li>Verbessert Klarheit und Fokus<\/li>\n<li>Synchronisiert die Gehirnh\u00e4lften<\/li>\n<\/ul>\n<p>Iboga-Wurzelrinde in San Francisco kaufen. Iboga-Wurzelrinden (200 g) erhalten.<\/p>\n<p>&nbsp;<\/p>\n<p><strong>Herkunft<\/strong>: <em>Zentralafrikanischer Regenwald<\/em><\/p>\n<\/div>\n<div class=\"col-lg-5 col-12\"><\/div>\n<\/div>\n","protected":false},"excerpt":{"rendered":"<p>Expressversand mit einer schnellen Lieferzeit von 3\u20137 Tagen<\/p>\n<p>Marke: Get Ibogaine<\/p>\n<p>Gewicht: 200 Gramm<\/p>\n<p>Versandkosten: Werden an der Kasse berechnet<\/p>\n<p>Ihre Bestellung wird innerhalb von 24 Stunden nach dem Kauf versendet und trifft innerhalb von drei bis sieben Werktagen ein. Unsere Versandtarife variieren je nach Gewicht des Pakets.<\/p>\n","protected":false},"featured_media":34465,"comment_status":"open","ping_status":"closed","template":"","meta":{"site-sidebar-layout":"default","site-content-layout":"","ast-site-content-layout":"default","site-content-style":"default","site-sidebar-style":"default","ast-global-header-display":"","ast-banner-title-visibility":"","ast-main-header-display":"","ast-hfb-above-header-display":"","ast-hfb-below-header-display":"","ast-hfb-mobile-header-display":"","site-post-title":"","ast-breadcrumbs-content":"","ast-featured-img":"","footer-sml-layout":"","ast-disable-related-posts":"","theme-transparent-header-meta":"default","adv-header-id-meta":"","stick-header-meta":"default","header-above-stick-meta":"","header-main-stick-meta":"","header-below-stick-meta":"","astra-migrate-meta-layouts":"set","ast-page-background-enabled":"default","ast-page-background-meta":{"desktop":{"background-color":"var(--ast-global-color-4)","background-image":"","background-repeat":"repeat","background-position":"center center","background-size":"auto","background-attachment":"scroll","background-type":"","background-media":"","overlay-type":"","overlay-color":"","overlay-opacity":"","overlay-gradient":""},"tablet":{"background-color":"","background-image":"","background-repeat":"repeat","background-position":"center center","background-size":"auto","background-attachment":"scroll","background-type":"","background-media":"","overlay-type":"","overlay-color":"","overlay-opacity":"","overlay-gradient":""},"mobile":{"background-color":"","background-image":"","background-repeat":"repeat","background-position":"center center","background-size":"auto","background-attachment":"scroll","background-type":"","background-media":"","overlay-type":"","overlay-color":"","overlay-opacity":"","overlay-gradient":""}},"ast-content-background-meta":{"desktop":{"background-color":"var(--ast-global-color-5)","background-image":"","background-repeat":"repeat","background-position":"center center","background-size":"auto","background-attachment":"scroll","background-type":"","background-media":"","overlay-type":"","overlay-color":"","overlay-opacity":"","overlay-gradient":""},"tablet":{"background-color":"var(--ast-global-color-5)","background-image":"","background-repeat":"repeat","background-position":"center center","background-size":"auto","background-attachment":"scroll","background-type":"","background-media":"","overlay-type":"","overlay-color":"","overlay-opacity":"","overlay-gradient":""},"mobile":{"background-color":"var(--ast-global-color-5)","background-image":"","background-repeat":"repeat","background-position":"center center","background-size":"auto","background-attachment":"scroll","background-type":"","background-media":"","overlay-type":"","overlay-color":"","overlay-opacity":"","overlay-gradient":""}},"jetpack_publicize_message":"","jetpack_publicize_feature_enabled":true,"jetpack_social_post_already_shared":true,"jetpack_social_options":{"image_generator_settings":{"template":"highway","default_image_id":0,"font":"","enabled":false},"version":2}},"product_brand":[4009],"product_cat":[3947],"product_tag":[1520],"class_list":{"0":"post-31426","1":"product","2":"type-product","3":"status-publish","4":"has-post-thumbnail","6":"product_brand-getibogaine","7":"product_cat-iboga-wurzeln-zum-verkauf","8":"product_tag-naturlich","9":"pa_product-state-iboga-wurzelrinden-spane","10":"pa_product-state-iboga-wurzelrindenpulver","11":"desktop-align-left","12":"tablet-align-left","13":"mobile-align-left","14":"ast-product-gallery-layout-horizontal-slider","15":"ast-product-single-variable","16":"ast-product-tabs-layout-horizontal","18":"first","19":"instock","20":"featured","21":"shipping-taxable","22":"purchasable","23":"product-type-variable","24":"has-default-attributes"},"jetpack_publicize_connections":[],"jetpack_sharing_enabled":true,"_links":{"self":[{"href":"https:\/\/getibogaine.com\/de\/wp-json\/wp\/v2\/product\/31426","targetHints":{"allow":["GET"]}}],"collection":[{"href":"https:\/\/getibogaine.com\/de\/wp-json\/wp\/v2\/product"}],"about":[{"href":"https:\/\/getibogaine.com\/de\/wp-json\/wp\/v2\/types\/product"}],"replies":[{"embeddable":true,"href":"https:\/\/getibogaine.com\/de\/wp-json\/wp\/v2\/comments?post=31426"}],"version-history":[{"count":0,"href":"https:\/\/getibogaine.com\/de\/wp-json\/wp\/v2\/product\/31426\/revisions"}],"wp:featuredmedia":[{"embeddable":true,"href":"https:\/\/getibogaine.com\/de\/wp-json\/wp\/v2\/media\/34465"}],"wp:attachment":[{"href":"https:\/\/getibogaine.com\/de\/wp-json\/wp\/v2\/media?parent=31426"}],"wp:term":[{"taxonomy":"product_brand","embeddable":true,"href":"https:\/\/getibogaine.com\/de\/wp-json\/wp\/v2\/product_brand?post=31426"},{"taxonomy":"product_cat","embeddable":true,"href":"https:\/\/getibogaine.com\/de\/wp-json\/wp\/v2\/product_cat?post=31426"},{"taxonomy":"product_tag","embeddable":true,"href":"https:\/\/getibogaine.com\/de\/wp-json\/wp\/v2\/product_tag?post=31426"}],"curies":[{"name":"wp","href":"https:\/\/api.w.org\/{rel}","templated":true}]}}