{"id":31432,"date":"2022-10-11T07:37:54","date_gmt":"2022-10-11T11:37:54","guid":{"rendered":"http:\/\/getibogaine.com\/?post_type=product&#038;p=10320"},"modified":"2026-03-17T11:30:46","modified_gmt":"2026-03-17T15:30:46","slug":"20-gramm-iboga-wurzelrinde-zum-verkauf","status":"publish","type":"product","link":"https:\/\/getibogaine.com\/de\/produkt\/20-gramm-iboga-wurzelrinde-zum-verkauf\/","title":{"rendered":"Iboga-Wurzelrinde (20 g)"},"content":{"rendered":"<div class=\"row\">\n<div class=\"col-lg-7 col-12\">\n<h2 style=\"text-align: left;\">20 Gramm Iboga-Wurzelrinde zu verkaufen<\/h2>\n<p>&nbsp;<\/p>\n<p>Iboga-Wurzelrinde online kaufen. Wir wissen, dass du nach der besten Iboga-Wurzelrinde online suchst \u2013 und wir haben, was du brauchst. Philadelphia, insbesondere das Viertel Kensington, ist zu einem Brennpunkt der Opioidkrise geworden, in dem Tausende mit Abh\u00e4ngigkeit k\u00e4mpfen. Herk\u00f6mmliche Behandlungen greifen oft zu kurz, sodass viele nach alternativen L\u00f6sungen suchen. Iboga-Wurzelrinde, bekannt f\u00fcr ihre entgiftenden Eigenschaften, kann der Schl\u00fcssel sein, um Abh\u00e4ngigkeit zu \u00fcberwinden, und jenen in Philadelphia Hoffnung geben, die sich von ihren Abh\u00e4ngigkeiten gefangen f\u00fchlen.<\/p>\n<p>Unsere Iboga-Wurzelrinde wird auf unserer eigenen pestizidfreien Iboga-Farm in Zentralafrika produziert. Mit unserer Iboga-Wurzelrinde kannst du ein reines, unverf\u00e4lschtes Produkt erwarten, das zum Einnehmen bereit ist.<\/p>\n<p>Unsere Iboga-Wurzelrinde ist eines der besten nat\u00fcrlichen Mittel gegen <a title=\"Could Ibogaine Be The Key To Ending Drug Addiction?\" href=\"http:\/\/getibogaine.com\/could-ibogaine-be-the-key-to-ending-drug-addiction\/\" data-wpil-monitor-id=\"135\">Drogenabh\u00e4ngigkeit<\/a>. Eine hervorragende M\u00f6glichkeit, Ihre <a title=\"addiction\" href=\"http:\/\/getibogaine.com\/tag\/addiction\/\" data-wpil-monitor-id=\"136\">Abh\u00e4ngigkeit<\/a> zu beenden, ist, unsere Iboga-Wurzelrinde als Nahrungserg\u00e4nzung oder Behandlungsmethode zu verwenden. Unsere Iboga-Wurzelrinde enth\u00e4lt einen zu 95% reinen <a title=\"ibogaine\" href=\"http:\/\/getibogaine.com\/tag\/ibogaine\/\" data-wpil-monitor-id=\"137\">Ibogaine<\/a>-Extrakt, der nachweislich Wunder wirkt, wenn es darum geht, die Entzugserscheinungen von Abh\u00e4ngigen zu reduzieren. Unsere Iboga-Wurzelrinde ist zu 100% nat\u00fcrlich und damit sicher und wirksam, um Ihnen zu helfen, Ihre <a title=\"How Ibogaine Can Help With Depression\" href=\"http:\/\/getibogaine.com\/how-ibogaine-can-help-with-depression\/\" data-wpil-monitor-id=\"138\">Abh\u00e4ngigkeit<\/a> zu \u00fcberwinden.<\/p>\n<p>Die Verwendung von Iboga-Wurzelrinde ist eine wirksame M\u00f6glichkeit, mehrere Krankheiten zu behandeln, und Ihr K\u00f6rper wird sich in kurzer Zeit besser f\u00fchlen. Sie beseitigt die Symptome der Abh\u00e4ngigkeit, und Ihre Gesundheit normalisiert sich wieder. Wenn Sie mit Abh\u00e4ngigkeit zu k\u00e4mpfen haben, haben Sie m\u00f6glicherweise bereits mehrere Mittel ausprobiert, aber nichts hat bei Ihnen gewirkt. Jetzt ist es an der Zeit, Iboga-Wurzelrinde auszuprobieren.<\/p>\n<h3><strong>Vorteile der Iboga-Wurzelrinde\u00a0<\/strong><\/h3>\n<p><span style=\"color: #000000;\"><a title=\"Difference Between Iboga And Ibogaine\" href=\"http:\/\/getibogaine.com\/whats-the-difference-between-iboga-and-ibogaine\/\">Iboga und Ibogain<\/a> haben das Potenzial, verschiedene psychische Erkrankungen zu behandeln. Dazu geh\u00f6ren <a title=\"Rehab: Can it Help You Overcome Depression?\" href=\"http:\/\/getibogaine.com\/is-there-rehab-for-depression\/\" data-wpil-monitor-id=\"139\">Depressionen<\/a>, posttraumatische Belastungsst\u00f6rung (PTBS) und verschiedene Arten von Abh\u00e4ngigkeiten. Unten finden Sie eine Liste einiger Vorteile der Anwendung von <a href=\"http:\/\/getibogaine.com\/what-is-iboga\/\">Iboga<\/a> bei Sucht.<\/span><\/p>\n<ul>\n<li><span style=\"color: #000000;\">Besserer Umgang mit der Abh\u00e4ngigkeit, weniger schmerzhafte <a title=\"Opioid Addiction Withdrawal Symptoms And Cravings\" href=\"http:\/\/getibogaine.com\/withdrawal-symptoms-and-cravings-for-people-addicted-to-opioids\/\" data-wpil-monitor-id=\"140\">Entzugssymptome<\/a><\/span><\/li>\n<li><span style=\"color: #000000;\">Intensivere Traumerinnerungen<\/span><\/li>\n<li><span style=\"color: #000000;\">Zentrale stimulierende Wirkung<\/span><\/li>\n<li><span style=\"color: #000000;\">Spirituelles, mystisches Gef\u00fchl<\/span><\/li>\n<li><span style=\"color: #000000;\">Luzide Tr\u00e4ume, luzide Tr\u00e4ume, au\u00dferk\u00f6rperliche Erfahrungen<\/span><\/li>\n<li><span style=\"color: #000000;\">Einblick in das Unterbewusstsein<\/span><\/li>\n<li><span style=\"color: #000000;\">St\u00e4rkung des Selbstvertrauens<\/span><\/li>\n<li><span style=\"color: #000000;\">Bew\u00e4ltigung traumatischer Erlebnisse und St\u00f6rungen<\/span><\/li>\n<li><span style=\"color: #000000;\">Die Fantasie beleben<\/span><\/li>\n<li><span style=\"color: #000000;\">Fr\u00fchkindliche Erinnerungen zug\u00e4nglich machen<\/span><\/li>\n<li><span style=\"color: #000000;\">Entkalkung der Zirbeldr\u00fcse<\/span><\/li>\n<li><span style=\"color: #000000;\">Erholsamer Schlaf<\/span><\/li>\n<li><span style=\"color: #000000;\">Klarheit und Fokus<\/span><\/li>\n<li><span style=\"color: #000000;\">Synchronisierung der Gehirnh\u00e4lften<\/span><\/li>\n<\/ul>\n<p>&nbsp;<\/p>\n<p><strong>Herkunft<\/strong>: <em>Zentralafrikanischer Regenwald<\/em><\/p>\n<\/div>\n<\/div>\n","protected":false},"excerpt":{"rendered":"<p>Expressversand mit einer schnellen Lieferzeit von 3\u20137 Tagen Marke: Get Ibogaine Gewicht: 20 Gramm Versandkosten: Werden beim Checkout berechnet Ihre Bestellung wird innerhalb von 24 Stunden nach Abschluss Ihres Kaufs versendet und trifft innerhalb von drei bis sieben Werktagen ein. Unsere Versandtarife variieren je nach Gewicht des Pakets.<\/p>\n","protected":false},"featured_media":34476,"comment_status":"open","ping_status":"closed","template":"","meta":{"site-sidebar-layout":"default","site-content-layout":"","ast-site-content-layout":"default","site-content-style":"default","site-sidebar-style":"default","ast-global-header-display":"","ast-banner-title-visibility":"","ast-main-header-display":"","ast-hfb-above-header-display":"","ast-hfb-below-header-display":"","ast-hfb-mobile-header-display":"","site-post-title":"","ast-breadcrumbs-content":"","ast-featured-img":"","footer-sml-layout":"","ast-disable-related-posts":"","theme-transparent-header-meta":"default","adv-header-id-meta":"","stick-header-meta":"default","header-above-stick-meta":"","header-main-stick-meta":"","header-below-stick-meta":"","astra-migrate-meta-layouts":"set","ast-page-background-enabled":"default","ast-page-background-meta":{"desktop":{"background-color":"var(--ast-global-color-4)","background-image":"","background-repeat":"repeat","background-position":"center center","background-size":"auto","background-attachment":"scroll","background-type":"","background-media":"","overlay-type":"","overlay-color":"","overlay-opacity":"","overlay-gradient":""},"tablet":{"background-color":"","background-image":"","background-repeat":"repeat","background-position":"center center","background-size":"auto","background-attachment":"scroll","background-type":"","background-media":"","overlay-type":"","overlay-color":"","overlay-opacity":"","overlay-gradient":""},"mobile":{"background-color":"","background-image":"","background-repeat":"repeat","background-position":"center center","background-size":"auto","background-attachment":"scroll","background-type":"","background-media":"","overlay-type":"","overlay-color":"","overlay-opacity":"","overlay-gradient":""}},"ast-content-background-meta":{"desktop":{"background-color":"var(--ast-global-color-5)","background-image":"","background-repeat":"repeat","background-position":"center center","background-size":"auto","background-attachment":"scroll","background-type":"","background-media":"","overlay-type":"","overlay-color":"","overlay-opacity":"","overlay-gradient":""},"tablet":{"background-color":"var(--ast-global-color-5)","background-image":"","background-repeat":"repeat","background-position":"center center","background-size":"auto","background-attachment":"scroll","background-type":"","background-media":"","overlay-type":"","overlay-color":"","overlay-opacity":"","overlay-gradient":""},"mobile":{"background-color":"var(--ast-global-color-5)","background-image":"","background-repeat":"repeat","background-position":"center center","background-size":"auto","background-attachment":"scroll","background-type":"","background-media":"","overlay-type":"","overlay-color":"","overlay-opacity":"","overlay-gradient":""}},"jetpack_publicize_message":"","jetpack_publicize_feature_enabled":true,"jetpack_social_post_already_shared":true,"jetpack_social_options":{"image_generator_settings":{"template":"highway","default_image_id":0,"font":"","enabled":false},"version":2}},"product_brand":[4009],"product_cat":[3947],"product_tag":[1520],"class_list":{"0":"post-31432","1":"product","2":"type-product","3":"status-publish","4":"has-post-thumbnail","6":"product_brand-getibogaine","7":"product_cat-iboga-wurzeln-zum-verkauf","8":"product_tag-naturlich","9":"pa_product-state-iboga-wurzelrinden-spane","10":"pa_product-state-iboga-wurzelrindenpulver","11":"desktop-align-left","12":"tablet-align-left","13":"mobile-align-left","14":"ast-product-gallery-layout-horizontal-slider","15":"ast-product-single-variable","16":"ast-product-tabs-layout-horizontal","18":"first","19":"outofstock","20":"shipping-taxable","21":"purchasable","22":"product-type-variable","23":"has-default-attributes"},"jetpack_publicize_connections":[],"jetpack_sharing_enabled":true,"_links":{"self":[{"href":"https:\/\/getibogaine.com\/de\/wp-json\/wp\/v2\/product\/31432","targetHints":{"allow":["GET"]}}],"collection":[{"href":"https:\/\/getibogaine.com\/de\/wp-json\/wp\/v2\/product"}],"about":[{"href":"https:\/\/getibogaine.com\/de\/wp-json\/wp\/v2\/types\/product"}],"replies":[{"embeddable":true,"href":"https:\/\/getibogaine.com\/de\/wp-json\/wp\/v2\/comments?post=31432"}],"version-history":[{"count":0,"href":"https:\/\/getibogaine.com\/de\/wp-json\/wp\/v2\/product\/31432\/revisions"}],"wp:featuredmedia":[{"embeddable":true,"href":"https:\/\/getibogaine.com\/de\/wp-json\/wp\/v2\/media\/34476"}],"wp:attachment":[{"href":"https:\/\/getibogaine.com\/de\/wp-json\/wp\/v2\/media?parent=31432"}],"wp:term":[{"taxonomy":"product_brand","embeddable":true,"href":"https:\/\/getibogaine.com\/de\/wp-json\/wp\/v2\/product_brand?post=31432"},{"taxonomy":"product_cat","embeddable":true,"href":"https:\/\/getibogaine.com\/de\/wp-json\/wp\/v2\/product_cat?post=31432"},{"taxonomy":"product_tag","embeddable":true,"href":"https:\/\/getibogaine.com\/de\/wp-json\/wp\/v2\/product_tag?post=31432"}],"curies":[{"name":"wp","href":"https:\/\/api.w.org\/{rel}","templated":true}]}}