{"id":31438,"date":"2022-10-11T08:53:38","date_gmt":"2022-10-11T07:53:38","guid":{"rendered":"http:\/\/getibogaine.com\/?post_type=product&#038;p=10323"},"modified":"2026-03-17T11:31:06","modified_gmt":"2026-03-17T15:31:06","slug":"iboga-wurzelrinde-in-baltimore-kaufen-40g","status":"publish","type":"product","link":"https:\/\/getibogaine.com\/de\/produkt\/iboga-wurzelrinde-in-baltimore-kaufen-40g\/","title":{"rendered":"Iboga-Wurzelrinde (40 g)"},"content":{"rendered":"<div class=\"row\">\n<div class=\"col-lg-7 col-12\">\n<p style=\"text-align: left;\"><strong>Iboga-Wurzelrinde in Baltimore kaufen<\/strong><\/p>\n<p>Wir wissen, dass Sie online nach der besten Iboga-Wurzelrinde suchen, und wir haben das Richtige f\u00fcr Sie.<\/p>\n<p>Unsere Iboga-Wurzelrinde wird auf unserer eigenen pestizidfreien Iboga-Farm in Zentralafrika produziert. Mit unserer Iboga-Wurzelrinde k\u00f6nnen Sie ein reines, unverf\u00e4lschtes Produkt erwarten, das zur Einnahme bereit ist.<\/p>\n<p>Unsere Iboga-Wurzelrinde ist eines der besten nat\u00fcrlichen <a href=\"http:\/\/getibogaine.com\/ibogaine-therapy-for-drug-and-addiction\/\">Mittel gegen Drogenabh\u00e4ngigkeit<\/a>. Eine gute M\u00f6glichkeit, Ihre Abh\u00e4ngigkeit zu \u00fcberwinden, ist die Verwendung unserer Iboga-Wurzelrinde als Erg\u00e4nzung oder Behandlungsmethode. Unsere Iboga-Wurzelrinde enth\u00e4lt 95 % reinen Ibogaine-Extrakt, der nachweislich Wunder dabei wirkt, die Entzugserscheinungen von Abh\u00e4ngigen zu reduzieren. Unsere Iboga-Wurzelrinde ist 100 % nat\u00fcrlich und damit sicher und wirksam, um Ihnen zu helfen, Ihre Abh\u00e4ngigkeit zu \u00fcberwinden.<\/p>\n<p>Die Verwendung von Iboga-Wurzelrinde ist eine wirksame Methode, um mehrere Krankheiten zu behandeln, und Ihr K\u00f6rper wird sich in kurzer Zeit besser f\u00fchlen. Sie beseitigt die Symptome der Abh\u00e4ngigkeit, und Ihre Gesundheit wird wieder normal. Wenn Sie mit einer Abh\u00e4ngigkeit k\u00e4mpfen, haben Sie m\u00f6glicherweise bereits mehrere Mittel ausprobiert, aber nichts hat bei Ihnen gewirkt. Jetzt ist es Zeit, Iboga-Wurzelrinde auszuprobieren.<\/p>\n<h3><strong>Vorteile der Iboga-Wurzelrinde\u00a0<\/strong><\/h3>\n<p><span style=\"color: #000000;\"><a title=\"Difference Between Iboga And Ibogaine\" href=\"http:\/\/getibogaine.com\/whats-the-difference-between-iboga-and-ibogaine\/\">Iboga und Ibogain<\/a> haben das Potenzial, verschiedene psychische Erkrankungen zu behandeln. Dazu geh\u00f6ren Depressionen, posttraumatische Belastungsst\u00f6rung (PTBS) und verschiedene Arten von Abh\u00e4ngigkeiten. Unten finden Sie eine Liste einiger Vorteile der Anwendung von <a href=\"http:\/\/getibogaine.com\/benefits-of-using-ibogaine-for-nicotine-addiction\/\">Ibogain bei Abh\u00e4ngigkeit.<\/a><\/span><\/p>\n<ul>\n<li><span style=\"color: #000000;\">Bew\u00e4ltigung von Abh\u00e4ngigkeit und weniger schmerzhafte Entzugserscheinungen<\/span><\/li>\n<li><span style=\"color: #000000;\">Intensivere Traumerinnerungen<\/span><\/li>\n<li><span style=\"color: #000000;\">Zentral stimulierende Wirkung<\/span><\/li>\n<li><span style=\"color: #000000;\">Spirituelles, mystisches Gef\u00fchl<\/span><\/li>\n<li><span style=\"color: #000000;\">Klartr\u00e4ume, Klartr\u00e4ume, au\u00dferk\u00f6rperliche Erfahrungen<\/span><\/li>\n<li><span style=\"color: #000000;\">Einblick in das Unterbewusstsein<\/span><\/li>\n<li><span style=\"color: #000000;\">St\u00e4rkung des Selbstvertrauens<\/span><\/li>\n<li><span style=\"color: #000000;\">Bew\u00e4ltigung traumatischer Erlebnisse und St\u00f6rungen<\/span><\/li>\n<li><span style=\"color: #000000;\">Die Fantasie beleben<\/span><\/li>\n<li><span style=\"color: #000000;\">Fr\u00fche Kindheitserinnerungen zug\u00e4nglich machen<\/span><\/li>\n<li><span style=\"color: #000000;\">Entkalkung der Zirbeldr\u00fcse<\/span><\/li>\n<li><span style=\"color: #000000;\">Erholsamer Schlaf<\/span><\/li>\n<li><span style=\"color: #000000;\">Klarheit und Fokus<\/span><\/li>\n<li><span style=\"color: #000000;\">Synchronisation der Gehirnh\u00e4lften<\/span><\/li>\n<\/ul>\n<p>&nbsp;<\/p>\n<p><strong>Herkunft<\/strong>: Iboga-Wurzelrinde in Baltimore aus dem <em>zentralafrikanischen Regenwald<\/em> kaufen<\/p>\n<\/div>\n<\/div>\n","protected":false},"excerpt":{"rendered":"<p>Expressversand mit einer schnellen Lieferzeit von 3\u20137 Tagen<\/p>\n<p>Marke: Get Ibogaine<\/p>\n<p>Gewicht: 40 Gramm<\/p>\n<p>Versandkosten: Wird beim Checkout berechnet<\/p>\n<p>Ihre Bestellung wird innerhalb von 24 Stunden versendet, nachdem Ihr Kauf abgeschlossen ist. Unsere Versandtarife variieren je nach Gewicht des Pakets.<\/p>\n","protected":false},"featured_media":34501,"comment_status":"open","ping_status":"closed","template":"","meta":{"site-sidebar-layout":"default","site-content-layout":"","ast-site-content-layout":"default","site-content-style":"default","site-sidebar-style":"default","ast-global-header-display":"","ast-banner-title-visibility":"","ast-main-header-display":"","ast-hfb-above-header-display":"","ast-hfb-below-header-display":"","ast-hfb-mobile-header-display":"","site-post-title":"","ast-breadcrumbs-content":"","ast-featured-img":"","footer-sml-layout":"","ast-disable-related-posts":"","theme-transparent-header-meta":"default","adv-header-id-meta":"","stick-header-meta":"default","header-above-stick-meta":"","header-main-stick-meta":"","header-below-stick-meta":"","astra-migrate-meta-layouts":"set","ast-page-background-enabled":"default","ast-page-background-meta":{"desktop":{"background-color":"var(--ast-global-color-4)","background-image":"","background-repeat":"repeat","background-position":"center center","background-size":"auto","background-attachment":"scroll","background-type":"","background-media":"","overlay-type":"","overlay-color":"","overlay-opacity":"","overlay-gradient":""},"tablet":{"background-color":"","background-image":"","background-repeat":"repeat","background-position":"center center","background-size":"auto","background-attachment":"scroll","background-type":"","background-media":"","overlay-type":"","overlay-color":"","overlay-opacity":"","overlay-gradient":""},"mobile":{"background-color":"","background-image":"","background-repeat":"repeat","background-position":"center center","background-size":"auto","background-attachment":"scroll","background-type":"","background-media":"","overlay-type":"","overlay-color":"","overlay-opacity":"","overlay-gradient":""}},"ast-content-background-meta":{"desktop":{"background-color":"var(--ast-global-color-5)","background-image":"","background-repeat":"repeat","background-position":"center center","background-size":"auto","background-attachment":"scroll","background-type":"","background-media":"","overlay-type":"","overlay-color":"","overlay-opacity":"","overlay-gradient":""},"tablet":{"background-color":"var(--ast-global-color-5)","background-image":"","background-repeat":"repeat","background-position":"center center","background-size":"auto","background-attachment":"scroll","background-type":"","background-media":"","overlay-type":"","overlay-color":"","overlay-opacity":"","overlay-gradient":""},"mobile":{"background-color":"var(--ast-global-color-5)","background-image":"","background-repeat":"repeat","background-position":"center center","background-size":"auto","background-attachment":"scroll","background-type":"","background-media":"","overlay-type":"","overlay-color":"","overlay-opacity":"","overlay-gradient":""}},"jetpack_publicize_message":"","jetpack_publicize_feature_enabled":true,"jetpack_social_post_already_shared":true,"jetpack_social_options":{"image_generator_settings":{"template":"highway","default_image_id":0,"font":"","enabled":false},"version":2}},"product_brand":[4009],"product_cat":[3947],"product_tag":[1592],"class_list":{"0":"post-31438","1":"product","2":"type-product","3":"status-publish","4":"has-post-thumbnail","6":"product_brand-getibogaine","7":"product_cat-iboga-wurzeln-zum-verkauf","8":"product_tag-iboga","9":"pa_product-state-iboga-wurzelrinden-spane","10":"pa_product-state-iboga-wurzelrindenpulver","11":"desktop-align-left","12":"tablet-align-left","13":"mobile-align-left","14":"ast-product-gallery-layout-horizontal-slider","15":"ast-product-single-variable","16":"ast-product-tabs-layout-horizontal","18":"first","19":"instock","20":"featured","21":"shipping-taxable","22":"purchasable","23":"product-type-variable","24":"has-default-attributes"},"jetpack_publicize_connections":[],"jetpack_sharing_enabled":true,"_links":{"self":[{"href":"https:\/\/getibogaine.com\/de\/wp-json\/wp\/v2\/product\/31438","targetHints":{"allow":["GET"]}}],"collection":[{"href":"https:\/\/getibogaine.com\/de\/wp-json\/wp\/v2\/product"}],"about":[{"href":"https:\/\/getibogaine.com\/de\/wp-json\/wp\/v2\/types\/product"}],"replies":[{"embeddable":true,"href":"https:\/\/getibogaine.com\/de\/wp-json\/wp\/v2\/comments?post=31438"}],"version-history":[{"count":0,"href":"https:\/\/getibogaine.com\/de\/wp-json\/wp\/v2\/product\/31438\/revisions"}],"wp:featuredmedia":[{"embeddable":true,"href":"https:\/\/getibogaine.com\/de\/wp-json\/wp\/v2\/media\/34501"}],"wp:attachment":[{"href":"https:\/\/getibogaine.com\/de\/wp-json\/wp\/v2\/media?parent=31438"}],"wp:term":[{"taxonomy":"product_brand","embeddable":true,"href":"https:\/\/getibogaine.com\/de\/wp-json\/wp\/v2\/product_brand?post=31438"},{"taxonomy":"product_cat","embeddable":true,"href":"https:\/\/getibogaine.com\/de\/wp-json\/wp\/v2\/product_cat?post=31438"},{"taxonomy":"product_tag","embeddable":true,"href":"https:\/\/getibogaine.com\/de\/wp-json\/wp\/v2\/product_tag?post=31438"}],"curies":[{"name":"wp","href":"https:\/\/api.w.org\/{rel}","templated":true}]}}