{"id":31444,"date":"2022-10-12T08:02:29","date_gmt":"2022-10-12T12:02:29","guid":{"rendered":"http:\/\/getibogaine.com\/?post_type=product&#038;p=10327"},"modified":"2026-03-17T11:35:36","modified_gmt":"2026-03-17T15:35:36","slug":"iboga-ta-zu-verkaufen-3-gramm","status":"publish","type":"product","link":"https:\/\/getibogaine.com\/de\/produkt\/iboga-ta-zu-verkaufen-3-gramm\/","title":{"rendered":"Iboga TA (3 g)"},"content":{"rendered":"<div class=\"row\">\n<div class=\"col-lg-7 col-12\">\n<h2 style=\"text-align: left;\"><strong>Iboga TA 3 Gramm<\/strong><\/h2>\n<p>Wir pr\u00e4sentieren Ihnen mit Stolz das legend\u00e4re Iboga TA zum Verkauf (3 Gramm) \u2013 ein revolution\u00e4res Produkt, das Ihre Wahrnehmung der Welt vollst\u00e4ndig ver\u00e4ndern wird. Durch die perfekte Kombination aus <a title=\"Natural\" href=\"http:\/\/getibogaine.com\/product-tag\/natural\/\" data-wpil-monitor-id=\"129\">Natur<\/a> und Wissenschaft liefert dieses Produkt unvergleichliche Ergebnisse, die Sie verwandelt und gest\u00e4rkt zur\u00fccklassen.<\/p>\n<p>Dieses Produkt wird aus reiner Iboga-Wurzelrinde extrahiert, und der Extraktionsprozess wird sorgf\u00e4ltig \u00fcberwacht, um jegliche Verunreinigungen oder Unreinheiten zu beseitigen.<\/p>\n<p>Iboga TA wurde sowohl f\u00fcr Einsteiger als auch f\u00fcr diejenigen entwickelt, die ihre Dosis erh\u00f6hen m\u00f6chten. Dies ist eine rein ganzheitliche <a title=\"LSD Substance Use and Ibogaine Treatment\" href=\"http:\/\/getibogaine.com\/lsd-substance-use-and-ibogaine-treatment\/\" data-wpil-monitor-id=\"130\">Substanz<\/a>, die keine negativen Auswirkungen auf den K\u00f6rper hat. Sie werden eine Reihe von <a title=\"Psychedelics\" href=\"http:\/\/getibogaine.com\/tag\/psychedelics\/\" data-wpil-monitor-id=\"131\">psychedelischen<\/a> Effekten erleben, darunter eine gesteigerte Sinneswahrnehmung, Offenheit, Klarheit und Freude. Iboga TA liegt in einer br\u00e4unlichen Form vor.<\/p>\n<p>Mit Iboga TA k\u00f6nnen Sie dieselben Vorteile genie\u00dfen, wie sie bei <a title=\"ibogaine\" href=\"http:\/\/getibogaine.com\/tag\/ibogaine\/\" data-wpil-monitor-id=\"132\">Ibogaine<\/a> berichtet werden \u2013 jedoch ohne die vielen damit verbundenen Risiken.<\/p>\n<h3>Iboga TA einnehmen<\/h3>\n<ul>\n<li>Eine spirituelle Erfahrung, die Ihr Leben positiv ver\u00e4ndern kann<\/li>\n<li>garantiert Ihnen eine vollumf\u00e4ngliche Ver\u00e4nderung<\/li>\n<li>Mehr Selbstvertrauen in sozialen Situationen<\/li>\n<li>Kreatives Denken und Vertrauen in deine Intuition<\/li>\n<li>Ein besseres Verst\u00e4ndnis des Universums<\/li>\n<\/ul>\n<h3 style=\"text-align: left;\"><strong>Iboga-TA-Inhaltsstoffe<\/strong><\/h3>\n<p>Unser Iboga-TA-Produkt ist ein hochwertiger Extrakt, der sch\u00e4tzungsweise 45 % Ibogain enth\u00e4lt, und er liegt als St\u00fcckchen oder braune Klumpen aus gemahlenem braunem Pulver vor.<\/p>\n<ul>\n<li style=\"text-align: left;\"><span style=\"color: #000000;\"><a style=\"color: #000000;\" href=\"http:\/\/getibogaine.com\/iboga-ta-extract\/\">Extrakt des Ibogain-Alkaloids \u2013 Extrakt zu verkaufen <\/a>ist Iboga-Totalalkaloid-Extrakt.<\/span><\/li>\n<li style=\"text-align: left;\"><span style=\"color: #000000;\">Aus Iboga-Wurzelrindenpulver extrahiert.<\/span><\/li>\n<li style=\"text-align: left;\"><span style=\"color: #000000;\">Besteht zu sch\u00e4tzungsweise 45 % aus <a title=\"ibogaine.\" href=\"http:\/\/getibogaine.com\/tag\/ibogaine-2\/\" data-wpil-monitor-id=\"133\">Ibogain<\/a>.<\/span><\/li>\n<li style=\"text-align: left;\"><span style=\"color: #000000;\">Es erscheint als braune Klumpen.<\/span><\/li>\n<\/ul>\n<p>&nbsp;<\/p>\n<p>Kaufe unsere hochwertigen Produkte noch heute in unserem Shop und profitiere von unseren g\u00fcnstigen Preisen.<\/p>\n<p><strong>Herkunft<\/strong>: Iboga TA zu verkaufen aus Kamerun<\/p>\n<\/div>\n<\/div>\n","protected":false},"excerpt":{"rendered":"<p>Expressversand hat eine schnelle Lieferzeit von 3\u20137 Tagen.<\/p>\n<p><strong>Produkt:<\/strong> Iboga TA<\/p>\n<p><strong>Marke:<\/strong> Get Ibogaine<\/p>\n<p><strong>Gewicht:<\/strong> 3 Gramm<\/p>\n<p><strong>Versandkosten:<\/strong> Werden an der Kasse berechnet<\/p>\n<p><em>Deine Bestellung wird innerhalb von 24 Stunden nach Abschluss deines Kaufs versendet und kommt innerhalb von drei bis sieben Werktagen an. Unsere Versandtarife variieren je nach Gewicht des Pakets.<\/em><\/p>\n","protected":false},"featured_media":34519,"comment_status":"open","ping_status":"closed","template":"","meta":{"site-sidebar-layout":"default","site-content-layout":"","ast-site-content-layout":"default","site-content-style":"default","site-sidebar-style":"default","ast-global-header-display":"","ast-banner-title-visibility":"","ast-main-header-display":"","ast-hfb-above-header-display":"","ast-hfb-below-header-display":"","ast-hfb-mobile-header-display":"","site-post-title":"","ast-breadcrumbs-content":"","ast-featured-img":"","footer-sml-layout":"","ast-disable-related-posts":"","theme-transparent-header-meta":"default","adv-header-id-meta":"","stick-header-meta":"default","header-above-stick-meta":"","header-main-stick-meta":"","header-below-stick-meta":"","astra-migrate-meta-layouts":"set","ast-page-background-enabled":"default","ast-page-background-meta":{"desktop":{"background-color":"var(--ast-global-color-4)","background-image":"","background-repeat":"repeat","background-position":"center center","background-size":"auto","background-attachment":"scroll","background-type":"","background-media":"","overlay-type":"","overlay-color":"","overlay-opacity":"","overlay-gradient":""},"tablet":{"background-color":"","background-image":"","background-repeat":"repeat","background-position":"center center","background-size":"auto","background-attachment":"scroll","background-type":"","background-media":"","overlay-type":"","overlay-color":"","overlay-opacity":"","overlay-gradient":""},"mobile":{"background-color":"","background-image":"","background-repeat":"repeat","background-position":"center center","background-size":"auto","background-attachment":"scroll","background-type":"","background-media":"","overlay-type":"","overlay-color":"","overlay-opacity":"","overlay-gradient":""}},"ast-content-background-meta":{"desktop":{"background-color":"var(--ast-global-color-5)","background-image":"","background-repeat":"repeat","background-position":"center center","background-size":"auto","background-attachment":"scroll","background-type":"","background-media":"","overlay-type":"","overlay-color":"","overlay-opacity":"","overlay-gradient":""},"tablet":{"background-color":"var(--ast-global-color-5)","background-image":"","background-repeat":"repeat","background-position":"center center","background-size":"auto","background-attachment":"scroll","background-type":"","background-media":"","overlay-type":"","overlay-color":"","overlay-opacity":"","overlay-gradient":""},"mobile":{"background-color":"var(--ast-global-color-5)","background-image":"","background-repeat":"repeat","background-position":"center center","background-size":"auto","background-attachment":"scroll","background-type":"","background-media":"","overlay-type":"","overlay-color":"","overlay-opacity":"","overlay-gradient":""}},"jetpack_publicize_message":"","jetpack_publicize_feature_enabled":true,"jetpack_social_post_already_shared":true,"jetpack_social_options":{"image_generator_settings":{"template":"highway","default_image_id":0,"font":"","enabled":false},"version":2}},"product_brand":[4009],"product_cat":[4547],"product_tag":[1547,1520],"class_list":{"0":"post-31444","1":"product","2":"type-product","3":"status-publish","4":"has-post-thumbnail","6":"product_brand-getibogaine","7":"product_cat-iboga-ta","8":"product_tag-iboga-ta","9":"product_tag-naturlich","10":"desktop-align-left","11":"tablet-align-left","12":"mobile-align-left","13":"ast-product-gallery-layout-horizontal-slider","14":"ast-product-tabs-layout-horizontal","16":"first","17":"instock","18":"shipping-taxable","19":"purchasable","20":"product-type-simple"},"jetpack_publicize_connections":[],"jetpack_sharing_enabled":true,"_links":{"self":[{"href":"https:\/\/getibogaine.com\/de\/wp-json\/wp\/v2\/product\/31444","targetHints":{"allow":["GET"]}}],"collection":[{"href":"https:\/\/getibogaine.com\/de\/wp-json\/wp\/v2\/product"}],"about":[{"href":"https:\/\/getibogaine.com\/de\/wp-json\/wp\/v2\/types\/product"}],"replies":[{"embeddable":true,"href":"https:\/\/getibogaine.com\/de\/wp-json\/wp\/v2\/comments?post=31444"}],"version-history":[{"count":0,"href":"https:\/\/getibogaine.com\/de\/wp-json\/wp\/v2\/product\/31444\/revisions"}],"wp:featuredmedia":[{"embeddable":true,"href":"https:\/\/getibogaine.com\/de\/wp-json\/wp\/v2\/media\/34519"}],"wp:attachment":[{"href":"https:\/\/getibogaine.com\/de\/wp-json\/wp\/v2\/media?parent=31444"}],"wp:term":[{"taxonomy":"product_brand","embeddable":true,"href":"https:\/\/getibogaine.com\/de\/wp-json\/wp\/v2\/product_brand?post=31444"},{"taxonomy":"product_cat","embeddable":true,"href":"https:\/\/getibogaine.com\/de\/wp-json\/wp\/v2\/product_cat?post=31444"},{"taxonomy":"product_tag","embeddable":true,"href":"https:\/\/getibogaine.com\/de\/wp-json\/wp\/v2\/product_tag?post=31444"}],"curies":[{"name":"wp","href":"https:\/\/api.w.org\/{rel}","templated":true}]}}