{"id":31456,"date":"2022-10-12T08:45:53","date_gmt":"2022-10-12T12:45:53","guid":{"rendered":"http:\/\/getibogaine.com\/?post_type=product&#038;p=10329"},"modified":"2026-03-17T11:35:37","modified_gmt":"2026-03-17T15:35:37","slug":"iboga-ta-4-gramm","status":"publish","type":"product","link":"https:\/\/getibogaine.com\/de\/produkt\/iboga-ta-4-gramm\/","title":{"rendered":"Iboga TA (4 g)"},"content":{"rendered":"<div class=\"row\">\n<div class=\"col-lg-7 col-12\">\n<h2 style=\"text-align: left;\"><strong>Iboga TA 4 Gramm<\/strong><\/h2>\n<p>Kaufen Sie noch heute unser Iboga Total-Alkaloid-Extrakt. Es ist uns eine gro\u00dfe Freude, Ihnen das legend\u00e4re Iboga TA 4 Gramm zu pr\u00e4sentieren. Dieses revolution\u00e4re Produkt vereint das Beste aus <a title=\"Natural\" href=\"http:\/\/getibogaine.com\/product-tag\/natural\/\" data-wpil-monitor-id=\"118\">Natur<\/a> und Wissenschaft, damit Sie eine Vollspektrum-Ver\u00e4nderung Ihrer Wahrnehmung der Welt erleben k\u00f6nnen.<\/p>\n<p>Dieses Produkt wird aus reiner Iboga-Wurzelrinde extrahiert, und der Extraktionsprozess wird sorgf\u00e4ltig \u00fcberwacht, um jegliche Verunreinigungen oder Schadstoffe zu entfernen.<\/p>\n<p>Iboga TA\u00a0ist eine br\u00e4unliche Substanz, die f\u00fcr Einsteiger und f\u00fcr alle entwickelt wurde, die ihre Dosis erh\u00f6hen m\u00f6chten. Es ist eine rein ganzheitliche\u00a0<a href=\"http:\/\/getibogaine.com\/lsd-substance-use-and-ibogaine-treatment\/\" target=\"_blank\" rel=\"noopener\">Substanz<\/a>, die den K\u00f6rper nicht negativ beeinflusst. Sie werden eine Vielzahl\u00a0<a href=\"http:\/\/getibogaine.com\/tag\/psychedelics\/\" target=\"_blank\" rel=\"noopener\">psychedelischer<\/a> Effekte erleben, darunter eine gesteigerte Sinneswahrnehmung, Offenheit, Klarheit und Freude.<\/p>\n<p>Mit Iboga TA k\u00f6nnen Sie die gleichen Vorteile genie\u00dfen, wie sie bei Ibogaine berichtet werden \u2013 jedoch ohne die vielen damit verbundenen Risiken.<\/p>\n<h3><strong>Iboga TA einnehmen\u00a0<\/strong><\/h3>\n<ul>\n<li>Ein spirituelles Erlebnis, das Ihr Leben positiv ver\u00e4ndern kann<\/li>\n<li>garantiert, dass Sie eine Vollspektrum-Ver\u00e4nderung erleben<\/li>\n<li>Mehr Selbstvertrauen in sozialen Situationen<\/li>\n<li>Kreatives Denken und dem eigenen Bauchgef\u00fchl vertrauen<\/li>\n<li>Ein tieferes Verst\u00e4ndnis des Universums<\/li>\n<\/ul>\n<h3 style=\"text-align: left;\"><strong>Iboga-TA-Inhaltsstoffe<\/strong><\/h3>\n<p>Unser Iboga-TA-Produkt ist ein hochwertiger Extrakt, der sch\u00e4tzungsweise 45 % Ibogain enth\u00e4lt. Er liegt in Form von St\u00fccken oder braunen Klumpen aus gemahlenem braunem Pulver vor.<\/p>\n<ul>\n<li style=\"text-align: left;\"><span style=\"color: #000000;\">Der Ibogain-Alkaloid-Extrakt<a style=\"color: #000000;\" href=\"http:\/\/getibogaine.com\/iboga-ta-extract\/\">\u00a0zum Verkauf <\/a>ist Iboga-Gesamtalkaloid-Extrakt.<\/span><\/li>\n<li style=\"text-align: left;\"><span style=\"color: #000000;\">Gewonnen aus Iboga-Wurzelrindenpulver.<\/span><\/li>\n<li style=\"text-align: left;\"><span style=\"color: #000000;\">Er besteht zu sch\u00e4tzungsweise 45 % aus <a title=\"ibogaine\" href=\"http:\/\/getibogaine.com\/tag\/ibogaine\/\" data-wpil-monitor-id=\"121\">Ibogain<\/a>.<\/span><\/li>\n<li style=\"text-align: left;\"><span style=\"color: #000000;\">Er erscheint als braune Klumpen.<\/span><\/li>\n<\/ul>\n<p>Kaufen Sie noch heute unsere hochwertigen Produkte in unserem Shop und profitieren Sie von unseren g\u00fcnstigen Preisen.<\/p>\n<p><strong>Herkunft<\/strong>: <em>Zentralafrikanischer Regenwald<\/em><\/p>\n<\/div>\n<\/div>\n","protected":false},"excerpt":{"rendered":"<p>Expressversand hat eine schnelle Lieferzeit von 3\u20137 Tagen.<\/p>\n<p>Produkt: Iboga TA<\/p>\n<p>Marke: Get Ibogaine<\/p>\n<p>Gewicht: 4 Gramm<\/p>\n<p>Versandkosten: Wird an der Kasse berechnet<\/p>\n<p><em>Ihre Bestellung wird innerhalb von 24 Stunden nach dem Kauf versandt und kommt innerhalb von drei bis sieben Werktagen an. Unsere Versandtarife variieren je nach Gewicht des Pakets.<\/em><\/p>\n","protected":false},"featured_media":34537,"comment_status":"open","ping_status":"closed","template":"","meta":{"site-sidebar-layout":"default","site-content-layout":"","ast-site-content-layout":"default","site-content-style":"default","site-sidebar-style":"default","ast-global-header-display":"","ast-banner-title-visibility":"","ast-main-header-display":"","ast-hfb-above-header-display":"","ast-hfb-below-header-display":"","ast-hfb-mobile-header-display":"","site-post-title":"","ast-breadcrumbs-content":"","ast-featured-img":"","footer-sml-layout":"","ast-disable-related-posts":"","theme-transparent-header-meta":"default","adv-header-id-meta":"","stick-header-meta":"default","header-above-stick-meta":"","header-main-stick-meta":"","header-below-stick-meta":"","astra-migrate-meta-layouts":"set","ast-page-background-enabled":"default","ast-page-background-meta":{"desktop":{"background-color":"var(--ast-global-color-4)","background-image":"","background-repeat":"repeat","background-position":"center center","background-size":"auto","background-attachment":"scroll","background-type":"","background-media":"","overlay-type":"","overlay-color":"","overlay-opacity":"","overlay-gradient":""},"tablet":{"background-color":"","background-image":"","background-repeat":"repeat","background-position":"center center","background-size":"auto","background-attachment":"scroll","background-type":"","background-media":"","overlay-type":"","overlay-color":"","overlay-opacity":"","overlay-gradient":""},"mobile":{"background-color":"","background-image":"","background-repeat":"repeat","background-position":"center center","background-size":"auto","background-attachment":"scroll","background-type":"","background-media":"","overlay-type":"","overlay-color":"","overlay-opacity":"","overlay-gradient":""}},"ast-content-background-meta":{"desktop":{"background-color":"var(--ast-global-color-5)","background-image":"","background-repeat":"repeat","background-position":"center center","background-size":"auto","background-attachment":"scroll","background-type":"","background-media":"","overlay-type":"","overlay-color":"","overlay-opacity":"","overlay-gradient":""},"tablet":{"background-color":"var(--ast-global-color-5)","background-image":"","background-repeat":"repeat","background-position":"center center","background-size":"auto","background-attachment":"scroll","background-type":"","background-media":"","overlay-type":"","overlay-color":"","overlay-opacity":"","overlay-gradient":""},"mobile":{"background-color":"var(--ast-global-color-5)","background-image":"","background-repeat":"repeat","background-position":"center center","background-size":"auto","background-attachment":"scroll","background-type":"","background-media":"","overlay-type":"","overlay-color":"","overlay-opacity":"","overlay-gradient":""}},"jetpack_publicize_message":"","jetpack_publicize_feature_enabled":true,"jetpack_social_post_already_shared":true,"jetpack_social_options":{"image_generator_settings":{"template":"highway","default_image_id":0,"font":"","enabled":false},"version":2}},"product_brand":[4009],"product_cat":[4547],"product_tag":[1547,1520],"class_list":{"0":"post-31456","1":"product","2":"type-product","3":"status-publish","4":"has-post-thumbnail","6":"product_brand-getibogaine","7":"product_cat-iboga-ta","8":"product_tag-iboga-ta","9":"product_tag-naturlich","10":"desktop-align-left","11":"tablet-align-left","12":"mobile-align-left","13":"ast-product-gallery-layout-horizontal-slider","14":"ast-product-tabs-layout-horizontal","16":"first","17":"instock","18":"sold-individually","19":"shipping-taxable","20":"purchasable","21":"product-type-simple"},"jetpack_publicize_connections":[],"jetpack_sharing_enabled":true,"_links":{"self":[{"href":"https:\/\/getibogaine.com\/de\/wp-json\/wp\/v2\/product\/31456","targetHints":{"allow":["GET"]}}],"collection":[{"href":"https:\/\/getibogaine.com\/de\/wp-json\/wp\/v2\/product"}],"about":[{"href":"https:\/\/getibogaine.com\/de\/wp-json\/wp\/v2\/types\/product"}],"replies":[{"embeddable":true,"href":"https:\/\/getibogaine.com\/de\/wp-json\/wp\/v2\/comments?post=31456"}],"version-history":[{"count":0,"href":"https:\/\/getibogaine.com\/de\/wp-json\/wp\/v2\/product\/31456\/revisions"}],"wp:featuredmedia":[{"embeddable":true,"href":"https:\/\/getibogaine.com\/de\/wp-json\/wp\/v2\/media\/34537"}],"wp:attachment":[{"href":"https:\/\/getibogaine.com\/de\/wp-json\/wp\/v2\/media?parent=31456"}],"wp:term":[{"taxonomy":"product_brand","embeddable":true,"href":"https:\/\/getibogaine.com\/de\/wp-json\/wp\/v2\/product_brand?post=31456"},{"taxonomy":"product_cat","embeddable":true,"href":"https:\/\/getibogaine.com\/de\/wp-json\/wp\/v2\/product_cat?post=31456"},{"taxonomy":"product_tag","embeddable":true,"href":"https:\/\/getibogaine.com\/de\/wp-json\/wp\/v2\/product_tag?post=31456"}],"curies":[{"name":"wp","href":"https:\/\/api.w.org\/{rel}","templated":true}]}}