{"id":31462,"date":"2022-10-12T08:55:22","date_gmt":"2022-10-12T12:55:22","guid":{"rendered":"http:\/\/getibogaine.com\/?post_type=product&#038;p=10330"},"modified":"2026-03-18T13:52:11","modified_gmt":"2026-03-18T17:52:11","slug":"kaufen-sie-8-gramm-iboga-ta","status":"publish","type":"product","link":"https:\/\/getibogaine.com\/de\/produkt\/kaufen-sie-8-gramm-iboga-ta\/","title":{"rendered":"Iboga TA (8 g)"},"content":{"rendered":"<div class=\"row\">\n<div class=\"col-lg-7 col-12\">\n<h2 style=\"text-align: left;\"><strong>Iboga TA 8 Gramm<\/strong><\/h2>\n<p>Ben\u00f6tigen Sie 8 Gramm Iboga TA? Sie sind nur einen Schritt davon entfernt, es zu bekommen.<\/p>\n<p>Mit gro\u00dfer Freude pr\u00e4sentieren wir Ihnen das legend\u00e4re <strong>Iboga TA 8 Gramm<\/strong>. Dies ist ein revolution\u00e4res Produkt, das das Beste aus Natur und Wissenschaft vereint, damit Sie eine ganzheitliche Ver\u00e4nderung Ihrer Wahrnehmung der Welt erleben k\u00f6nnen.<\/p>\n<p>Dieses Produkt wird aus reiner Iboga-Wurzelrinde extrahiert, und der Extraktionsprozess wird sorgf\u00e4ltig \u00fcberwacht, um jegliche Verunreinigungen oder Unreinheiten zu beseitigen.<\/p>\n<p>Iboga TA wurde sowohl f\u00fcr Anf\u00e4nger als auch f\u00fcr diejenigen entwickelt, die ihre Dosis erh\u00f6hen m\u00f6chten. Au\u00dferdem ist dies eine rein ganzheitliche Substanz, die keine negativen Auswirkungen auf den K\u00f6rper hat. Sie werden eine Vielzahl psychedelischer Effekte erleben, darunter eine gesteigerte Sinneswahrnehmung, Offenheit, Klarheit und Freude. Iboga TA liegt in einer br\u00e4unlichen Form vor.<\/p>\n<p>Mit Iboga TA k\u00f6nnen Sie die gleichen Vorteile genie\u00dfen, wie sie von Ibogaine berichtet werden \u2013 ohne die vielen damit verbundenen Risiken.<\/p>\n<\/div>\n<\/div>\n<h3><strong>Iboga TA einnehmen\u00a0<\/strong><\/h3>\n<ul>\n<li>Ein spirituelles Erlebnis, das Ihr Leben positiv ver\u00e4ndern kann<\/li>\n<li>garantiert Ihnen eine ganzheitliche Ver\u00e4nderung<\/li>\n<li>Mehr Selbstvertrauen in sozialen Situationen<\/li>\n<li>Kreatives Denken und Vertrauen in Ihre Intuition<\/li>\n<li>Ein gr\u00f6\u00dferes Verst\u00e4ndnis des Universums<\/li>\n<\/ul>\n<p>&nbsp;<\/p>\n<div class=\"row\">\n<div class=\"col-lg-7 col-12\">\n<h3 style=\"text-align: left;\"><strong>Iboga TA Inhaltsstoffe<\/strong><\/h3>\n<p>Unser Iboga-TA-Produkt ist ein hochwertiger Extrakt, der sch\u00e4tzungsweise 45% Ibogain enth\u00e4lt und als St\u00fccke oder braune Klumpen aus gemahlenem braunen Pulver erscheint.<\/p>\n<ul>\n<li style=\"text-align: left;\"><span style=\"color: #000000;\"><a style=\"color: #000000;\" href=\"http:\/\/getibogaine.com\/iboga-ta-extract\/\">Extrakt aus Ibogain-Alkaloid-Extrakt zu verkaufen <\/a>ist ein Extrakt aus Ibogain-Alkaloid.<\/span><\/li>\n<li style=\"text-align: left;\"><span style=\"color: #000000;\">Extrahiert aus Iboga-Wurzelrindenpulver.<\/span><\/li>\n<li style=\"text-align: left;\"><span style=\"color: #000000;\">Besteht zu sch\u00e4tzungsweise 45% aus Ibogain.<\/span><\/li>\n<li style=\"text-align: left;\"><span style=\"color: #000000;\">Es erscheint als braune Klumpen.<\/span><\/li>\n<\/ul>\n<p>&nbsp;<\/p>\n<p>Kaufen Sie unsere hochwertigen Produkte noch heute in unserem Shop und profitieren Sie von unseren g\u00fcnstigen Preisen.<\/p>\n<p><strong>Herkunft<\/strong>: <em>Kaufen Sie 8 Gramm Iboga TA aus Kamerun<\/em><\/p>\n<\/div>\n<\/div>\n","protected":false},"excerpt":{"rendered":"<p>Der Expressversand hat eine schnelle Lieferzeit von 3\u20137 Tagen.<\/p>\n<p>Produkt: Iboga TA<\/p>\n<p>Marke: Get Ibogaine<\/p>\n<p>Gewicht: 8 Gramm<\/p>\n<p>Versandkosten: Wird an der Kasse berechnet<\/p>\n<p>Ihre Bestellung wird innerhalb von 24 Stunden nach Abschluss Ihres Einkaufs versandt und kommt innerhalb von drei bis sieben Werktagen an. Unsere Versandkosten variieren je nach Gewicht des Pakets.<\/p>\n","protected":false},"featured_media":34549,"comment_status":"open","ping_status":"closed","template":"","meta":{"site-sidebar-layout":"default","site-content-layout":"","ast-site-content-layout":"default","site-content-style":"default","site-sidebar-style":"default","ast-global-header-display":"","ast-banner-title-visibility":"","ast-main-header-display":"","ast-hfb-above-header-display":"","ast-hfb-below-header-display":"","ast-hfb-mobile-header-display":"","site-post-title":"","ast-breadcrumbs-content":"","ast-featured-img":"","footer-sml-layout":"","ast-disable-related-posts":"","theme-transparent-header-meta":"default","adv-header-id-meta":"","stick-header-meta":"default","header-above-stick-meta":"","header-main-stick-meta":"","header-below-stick-meta":"","astra-migrate-meta-layouts":"set","ast-page-background-enabled":"default","ast-page-background-meta":{"desktop":{"background-color":"var(--ast-global-color-4)","background-image":"","background-repeat":"repeat","background-position":"center center","background-size":"auto","background-attachment":"scroll","background-type":"","background-media":"","overlay-type":"","overlay-color":"","overlay-opacity":"","overlay-gradient":""},"tablet":{"background-color":"","background-image":"","background-repeat":"repeat","background-position":"center center","background-size":"auto","background-attachment":"scroll","background-type":"","background-media":"","overlay-type":"","overlay-color":"","overlay-opacity":"","overlay-gradient":""},"mobile":{"background-color":"","background-image":"","background-repeat":"repeat","background-position":"center center","background-size":"auto","background-attachment":"scroll","background-type":"","background-media":"","overlay-type":"","overlay-color":"","overlay-opacity":"","overlay-gradient":""}},"ast-content-background-meta":{"desktop":{"background-color":"var(--ast-global-color-5)","background-image":"","background-repeat":"repeat","background-position":"center center","background-size":"auto","background-attachment":"scroll","background-type":"","background-media":"","overlay-type":"","overlay-color":"","overlay-opacity":"","overlay-gradient":""},"tablet":{"background-color":"var(--ast-global-color-5)","background-image":"","background-repeat":"repeat","background-position":"center center","background-size":"auto","background-attachment":"scroll","background-type":"","background-media":"","overlay-type":"","overlay-color":"","overlay-opacity":"","overlay-gradient":""},"mobile":{"background-color":"var(--ast-global-color-5)","background-image":"","background-repeat":"repeat","background-position":"center center","background-size":"auto","background-attachment":"scroll","background-type":"","background-media":"","overlay-type":"","overlay-color":"","overlay-opacity":"","overlay-gradient":""}},"jetpack_publicize_message":"","jetpack_publicize_feature_enabled":true,"jetpack_social_post_already_shared":true,"jetpack_social_options":{"image_generator_settings":{"template":"highway","default_image_id":0,"font":"","enabled":false},"version":2}},"product_brand":[4009],"product_cat":[4547],"product_tag":[1547,1520],"class_list":{"0":"post-31462","1":"product","2":"type-product","3":"status-publish","4":"has-post-thumbnail","6":"product_brand-getibogaine","7":"product_cat-iboga-ta","8":"product_tag-iboga-ta","9":"product_tag-naturlich","10":"desktop-align-left","11":"tablet-align-left","12":"mobile-align-left","13":"ast-product-gallery-layout-horizontal-slider","14":"ast-product-tabs-layout-horizontal","16":"first","17":"instock","18":"shipping-taxable","19":"purchasable","20":"product-type-simple"},"jetpack_publicize_connections":[],"jetpack_sharing_enabled":true,"_links":{"self":[{"href":"https:\/\/getibogaine.com\/de\/wp-json\/wp\/v2\/product\/31462","targetHints":{"allow":["GET"]}}],"collection":[{"href":"https:\/\/getibogaine.com\/de\/wp-json\/wp\/v2\/product"}],"about":[{"href":"https:\/\/getibogaine.com\/de\/wp-json\/wp\/v2\/types\/product"}],"replies":[{"embeddable":true,"href":"https:\/\/getibogaine.com\/de\/wp-json\/wp\/v2\/comments?post=31462"}],"version-history":[{"count":0,"href":"https:\/\/getibogaine.com\/de\/wp-json\/wp\/v2\/product\/31462\/revisions"}],"wp:featuredmedia":[{"embeddable":true,"href":"https:\/\/getibogaine.com\/de\/wp-json\/wp\/v2\/media\/34549"}],"wp:attachment":[{"href":"https:\/\/getibogaine.com\/de\/wp-json\/wp\/v2\/media?parent=31462"}],"wp:term":[{"taxonomy":"product_brand","embeddable":true,"href":"https:\/\/getibogaine.com\/de\/wp-json\/wp\/v2\/product_brand?post=31462"},{"taxonomy":"product_cat","embeddable":true,"href":"https:\/\/getibogaine.com\/de\/wp-json\/wp\/v2\/product_cat?post=31462"},{"taxonomy":"product_tag","embeddable":true,"href":"https:\/\/getibogaine.com\/de\/wp-json\/wp\/v2\/product_tag?post=31462"}],"curies":[{"name":"wp","href":"https:\/\/api.w.org\/{rel}","templated":true}]}}