{"id":31474,"date":"2022-10-13T08:15:11","date_gmt":"2022-10-13T07:15:11","guid":{"rendered":"http:\/\/getibogaine.com\/?post_type=product&#038;p=10335"},"modified":"2026-03-17T11:36:51","modified_gmt":"2026-03-17T15:36:51","slug":"wo-bekommt-man-3g-ibogaine-hcl-zum-verkauf","status":"publish","type":"product","link":"https:\/\/getibogaine.com\/de\/produkt\/wo-bekommt-man-3g-ibogaine-hcl-zum-verkauf\/","title":{"rendered":"Ibogaine HCL (3g)"},"content":{"rendered":"<div class=\"row\">\n<div class=\"col-lg-7 col-12\">\n<h2 style=\"text-align: left;\"><strong>Ibogaine-HCl 3 Gramm<\/strong><\/h2>\n<p>Suchen Sie nach: Wo kann man 3 g Ibogaine-HCl kaufen? Wenn es um Ibogaine-HCl zum Verkauf geht, ist unser Shop einer der f\u00fchrenden Anbieter von <a href=\"http:\/\/getibogaine.com\">hochwertiger Iboga-Wurzelrinde online<\/a>.<\/p>\n<p>Wenn Sie Ibogaine-HCl kaufen m\u00f6chten, ist dies eine ausgezeichnete Wahl. Unser Ibogaine wird als wei\u00dfes Pulver extrahiert, und unser Ibogaine-HCl besteht zu 95 % aus Ibogaine. Das macht es zu einem der potentesten verf\u00fcgbaren Produkte und kann daher in kleineren Mengen eingenommen werden als viele andere \u00e4hnliche Produkte.<\/p>\n<p>Mit unserem Ibogaine-HCl werden Sie psychedelische Effekte wie Halluzinationen erleben, jedoch mit einem klaren und sicheren Gef\u00fchl, das es erm\u00f6glicht, aus dem Prozess neue Einsichten zu gewinnen. Sie k\u00f6nnten Empfindungen des Schwebens und Fliegens haben oder Visionen, in denen Sie mit Warp-Geschwindigkeit durch Tunnel reisen. Wichtig ist, sich daran zu erinnern, dass dies nicht nur Halluzinationen sind; Ihr Bewusstsein verlangsamt sich, damit Sie traumatische Erinnerungen schnell genug verarbeiten k\u00f6nnen, sodass diese Bilder von Ihrem Unterbewusstsein verarbeitet werden. Das wird in vielen Bereichen Ihres Lebens geschehen und Ihnen die M\u00f6glichkeit geben, eine tiefere Verbindung zu sich selbst aufzubauen. Suchen Sie nicht weiter: Wo kann man 3 g Ibogaine-HCl kaufen. Kaufen Sie jetzt hier.<\/p>\n<h3 style=\"text-align: left;\"><strong>Grundbestandteile unseres Ibogaine-HCl<\/strong><\/h3>\n<ul>\n<li style=\"text-align: left;\">Reines Ibogaine-HCl wurde aus Tabernanthe extrahiert.<\/li>\n<li style=\"text-align: left;\">Besteht zu 95 % aus Ibogaine.<\/li>\n<li style=\"text-align: left;\">HCL erscheint als braunes Pulver statt wei\u00df.<\/li>\n<\/ul>\n<h3 style=\"text-align: left;\"><strong>Vorteile unseres Ibogaine HCL<\/strong><\/h3>\n<p>Unser zum Verkauf stehendes Ibogaine ist reines Ibogaine HCL, extrahiert aus Tabernanthe.<br \/>\nDar\u00fcber hinaus bieten wir Ihnen beim Bestellen dieses Produkts folgende Vorteile:<\/p>\n<ul>\n<li>Ein garantierter Standard von &gt;95% Ibogaine-HCL-Gehalt.<\/li>\n<li>Es wird im Labor ohne den Einsatz von Chemikalien oder L\u00f6sungsmitteln wie Aceton oder Ether hergestellt<\/li>\n<li>Seit 2017 verfeinern wir unsere Iboga-Extraktionen mit fachlicher Expertise und widmen uns der Herstellung hochwertiger Extrakte f\u00fcr medizinische Zwecke.<\/li>\n<li>Ibogaine HCL kann eine Person f\u00fcr einen Zeitraum von einer Woche bis zu 12 Monaten vollst\u00e4ndig aus dem k\u00f6rperlichen und psychischen Zustand der Abh\u00e4ngigkeit herausl\u00f6sen.<\/li>\n<li>Ibogaine HCL hat eine Wirkung, die oft mit Heilung durch g\u00f6ttliches Eingreifen verglichen wird. Wer dieses Wundermittel erlebt hat, wei\u00df es.<\/li>\n<li>Ein weiterer gro\u00dfer Vorteil von Ibogaine HCL sind seine nat\u00fcrlichen Heilwirkungen gegen bestimmte Beschwerden. Dieses Mittel gilt als hilfreich bei Depressionen und bei Opiatabh\u00e4ngigkeit.<\/li>\n<\/ul>\n<h3 style=\"text-align: left;\"><strong>Warum bei uns kaufen?<\/strong><\/h3>\n<p>Im Gegensatz zu anderen Anbietern verkaufen wir ausschlie\u00dflich Iboga-Produkte. Das liegt an unserem Anspruch, die reinste Form von Ibogaine HCL zu einem erschwinglichen Preis anzubieten. Ihnen wird auffallen, dass manche Anbieter eine gro\u00dfe Produktauswahl haben. Kunden k\u00f6nnen davon jedoch auch \u00fcberfordert werden.<\/p>\n<p><strong>Herkunft<\/strong>: Kamerun<\/p>\n<\/div>\n<\/div>\n","protected":false},"excerpt":{"rendered":"<p>Expressversand hat eine schnelle Lieferzeit von 3\u20137 Tagen.<\/p>\n<p>Produkt: Ibogaine HCL<\/p>\n<p>Marke: Get Ibogaine<\/p>\n<p>Gewicht: 3<\/p>\n<p>Gramm Versandkosten: Werden an der Kasse berechnet<\/p>\n<p>Ihre Bestellung wird innerhalb von 24 Stunden nach Abschluss Ihres Kaufs versendet und kommt innerhalb von drei bis sieben Werktagen an. Unsere Versandkosten variieren je nach Gewicht des Pakets.<\/p>\n","protected":false},"featured_media":34568,"comment_status":"open","ping_status":"closed","template":"","meta":{"site-sidebar-layout":"default","site-content-layout":"","ast-site-content-layout":"default","site-content-style":"default","site-sidebar-style":"default","ast-global-header-display":"","ast-banner-title-visibility":"","ast-main-header-display":"","ast-hfb-above-header-display":"","ast-hfb-below-header-display":"","ast-hfb-mobile-header-display":"","site-post-title":"","ast-breadcrumbs-content":"","ast-featured-img":"","footer-sml-layout":"","ast-disable-related-posts":"","theme-transparent-header-meta":"default","adv-header-id-meta":"","stick-header-meta":"default","header-above-stick-meta":"","header-main-stick-meta":"","header-below-stick-meta":"","astra-migrate-meta-layouts":"set","ast-page-background-enabled":"default","ast-page-background-meta":{"desktop":{"background-color":"var(--ast-global-color-4)","background-image":"","background-repeat":"repeat","background-position":"center center","background-size":"auto","background-attachment":"scroll","background-type":"","background-media":"","overlay-type":"","overlay-color":"","overlay-opacity":"","overlay-gradient":""},"tablet":{"background-color":"","background-image":"","background-repeat":"repeat","background-position":"center center","background-size":"auto","background-attachment":"scroll","background-type":"","background-media":"","overlay-type":"","overlay-color":"","overlay-opacity":"","overlay-gradient":""},"mobile":{"background-color":"","background-image":"","background-repeat":"repeat","background-position":"center center","background-size":"auto","background-attachment":"scroll","background-type":"","background-media":"","overlay-type":"","overlay-color":"","overlay-opacity":"","overlay-gradient":""}},"ast-content-background-meta":{"desktop":{"background-color":"var(--ast-global-color-5)","background-image":"","background-repeat":"repeat","background-position":"center center","background-size":"auto","background-attachment":"scroll","background-type":"","background-media":"","overlay-type":"","overlay-color":"","overlay-opacity":"","overlay-gradient":""},"tablet":{"background-color":"var(--ast-global-color-5)","background-image":"","background-repeat":"repeat","background-position":"center center","background-size":"auto","background-attachment":"scroll","background-type":"","background-media":"","overlay-type":"","overlay-color":"","overlay-opacity":"","overlay-gradient":""},"mobile":{"background-color":"var(--ast-global-color-5)","background-image":"","background-repeat":"repeat","background-position":"center center","background-size":"auto","background-attachment":"scroll","background-type":"","background-media":"","overlay-type":"","overlay-color":"","overlay-opacity":"","overlay-gradient":""}},"jetpack_publicize_message":"","jetpack_publicize_feature_enabled":true,"jetpack_social_post_already_shared":true,"jetpack_social_options":{"image_generator_settings":{"template":"highway","default_image_id":0,"font":"","enabled":false},"version":2}},"product_brand":[4009],"product_cat":[3959],"product_tag":[1538,1520],"class_list":{"0":"post-31474","1":"product","2":"type-product","3":"status-publish","4":"has-post-thumbnail","6":"product_brand-getibogaine","7":"product_cat-ibogain-hcl-kaufen","8":"product_tag-ibogain-hcl","9":"product_tag-naturlich","10":"desktop-align-left","11":"tablet-align-left","12":"mobile-align-left","13":"ast-product-gallery-layout-horizontal-slider","14":"ast-product-tabs-layout-horizontal","16":"first","17":"instock","18":"sale","19":"shipping-taxable","20":"purchasable","21":"product-type-simple"},"jetpack_publicize_connections":[],"jetpack_sharing_enabled":true,"_links":{"self":[{"href":"https:\/\/getibogaine.com\/de\/wp-json\/wp\/v2\/product\/31474","targetHints":{"allow":["GET"]}}],"collection":[{"href":"https:\/\/getibogaine.com\/de\/wp-json\/wp\/v2\/product"}],"about":[{"href":"https:\/\/getibogaine.com\/de\/wp-json\/wp\/v2\/types\/product"}],"replies":[{"embeddable":true,"href":"https:\/\/getibogaine.com\/de\/wp-json\/wp\/v2\/comments?post=31474"}],"version-history":[{"count":0,"href":"https:\/\/getibogaine.com\/de\/wp-json\/wp\/v2\/product\/31474\/revisions"}],"wp:featuredmedia":[{"embeddable":true,"href":"https:\/\/getibogaine.com\/de\/wp-json\/wp\/v2\/media\/34568"}],"wp:attachment":[{"href":"https:\/\/getibogaine.com\/de\/wp-json\/wp\/v2\/media?parent=31474"}],"wp:term":[{"taxonomy":"product_brand","embeddable":true,"href":"https:\/\/getibogaine.com\/de\/wp-json\/wp\/v2\/product_brand?post=31474"},{"taxonomy":"product_cat","embeddable":true,"href":"https:\/\/getibogaine.com\/de\/wp-json\/wp\/v2\/product_cat?post=31474"},{"taxonomy":"product_tag","embeddable":true,"href":"https:\/\/getibogaine.com\/de\/wp-json\/wp\/v2\/product_tag?post=31474"}],"curies":[{"name":"wp","href":"https:\/\/api.w.org\/{rel}","templated":true}]}}