{"id":31480,"date":"2022-10-13T08:40:21","date_gmt":"2022-10-13T07:40:21","guid":{"rendered":"http:\/\/getibogaine.com\/?post_type=product&#038;p=10337"},"modified":"2026-03-17T11:36:51","modified_gmt":"2026-03-17T15:36:51","slug":"ibogain-hcl-4-g-zu-verkaufen","status":"publish","type":"product","link":"https:\/\/getibogaine.com\/de\/produkt\/ibogain-hcl-4-g-zu-verkaufen\/","title":{"rendered":"Ibogaine HCL (4 g)"},"content":{"rendered":"<div class=\"row\">\n<div class=\"col-lg-7 col-12\">\n<h2 style=\"text-align: left;\"><strong>Ibogaine HCL 4 Gramm<\/strong><\/h2>\n<p>Ibogaine HCL 4 g zu verkaufen. Wenn es um Ibogaine HCL geht, ist unser Shop einer der f\u00fchrenden Anbieter von hochwertigem Ibogaine HCL online. Wir sind nicht nur f\u00fchrende Anbieter von Ibogaine HCL, sondern auch f\u00fchrende Anbieter von Iboga-Wurzelrinde und Iboga TA online.<\/p>\n<p>Ibogaine HCL 4 g zu kaufen ist eine ausgezeichnete Wahl. Unser Ibogaine wird als wei\u00dfes Pulver extrahiert, und unser Ibogaine HCL besteht zu 95 % aus Ibogaine. Das macht es zu einem der potentesten verf\u00fcgbaren Produkte, und daher kann es in kleineren Mengen konsumiert werden als viele andere vergleichbare Produkte.<\/p>\n<p>Mit unserem Ibogaine HCL wirst du psychedelische Effekte wie Halluzinationen erleben, jedoch mit einem klaren und sicheren Gef\u00fchl, das es erm\u00f6glicht, aus dem Prozess neue Erkenntnisse zu gewinnen. Du kannst Empfindungen des Schwebens und Fliegens haben oder Visionen, in denen du mit Warpgeschwindigkeit durch Tunnel reist. Wichtig ist, sich daran zu erinnern, dass dies nicht nur Halluzinationen sind; dein Bewusstsein verlangsamt sich, damit du traumatische Erinnerungen schnell genug verarbeiten kannst, sodass diese Bilder von deinem Unterbewusstsein verarbeitet werden k\u00f6nnen. Das wird sich in vielen Bereichen deines Lebens zeigen und dir die M\u00f6glichkeit geben, dich tiefer mit dir selbst zu verbinden.<\/p>\n<h3 style=\"text-align: left;\"><strong>Grundbestandteile unseres Ibogaine HCL<\/strong><\/h3>\n<ul>\n<li style=\"text-align: left;\">Reines Ibogaine HCL wurde aus Tabernanthe extrahiert.<\/li>\n<li style=\"text-align: left;\">Besteht zu 95 % aus Ibogaine.<\/li>\n<li style=\"text-align: left;\">HCL erscheint als braunes Pulver statt wei\u00df.<\/li>\n<\/ul>\n<h3 style=\"text-align: left;\"><strong>Vorteile unseres Ibogaine HCL<\/strong><\/h3>\n<p>Unser zum Verkauf angebotenes Ibogaine ist reines Ibogaine HCL, extrahiert aus Tabernanthe.<br \/>\nAu\u00dferdem bieten wir Ihnen beim Bestellen dieses Produkts folgende Vorteile:<\/p>\n<ul>\n<li>Ein garantierter Standard von &gt;95% Ibogaine-HCL-Gehalt.<\/li>\n<li>Es wird in einem Labor ohne den Einsatz von Chemikalien oder L\u00f6sungsmitteln wie Aceton oder Ether hergestellt.<\/li>\n<li>Seit 2017 verfeinern wir unsere Iboga-Extraktionen fachkundig und sind der Herstellung hochwertiger Extrakte f\u00fcr medizinische Zwecke verpflichtet.<\/li>\n<li>Ibogaine HCL kann eine Person f\u00fcr einen Zeitraum von einer Woche bis zu 12 Monaten vollst\u00e4ndig aus dem k\u00f6rperlichen und psychischen Zustand der Abh\u00e4ngigkeit herausholen.<\/li>\n<li>Ibogaine HCL hat eine Wirkung, die oft mit Heilung durch g\u00f6ttliches Eingreifen verglichen wird. Wer dieses Wundermittel erlebt hat, wei\u00df es.<\/li>\n<li>Ein weiterer gro\u00dfer Vorteil von Ibogaine HCL sind seine nat\u00fcrlichen Heilwirkungen gegen bestimmte Beschwerden. Dieses Mittel gilt als hilfreich bei Depressionen und Opioidabh\u00e4ngigkeit.<\/li>\n<\/ul>\n<h3 style=\"text-align: left;\"><strong>Warum bei uns kaufen?<\/strong><\/h3>\n<p>Im Gegensatz zu anderen Anbietern verkaufen wir ausschlie\u00dflich Iboga-Produkte. Das liegt an unserem Anspruch, die reinste Form von Ibogaine HCL zu einem erschwinglichen Preis anzubieten. Sie werden feststellen, dass manche Anbieter eine gro\u00dfe Produktauswahl haben. Allerdings k\u00f6nnen Kunden dadurch auch \u00fcberfordert werden.<\/p>\n<p><strong>Herkunft<\/strong>: Ibogaine HCL 4 g aus Kamerun kaufen<\/p>\n<\/div>\n<\/div>\n","protected":false},"excerpt":{"rendered":"<p>Expressversand hat eine schnelle Lieferzeit von 3\u20137 Tagen.<\/p>\n<p>Produkt: Ibogaine HCL<\/p>\n<p>Marke: Get Ibogaine<\/p>\n<p>Gewicht: 4 Gramm<\/p>\n<p>Versandkosten: Werden beim Checkout berechnet<\/p>\n<h5>Warum Ibogaine HCL bei uns kaufen?<\/h5>\n<ul>\n<li>Ein garantierter Standard von &gt;95 % Ibogaine-HCl-Gehalt.<\/li>\n<li>Es wird im Labor ohne den Einsatz von Chemikalien oder L\u00f6sungsmitteln wie Aceton oder Ether hergestellt.<\/li>\n<li>Seit 2017 verfeinern wir unsere Iboga-Extraktionen mit Expertise und widmen uns der Herstellung hochwertiger Extrakte, die f\u00fcr medizinische und Forschungszwecke bestimmt sind.<\/li>\n<li>Unser Expressversand ist schnell und betr\u00e4gt weltweit drei bis sieben Tage.<\/li>\n<li>Ibogaine HCL kann eine Person f\u00fcr einen Zeitraum von einer Woche bis zu 12 Monaten vollst\u00e4ndig aus dem k\u00f6rperlichen und psychischen Zustand der Abh\u00e4ngigkeit herausl\u00f6sen.<\/li>\n<li>Die Wirkung von Ibogaine HCL wird oft mit einer Heilung durch g\u00f6ttliches Eingreifen verglichen. Wer dieses Wundermittel erlebt hat, wei\u00df es.<\/li>\n<li>Ein weiterer gro\u00dfer Vorteil von Ibogaine HCL sind seine nat\u00fcrlichen Wirkungen gegen bestimmte Beschwerden. Dieses Mittel gilt als hilfreich bei Depressionen und bei Opiatabh\u00e4ngigkeit.<\/li>\n<\/ul>\n<p><em>Ihre Bestellung wird innerhalb von 24 Stunden nach Abschluss Ihres Kaufs versendet und kommt innerhalb von drei bis sieben Werktagen an. Unsere Versandtarife variieren je nach Gewicht des Pakets.<\/em><\/p>\n","protected":false},"featured_media":34586,"comment_status":"open","ping_status":"closed","template":"","meta":{"site-sidebar-layout":"default","site-content-layout":"","ast-site-content-layout":"default","site-content-style":"default","site-sidebar-style":"default","ast-global-header-display":"","ast-banner-title-visibility":"","ast-main-header-display":"","ast-hfb-above-header-display":"","ast-hfb-below-header-display":"","ast-hfb-mobile-header-display":"","site-post-title":"","ast-breadcrumbs-content":"","ast-featured-img":"","footer-sml-layout":"","ast-disable-related-posts":"","theme-transparent-header-meta":"default","adv-header-id-meta":"","stick-header-meta":"default","header-above-stick-meta":"","header-main-stick-meta":"","header-below-stick-meta":"","astra-migrate-meta-layouts":"set","ast-page-background-enabled":"default","ast-page-background-meta":{"desktop":{"background-color":"var(--ast-global-color-4)","background-image":"","background-repeat":"repeat","background-position":"center center","background-size":"auto","background-attachment":"scroll","background-type":"","background-media":"","overlay-type":"","overlay-color":"","overlay-opacity":"","overlay-gradient":""},"tablet":{"background-color":"","background-image":"","background-repeat":"repeat","background-position":"center center","background-size":"auto","background-attachment":"scroll","background-type":"","background-media":"","overlay-type":"","overlay-color":"","overlay-opacity":"","overlay-gradient":""},"mobile":{"background-color":"","background-image":"","background-repeat":"repeat","background-position":"center center","background-size":"auto","background-attachment":"scroll","background-type":"","background-media":"","overlay-type":"","overlay-color":"","overlay-opacity":"","overlay-gradient":""}},"ast-content-background-meta":{"desktop":{"background-color":"var(--ast-global-color-5)","background-image":"","background-repeat":"repeat","background-position":"center center","background-size":"auto","background-attachment":"scroll","background-type":"","background-media":"","overlay-type":"","overlay-color":"","overlay-opacity":"","overlay-gradient":""},"tablet":{"background-color":"var(--ast-global-color-5)","background-image":"","background-repeat":"repeat","background-position":"center center","background-size":"auto","background-attachment":"scroll","background-type":"","background-media":"","overlay-type":"","overlay-color":"","overlay-opacity":"","overlay-gradient":""},"mobile":{"background-color":"var(--ast-global-color-5)","background-image":"","background-repeat":"repeat","background-position":"center center","background-size":"auto","background-attachment":"scroll","background-type":"","background-media":"","overlay-type":"","overlay-color":"","overlay-opacity":"","overlay-gradient":""}},"jetpack_publicize_message":"","jetpack_publicize_feature_enabled":true,"jetpack_social_post_already_shared":true,"jetpack_social_options":{"image_generator_settings":{"template":"highway","default_image_id":0,"font":"","enabled":false},"version":2}},"product_brand":[4009],"product_cat":[3959],"product_tag":[1538,1520],"class_list":{"0":"post-31480","1":"product","2":"type-product","3":"status-publish","4":"has-post-thumbnail","6":"product_brand-getibogaine","7":"product_cat-ibogain-hcl-kaufen","8":"product_tag-ibogain-hcl","9":"product_tag-naturlich","10":"desktop-align-left","11":"tablet-align-left","12":"mobile-align-left","13":"ast-product-gallery-layout-horizontal-slider","14":"ast-product-tabs-layout-horizontal","16":"first","17":"instock","18":"shipping-taxable","19":"purchasable","20":"product-type-simple"},"jetpack_publicize_connections":[],"jetpack_sharing_enabled":true,"_links":{"self":[{"href":"https:\/\/getibogaine.com\/de\/wp-json\/wp\/v2\/product\/31480","targetHints":{"allow":["GET"]}}],"collection":[{"href":"https:\/\/getibogaine.com\/de\/wp-json\/wp\/v2\/product"}],"about":[{"href":"https:\/\/getibogaine.com\/de\/wp-json\/wp\/v2\/types\/product"}],"replies":[{"embeddable":true,"href":"https:\/\/getibogaine.com\/de\/wp-json\/wp\/v2\/comments?post=31480"}],"version-history":[{"count":0,"href":"https:\/\/getibogaine.com\/de\/wp-json\/wp\/v2\/product\/31480\/revisions"}],"wp:featuredmedia":[{"embeddable":true,"href":"https:\/\/getibogaine.com\/de\/wp-json\/wp\/v2\/media\/34586"}],"wp:attachment":[{"href":"https:\/\/getibogaine.com\/de\/wp-json\/wp\/v2\/media?parent=31480"}],"wp:term":[{"taxonomy":"product_brand","embeddable":true,"href":"https:\/\/getibogaine.com\/de\/wp-json\/wp\/v2\/product_brand?post=31480"},{"taxonomy":"product_cat","embeddable":true,"href":"https:\/\/getibogaine.com\/de\/wp-json\/wp\/v2\/product_cat?post=31480"},{"taxonomy":"product_tag","embeddable":true,"href":"https:\/\/getibogaine.com\/de\/wp-json\/wp\/v2\/product_tag?post=31480"}],"curies":[{"name":"wp","href":"https:\/\/api.w.org\/{rel}","templated":true}]}}