{"id":31510,"date":"2022-10-13T09:44:52","date_gmt":"2022-10-13T08:44:52","guid":{"rendered":"http:\/\/getibogaine.com\/?post_type=product&#038;p=10345"},"modified":"2026-03-17T11:32:17","modified_gmt":"2026-03-17T15:32:17","slug":"ibogaine-hcl-2-gramm","status":"publish","type":"product","link":"https:\/\/getibogaine.com\/de\/produkt\/ibogaine-hcl-2-gramm\/","title":{"rendered":"Ibogaine HCL (2g)"},"content":{"rendered":"<div class=\"row\">\n<div class=\"col-lg-7 col-12\">\n<h2 style=\"text-align: left;\"><strong>Ibogaine HCL 2 Gramm<\/strong><\/h2>\n<p>Kaufen Sie Ibogaine HCL (2 g), ein vollkommen nat\u00fcrliches Nahrungserg\u00e4nzungsmittel mit starken, suchthemmenden Wirkungen.<\/p>\n<p>Was Ibogaine HCL betrifft, ist unser Shop einer der f\u00fchrenden Anbieter hochwertiger Iboga-Wurzelrinde online.<\/p>\n<p>Wenn Sie Ibogaine HCL kaufen m\u00f6chten, ist dies eine ausgezeichnete Wahl. Unser Ibogaine wird als wei\u00dfes Pulver extrahiert, und unser Ibogaine HCL besteht zu 95 % aus Ibogaine. Das macht es zu einem der wirksamsten verf\u00fcgbaren Produkte und kann daher in kleineren Mengen eingenommen werden als viele andere vergleichbare Produkte.<\/p>\n<p>Mit unserem Ibogaine HCL werden Sie psychedelische Effekte wie Halluzinationen erleben, jedoch mit einem klaren und sicheren Gef\u00fchl, das es erm\u00f6glicht, aus dem Prozess neue Einsichten zu gewinnen. Sie k\u00f6nnen Empfindungen des Schwebens und Fliegens oder Visionen vom Reisen durch Tunnel in Warpgeschwindigkeit haben. Wichtig ist, sich daran zu erinnern, dass dies nicht blo\u00df Halluzinationen sind; Ihr bewusstes Denken verlangsamt sich, damit Sie traumatische Erinnerungen schnell genug verarbeiten k\u00f6nnen, sodass diese Bilder von Ihrem Unterbewusstsein verarbeitet werden k\u00f6nnen. Das wird in vielen Bereichen Ihres Lebens geschehen und Ihnen erm\u00f6glichen, eine tiefere Verbindung zu sich selbst aufzubauen.<\/p>\n<h3 style=\"text-align: left;\"><strong>Grundbestandteile unseres Ibogaine HCL<\/strong><\/h3>\n<ul>\n<li style=\"text-align: left;\">Reines Ibogaine-HCL wurde aus Tabernanthe extrahiert.<\/li>\n<li style=\"text-align: left;\">Besteht zu 95% aus Ibogaine.<\/li>\n<li style=\"text-align: left;\">HCL erscheint als braunes Pulver statt wei\u00df.<\/li>\n<\/ul>\n<h3 style=\"text-align: left;\"><strong>Vorteile unseres Ibogaine HCL<\/strong><\/h3>\n<p>Unser zum Verkauf stehendes Ibogaine ist reines Ibogaine-HCL, das aus Tabernanthe extrahiert wurde.<br \/>\nZus\u00e4tzlich bieten wir Ihnen beim Bestellen dieses Produkts folgende Vorteile:<\/p>\n<ul>\n<li>Ein garantierter Standard von &gt;95% Ibogaine-HCL-Gehalt.<\/li>\n<li>Es wird in einem Labor ohne Chemikalien oder L\u00f6sungsmittel wie Aceton oder Ether hergestellt.<\/li>\n<li>Seit 2017 verfeinern wir unsere Iboga-Extraktionen mit Fachkenntnis und widmen uns der Herstellung hochwertiger Extrakte, die f\u00fcr medizinische Zwecke bestimmt sind.<\/li>\n<li>Ibogaine-HCL kann eine Person f\u00fcr einen Zeitraum von <strong>einer Woche bis zu 12 Monaten<\/strong> vollst\u00e4ndig aus dem k\u00f6rperlichen und psychischen Zustand der Abh\u00e4ngigkeit herausl\u00f6sen.<\/li>\n<li>Ibogaine-HCL hat eine Wirkung, die oft mit Heilung durch g\u00f6ttliches Eingreifen verglichen wird. Wer dieses Wunderpr\u00e4parat erlebt hat, wei\u00df es.<\/li>\n<li>Ein weiterer gro\u00dfer Vorteil von Ibogaine-HCL sind seine nat\u00fcrlichen Heilmittel gegen bestimmte Beschwerden. Dieses Mittel gilt als hilfreich bei Depressionen und Opiatabh\u00e4ngigkeit.<\/li>\n<\/ul>\n<h3 style=\"text-align: left;\"><strong>Warum bei uns kaufen?<\/strong><\/h3>\n<p>Im Gegensatz zu anderen Anbietern verkaufen wir ausschlie\u00dflich Iboga-Produkte. Das liegt an unserem Anspruch, die reinste Form von Ibogaine-HCL zu einem erschwinglichen Preis anzubieten. Ihnen wird auffallen, dass manche Anbieter eine gro\u00dfe Produktauswahl haben. Dadurch k\u00f6nnen Kundinnen und Kunden jedoch auch \u00fcberfordert werden.<\/p>\n<p><strong>Herkunft<\/strong>: Kamerun<\/p>\n<\/div>\n<\/div>\n","protected":false},"excerpt":{"rendered":"<p>Expressversand hat eine schnelle Lieferzeit von 3\u20137 Tagen.<\/p>\n<p>Produkt: Ibogaine HCL<\/p>\n<p>Marke: Get Ibogaine<\/p>\n<p>Gewicht: 2 Gramm<\/p>\n<p>Versandkosten: Werden an der Kasse berechnet<\/p>\n<p>&nbsp;<\/p>\n","protected":false},"featured_media":34697,"comment_status":"open","ping_status":"closed","template":"","meta":{"site-sidebar-layout":"default","site-content-layout":"","ast-site-content-layout":"default","site-content-style":"default","site-sidebar-style":"default","ast-global-header-display":"","ast-banner-title-visibility":"","ast-main-header-display":"","ast-hfb-above-header-display":"","ast-hfb-below-header-display":"","ast-hfb-mobile-header-display":"","site-post-title":"","ast-breadcrumbs-content":"","ast-featured-img":"","footer-sml-layout":"","ast-disable-related-posts":"","theme-transparent-header-meta":"default","adv-header-id-meta":"","stick-header-meta":"default","header-above-stick-meta":"","header-main-stick-meta":"","header-below-stick-meta":"","astra-migrate-meta-layouts":"set","ast-page-background-enabled":"default","ast-page-background-meta":{"desktop":{"background-color":"var(--ast-global-color-4)","background-image":"","background-repeat":"repeat","background-position":"center center","background-size":"auto","background-attachment":"scroll","background-type":"","background-media":"","overlay-type":"","overlay-color":"","overlay-opacity":"","overlay-gradient":""},"tablet":{"background-color":"","background-image":"","background-repeat":"repeat","background-position":"center center","background-size":"auto","background-attachment":"scroll","background-type":"","background-media":"","overlay-type":"","overlay-color":"","overlay-opacity":"","overlay-gradient":""},"mobile":{"background-color":"","background-image":"","background-repeat":"repeat","background-position":"center center","background-size":"auto","background-attachment":"scroll","background-type":"","background-media":"","overlay-type":"","overlay-color":"","overlay-opacity":"","overlay-gradient":""}},"ast-content-background-meta":{"desktop":{"background-color":"var(--ast-global-color-5)","background-image":"","background-repeat":"repeat","background-position":"center center","background-size":"auto","background-attachment":"scroll","background-type":"","background-media":"","overlay-type":"","overlay-color":"","overlay-opacity":"","overlay-gradient":""},"tablet":{"background-color":"var(--ast-global-color-5)","background-image":"","background-repeat":"repeat","background-position":"center center","background-size":"auto","background-attachment":"scroll","background-type":"","background-media":"","overlay-type":"","overlay-color":"","overlay-opacity":"","overlay-gradient":""},"mobile":{"background-color":"var(--ast-global-color-5)","background-image":"","background-repeat":"repeat","background-position":"center center","background-size":"auto","background-attachment":"scroll","background-type":"","background-media":"","overlay-type":"","overlay-color":"","overlay-opacity":"","overlay-gradient":""}},"jetpack_publicize_message":"","jetpack_publicize_feature_enabled":true,"jetpack_social_post_already_shared":true,"jetpack_social_options":{"image_generator_settings":{"template":"highway","default_image_id":0,"font":"","enabled":false},"version":2}},"product_brand":[4009],"product_cat":[3959],"product_tag":[1538,1520],"class_list":{"0":"post-31510","1":"product","2":"type-product","3":"status-publish","4":"has-post-thumbnail","6":"product_brand-getibogaine","7":"product_cat-ibogain-hcl-kaufen","8":"product_tag-ibogain-hcl","9":"product_tag-naturlich","10":"desktop-align-left","11":"tablet-align-left","12":"mobile-align-left","13":"ast-product-gallery-layout-horizontal-slider","14":"ast-product-tabs-layout-horizontal","16":"first","17":"instock","18":"sale","19":"shipping-taxable","20":"purchasable","21":"product-type-simple"},"jetpack_publicize_connections":[],"jetpack_sharing_enabled":true,"_links":{"self":[{"href":"https:\/\/getibogaine.com\/de\/wp-json\/wp\/v2\/product\/31510","targetHints":{"allow":["GET"]}}],"collection":[{"href":"https:\/\/getibogaine.com\/de\/wp-json\/wp\/v2\/product"}],"about":[{"href":"https:\/\/getibogaine.com\/de\/wp-json\/wp\/v2\/types\/product"}],"replies":[{"embeddable":true,"href":"https:\/\/getibogaine.com\/de\/wp-json\/wp\/v2\/comments?post=31510"}],"version-history":[{"count":0,"href":"https:\/\/getibogaine.com\/de\/wp-json\/wp\/v2\/product\/31510\/revisions"}],"wp:featuredmedia":[{"embeddable":true,"href":"https:\/\/getibogaine.com\/de\/wp-json\/wp\/v2\/media\/34697"}],"wp:attachment":[{"href":"https:\/\/getibogaine.com\/de\/wp-json\/wp\/v2\/media?parent=31510"}],"wp:term":[{"taxonomy":"product_brand","embeddable":true,"href":"https:\/\/getibogaine.com\/de\/wp-json\/wp\/v2\/product_brand?post=31510"},{"taxonomy":"product_cat","embeddable":true,"href":"https:\/\/getibogaine.com\/de\/wp-json\/wp\/v2\/product_cat?post=31510"},{"taxonomy":"product_tag","embeddable":true,"href":"https:\/\/getibogaine.com\/de\/wp-json\/wp\/v2\/product_tag?post=31510"}],"curies":[{"name":"wp","href":"https:\/\/api.w.org\/{rel}","templated":true}]}}