{"id":31516,"date":"2022-10-18T12:23:29","date_gmt":"2022-10-18T16:23:29","guid":{"rendered":"http:\/\/getibogaine.com\/?post_type=product&#038;p=10907"},"modified":"2026-03-09T05:38:25","modified_gmt":"2026-03-09T09:38:25","slug":"iboga-samen-in-spitzenqualitaet","status":"publish","type":"product","link":"https:\/\/getibogaine.com\/de\/produkt\/iboga-samen-in-spitzenqualitaet\/","title":{"rendered":"Iboga-Samen in Spitzenqualit\u00e4t"},"content":{"rendered":"<div class=\"row\">\n<div class=\"col-lg-7 col-12\">\n<h2 style=\"text-align: left;\"><strong>Iboga-Samen stehen zum Verkauf.<\/strong><\/h2>\n<p><iframe title=\"YouTube-Video-Player\" src=\"https:\/\/www.youtube.com\/embed\/mrVr6IpjWoY?si=BcEUYr2m0tNODoRN\" width=\"560\" height=\"315\" frameborder=\"0\" allowfullscreen=\"allowfullscreen\"><\/iframe><br \/>\nErhalten Sie hochwertige, frische Iboga-Samen zum Verkauf. Iboga ist ein starkes Halluzinogen und psychedelisches Mittel, das seit Jahrhunderten wegen seiner medizinischen Eigenschaften verwendet wird. Wir garantieren hochwertige, frische Iboga-Samen und 10\u201315% mehr Samen als die meisten anderen Anbieter.<\/p>\n<h3><strong>Was sind Iboga-Samen?<\/strong><\/h3>\n<p>Auch bekannt als <em>\u201edas Wundermittel\u201c<\/em> ist Iboga ein Halluzinogen, das aus den Wurzeln eines Baumes gewonnen wird, der in Zentralafrika w\u00e4chst. Weitere Namen f\u00fcr die Pflanze sind Bushman\u2019s Snuff und Little Death. Koloniale Europ\u00e4er machten den Brauch, Iboga einzunehmen, popul\u00e4r.<\/p>\n<p>In reichhaltiger, fruchtbarer Erde angebaut, ist <a href=\"http:\/\/getibogaine.com\/product\/iboga-root-barks-1kg\/\">Iboga<\/a> ein kleiner Strauch, der sich bei viel Sonne zu einem kleinen Baum entwickelt. Wir bieten unseren Kunden stets die gr\u00f6\u00dfte Auswahl und den schnellsten Versand von Iboga-Samen weltweit. Unsere handverlesenen Samen stehen f\u00fcr die h\u00f6chste Qualit\u00e4t, die es zu jedem Preis gibt!<\/p>\n<p><strong>Herkunft<\/strong>: Iboga-Samen zu verkaufen aus Kamerun<\/p>\n<\/div>\n<\/div>\n","protected":false},"excerpt":{"rendered":"<p>Expressversand hat eine schnelle Lieferzeit von 3\u20137 Tagen.<\/p>\n<p>Produkt: Iboga-Samen<\/p>\n<p>Marke: Get Ibogaine<\/p>\n<p>Menge: 30 Samen sind verf\u00fcgbar<\/p>\n<p>Versandkosten: Werden an der Kasse berechnet<\/p>\n<ul>\n<li>Wir verkaufen ausschlie\u00dflich hochwertige, zuverl\u00e4ssige Iboga-Samen. Unser freundliches Kundenservice-Team ist 7 Tage die Woche f\u00fcr Sie da. Mit einigen der besten Preise und einer gro\u00dfen Produktauswahl ist Ihre Zufriedenheit garantiert!<\/li>\n<\/ul>\n<p><em>Ihre Bestellung wird innerhalb von 24 Stunden nach dem Kauf versendet und trifft innerhalb von drei bis sieben Werktagen ein. Ausgenommen an Feiertagen und Wochenenden versenden wir von Montag bis Freitag. Unsere Versandtarife variieren je nach Gewicht des Pakets.<\/em><\/p>\n","protected":false},"featured_media":34710,"comment_status":"open","ping_status":"closed","template":"","meta":{"site-sidebar-layout":"default","site-content-layout":"","ast-site-content-layout":"default","site-content-style":"default","site-sidebar-style":"default","ast-global-header-display":"","ast-banner-title-visibility":"","ast-main-header-display":"","ast-hfb-above-header-display":"","ast-hfb-below-header-display":"","ast-hfb-mobile-header-display":"","site-post-title":"","ast-breadcrumbs-content":"","ast-featured-img":"","footer-sml-layout":"","ast-disable-related-posts":"","theme-transparent-header-meta":"default","adv-header-id-meta":"","stick-header-meta":"default","header-above-stick-meta":"","header-main-stick-meta":"","header-below-stick-meta":"","astra-migrate-meta-layouts":"set","ast-page-background-enabled":"default","ast-page-background-meta":{"desktop":{"background-color":"var(--ast-global-color-4)","background-image":"","background-repeat":"repeat","background-position":"center center","background-size":"auto","background-attachment":"scroll","background-type":"","background-media":"","overlay-type":"","overlay-color":"","overlay-opacity":"","overlay-gradient":""},"tablet":{"background-color":"","background-image":"","background-repeat":"repeat","background-position":"center center","background-size":"auto","background-attachment":"scroll","background-type":"","background-media":"","overlay-type":"","overlay-color":"","overlay-opacity":"","overlay-gradient":""},"mobile":{"background-color":"","background-image":"","background-repeat":"repeat","background-position":"center center","background-size":"auto","background-attachment":"scroll","background-type":"","background-media":"","overlay-type":"","overlay-color":"","overlay-opacity":"","overlay-gradient":""}},"ast-content-background-meta":{"desktop":{"background-color":"var(--ast-global-color-5)","background-image":"","background-repeat":"repeat","background-position":"center center","background-size":"auto","background-attachment":"scroll","background-type":"","background-media":"","overlay-type":"","overlay-color":"","overlay-opacity":"","overlay-gradient":""},"tablet":{"background-color":"var(--ast-global-color-5)","background-image":"","background-repeat":"repeat","background-position":"center center","background-size":"auto","background-attachment":"scroll","background-type":"","background-media":"","overlay-type":"","overlay-color":"","overlay-opacity":"","overlay-gradient":""},"mobile":{"background-color":"var(--ast-global-color-5)","background-image":"","background-repeat":"repeat","background-position":"center center","background-size":"auto","background-attachment":"scroll","background-type":"","background-media":"","overlay-type":"","overlay-color":"","overlay-opacity":"","overlay-gradient":""}},"jetpack_publicize_message":"","jetpack_publicize_feature_enabled":true,"jetpack_social_post_already_shared":true,"jetpack_social_options":{"image_generator_settings":{"template":"highway","default_image_id":0,"font":"","enabled":false},"version":2}},"product_brand":[4009],"product_cat":[4539],"product_tag":[1574,1520],"class_list":{"0":"post-31516","1":"product","2":"type-product","3":"status-publish","4":"has-post-thumbnail","6":"product_brand-getibogaine","7":"product_cat-uncategorized-de","8":"product_tag-iboga-samen","9":"product_tag-naturlich","10":"desktop-align-left","11":"tablet-align-left","12":"mobile-align-left","13":"ast-product-gallery-layout-horizontal-slider","14":"ast-product-single-variable","15":"ast-product-tabs-layout-horizontal","17":"first","18":"instock","19":"shipping-taxable","20":"purchasable","21":"product-type-variable","22":"has-default-attributes"},"jetpack_publicize_connections":[],"jetpack_sharing_enabled":true,"_links":{"self":[{"href":"https:\/\/getibogaine.com\/de\/wp-json\/wp\/v2\/product\/31516","targetHints":{"allow":["GET"]}}],"collection":[{"href":"https:\/\/getibogaine.com\/de\/wp-json\/wp\/v2\/product"}],"about":[{"href":"https:\/\/getibogaine.com\/de\/wp-json\/wp\/v2\/types\/product"}],"replies":[{"embeddable":true,"href":"https:\/\/getibogaine.com\/de\/wp-json\/wp\/v2\/comments?post=31516"}],"version-history":[{"count":0,"href":"https:\/\/getibogaine.com\/de\/wp-json\/wp\/v2\/product\/31516\/revisions"}],"wp:featuredmedia":[{"embeddable":true,"href":"https:\/\/getibogaine.com\/de\/wp-json\/wp\/v2\/media\/34710"}],"wp:attachment":[{"href":"https:\/\/getibogaine.com\/de\/wp-json\/wp\/v2\/media?parent=31516"}],"wp:term":[{"taxonomy":"product_brand","embeddable":true,"href":"https:\/\/getibogaine.com\/de\/wp-json\/wp\/v2\/product_brand?post=31516"},{"taxonomy":"product_cat","embeddable":true,"href":"https:\/\/getibogaine.com\/de\/wp-json\/wp\/v2\/product_cat?post=31516"},{"taxonomy":"product_tag","embeddable":true,"href":"https:\/\/getibogaine.com\/de\/wp-json\/wp\/v2\/product_tag?post=31516"}],"curies":[{"name":"wp","href":"https:\/\/api.w.org\/{rel}","templated":true}]}}