{"id":31522,"date":"2022-10-20T04:40:40","date_gmt":"2022-10-20T08:40:40","guid":{"rendered":"http:\/\/getibogaine.com\/?post_type=product&#038;p=11054"},"modified":"2026-03-09T05:53:48","modified_gmt":"2026-03-09T09:53:48","slug":"qualitaets-voacanga-kaufen","status":"publish","type":"product","link":"https:\/\/getibogaine.com\/de\/produkt\/qualitaets-voacanga-kaufen\/","title":{"rendered":"Voacanga"},"content":{"rendered":"<div class=\"row\">\n<div class=\"col-lg-7 col-12\">\n<h2 style=\"text-align: left;\">Qualit\u00e4ts-Voacanga kaufen<\/h2>\n<p data-pm-slice=\"1 1 []\">Kaufen Sie Qualit\u00e4ts-Voacanga: Ein kleiner Baum, bekannt als Voacanga Africana, ist in den \u00fcppigen, feuchten B\u00f6den der westafrikanischen tropischen und subtropischen W\u00e4lder heimisch. Anfangs w\u00fcrden viele ihn leicht f\u00fcr eine weitere Zierpflanze im Hinterhof halten. Voacanga Africana erreicht eine maximale H\u00f6he von 6 Metern. Seine Bl\u00e4tter bestehen aus langen, \u00fcppigen ovalen Formen; je nach Exemplar wirken seine Bl\u00fcten wie winzige Schneeflocken und sind entweder wei\u00df oder gelb.<\/p>\n<p>Die Fr\u00fcchte von Voacanga Africana sind riesige, gesprenkelte Bohnen, die bei Reife in zwei H\u00e4lften aufplatzen. Danach wird das gelbe Fruchtfleisch von Tieren gefressen, was letztlich der Pflanze hilft, ihre Samen zu verbreiten. <a href=\"https:\/\/getibogaine.com\/buy-voacanga-africana\/\">Voacanga Africana<\/a> ist seit ihrer Entdeckung im Jahr 1894 bekannt, und bis zum Zweiten Weltkrieg galt sie als kaum mehr als ein kleiner tropischer Strauch.<\/p>\n<p><strong>Herkunft<\/strong>: Kamerun<\/p>\n<\/div>\n<\/div>\n","protected":false},"excerpt":{"rendered":"<p>Expressversand hat eine schnelle Lieferzeit von 3\u20137 Tagen.<\/p>\n<p>Produkt: Voacanga<\/p>\n<p>Marke: Get Ibogaine<\/p>\n<p>Menge: 150 $\/Kilogramm<\/p>\n<p>Versandkosten: Werden an der Kasse berechnet.<\/p>\n","protected":false},"featured_media":34776,"comment_status":"open","ping_status":"closed","template":"","meta":{"site-sidebar-layout":"default","site-content-layout":"","ast-site-content-layout":"default","site-content-style":"default","site-sidebar-style":"default","ast-global-header-display":"","ast-banner-title-visibility":"","ast-main-header-display":"","ast-hfb-above-header-display":"","ast-hfb-below-header-display":"","ast-hfb-mobile-header-display":"","site-post-title":"","ast-breadcrumbs-content":"","ast-featured-img":"","footer-sml-layout":"","ast-disable-related-posts":"","theme-transparent-header-meta":"default","adv-header-id-meta":"","stick-header-meta":"default","header-above-stick-meta":"","header-main-stick-meta":"","header-below-stick-meta":"","astra-migrate-meta-layouts":"set","ast-page-background-enabled":"default","ast-page-background-meta":{"desktop":{"background-color":"var(--ast-global-color-4)","background-image":"","background-repeat":"repeat","background-position":"center center","background-size":"auto","background-attachment":"scroll","background-type":"","background-media":"","overlay-type":"","overlay-color":"","overlay-opacity":"","overlay-gradient":""},"tablet":{"background-color":"","background-image":"","background-repeat":"repeat","background-position":"center center","background-size":"auto","background-attachment":"scroll","background-type":"","background-media":"","overlay-type":"","overlay-color":"","overlay-opacity":"","overlay-gradient":""},"mobile":{"background-color":"","background-image":"","background-repeat":"repeat","background-position":"center center","background-size":"auto","background-attachment":"scroll","background-type":"","background-media":"","overlay-type":"","overlay-color":"","overlay-opacity":"","overlay-gradient":""}},"ast-content-background-meta":{"desktop":{"background-color":"var(--ast-global-color-5)","background-image":"","background-repeat":"repeat","background-position":"center center","background-size":"auto","background-attachment":"scroll","background-type":"","background-media":"","overlay-type":"","overlay-color":"","overlay-opacity":"","overlay-gradient":""},"tablet":{"background-color":"var(--ast-global-color-5)","background-image":"","background-repeat":"repeat","background-position":"center center","background-size":"auto","background-attachment":"scroll","background-type":"","background-media":"","overlay-type":"","overlay-color":"","overlay-opacity":"","overlay-gradient":""},"mobile":{"background-color":"var(--ast-global-color-5)","background-image":"","background-repeat":"repeat","background-position":"center center","background-size":"auto","background-attachment":"scroll","background-type":"","background-media":"","overlay-type":"","overlay-color":"","overlay-opacity":"","overlay-gradient":""}},"jetpack_publicize_message":"","jetpack_publicize_feature_enabled":true,"jetpack_social_post_already_shared":true,"jetpack_social_options":{"image_generator_settings":{"template":"highway","default_image_id":0,"font":"","enabled":false},"version":2}},"product_brand":[4009],"product_cat":[4569],"product_tag":[1583],"class_list":{"0":"post-31522","1":"product","2":"type-product","3":"status-publish","4":"has-post-thumbnail","6":"product_brand-getibogaine","7":"product_cat-vokalisch","8":"product_tag-voacanga-zu-verkaufen","9":"desktop-align-left","10":"tablet-align-left","11":"mobile-align-left","12":"ast-product-gallery-layout-horizontal-slider","13":"ast-product-single-variable","14":"ast-product-tabs-layout-horizontal","16":"first","17":"instock","18":"shipping-taxable","19":"purchasable","20":"product-type-variable"},"jetpack_publicize_connections":[],"jetpack_sharing_enabled":true,"_links":{"self":[{"href":"https:\/\/getibogaine.com\/de\/wp-json\/wp\/v2\/product\/31522","targetHints":{"allow":["GET"]}}],"collection":[{"href":"https:\/\/getibogaine.com\/de\/wp-json\/wp\/v2\/product"}],"about":[{"href":"https:\/\/getibogaine.com\/de\/wp-json\/wp\/v2\/types\/product"}],"replies":[{"embeddable":true,"href":"https:\/\/getibogaine.com\/de\/wp-json\/wp\/v2\/comments?post=31522"}],"version-history":[{"count":0,"href":"https:\/\/getibogaine.com\/de\/wp-json\/wp\/v2\/product\/31522\/revisions"}],"wp:featuredmedia":[{"embeddable":true,"href":"https:\/\/getibogaine.com\/de\/wp-json\/wp\/v2\/media\/34776"}],"wp:attachment":[{"href":"https:\/\/getibogaine.com\/de\/wp-json\/wp\/v2\/media?parent=31522"}],"wp:term":[{"taxonomy":"product_brand","embeddable":true,"href":"https:\/\/getibogaine.com\/de\/wp-json\/wp\/v2\/product_brand?post=31522"},{"taxonomy":"product_cat","embeddable":true,"href":"https:\/\/getibogaine.com\/de\/wp-json\/wp\/v2\/product_cat?post=31522"},{"taxonomy":"product_tag","embeddable":true,"href":"https:\/\/getibogaine.com\/de\/wp-json\/wp\/v2\/product_tag?post=31522"}],"curies":[{"name":"wp","href":"https:\/\/api.w.org\/{rel}","templated":true}]}}