{"id":31528,"date":"2022-10-28T04:38:42","date_gmt":"2022-10-28T08:38:42","guid":{"rendered":"http:\/\/getibogaine.com\/?post_type=product&#038;p=12329"},"modified":"2026-03-09T05:57:25","modified_gmt":"2026-03-09T09:57:25","slug":"ibogaine-kapseln","status":"publish","type":"product","link":"https:\/\/getibogaine.com\/de\/produkt\/ibogaine-kapseln\/","title":{"rendered":"Ibogine-Kapseln"},"content":{"rendered":"<div class=\"row\">\n<div class=\"col-lg-7 col-12\">\n<h2 style=\"text-align: left;\">Ibogaine-Kapseln zu verkaufen<\/h2>\n<p>Ibogaine-Kapseln sind eine gro\u00dfartige M\u00f6glichkeit, die Vorteile dieser kraftvollen Pflanzen zu erleben, ohne die Wurzelrinde oder TA einnehmen zu m\u00fcssen. Wie bei den meisten anderen Medikamenten und Nahrungserg\u00e4nzungsmitteln bedeutet die Einnahme in Kapselform, dass du einige der unangenehmen Geschm\u00e4cker vermeidest, die mit dem Konsum des Originals verbunden sind.<\/p>\n<p>Egal, ob du dich f\u00fcr die psychoaktiven Eigenschaften dieser Pflanze interessierst oder sie einfach wegen ihrer medizinischen Wirkung nutzen m\u00f6chtest \u2013 du musst wissen, welche Art von Kapsel angeboten wird. W\u00e4hrend die meisten Unternehmen ihre Produkte als Kapseln mit Iboga-Wurzelrinde oder TA verkaufen, gibt es einige wenige, die eine verkapselte Form von Ibogaine-HCL anbieten.<\/p>\n<p>Das kann f\u00fcr manche Menschen verwirrend sein, weil es keine klare Definition daf\u00fcr gibt, was einen Iboga-Extrakt ausmacht oder wie viel in jeder Kapsel enthalten sein sollte. Wenn du jedoch einen guten Ausgangspunkt f\u00fcr deine Suche nach diesen Produkten suchst, empfehlen wir, nach Unternehmen zu schauen, die eine verkapselte Form von Ibogaine-HCL verkaufen, da sich gezeigt hat, dass sie bessere Absorptionsraten hat als jede andere verf\u00fcgbare Form.<\/p>\n<h2>Was sind Ibogaine-Kapseln?<\/h2>\n<p>Iboga- <a title=\"Difference Between Iboga And Ibogaine\" href=\"http:\/\/getibogaine.com\/whats-the-difference-between-iboga-and-ibogaine\/\">und Ibogaine<\/a>-Kapseln k\u00f6nnen entweder durch das Verkapseln von Iboga-Wurzelrinde, Iboga TA oder Ibogaine HCL gewonnen werden. Wenn die Wurzelrinden getrocknet sind, werden sie anschlie\u00dfend gemahlen und gesiebt, um feinen Staub zu erzeugen, der danach in verschiedene Gramm-Mengen verkapselt wird, bereit zum Verkauf und zur Anwendung.<\/p>\n<h2>Iboga-Kapseln<\/h2>\n<p>Reines Wurzelrindenpulver, das getrocknet, zu einem Beutel mit feinem Staub vermahlen und anschlie\u00dfend in eine Kapsel gef\u00fcllt wurde, macht die Iboga-Pillen aus. Die leichte Verdauung dieser Kapseln durch den K\u00f6rper wird durch ihre Zusammensetzung erm\u00f6glicht, die entweder aus Gelatine oder pflanzlicher Zellulose besteht. Die Gr\u00f6\u00dfe dieser Kapseln variiert je nachdem, wie viel Pulver jede Person ben\u00f6tigt. Die Gr\u00f6\u00dfen k\u00f6nnen je nach Bedarf von 25 mg bis zu 300 mg pro Kapsel reichen.<\/p>\n<h2>Iboga TA-Kapseln<\/h2>\n<p>Iboga TA-Kapseln werden aus reinem TA-Extrakt hergestellt, der getrocknet, zu einem feinen Pulver vermahlen und dann je nach Bedarf in unterschiedlich gro\u00dfe Kapseln gef\u00fcllt wird.<\/p>\n<p>Die Menge des TA-Extrakts kann je nach bevorzugter t\u00e4glicher Dosierung zwischen 100 mg und 1000 mg pro Kapsel variieren, wenn du dieses Produkt als alternative Medizin zur Behandlung von Suchtproblemen wie Alkoholismus oder Drogenabh\u00e4ngigkeit, z. B. Kokainsucht, verwendest<\/p>\n<\/div>\n<div class=\"col-lg-7 col-12\">\n<p><strong>Herkunft<\/strong>: Kamerun<\/p>\n<\/div>\n<\/div>\n","protected":false},"excerpt":{"rendered":"<p>Expressversand hat eine schnelle Lieferzeit von 3\u20137 Tagen.<\/p>\n<p>Produkt: Ibogaine-Kapsel<\/p>\n<p>Marke: Get Ibogaine<\/p>\n<p>Versandkosten: Werden beim Checkout berechnet<\/p>\n<ul>\n<li>Wir verkaufen ausschlie\u00dflich hochwertige, zuverl\u00e4ssige Ibogaine-Kapseln. Es tut uns leid, aber unsere Ibogaine-Kapsel ist derzeit nicht verf\u00fcgbar. Sie k\u00f6nnen jedoch das Ibogaine HCL-Pulver kaufen und es nach Erhalt entweder kapseln oder die erforderliche Menge in Pulverform einnehmen. Wir hoffen, sie in Zukunft anbieten zu k\u00f6nnen.<\/li>\n<\/ul>\n<p><em>Ihre Bestellung wird innerhalb von 24 Stunden nach Abschluss Ihres Kaufs versendet und trifft innerhalb von drei bis sieben Werktagen ein. Ausgenommen Feiertage und Wochenenden versenden wir von Montag bis Freitag. Unsere Versandtarife variieren je nach Gewicht des Pakets.<\/em><\/p>\n","protected":false},"featured_media":34854,"comment_status":"open","ping_status":"closed","template":"","meta":{"site-sidebar-layout":"default","site-content-layout":"","ast-site-content-layout":"default","site-content-style":"default","site-sidebar-style":"default","ast-global-header-display":"","ast-banner-title-visibility":"","ast-main-header-display":"","ast-hfb-above-header-display":"","ast-hfb-below-header-display":"","ast-hfb-mobile-header-display":"","site-post-title":"","ast-breadcrumbs-content":"","ast-featured-img":"","footer-sml-layout":"","ast-disable-related-posts":"","theme-transparent-header-meta":"default","adv-header-id-meta":"","stick-header-meta":"default","header-above-stick-meta":"","header-main-stick-meta":"","header-below-stick-meta":"","astra-migrate-meta-layouts":"set","ast-page-background-enabled":"default","ast-page-background-meta":{"desktop":{"background-color":"var(--ast-global-color-4)","background-image":"","background-repeat":"repeat","background-position":"center center","background-size":"auto","background-attachment":"scroll","background-type":"","background-media":"","overlay-type":"","overlay-color":"","overlay-opacity":"","overlay-gradient":""},"tablet":{"background-color":"","background-image":"","background-repeat":"repeat","background-position":"center center","background-size":"auto","background-attachment":"scroll","background-type":"","background-media":"","overlay-type":"","overlay-color":"","overlay-opacity":"","overlay-gradient":""},"mobile":{"background-color":"","background-image":"","background-repeat":"repeat","background-position":"center center","background-size":"auto","background-attachment":"scroll","background-type":"","background-media":"","overlay-type":"","overlay-color":"","overlay-opacity":"","overlay-gradient":""}},"ast-content-background-meta":{"desktop":{"background-color":"var(--ast-global-color-5)","background-image":"","background-repeat":"repeat","background-position":"center center","background-size":"auto","background-attachment":"scroll","background-type":"","background-media":"","overlay-type":"","overlay-color":"","overlay-opacity":"","overlay-gradient":""},"tablet":{"background-color":"var(--ast-global-color-5)","background-image":"","background-repeat":"repeat","background-position":"center center","background-size":"auto","background-attachment":"scroll","background-type":"","background-media":"","overlay-type":"","overlay-color":"","overlay-opacity":"","overlay-gradient":""},"mobile":{"background-color":"var(--ast-global-color-5)","background-image":"","background-repeat":"repeat","background-position":"center center","background-size":"auto","background-attachment":"scroll","background-type":"","background-media":"","overlay-type":"","overlay-color":"","overlay-opacity":"","overlay-gradient":""}},"jetpack_publicize_message":"","jetpack_publicize_feature_enabled":true,"jetpack_social_post_already_shared":true,"jetpack_social_options":{"image_generator_settings":{"template":"highway","default_image_id":0,"font":"","enabled":false},"version":2}},"product_brand":[4009],"product_cat":[4552],"product_tag":[1520],"class_list":{"0":"post-31528","1":"product","2":"type-product","3":"status-publish","4":"has-post-thumbnail","6":"product_brand-getibogaine","7":"product_cat-iboga-kapseln-mit-ibogain-und-iboga-ta","8":"product_tag-naturlich","9":"desktop-align-left","10":"tablet-align-left","11":"mobile-align-left","12":"ast-product-gallery-layout-horizontal-slider","13":"ast-product-tabs-layout-horizontal","15":"first","16":"outofstock","17":"sold-individually","18":"shipping-taxable","19":"purchasable","20":"product-type-simple"},"jetpack_publicize_connections":[],"jetpack_sharing_enabled":true,"_links":{"self":[{"href":"https:\/\/getibogaine.com\/de\/wp-json\/wp\/v2\/product\/31528","targetHints":{"allow":["GET"]}}],"collection":[{"href":"https:\/\/getibogaine.com\/de\/wp-json\/wp\/v2\/product"}],"about":[{"href":"https:\/\/getibogaine.com\/de\/wp-json\/wp\/v2\/types\/product"}],"replies":[{"embeddable":true,"href":"https:\/\/getibogaine.com\/de\/wp-json\/wp\/v2\/comments?post=31528"}],"version-history":[{"count":0,"href":"https:\/\/getibogaine.com\/de\/wp-json\/wp\/v2\/product\/31528\/revisions"}],"wp:featuredmedia":[{"embeddable":true,"href":"https:\/\/getibogaine.com\/de\/wp-json\/wp\/v2\/media\/34854"}],"wp:attachment":[{"href":"https:\/\/getibogaine.com\/de\/wp-json\/wp\/v2\/media?parent=31528"}],"wp:term":[{"taxonomy":"product_brand","embeddable":true,"href":"https:\/\/getibogaine.com\/de\/wp-json\/wp\/v2\/product_brand?post=31528"},{"taxonomy":"product_cat","embeddable":true,"href":"https:\/\/getibogaine.com\/de\/wp-json\/wp\/v2\/product_cat?post=31528"},{"taxonomy":"product_tag","embeddable":true,"href":"https:\/\/getibogaine.com\/de\/wp-json\/wp\/v2\/product_tag?post=31528"}],"curies":[{"name":"wp","href":"https:\/\/api.w.org\/{rel}","templated":true}]}}