{"id":30867,"date":"2022-04-18T01:32:08","date_gmt":"2022-04-18T01:32:08","guid":{"rendered":"http:\/\/getibogaine.com\/?page_id=3"},"modified":"2026-03-11T15:18:50","modified_gmt":"2026-03-11T19:18:50","slug":"politica-de-privacidad","status":"publish","type":"page","link":"https:\/\/getibogaine.com\/es\/politica-de-privacidad\/","title":{"rendered":"Pol\u00edtica de privacidad"},"content":{"rendered":"\t\t<div data-elementor-type=\"wp-page\" data-elementor-id=\"30867\" class=\"elementor elementor-30867 elementor-3\" data-elementor-post-type=\"page\">\n\t\t\t\t<div class=\"elementor-element elementor-element-5ceef1e e-flex e-con-boxed e-con e-parent\" data-id=\"5ceef1e\" data-element_type=\"container\" data-e-type=\"container\" data-settings=\"{&quot;background_background&quot;:&quot;classic&quot;,&quot;animation&quot;:&quot;none&quot;}\">\n\t\t\t\t\t<div class=\"e-con-inner\">\n\t\t<div class=\"elementor-element elementor-element-095a4a4 e-con-full e-flex e-con e-child\" data-id=\"095a4a4\" data-element_type=\"container\" data-e-type=\"container\" data-settings=\"{&quot;motion_fx_motion_fx_scrolling&quot;:&quot;yes&quot;,&quot;motion_fx_translateY_effect&quot;:&quot;yes&quot;,&quot;motion_fx_translateY_speed&quot;:{&quot;unit&quot;:&quot;px&quot;,&quot;size&quot;:4,&quot;sizes&quot;:[]},&quot;motion_fx_translateY_affectedRange&quot;:{&quot;unit&quot;:&quot;%&quot;,&quot;size&quot;:&quot;&quot;,&quot;sizes&quot;:{&quot;start&quot;:0,&quot;end&quot;:100}},&quot;motion_fx_devices&quot;:[&quot;widescreen&quot;,&quot;desktop&quot;,&quot;laptop&quot;,&quot;tablet&quot;,&quot;mobile&quot;]}\">\n\t\t\t\t<div class=\"elementor-element elementor-element-c4d0fc8 elementor-widget elementor-widget-heading\" data-id=\"c4d0fc8\" data-element_type=\"widget\" data-e-type=\"widget\" data-widget_type=\"heading.default\">\n\t\t\t\t\t<h1 class=\"elementor-heading-title elementor-size-default\">Pol\u00edtica de privacidad<\/h1>\t\t\t\t<\/div>\n\t\t\t\t<\/div>\n\t\t\t\t\t<\/div>\n\t\t\t\t<\/div>\n\t\t<div class=\"elementor-element elementor-element-2b16b99 e-flex e-con-boxed e-con e-parent\" data-id=\"2b16b99\" data-element_type=\"container\" data-e-type=\"container\">\n\t\t\t\t\t<div class=\"e-con-inner\">\n\t\t<div class=\"elementor-element elementor-element-43bfb68 e-con-full e-flex e-con e-child\" data-id=\"43bfb68\" data-element_type=\"container\" data-e-type=\"container\">\n\t\t\t\t<div class=\"elementor-element elementor-element-8b1593c elementor-widget elementor-widget-heading\" data-id=\"8b1593c\" data-element_type=\"widget\" data-e-type=\"widget\" data-widget_type=\"heading.default\">\n\t\t\t\t\t<h2 class=\"elementor-heading-title elementor-size-default\">Obtener la pol\u00edtica de privacidad de Iboga\u00edna<\/h2>\t\t\t\t<\/div>\n\t\t\t\t<div class=\"elementor-element elementor-element-7820396 elementor-widget elementor-widget-text-editor\" data-id=\"7820396\" data-element_type=\"widget\" data-e-type=\"widget\" data-widget_type=\"text-editor.default\">\n\t\t\t\t\t\t\t\t\t<p><\/p>\n<p>En\u00a0<a href=\"http:\/\/Getibogaine.com\" target=\"_blank\" rel=\"noopener\">Getibogaine.com<\/a>, podemos obtener informaci\u00f3n que usted nos proporcione directamente en los Sitios, y esto incluye, sin limitaci\u00f3n, todas las recopilaciones en l\u00ednea y fuera de l\u00ednea de todo tipo de informaci\u00f3n personal.<\/p>\n<p>Esta informaci\u00f3n puede incluir informaci\u00f3n personal, que es informaci\u00f3n que puede utilizarse para identificarle de manera individual. La informaci\u00f3n personal recopilada puede incluir:<br \/>Informaci\u00f3n de contacto, como nombre, direcci\u00f3n, correo electr\u00f3nico, n\u00famero de tel\u00e9fono, n\u00famero de fax, nombre de la organizaci\u00f3n y\/o cargo<\/p>\n<ul>\n<li>Restricciones alimentarias, informaci\u00f3n del pasaporte para reservas de viaje o fines de identificaci\u00f3n, n\u00famero de seguro social (cuando lo exija la ley), datos de la cuenta bancaria, personas de contacto (de emergencia), informaci\u00f3n familiar (cuando corresponda y de conformidad con la legislaci\u00f3n local)<\/li>\n<li>Solvencia, n\u00famero de IVA, producto, historial de informaci\u00f3n de compras, documentaci\u00f3n de solicitudes<\/li>\n<li>Fotograf\u00edas, v\u00eddeos y grabaciones de audio cuando usted haya dado su permiso<\/li>\n<li>Informaci\u00f3n personal sensible, como informaci\u00f3n de salud o informes de un cliente final individual, es decir, relativos a reclamaciones e investigaciones de productos, resultados pre y postoperatorios de pacientes con fines de investigaci\u00f3n y estad\u00edsticos, o antecedentes penales para procedimientos de debida diligencia de conformidad con la legislaci\u00f3n aplicable. Conservaremos y utilizaremos la informaci\u00f3n personal recopilada para los procesos y fines de tratamiento mencionados anteriormente de acuerdo con nuestras obligaciones, incluidas, entre otras, las obligaciones legales, comerciales y administrativas.<\/li>\n<\/ul>\n<p><\/p>\t\t\t\t\t\t\t\t<\/div>\n\t\t\t\t<div class=\"elementor-element elementor-element-c13c0c6 elementor-widget elementor-widget-heading\" data-id=\"c13c0c6\" data-element_type=\"widget\" data-e-type=\"widget\" data-widget_type=\"heading.default\">\n\t\t\t\t\t<h2 class=\"elementor-heading-title elementor-size-default\">USO DE LA INFORMACI\u00d3N<\/h2>\t\t\t\t<\/div>\n\t\t\t\t<div class=\"elementor-element elementor-element-44b6a1f elementor-widget elementor-widget-text-editor\" data-id=\"44b6a1f\" data-element_type=\"widget\" data-e-type=\"widget\" data-widget_type=\"text-editor.default\">\n\t\t\t\t\t\t\t\t\t\n<p>Podemos utilizar la informaci\u00f3n recopilada a trav\u00e9s de los Sitios, incluida la Informaci\u00f3n Personal y la Informaci\u00f3n de Uso del Sitio, para diversos fines, incluidos, entre otros:<\/p>\n<ol>\n<li>Permitirle utilizar los Sitios y prestarle el servicio relacionado, incluida la respuesta a sus preguntas y comentarios;<\/li>\n<li>Completar transacciones y procesar su registro, pedidos y pagos, incluida la verificaci\u00f3n de que la informaci\u00f3n que proporciona sea precisa y est\u00e9 vigente;<\/li>\n<li>Administrar y desarrollar nuestra relaci\u00f3n comercial con usted y con la empresa que representa;<\/li>\n<li>personalizar sus experiencias en l\u00ednea y adaptar el contenido, las recomendaciones y las ofertas que le mostramos en los Sitios y en otros lugares en l\u00ednea;<\/li>\n<li>proporcionarle informaci\u00f3n, productos o servicios que haya solicitado o aceptado recibir o que de otro modo consideremos que le interesar\u00e1n, incluida informaci\u00f3n y ofertas especiales de nosotros, nuestros anunciantes y nuestros socios comerciales externos;<\/li>\n<li>realizar an\u00e1lisis internos, como encuestas e investigaci\u00f3n de mercado;<\/li>\n<li>Mejorar los Sitios, nuestros productos y servicios y para fines comerciales internos;<\/li>\n<li>ponernos en contacto con usted con comunicaciones administrativas y, a nuestra discreci\u00f3n, cambios en las pol\u00edticas del Sitio;<\/li>\n<li>Supervisar y analizar tendencias, uso y actividades de visitantes y usuarios de los Sitios; para cumplir con las leyes, normativas o procesos legales aplicables, as\u00ed como con los est\u00e1ndares del sector y las pol\u00edticas de nuestra empresa;<\/li>\n<li>Para los fines divulgados en el momento en que usted proporciona su informaci\u00f3n y seg\u00fan se describa con m\u00e1s detalle o se permita en esta Pol\u00edtica de Privacidad;<\/li>\n<li>Prevenir, investigar, identificar o tomar cualquier otra medida con respecto a cualquier actividad presuntamente o efectivamente fraudulenta o ilegal, o cualquier actividad que infrinja nuestras pol\u00edticas;<\/li>\n<li>Recordar y restaurar sus preferencias cuando regrese al sitio web;<\/li>\n<li>Cumplir con las leyes, normativas o procesos legales aplicables, as\u00ed como con los est\u00e1ndares de la empresa y nuestras pol\u00edticas, o de otro modo con su consentimiento.<\/li>\n<\/ol>\n\t\t\t\t\t\t\t\t<\/div>\n\t\t\t\t<div class=\"elementor-element elementor-element-df6ebeb elementor-widget elementor-widget-spacer\" data-id=\"df6ebeb\" data-element_type=\"widget\" data-e-type=\"widget\" data-widget_type=\"spacer.default\">\n\t\t\t\t\t\t\t<div class=\"elementor-spacer\">\n\t\t\t<div class=\"elementor-spacer-inner\"><\/div>\n\t\t<\/div>\n\t\t\t\t\t\t<\/div>\n\t\t\t\t<\/div>\n\t\t\t\t\t<\/div>\n\t\t\t\t<\/div>\n\t\t\t\t<\/div>\n\t\t","protected":false},"excerpt":{"rendered":"<p>Pol\u00edtica de privacidad Obtener la pol\u00edtica de privacidad de Iboga\u00edna En\u00a0Getibogaine.com, podemos obtener informaci\u00f3n que usted nos proporcione directamente en [&hellip;]<\/p>\n","protected":false},"author":3,"featured_media":30868,"parent":0,"menu_order":0,"comment_status":"closed","ping_status":"closed","template":"elementor_header_footer","meta":{"site-sidebar-layout":"default","site-content-layout":"","ast-site-content-layout":"default","site-content-style":"default","site-sidebar-style":"default","ast-global-header-display":"","ast-banner-title-visibility":"","ast-main-header-display":"","ast-hfb-above-header-display":"","ast-hfb-below-header-display":"","ast-hfb-mobile-header-display":"","site-post-title":"","ast-breadcrumbs-content":"","ast-featured-img":"","footer-sml-layout":"","ast-disable-related-posts":"","theme-transparent-header-meta":"","adv-header-id-meta":"","stick-header-meta":"","header-above-stick-meta":"","header-main-stick-meta":"","header-below-stick-meta":"","astra-migrate-meta-layouts":"default","ast-page-background-enabled":"default","ast-page-background-meta":{"desktop":{"background-color":"var(--ast-global-color-4)","background-image":"","background-repeat":"repeat","background-position":"center center","background-size":"auto","background-attachment":"scroll","background-type":"","background-media":"","overlay-type":"","overlay-color":"","overlay-opacity":"","overlay-gradient":""},"tablet":{"background-color":"","background-image":"","background-repeat":"repeat","background-position":"center center","background-size":"auto","background-attachment":"scroll","background-type":"","background-media":"","overlay-type":"","overlay-color":"","overlay-opacity":"","overlay-gradient":""},"mobile":{"background-color":"","background-image":"","background-repeat":"repeat","background-position":"center center","background-size":"auto","background-attachment":"scroll","background-type":"","background-media":"","overlay-type":"","overlay-color":"","overlay-opacity":"","overlay-gradient":""}},"ast-content-background-meta":{"desktop":{"background-color":"var(--ast-global-color-5)","background-image":"","background-repeat":"repeat","background-position":"center center","background-size":"auto","background-attachment":"scroll","background-type":"","background-media":"","overlay-type":"","overlay-color":"","overlay-opacity":"","overlay-gradient":""},"tablet":{"background-color":"var(--ast-global-color-5)","background-image":"","background-repeat":"repeat","background-position":"center center","background-size":"auto","background-attachment":"scroll","background-type":"","background-media":"","overlay-type":"","overlay-color":"","overlay-opacity":"","overlay-gradient":""},"mobile":{"background-color":"var(--ast-global-color-5)","background-image":"","background-repeat":"repeat","background-position":"center center","background-size":"auto","background-attachment":"scroll","background-type":"","background-media":"","overlay-type":"","overlay-color":"","overlay-opacity":"","overlay-gradient":""}},"footnotes":""},"class_list":["post-30867","page","type-page","status-publish","has-post-thumbnail","hentry"],"jetpack_sharing_enabled":true,"_links":{"self":[{"href":"https:\/\/getibogaine.com\/es\/wp-json\/wp\/v2\/pages\/30867","targetHints":{"allow":["GET"]}}],"collection":[{"href":"https:\/\/getibogaine.com\/es\/wp-json\/wp\/v2\/pages"}],"about":[{"href":"https:\/\/getibogaine.com\/es\/wp-json\/wp\/v2\/types\/page"}],"author":[{"embeddable":true,"href":"https:\/\/getibogaine.com\/es\/wp-json\/wp\/v2\/users\/3"}],"replies":[{"embeddable":true,"href":"https:\/\/getibogaine.com\/es\/wp-json\/wp\/v2\/comments?post=30867"}],"version-history":[{"count":4,"href":"https:\/\/getibogaine.com\/es\/wp-json\/wp\/v2\/pages\/30867\/revisions"}],"predecessor-version":[{"id":35878,"href":"https:\/\/getibogaine.com\/es\/wp-json\/wp\/v2\/pages\/30867\/revisions\/35878"}],"wp:featuredmedia":[{"embeddable":true,"href":"https:\/\/getibogaine.com\/es\/wp-json\/wp\/v2\/media\/30868"}],"wp:attachment":[{"href":"https:\/\/getibogaine.com\/es\/wp-json\/wp\/v2\/media?parent=30867"}],"curies":[{"name":"wp","href":"https:\/\/api.w.org\/{rel}","templated":true}]}}