{"id":30883,"date":"2022-04-18T03:30:48","date_gmt":"2022-04-18T07:30:48","guid":{"rendered":"http:\/\/getibogaine.com\/?page_id=13"},"modified":"2026-03-12T14:03:10","modified_gmt":"2026-03-12T18:03:10","slug":"politica-de-reembolsos-y-devoluciones","status":"publish","type":"page","link":"https:\/\/getibogaine.com\/es\/politica-de-reembolsos-y-devoluciones\/","title":{"rendered":"Pol\u00edtica de reembolsos y devoluciones"},"content":{"rendered":"\t\t<div data-elementor-type=\"wp-page\" data-elementor-id=\"30883\" class=\"elementor elementor-30883 elementor-13\" data-elementor-post-type=\"page\">\n\t\t\t\t<div class=\"elementor-element elementor-element-770c53e e-flex e-con-boxed e-con e-parent\" data-id=\"770c53e\" data-element_type=\"container\" data-e-type=\"container\" data-settings=\"{&quot;background_background&quot;:&quot;classic&quot;}\">\n\t\t\t\t\t<div class=\"e-con-inner\">\n\t\t<div class=\"elementor-element elementor-element-5508011 e-con-full e-flex e-con e-child\" data-id=\"5508011\" data-element_type=\"container\" data-e-type=\"container\" data-settings=\"{&quot;motion_fx_motion_fx_scrolling&quot;:&quot;yes&quot;,&quot;motion_fx_translateY_effect&quot;:&quot;yes&quot;,&quot;motion_fx_translateY_speed&quot;:{&quot;unit&quot;:&quot;px&quot;,&quot;size&quot;:4,&quot;sizes&quot;:[]},&quot;motion_fx_translateY_affectedRange&quot;:{&quot;unit&quot;:&quot;%&quot;,&quot;size&quot;:&quot;&quot;,&quot;sizes&quot;:{&quot;start&quot;:0,&quot;end&quot;:100}},&quot;motion_fx_devices&quot;:[&quot;widescreen&quot;,&quot;desktop&quot;,&quot;laptop&quot;,&quot;tablet&quot;,&quot;mobile&quot;]}\">\n\t\t\t\t<div class=\"elementor-element elementor-element-37f1a02 elementor-widget elementor-widget-spacer\" data-id=\"37f1a02\" data-element_type=\"widget\" data-e-type=\"widget\" data-widget_type=\"spacer.default\">\n\t\t\t\t\t\t\t<div class=\"elementor-spacer\">\n\t\t\t<div class=\"elementor-spacer-inner\"><\/div>\n\t\t<\/div>\n\t\t\t\t\t\t<\/div>\n\t\t\t\t<div class=\"elementor-element elementor-element-f997c13 elementor-widget elementor-widget-heading\" data-id=\"f997c13\" data-element_type=\"widget\" data-e-type=\"widget\" data-widget_type=\"heading.default\">\n\t\t\t\t\t<h1 class=\"elementor-heading-title elementor-size-default\">Cancelaci\u00f3n y devoluci\u00f3n<\/h1>\t\t\t\t<\/div>\n\t\t\t\t<div class=\"elementor-element elementor-element-80d7889 elementor-widget elementor-widget-heading\" data-id=\"80d7889\" data-element_type=\"widget\" data-e-type=\"widget\" data-widget_type=\"heading.default\">\n\t\t\t\t\t<h2 class=\"elementor-heading-title elementor-size-default\">A continuaci\u00f3n se detalla nuestra pol\u00edtica de cancelaci\u00f3n y devoluci\u00f3n para nuestros productos de iboga\u00edna<\/h2>\t\t\t\t<\/div>\n\t\t\t\t<\/div>\n\t\t\t\t\t<\/div>\n\t\t\t\t<\/div>\n\t\t<div class=\"elementor-element elementor-element-43435b4 e-flex e-con-boxed e-con e-parent\" data-id=\"43435b4\" data-element_type=\"container\" data-e-type=\"container\">\n\t\t\t\t\t<div class=\"e-con-inner\">\n\t\t<div class=\"elementor-element elementor-element-8c89456 e-con-full e-flex e-con e-child\" data-id=\"8c89456\" data-element_type=\"container\" data-e-type=\"container\">\n\t\t\t\t<div class=\"elementor-element elementor-element-84e8aa9 elementor-widget elementor-widget-heading\" data-id=\"84e8aa9\" data-element_type=\"widget\" data-e-type=\"widget\" data-widget_type=\"heading.default\">\n\t\t\t\t\t<h3 class=\"elementor-heading-title elementor-size-default\">Cancelaci\u00f3n<\/h3>\t\t\t\t<\/div>\n\t\t\t\t<div class=\"elementor-element elementor-element-2a23224 elementor-widget elementor-widget-text-editor\" data-id=\"2a23224\" data-element_type=\"widget\" data-e-type=\"widget\" data-widget_type=\"text-editor.default\">\n\t\t\t\t\t\t\t\t\t<p>Despu\u00e9s de que se procese el pago, los pedidos no pueden cancelarse, pero pueden modificarse a solicitud. Si no est\u00e1 satisfecho con su compra, nos comprometemos a ayudarle. Nuestro equipo se esfuerza por entregar productos precisos y de la m\u00e1s alta calidad en cada env\u00edo.<\/p>\n<p>En el caso poco frecuente de recibir un art\u00edculo incorrecto, defectuoso o de calidad inferior, por favor cont\u00e1ctenos de inmediato en <em><span style=\"text-decoration: underline;\"><a href=\"mailto:in**@*********ne.com\" data-original-string=\"AIo0WPDNY3W9FJ0pFC3evg==bd0Z3R5TLfDL\/qkvzANMml5siQmKCtFdWqXYwkkiImuH5I=\" title=\"Este contacto ha sido codificado por Anti-Spam by CleanTalk. Haz clic para decodificar. Para finalizar la decodificaci\u00f3n, aseg\u00farate de que JavaScript est\u00e1 activado en tu navegador.\" target=\"_blank\" rel=\"noopener\" data-wplink-edit=\"true\"><span \n                data-original-string='ALjp6vCTDOthYwwVMqPKrw==bd03XZYib6LjZog4N+g1r0ilctcUGLTcAx5OOni6MD4lek='\n                class='apbct-email-encoder'\n                title='Este contacto ha sido codificado por Anti-Spam by CleanTalk. Haz clic para decodificar. Para finalizar la decodificaci\u00f3n, aseg\u00farate de que JavaScript est\u00e1 activado en tu navegador.'>in<span class=\"apbct-blur\">**<\/span>@<span class=\"apbct-blur\">*********<\/span>ne.com<\/span><\/a><\/span><\/em> para una pronta soluci\u00f3n.<\/p>\n<p><!-- \/wp:paragraph --><\/p>\t\t\t\t\t\t\t\t<\/div>\n\t\t\t\t<div class=\"elementor-element elementor-element-8b2f0e4 elementor-widget elementor-widget-heading\" data-id=\"8b2f0e4\" data-element_type=\"widget\" data-e-type=\"widget\" data-widget_type=\"heading.default\">\n\t\t\t\t\t<h3 class=\"elementor-heading-title elementor-size-default\">Devoluciones<\/h3>\t\t\t\t<\/div>\n\t\t\t\t<div class=\"elementor-element elementor-element-4aac6fd elementor-widget elementor-widget-text-editor\" data-id=\"4aac6fd\" data-element_type=\"widget\" data-e-type=\"widget\" data-widget_type=\"text-editor.default\">\n\t\t\t\t\t\t\t\t\t<p>Si ocurre un error, debe notificarnos dentro de las 48 horas posteriores a la recepci\u00f3n del env\u00edo para poder optar a una devoluci\u00f3n. El art\u00edculo debe estar sin usar y en su estado y embalaje originales. Se requiere un comprobante de compra para todas las devoluciones. Para problemas relacionados con la calidad del producto, es necesario aportar evidencia que demuestre la calidad inferior del art\u00edculo.<\/p>\n<p>Para cualquier consulta o duda, no dude en contactarnos por correo electr\u00f3nico en <a href=\"mailto:in**@*********ne.com\" data-original-string=\"YZA+7O12dtQyt7hrmCXqTQ==bd0zLxRnZCz5PR286jzwNpOBNG7UD9W1N8l1\/jduW\/M6EM=\" title=\"Este contacto ha sido codificado por Anti-Spam by CleanTalk. Haz clic para decodificar. Para finalizar la decodificaci\u00f3n, aseg\u00farate de que JavaScript est\u00e1 activado en tu navegador.\" target=\"_blank\" rel=\"noopener\"><span style=\"text-decoration: underline;\"><em><span \n                data-original-string='dQj6qqelzakegdWF\/BqZ2g==bd0ReEpPxF6FUOUQTcwbToOT2JSaF4+HC98NSydGbjDVXg='\n                class='apbct-email-encoder'\n                title='Este contacto ha sido codificado por Anti-Spam by CleanTalk. Haz clic para decodificar. Para finalizar la decodificaci\u00f3n, aseg\u00farate de que JavaScript est\u00e1 activado en tu navegador.'>in<span class=\"apbct-blur\">**<\/span>@<span class=\"apbct-blur\">*********<\/span>ne.com<\/span><\/em><\/span><\/a>.<\/p>\n<p><!-- \/wp:paragraph --><\/p>\t\t\t\t\t\t\t\t<\/div>\n\t\t\t\t<div class=\"elementor-element elementor-element-2a2a9dd elementor-widget elementor-widget-spacer\" data-id=\"2a2a9dd\" data-element_type=\"widget\" data-e-type=\"widget\" data-widget_type=\"spacer.default\">\n\t\t\t\t\t\t\t<div class=\"elementor-spacer\">\n\t\t\t<div class=\"elementor-spacer-inner\"><\/div>\n\t\t<\/div>\n\t\t\t\t\t\t<\/div>\n\t\t\t\t<\/div>\n\t\t\t\t\t<\/div>\n\t\t\t\t<\/div>\n\t\t\t\t<\/div>\n\t\t","protected":false},"excerpt":{"rendered":"<p>Cancelaci\u00f3n y devoluci\u00f3n A continuaci\u00f3n se detalla nuestra pol\u00edtica de cancelaci\u00f3n y devoluci\u00f3n para nuestros productos de iboga\u00edna Cancelaci\u00f3n Despu\u00e9s [&hellip;]<\/p>\n","protected":false},"author":3,"featured_media":30868,"parent":0,"menu_order":0,"comment_status":"closed","ping_status":"closed","template":"elementor_header_footer","meta":{"site-sidebar-layout":"default","site-content-layout":"","ast-site-content-layout":"default","site-content-style":"default","site-sidebar-style":"default","ast-global-header-display":"","ast-banner-title-visibility":"","ast-main-header-display":"","ast-hfb-above-header-display":"","ast-hfb-below-header-display":"","ast-hfb-mobile-header-display":"","site-post-title":"","ast-breadcrumbs-content":"","ast-featured-img":"","footer-sml-layout":"","ast-disable-related-posts":"","theme-transparent-header-meta":"","adv-header-id-meta":"","stick-header-meta":"","header-above-stick-meta":"","header-main-stick-meta":"","header-below-stick-meta":"","astra-migrate-meta-layouts":"default","ast-page-background-enabled":"default","ast-page-background-meta":{"desktop":{"background-color":"var(--ast-global-color-4)","background-image":"","background-repeat":"repeat","background-position":"center center","background-size":"auto","background-attachment":"scroll","background-type":"","background-media":"","overlay-type":"","overlay-color":"","overlay-opacity":"","overlay-gradient":""},"tablet":{"background-color":"","background-image":"","background-repeat":"repeat","background-position":"center center","background-size":"auto","background-attachment":"scroll","background-type":"","background-media":"","overlay-type":"","overlay-color":"","overlay-opacity":"","overlay-gradient":""},"mobile":{"background-color":"","background-image":"","background-repeat":"repeat","background-position":"center center","background-size":"auto","background-attachment":"scroll","background-type":"","background-media":"","overlay-type":"","overlay-color":"","overlay-opacity":"","overlay-gradient":""}},"ast-content-background-meta":{"desktop":{"background-color":"var(--ast-global-color-5)","background-image":"","background-repeat":"repeat","background-position":"center center","background-size":"auto","background-attachment":"scroll","background-type":"","background-media":"","overlay-type":"","overlay-color":"","overlay-opacity":"","overlay-gradient":""},"tablet":{"background-color":"var(--ast-global-color-5)","background-image":"","background-repeat":"repeat","background-position":"center center","background-size":"auto","background-attachment":"scroll","background-type":"","background-media":"","overlay-type":"","overlay-color":"","overlay-opacity":"","overlay-gradient":""},"mobile":{"background-color":"var(--ast-global-color-5)","background-image":"","background-repeat":"repeat","background-position":"center center","background-size":"auto","background-attachment":"scroll","background-type":"","background-media":"","overlay-type":"","overlay-color":"","overlay-opacity":"","overlay-gradient":""}},"footnotes":""},"class_list":["post-30883","page","type-page","status-publish","has-post-thumbnail","hentry"],"jetpack_sharing_enabled":true,"_links":{"self":[{"href":"https:\/\/getibogaine.com\/es\/wp-json\/wp\/v2\/pages\/30883","targetHints":{"allow":["GET"]}}],"collection":[{"href":"https:\/\/getibogaine.com\/es\/wp-json\/wp\/v2\/pages"}],"about":[{"href":"https:\/\/getibogaine.com\/es\/wp-json\/wp\/v2\/types\/page"}],"author":[{"embeddable":true,"href":"https:\/\/getibogaine.com\/es\/wp-json\/wp\/v2\/users\/3"}],"replies":[{"embeddable":true,"href":"https:\/\/getibogaine.com\/es\/wp-json\/wp\/v2\/comments?post=30883"}],"version-history":[{"count":4,"href":"https:\/\/getibogaine.com\/es\/wp-json\/wp\/v2\/pages\/30883\/revisions"}],"predecessor-version":[{"id":36123,"href":"https:\/\/getibogaine.com\/es\/wp-json\/wp\/v2\/pages\/30883\/revisions\/36123"}],"wp:featuredmedia":[{"embeddable":true,"href":"https:\/\/getibogaine.com\/es\/wp-json\/wp\/v2\/media\/30868"}],"wp:attachment":[{"href":"https:\/\/getibogaine.com\/es\/wp-json\/wp\/v2\/media?parent=30883"}],"curies":[{"name":"wp","href":"https:\/\/api.w.org\/{rel}","templated":true}]}}