{"id":31101,"date":"2022-10-14T10:45:28","date_gmt":"2022-10-14T14:45:28","guid":{"rendered":"http:\/\/getibogaine.com\/?page_id=10448"},"modified":"2026-03-11T12:12:57","modified_gmt":"2026-03-11T16:12:57","slug":"alerta-de-estafa","status":"publish","type":"page","link":"https:\/\/getibogaine.com\/es\/alerta-de-estafa\/","title":{"rendered":"Alerta de estafa"},"content":{"rendered":"\t\t<div data-elementor-type=\"wp-page\" data-elementor-id=\"31101\" class=\"elementor elementor-31101 elementor-10448\" data-elementor-post-type=\"page\">\n\t\t\t\t\t\t<section class=\"elementor-section elementor-top-section elementor-element elementor-element-1411679c elementor-section-boxed elementor-section-height-default elementor-section-height-default\" data-id=\"1411679c\" data-element_type=\"section\" data-e-type=\"section\">\n\t\t\t\t\t\t<div class=\"elementor-container elementor-column-gap-default\">\n\t\t\t\t\t<div class=\"elementor-column elementor-col-100 elementor-top-column elementor-element elementor-element-3ff41695\" data-id=\"3ff41695\" data-element_type=\"column\" data-e-type=\"column\">\n\t\t\t<div class=\"elementor-widget-wrap elementor-element-populated\">\n\t\t\t\t\t\t<div class=\"elementor-element elementor-element-fc835a9 elementor-widget elementor-widget-heading\" data-id=\"fc835a9\" data-element_type=\"widget\" data-e-type=\"widget\" data-widget_type=\"heading.default\">\n\t\t\t\t\t<h1 class=\"elementor-heading-title elementor-size-default\">Cuidado con los estafadores<\/h1>\t\t\t\t<\/div>\n\t\t\t\t<div class=\"elementor-element elementor-element-466c0f9e elementor-widget elementor-widget-text-editor\" data-id=\"466c0f9e\" data-element_type=\"widget\" data-e-type=\"widget\" data-widget_type=\"text-editor.default\">\n\t\t\t\t\t\t\t\t\t<p><\/p>\n<p>Al navegar por internet, encontrar\u00e1s numerosos anuncios de iboga\u00edna e iboga en venta. Sin embargo, al comprar iboga\u00edna en l\u00ednea, es crucial distinguir a los vendedores aut\u00e9nticos de los estafadores. Nuestra tienda de iboga en l\u00ednea destaca como la opci\u00f3n m\u00e1s confiable y de mayor reputaci\u00f3n, avalada por <a href=\"http:\/\/getibogaine.com\/ibogaine-treatment-testimonials\/\"><strong><span style=\"text-decoration: underline;\">testimonios aut\u00e9nticos<\/span><\/strong><\/a> de nuestros clientes satisfechos.<\/p>\n<p>Para asegurarte de que est\u00e1s tratando con un proveedor de confianza, exige una videollamada en directo para confirmar la disponibilidad de iboga\u00edna en venta o iboga en venta. Solicita pruebas de <a href=\"http:\/\/getibogaine.com\/videos-receipts\/\"><strong><span style=\"text-decoration: underline;\">env\u00edos exitosos<\/span><\/strong><\/a> anteriores, como recibos de env\u00edo, para establecer credibilidad.<\/p>\n<p>Un vendedor de buena reputaci\u00f3n debe facilitar la comunicaci\u00f3n directa con un cliente anterior dispuesto a compartir su experiencia comprando iboga\u00edna en la tienda. Desconf\u00eda de precios de iboga\u00edna e iboga inusualmente bajos, ya que la autenticidad suele verse comprometida por costos irrealmente bajos para esta sustancia rara. Para m\u00e1s informaci\u00f3n sobre <a href=\"http:\/\/getibogaine.com\/ibogaine-price-and-treatment-costs\/\"><span style=\"text-decoration: underline;\"><strong>los precios de la iboga\u00edna<\/strong><\/span><\/a>, no dudes en explorar nuestro blog para obtener informaci\u00f3n valiosa.<\/p>\n<p><\/p>\t\t\t\t\t\t\t\t<\/div>\n\t\t\t\t<div class=\"elementor-element elementor-element-9365eb4 elementor-widget elementor-widget-spacer\" data-id=\"9365eb4\" data-element_type=\"widget\" data-e-type=\"widget\" data-widget_type=\"spacer.default\">\n\t\t\t\t\t\t\t<div class=\"elementor-spacer\">\n\t\t\t<div class=\"elementor-spacer-inner\"><\/div>\n\t\t<\/div>\n\t\t\t\t\t\t<\/div>\n\t\t\t\t\t<\/div>\n\t\t<\/div>\n\t\t\t\t\t<\/div>\n\t\t<\/section>\n\t\t\t\t<\/div>\n\t\t","protected":false},"excerpt":{"rendered":"<p>Cuidado con los estafadores Al navegar por internet, encontrar\u00e1s numerosos anuncios de iboga\u00edna e iboga en venta. Sin embargo, al [&hellip;]<\/p>\n","protected":false},"author":3,"featured_media":31102,"parent":0,"menu_order":0,"comment_status":"closed","ping_status":"closed","template":"elementor_header_footer","meta":{"site-sidebar-layout":"default","site-content-layout":"","ast-site-content-layout":"default","site-content-style":"default","site-sidebar-style":"default","ast-global-header-display":"","ast-banner-title-visibility":"","ast-main-header-display":"","ast-hfb-above-header-display":"","ast-hfb-below-header-display":"","ast-hfb-mobile-header-display":"","site-post-title":"disabled","ast-breadcrumbs-content":"","ast-featured-img":"","footer-sml-layout":"","ast-disable-related-posts":"","theme-transparent-header-meta":"","adv-header-id-meta":"","stick-header-meta":"","header-above-stick-meta":"","header-main-stick-meta":"","header-below-stick-meta":"","astra-migrate-meta-layouts":"default","ast-page-background-enabled":"default","ast-page-background-meta":{"desktop":{"background-color":"var(--ast-global-color-4)","background-image":"","background-repeat":"repeat","background-position":"center center","background-size":"auto","background-attachment":"scroll","background-type":"","background-media":"","overlay-type":"","overlay-color":"","overlay-opacity":"","overlay-gradient":""},"tablet":{"background-color":"","background-image":"","background-repeat":"repeat","background-position":"center center","background-size":"auto","background-attachment":"scroll","background-type":"","background-media":"","overlay-type":"","overlay-color":"","overlay-opacity":"","overlay-gradient":""},"mobile":{"background-color":"","background-image":"","background-repeat":"repeat","background-position":"center center","background-size":"auto","background-attachment":"scroll","background-type":"","background-media":"","overlay-type":"","overlay-color":"","overlay-opacity":"","overlay-gradient":""}},"ast-content-background-meta":{"desktop":{"background-color":"var(--ast-global-color-5)","background-image":"","background-repeat":"repeat","background-position":"center center","background-size":"auto","background-attachment":"scroll","background-type":"","background-media":"","overlay-type":"","overlay-color":"","overlay-opacity":"","overlay-gradient":""},"tablet":{"background-color":"var(--ast-global-color-5)","background-image":"","background-repeat":"repeat","background-position":"center center","background-size":"auto","background-attachment":"scroll","background-type":"","background-media":"","overlay-type":"","overlay-color":"","overlay-opacity":"","overlay-gradient":""},"mobile":{"background-color":"var(--ast-global-color-5)","background-image":"","background-repeat":"repeat","background-position":"center center","background-size":"auto","background-attachment":"scroll","background-type":"","background-media":"","overlay-type":"","overlay-color":"","overlay-opacity":"","overlay-gradient":""}},"footnotes":""},"class_list":["post-31101","page","type-page","status-publish","has-post-thumbnail","hentry"],"jetpack_sharing_enabled":true,"_links":{"self":[{"href":"https:\/\/getibogaine.com\/es\/wp-json\/wp\/v2\/pages\/31101","targetHints":{"allow":["GET"]}}],"collection":[{"href":"https:\/\/getibogaine.com\/es\/wp-json\/wp\/v2\/pages"}],"about":[{"href":"https:\/\/getibogaine.com\/es\/wp-json\/wp\/v2\/types\/page"}],"author":[{"embeddable":true,"href":"https:\/\/getibogaine.com\/es\/wp-json\/wp\/v2\/users\/3"}],"replies":[{"embeddable":true,"href":"https:\/\/getibogaine.com\/es\/wp-json\/wp\/v2\/comments?post=31101"}],"version-history":[{"count":4,"href":"https:\/\/getibogaine.com\/es\/wp-json\/wp\/v2\/pages\/31101\/revisions"}],"predecessor-version":[{"id":35772,"href":"https:\/\/getibogaine.com\/es\/wp-json\/wp\/v2\/pages\/31101\/revisions\/35772"}],"wp:featuredmedia":[{"embeddable":true,"href":"https:\/\/getibogaine.com\/es\/wp-json\/wp\/v2\/media\/31102"}],"wp:attachment":[{"href":"https:\/\/getibogaine.com\/es\/wp-json\/wp\/v2\/media?parent=31101"}],"curies":[{"name":"wp","href":"https:\/\/api.w.org\/{rel}","templated":true}]}}