{"id":31135,"date":"2022-10-20T04:23:13","date_gmt":"2022-10-20T08:23:13","guid":{"rendered":"http:\/\/getibogaine.com\/?page_id=11042"},"modified":"2026-03-11T15:25:31","modified_gmt":"2026-03-11T19:25:31","slug":"envio-y-entrega","status":"publish","type":"page","link":"https:\/\/getibogaine.com\/es\/envio-y-entrega\/","title":{"rendered":"Env\u00edo y entrega"},"content":{"rendered":"\t\t<div data-elementor-type=\"wp-page\" data-elementor-id=\"31135\" class=\"elementor elementor-31135 elementor-11042\" data-elementor-post-type=\"page\">\n\t\t\t\t<div class=\"elementor-element elementor-element-992b329 e-flex e-con-boxed e-con e-parent\" data-id=\"992b329\" data-element_type=\"container\" data-e-type=\"container\" data-settings=\"{&quot;background_background&quot;:&quot;classic&quot;}\">\n\t\t\t\t\t<div class=\"e-con-inner\">\n\t\t<div class=\"elementor-element elementor-element-a38b58f e-con-full e-flex e-con e-child\" data-id=\"a38b58f\" data-element_type=\"container\" data-e-type=\"container\" data-settings=\"{&quot;motion_fx_motion_fx_scrolling&quot;:&quot;yes&quot;,&quot;motion_fx_translateY_effect&quot;:&quot;yes&quot;,&quot;motion_fx_translateY_speed&quot;:{&quot;unit&quot;:&quot;px&quot;,&quot;size&quot;:4,&quot;sizes&quot;:[]},&quot;motion_fx_translateY_affectedRange&quot;:{&quot;unit&quot;:&quot;%&quot;,&quot;size&quot;:&quot;&quot;,&quot;sizes&quot;:{&quot;start&quot;:0,&quot;end&quot;:100}},&quot;motion_fx_devices&quot;:[&quot;widescreen&quot;,&quot;desktop&quot;,&quot;laptop&quot;,&quot;tablet&quot;,&quot;mobile&quot;]}\">\n\t\t\t\t<div class=\"elementor-element elementor-element-05dcde7 elementor-widget elementor-widget-spacer\" data-id=\"05dcde7\" data-element_type=\"widget\" data-e-type=\"widget\" data-widget_type=\"spacer.default\">\n\t\t\t\t\t\t\t<div class=\"elementor-spacer\">\n\t\t\t<div class=\"elementor-spacer-inner\"><\/div>\n\t\t<\/div>\n\t\t\t\t\t\t<\/div>\n\t\t\t\t<div class=\"elementor-element elementor-element-83a4824 elementor-widget elementor-widget-heading\" data-id=\"83a4824\" data-element_type=\"widget\" data-e-type=\"widget\" data-widget_type=\"heading.default\">\n\t\t\t\t\t<h1 class=\"elementor-heading-title elementor-size-default\">T\u00e9rminos de env\u00edo y entrega<\/h1>\t\t\t\t<\/div>\n\t\t\t\t<div class=\"elementor-element elementor-element-4e697b9 elementor-widget elementor-widget-heading\" data-id=\"4e697b9\" data-element_type=\"widget\" data-e-type=\"widget\" data-widget_type=\"heading.default\">\n\t\t\t\t\t<h2 class=\"elementor-heading-title elementor-size-default\">Aqu\u00ed est\u00e1 nuestra pol\u00edtica de env\u00edos para la entrega mundial de iboga\u00edna<\/h2>\t\t\t\t<\/div>\n\t\t\t\t<\/div>\n\t\t\t\t\t<\/div>\n\t\t\t\t<\/div>\n\t\t<div class=\"elementor-element elementor-element-d60e105 e-flex e-con-boxed e-con e-parent\" data-id=\"d60e105\" data-element_type=\"container\" data-e-type=\"container\">\n\t\t\t\t\t<div class=\"e-con-inner\">\n\t\t<div class=\"elementor-element elementor-element-213105e e-con-full e-flex e-con e-child\" data-id=\"213105e\" data-element_type=\"container\" data-e-type=\"container\">\n\t\t\t\t<div class=\"elementor-element elementor-element-62effa5 elementor-widget elementor-widget-text-editor\" data-id=\"62effa5\" data-element_type=\"widget\" data-e-type=\"widget\" data-widget_type=\"text-editor.default\">\n\t\t\t\t\t\t\t\t\tEstamos orgullosos de ofrecer servicios de env\u00edo internacional para todos nuestros productos de Iboga.\u00a0\t\t\t\t\t\t\t\t<\/div>\n\t\t\t\t<div class=\"elementor-element elementor-element-26d01dd elementor-widget elementor-widget-heading\" data-id=\"26d01dd\" data-element_type=\"widget\" data-e-type=\"widget\" data-widget_type=\"heading.default\">\n\t\t\t\t\t<h2 class=\"elementor-heading-title elementor-size-default\">Derechos de aduana<\/h2>\t\t\t\t<\/div>\n\t\t\t\t<div class=\"elementor-element elementor-element-e1036ed elementor-widget elementor-widget-text-editor\" data-id=\"e1036ed\" data-element_type=\"widget\" data-e-type=\"widget\" data-widget_type=\"text-editor.default\">\n\t\t\t\t\t\t\t\t\t<p><\/p>\n<p data-pm-slice=\"1 1 []\">No nos hacemos responsables de ninguna tasa o impuesto aduanero una vez que los art\u00edculos hayan sido enviados a tu pa\u00eds. Al comprar iboga\u00edna con nosotros, aceptas que los paquetes(productos) pueden ser enviados a ti y generar tasas aduaneras cuando lleguen a tu pa\u00eds.<\/p>\n<p><\/p>\t\t\t\t\t\t\t\t<\/div>\n\t\t\t\t<div class=\"elementor-element elementor-element-fdc9198 elementor-widget elementor-widget-heading\" data-id=\"fdc9198\" data-element_type=\"widget\" data-e-type=\"widget\" data-widget_type=\"heading.default\">\n\t\t\t\t\t<h2 class=\"elementor-heading-title elementor-size-default\">Tiempo de env\u00edo<\/h2>\t\t\t\t<\/div>\n\t\t\t\t<div class=\"elementor-element elementor-element-1eac107 elementor-widget elementor-widget-text-editor\" data-id=\"1eac107\" data-element_type=\"widget\" data-e-type=\"widget\" data-widget_type=\"text-editor.default\">\n\t\t\t\t\t\t\t\t\t<p>Siempre aconsejamos a los clientes que elijan el env\u00edo r\u00e1pido al comprar en getibogaine.com. Para ello, utilizamos DHL, cuyo tiempo de env\u00edo es de 3 a 7 d\u00edas.<\/p>\n<p>Para los clientes que conocen EMS, hemos cancelado esa opci\u00f3n y trabajamos \u00fanicamente con servicios de env\u00edo r\u00e1pido como DHL.<\/p>\n<p>Aunque es m\u00e1s barato, sus inconvenientes y retrasos basados en<span style=\"color: #ff9900;\"> <strong><a style=\"color: #ff9900;\" href=\"http:\/\/getibogaine.com\/videos-receipts\/\">los comentarios de los clientes<\/a><\/strong><\/span> nos han hecho preferir DHL como la opci\u00f3n m\u00e1s satisfactoria para el env\u00edo y la entrega de productos a tiempo. DHL proporciona un n\u00famero de seguimiento a sus clientes, lo que significa que el paquete es rastreable. Tambi\u00e9n permite a los clientes rastrear sus paquetes en l\u00ednea.<\/p>\t\t\t\t\t\t\t\t<\/div>\n\t\t\t\t<div class=\"elementor-element elementor-element-3361578 elementor-widget elementor-widget-heading\" data-id=\"3361578\" data-element_type=\"widget\" data-e-type=\"widget\" data-widget_type=\"heading.default\">\n\t\t\t\t\t<h2 class=\"elementor-heading-title elementor-size-default\">Costo de env\u00edo<\/h2>\t\t\t\t<\/div>\n\t\t\t\t<div class=\"elementor-element elementor-element-28fe05e elementor-widget elementor-widget-text-editor\" data-id=\"28fe05e\" data-element_type=\"widget\" data-e-type=\"widget\" data-widget_type=\"text-editor.default\">\n\t\t\t\t\t\t\t\t\t<p><\/p>\n<p>El env\u00edo var\u00eda seg\u00fan la cantidad que se vaya a comprar. Estos son nuestros cargos de env\u00edo:<\/p>\n<p>\u00a0<\/p>\n<table width=\"630\">\n<thead>\n<tr>\n<td>\n<p><strong>PESO<\/strong><\/p>\n<\/td>\n<td>\n<p><strong>*COSTO DE ENV\u00cdO<\/strong><\/p>\n<\/td>\n<\/tr>\n<\/thead>\n<tbody>\n<tr>\n<td>\n<p>0.1kg \u2013 2kg\u00a0<\/p>\n<\/td>\n<td>\n<p>$80<\/p>\n<\/td>\n<\/tr>\n<tr>\n<td>\n<p>2.01kg \u2013 5kg<\/p>\n<\/td>\n<td>\n<p>$100<\/p>\n<\/td>\n<\/tr>\n<tr>\n<td>\n<p>5.01kg \u2013 10kg<\/p>\n<\/td>\n<td>\n<p>$150<\/p>\n<\/td>\n<\/tr>\n<tr>\n<td>\n<p>>10kg<\/p>\n<\/td>\n<td>\n<p>$200 y nosotros cubrimos el costo de env\u00edo adicional<\/p>\n<\/td>\n<\/tr>\n<\/tbody>\n<\/table>\n<p>\u00a0<\/p>\n<p>El tiempo m\u00e1ximo de entrega es de 3 a 7 d\u00edas h\u00e1biles.<\/p>\n<p><em>*Esto no incluye nuestras 24 horas de tiempo de procesamiento.<\/em><\/p>\n<p><\/p>\t\t\t\t\t\t\t\t<\/div>\n\t\t\t\t<div class=\"elementor-element elementor-element-eadc5da elementor-widget elementor-widget-heading\" data-id=\"eadc5da\" data-element_type=\"widget\" data-e-type=\"widget\" data-widget_type=\"heading.default\">\n\t\t\t\t\t<h2 class=\"elementor-heading-title elementor-size-default\">Seguimiento del env\u00edo<\/h2>\t\t\t\t<\/div>\n\t\t\t\t<div class=\"elementor-element elementor-element-69303f2 elementor-widget elementor-widget-text-editor\" data-id=\"69303f2\" data-element_type=\"widget\" data-e-type=\"widget\" data-widget_type=\"text-editor.default\">\n\t\t\t\t\t\t\t\t\t<p><\/p>\n<p>Una vez que tu tipo de iboga haya sido enviado, recibir\u00e1s un correo electr\u00f3nico de confirmaci\u00f3n de env\u00edo con un <span style=\"color: #ff9900;\"><strong><a style=\"color: #ff9900;\" href=\"http:\/\/getibogaine.com\/tracking-order\/\">n\u00famero de seguimiento.<\/a><\/strong><\/span> Es tu responsabilidad dar seguimiento a las instrucciones relacionadas con el rastreo y la entrega.<\/p>\n<p><\/p>\t\t\t\t\t\t\t\t<\/div>\n\t\t\t\t<div class=\"elementor-element elementor-element-cbfbe49 elementor-widget elementor-widget-heading\" data-id=\"cbfbe49\" data-element_type=\"widget\" data-e-type=\"widget\" data-widget_type=\"heading.default\">\n\t\t\t\t\t<h2 class=\"elementor-heading-title elementor-size-default\"><a href=\"http:\/\/getibogaine.com\/payment\/\">Realizar el pago<\/a><\/h2>\t\t\t\t<\/div>\n\t\t\t\t<div class=\"elementor-element elementor-element-9ddd207 elementor-widget elementor-widget-text-editor\" data-id=\"9ddd207\" data-element_type=\"widget\" data-e-type=\"widget\" data-widget_type=\"text-editor.default\">\n\t\t\t\t\t\t\t\t\t<p>Cumplir transacciones y procesar tu registro, pedidos y<span style=\"color: #ff9900;\"><strong> <a style=\"color: #ff9900;\" href=\"http:\/\/getibogaine.com\/payment\/\">pagos<\/a><\/strong><\/span>, incluida la verificaci\u00f3n de que la informaci\u00f3n que proporcionas sea precisa y est\u00e9 activa. Tambi\u00e9n puedes obtener m\u00e1s informaci\u00f3n sobre nuestra pol\u00edtica de devoluciones y reembolsos visitando <span style=\"color: #ff9900;\"><strong><a style=\"color: #ff9900;\" href=\"http:\/\/getibogaine.com\/refund-returns\/\">nuestra p\u00e1gina de devoluciones y reembolsos<\/a><\/strong><\/span><\/p>\t\t\t\t\t\t\t\t<\/div>\n\t\t\t\t<div class=\"elementor-element elementor-element-480dd03 elementor-widget elementor-widget-spacer\" data-id=\"480dd03\" data-element_type=\"widget\" data-e-type=\"widget\" data-widget_type=\"spacer.default\">\n\t\t\t\t\t\t\t<div class=\"elementor-spacer\">\n\t\t\t<div class=\"elementor-spacer-inner\"><\/div>\n\t\t<\/div>\n\t\t\t\t\t\t<\/div>\n\t\t\t\t<\/div>\n\t\t\t\t\t<\/div>\n\t\t\t\t<\/div>\n\t\t\t\t<\/div>\n\t\t","protected":false},"excerpt":{"rendered":"<p>T\u00e9rminos de env\u00edo y entrega Aqu\u00ed est\u00e1 nuestra pol\u00edtica de env\u00edos para la entrega mundial de iboga\u00edna Estamos orgullosos de [&hellip;]<\/p>\n","protected":false},"author":3,"featured_media":30916,"parent":0,"menu_order":0,"comment_status":"closed","ping_status":"closed","template":"elementor_header_footer","meta":{"site-sidebar-layout":"default","site-content-layout":"","ast-site-content-layout":"default","site-content-style":"default","site-sidebar-style":"default","ast-global-header-display":"","ast-banner-title-visibility":"","ast-main-header-display":"","ast-hfb-above-header-display":"","ast-hfb-below-header-display":"","ast-hfb-mobile-header-display":"","site-post-title":"","ast-breadcrumbs-content":"","ast-featured-img":"","footer-sml-layout":"","ast-disable-related-posts":"","theme-transparent-header-meta":"","adv-header-id-meta":"","stick-header-meta":"","header-above-stick-meta":"","header-main-stick-meta":"","header-below-stick-meta":"","astra-migrate-meta-layouts":"default","ast-page-background-enabled":"default","ast-page-background-meta":{"desktop":{"background-color":"var(--ast-global-color-4)","background-image":"","background-repeat":"repeat","background-position":"center center","background-size":"auto","background-attachment":"scroll","background-type":"","background-media":"","overlay-type":"","overlay-color":"","overlay-opacity":"","overlay-gradient":""},"tablet":{"background-color":"","background-image":"","background-repeat":"repeat","background-position":"center center","background-size":"auto","background-attachment":"scroll","background-type":"","background-media":"","overlay-type":"","overlay-color":"","overlay-opacity":"","overlay-gradient":""},"mobile":{"background-color":"","background-image":"","background-repeat":"repeat","background-position":"center center","background-size":"auto","background-attachment":"scroll","background-type":"","background-media":"","overlay-type":"","overlay-color":"","overlay-opacity":"","overlay-gradient":""}},"ast-content-background-meta":{"desktop":{"background-color":"var(--ast-global-color-5)","background-image":"","background-repeat":"repeat","background-position":"center center","background-size":"auto","background-attachment":"scroll","background-type":"","background-media":"","overlay-type":"","overlay-color":"","overlay-opacity":"","overlay-gradient":""},"tablet":{"background-color":"var(--ast-global-color-5)","background-image":"","background-repeat":"repeat","background-position":"center center","background-size":"auto","background-attachment":"scroll","background-type":"","background-media":"","overlay-type":"","overlay-color":"","overlay-opacity":"","overlay-gradient":""},"mobile":{"background-color":"var(--ast-global-color-5)","background-image":"","background-repeat":"repeat","background-position":"center center","background-size":"auto","background-attachment":"scroll","background-type":"","background-media":"","overlay-type":"","overlay-color":"","overlay-opacity":"","overlay-gradient":""}},"footnotes":""},"class_list":["post-31135","page","type-page","status-publish","has-post-thumbnail","hentry"],"jetpack_sharing_enabled":true,"_links":{"self":[{"href":"https:\/\/getibogaine.com\/es\/wp-json\/wp\/v2\/pages\/31135","targetHints":{"allow":["GET"]}}],"collection":[{"href":"https:\/\/getibogaine.com\/es\/wp-json\/wp\/v2\/pages"}],"about":[{"href":"https:\/\/getibogaine.com\/es\/wp-json\/wp\/v2\/types\/page"}],"author":[{"embeddable":true,"href":"https:\/\/getibogaine.com\/es\/wp-json\/wp\/v2\/users\/3"}],"replies":[{"embeddable":true,"href":"https:\/\/getibogaine.com\/es\/wp-json\/wp\/v2\/comments?post=31135"}],"version-history":[{"count":4,"href":"https:\/\/getibogaine.com\/es\/wp-json\/wp\/v2\/pages\/31135\/revisions"}],"predecessor-version":[{"id":35899,"href":"https:\/\/getibogaine.com\/es\/wp-json\/wp\/v2\/pages\/31135\/revisions\/35899"}],"wp:featuredmedia":[{"embeddable":true,"href":"https:\/\/getibogaine.com\/es\/wp-json\/wp\/v2\/media\/30916"}],"wp:attachment":[{"href":"https:\/\/getibogaine.com\/es\/wp-json\/wp\/v2\/media?parent=31135"}],"curies":[{"name":"wp","href":"https:\/\/api.w.org\/{rel}","templated":true}]}}