{"id":31237,"date":"2023-11-06T15:30:47","date_gmt":"2023-11-06T14:30:47","guid":{"rendered":"http:\/\/getibogaine.com\/?page_id=19385"},"modified":"2026-03-12T07:41:29","modified_gmt":"2026-03-12T11:41:29","slug":"ventana-emergente-del-formulario-de-comentarios-de-get-iboga","status":"publish","type":"page","link":"https:\/\/getibogaine.com\/es\/ventana-emergente-del-formulario-de-comentarios-de-get-iboga\/","title":{"rendered":"Ventana emergente del formulario de comentarios de Get Iboga"},"content":{"rendered":"\t\t<div data-elementor-type=\"wp-page\" data-elementor-id=\"31237\" class=\"elementor elementor-31237 elementor-19385\" data-elementor-post-type=\"page\">\n\t\t\t\t<div class=\"elementor-element elementor-element-b299d95 e-flex e-con-boxed e-con e-parent\" data-id=\"b299d95\" data-element_type=\"container\" data-e-type=\"container\" data-settings=\"{&quot;background_background&quot;:&quot;classic&quot;}\">\n\t\t\t\t\t<div class=\"e-con-inner\">\n\t\t\t\t<div class=\"elementor-element elementor-element-7f9e126 elementor-widget elementor-widget-heading\" data-id=\"7f9e126\" data-element_type=\"widget\" data-e-type=\"widget\" data-widget_type=\"heading.default\">\n\t\t\t\t\t<h1 class=\"elementor-heading-title elementor-size-default\">Obt\u00e9n comentarios de Get Ibogaine<\/h1>\t\t\t\t<\/div>\n\t\t\t\t\t<\/div>\n\t\t\t\t<\/div>\n\t\t<div class=\"elementor-element elementor-element-0745954 e-flex e-con-boxed e-con e-parent\" data-id=\"0745954\" data-element_type=\"container\" data-e-type=\"container\" data-settings=\"{&quot;background_background&quot;:&quot;classic&quot;}\">\n\t\t\t\t\t<div class=\"e-con-inner\">\n\t\t\t\t<div class=\"elementor-element elementor-element-959d91a elementor-widget elementor-widget-image\" data-id=\"959d91a\" data-element_type=\"widget\" data-e-type=\"widget\" data-widget_type=\"image.default\">\n\t\t\t\t\t\t\t\t\t\t\t\t\t\t\t\t<a href=\"http:\/\/getibogaine.com\/get-ibogaine-treatment-consultation\/\">\n\t\t\t\t\t\t\t<img fetchpriority=\"high\" decoding=\"async\" width=\"728\" height=\"90\" src=\"https:\/\/getibogaine.com\/wp-content\/uploads\/2025\/02\/Get-ibogaine-iboga-shaman.jpg\" class=\"attachment-full size-full wp-image-31620\" alt=\"Get ibogaine iboga shaman\" srcset=\"https:\/\/getibogaine.com\/wp-content\/uploads\/2025\/02\/Get-ibogaine-iboga-shaman.jpg 728w, https:\/\/getibogaine.com\/wp-content\/uploads\/2025\/02\/Get-ibogaine-iboga-shaman-525x65.jpg 525w\" sizes=\"(max-width: 728px) 100vw, 728px\" title=\"\">\t\t\t\t\t\t\t\t<\/a>\n\t\t\t\t\t\t\t\t\t\t\t\t\t\t\t<\/div>\n\t\t\t\t<div class=\"elementor-element elementor-element-d69436c elementor-widget__width-initial elementor-widget elementor-widget-text-editor\" data-id=\"d69436c\" data-element_type=\"widget\" data-e-type=\"widget\" data-widget_type=\"text-editor.default\">\n\t\t\t\t\t\t\t\t\t<p>Tenemos la misi\u00f3n de ofrecerte la mejor experiencia posible, \u00a1y nos encantar\u00eda contar con tu ayuda! Dedica unos momentos a completar nuestro breve cuestionario sobre tu recorrido y tu experiencia en nuestro sitio. Tus comentarios son valiosos para ayudarnos a entender c\u00f3mo podemos servirte mejor e identificar cualquier dificultad que puedas estar enfrentando. Como muestra de agradecimiento por tu tiempo, \u00a1recibir\u00e1s un 10% de descuento en tu pr\u00f3xima compra!<\/p>\t\t\t\t\t\t\t\t<\/div>\n\t\t\t\t<div class=\"elementor-element elementor-element-cbf14de fluent-form-widget-step-header-yes fluent-form-widget-step-progressbar-yes fluentform-widget-submit-button-custom elementor-widget elementor-widget-fluent-form-widget\" data-id=\"cbf14de\" data-element_type=\"widget\" data-e-type=\"widget\" data-widget_type=\"fluent-form-widget.default\">\n\t\t\t\t<div class=\"elementor-widget-container\">\n\t\t\t\t\t\n            <div class=\"fluentform-widget-wrapper fluentform-widget-align-default\">\n\n            \n            <div class='fluentform ff-default fluentform_wrapper_4 ffs_default_wrap'><form data-form_id=\"4\" id=\"fluentform_4\" class=\"frm-fluent-form fluent_form_4 ff-el-form-top ff_form_instance_4_1 ff-form-loading ffs_default\" data-form_instance=\"ff_form_instance_4_1\" method=\"POST\" ><fieldset  style=\"border: none!important;margin: 0!important;padding: 0!important;background-color: transparent!important;box-shadow: none!important;outline: none!important; min-inline-size: 100%;\">\n                    <legend class=\"ff_screen_reader_title\" style=\"display: block; margin: 0!important;padding: 0!important;height: 0!important;text-indent: -999999px;width: 0!important;overflow:hidden;\">Get Ibogaine Feedback Form (Popup)<\/legend><input type='hidden' name='__fluent_form_embded_post_id' value='31237' \/><input type=\"hidden\" id=\"_fluentform_4_fluentformnonce\" name=\"_fluentform_4_fluentformnonce\" value=\"ef5c082fb6\" \/><input type=\"hidden\" name=\"_wp_http_referer\" value=\"\/es\/wp-json\/wp\/v2\/pages\/31237\" \/><div data-type=\"name-element\" data-name=\"name_1\" class=\" ff-field_container ff-name-field-wrapper\" ><div class='ff-t-container'><div class='ff-t-cell '><div class='ff-el-group  ff-el-form-top'><div class=\"ff-el-input--label ff-el-is-required asterisk-right\"><label for='ff_4_name_1_first_name_' id='label_ff_4_name_1_first_name_' >First<\/label><\/div><div class='ff-el-input--content'><input type=\"text\" name=\"name_1[first_name]\" id=\"ff_4_name_1_first_name_\" class=\"ff-el-form-control\" placeholder=\"First Name\" aria-invalid=\"false\" aria-required=true><\/div><\/div><\/div><div class='ff-t-cell '><div class='ff-el-group  ff-el-form-top'><div class=\"ff-el-input--label ff-el-is-required asterisk-right\"><label for='ff_4_name_1_last_name_' id='label_ff_4_name_1_last_name_' >Last<\/label><\/div><div class='ff-el-input--content'><input type=\"text\" name=\"name_1[last_name]\" id=\"ff_4_name_1_last_name_\" class=\"ff-el-form-control\" placeholder=\"Last Name\" aria-invalid=\"false\" aria-required=true><\/div><\/div><\/div><\/div><\/div><div class='ff-el-group'><div class=\"ff-el-input--label ff-el-is-required asterisk-right\"><label for='ff_4_email_2' id='label_ff_4_email_2' aria-label=\"Email\">Email<\/label><\/div><div class='ff-el-input--content'><input type=\"email\" name=\"email_2\" class=\"ff-el-form-control\" id=\"ff_4_email_2\" data-name=\"email_2\"  aria-invalid=\"false\" aria-required=true><\/div><\/div><div class='ff-el-group'><div class=\"ff-el-input--label ff-el-is-required asterisk-right\"><label for='' id='label_' aria-label=\"How did you first hear about our product\/website?\">How did you first hear about our product\/website? <\/label><\/div><div class='ff-el-input--content'><div class='ff-el-form-check'><label class='ff-el-form-check-label' for='checkbox_8_4cfc0b95b4b6633b7e9767fe0de54d35'><input  name=\"checkbox_8[]\" class=\"ff-el-form-check-input ff-el-form-check-checkbox\" type=\"checkbox\" data-name=\"checkbox_8\" value=\"Search Engines\"  id='checkbox_8_4cfc0b95b4b6633b7e9767fe0de54d35' aria-label='Search Engines' aria-invalid='false' aria-required=true> <span>Search Engines<\/span><\/label><\/div><div class='ff-el-form-check'><label class='ff-el-form-check-label' for='checkbox_8_bf8c29b9f75055a7ba42161f1f69e161'><input  name=\"checkbox_8[]\" class=\"ff-el-form-check-input ff-el-form-check-checkbox\" type=\"checkbox\" data-name=\"checkbox_8\" value=\"Social Media\"  id='checkbox_8_bf8c29b9f75055a7ba42161f1f69e161' aria-label='Social Media' aria-invalid='false' aria-required=true> <span>Social Media<\/span><\/label><\/div><div class='ff-el-form-check'><label class='ff-el-form-check-label' for='checkbox_8_0d9740302ff5925b1f1098917fe3c945'><input  name=\"checkbox_8[]\" class=\"ff-el-form-check-input ff-el-form-check-checkbox\" type=\"checkbox\" data-name=\"checkbox_8\" value=\"Word of Mouth\"  id='checkbox_8_0d9740302ff5925b1f1098917fe3c945' aria-label='Word of Mouth' aria-invalid='false' aria-required=true> <span>Word of Mouth<\/span><\/label><\/div><div class='ff-el-form-check'><label class='ff-el-form-check-label' for='checkbox_8_bb62f8d272f8b0653a87377d55fec736'><input  name=\"checkbox_8[]\" class=\"ff-el-form-check-input ff-el-form-check-checkbox\" type=\"checkbox\" data-name=\"checkbox_8\" value=\"Other \"  id='checkbox_8_bb62f8d272f8b0653a87377d55fec736' aria-label='Other' aria-invalid='false' aria-required=true> <span>Other <\/span><\/label><\/div><\/div><\/div><div class='ff-el-group'><div class=\"ff-el-input--label ff-el-is-required asterisk-right\"><label for='ff_4_text_5' id='label_ff_4_text_5' aria-label=\"How helpful was the content on this website and what more would you like to see\">How helpful was the content on this website and what more would you like to see<\/label><\/div><div class='ff-el-input--content'><input type=\"text\" name=\"text_5\" class=\"ff-el-form-control\" id=\"ff_4_text_5\" maxlength=\"1800\" data-name=\"text_5\"  aria-invalid=\"false\" aria-required=true><\/div><\/div><div class='ff-el-group'><div class=\"ff-el-input--label ff-el-is-required asterisk-right\"><label for='ff_4_text_10' id='label_ff_4_text_10' aria-label=\"Did you compare our product with others before deciding to purchase? If so, what made you choose ours?\">Did you compare our product with others before deciding to purchase? If so, what made you choose ours?  <\/label><\/div><div class='ff-el-input--content'><input type=\"text\" name=\"text_10\" class=\"ff-el-form-control\" id=\"ff_4_text_10\" maxlength=\"1800\" data-name=\"text_10\"  aria-invalid=\"false\" aria-required=true><\/div><\/div><div class='ff-el-group'><div class=\"ff-el-input--label ff-el-is-required asterisk-right\"><label for='ff_4_text_11' id='label_ff_4_text_11' aria-label=\"Was there anything that nearly stopped you from making a purchase?\">Was there anything that nearly stopped you from making a purchase? <\/label><\/div><div class='ff-el-input--content'><input type=\"text\" name=\"text_11\" class=\"ff-el-form-control\" id=\"ff_4_text_11\" maxlength=\"1800\" data-name=\"text_11\"  aria-invalid=\"false\" aria-required=true><\/div><\/div><div class='ff-el-group'><div class=\"ff-el-input--label ff-el-is-required asterisk-right\"><label for='ff_4_text_12' id='label_ff_4_text_12' aria-label=\"Was the checkout process easy and straightforward?\">Was the checkout process easy and straightforward? <\/label><\/div><div class='ff-el-input--content'><input type=\"text\" name=\"text_12\" class=\"ff-el-form-control\" id=\"ff_4_text_12\" maxlength=\"1800\" data-name=\"text_12\"  aria-invalid=\"false\" aria-required=true><\/div><\/div><div class='ff-el-group'><div class=\"ff-el-input--label ff-el-is-required asterisk-right\"><label for='ff_4_text_13' id='label_ff_4_text_13' aria-label=\"How did you first hear about our product\/website?\"0>What would you suggest to us that can better serve you and others?<\/label><\/div><div class='ff-el-input--content'><input type=\"text\" name=\"text_13\" class=\"ff-el-form-control\" id=\"ff_4_text_13\" maxlength=\"1800\" data-name=\"text_13\"  aria-invalid=\"false\" aria-required=true><\/div><\/div><div class='ff-el-group ff-text-left ff_submit_btn_wrapper'><button type=\"submit\" class=\"ff-btn ff-btn-submit ff-btn-md ff_btn_style\"  aria-label=\"How did you first hear about our product\/website?\"1>Send Me My Code!<\/button><\/div><\/fieldset><\/form><div id='fluentform_4_errors' class='ff-errors-in-stack ff_form_instance_4_1 ff-form-loading_errors ff_form_instance_4_1_errors'><\/div><\/div>            <script type=\"text\/javascript\">\n                window.fluent_form_ff_form_instance_4_1 = {\"id\":\"4\",\"settings\":{\"layout\":{\"labelPlacement\":\"top\",\"asteriskPlacement\":\"asterisk-right\",\"helpMessagePlacement\":\"with_label\",\"errorMessagePlacement\":\"inline\",\"cssClassName\":\"\"},\"restrictions\":{\"denyEmptySubmission\":{\"enabled\":false}}},\"form_instance\":\"ff_form_instance_4_1\",\"form_id_selector\":\"fluentform_4\",\"rules\":{\"name_1[first_name]\":{\"required\":{\"value\":true,\"message\":\"This field is required\"}},\"name_1[]\":{\"required\":{\"value\":false,\"message\":\"This field is required\"}},\"name_1[last_name]\":{\"required\":{\"value\":true,\"message\":\"This field is required\"}},\"email_2\":{\"required\":{\"value\":true,\"message\":\"This field is required\"},\"email\":{\"value\":1,\"message\":\"This field must contain a valid email\"}},\"checkbox_8\":{\"required\":{\"value\":true,\"message\":\"This field is required\"}},\"text_5\":{\"required\":{\"value\":true,\"message\":\"This field is required\"}},\"text_10\":{\"required\":{\"value\":true,\"message\":\"This field is required\"}},\"text_11\":{\"required\":{\"value\":true,\"message\":\"This field is required\"}},\"text_12\":{\"required\":{\"value\":true,\"message\":\"This field is required\"}},\"text_13\":{\"required\":{\"value\":true,\"message\":\"This field is required\"}}},\"debounce_time\":300};\n                            <\/script>\n                        <\/div>\n\n            \t\t\t\t<\/div>\n\t\t\t\t<\/div>\n\t\t\t\t\t<\/div>\n\t\t\t\t<\/div>\n\t\t<div class=\"elementor-element elementor-element-1f23d1f e-flex e-con-boxed e-con e-parent\" data-id=\"1f23d1f\" data-element_type=\"container\" data-e-type=\"container\">\n\t\t\t\t\t<div class=\"e-con-inner\">\n\t\t\t\t<div class=\"elementor-element elementor-element-9d8e24c elementor-widget elementor-widget-image\" data-id=\"9d8e24c\" data-element_type=\"widget\" data-e-type=\"widget\" data-widget_type=\"image.default\">\n\t\t\t\t\t\t\t\t\t\t\t\t\t\t\t\t<a href=\"http:\/\/www.trustpilot.com\" target=\"_blank\" rel=\"noopener\">\n\t\t\t\t\t\t\t<img decoding=\"async\" width=\"464\" height=\"341\" src=\"https:\/\/getibogaine.com\/wp-content\/uploads\/2024\/06\/60c0bf49232c67ba8500c8bc_Trustpilot-4.8.png\" class=\"attachment-full size-full wp-image-43598\" alt=\"\" srcset=\"https:\/\/getibogaine.com\/wp-content\/uploads\/2024\/06\/60c0bf49232c67ba8500c8bc_Trustpilot-4.8.png 464w, https:\/\/getibogaine.com\/wp-content\/uploads\/2024\/06\/60c0bf49232c67ba8500c8bc_Trustpilot-4.8-400x294.png 400w, https:\/\/getibogaine.com\/wp-content\/uploads\/2024\/06\/60c0bf49232c67ba8500c8bc_Trustpilot-4.8-320x235.png 320w\" sizes=\"(max-width: 464px) 100vw, 464px\" title=\"\">\t\t\t\t\t\t\t\t<\/a>\n\t\t\t\t\t\t\t\t\t\t\t\t\t\t\t<\/div>\n\t\t\t\t<div class=\"elementor-element elementor-element-0331465 elementor-widget__width-initial elementor-widget elementor-widget-text-editor\" data-id=\"0331465\" data-element_type=\"widget\" data-e-type=\"widget\" data-widget_type=\"text-editor.default\">\n\t\t\t\t\t\t\t\t\t<p>Lo peculiar de <strong><a href=\"http:\/\/getibogaine.com\/about-get-ibogaine\/\">Get Ibogaine<\/a><\/strong> es nuestro compromiso de ofrecer a nuestros clientes productos de iboga de alta calidad, incluyendo corteza de ra\u00edz de iboga, iboga TA e iboga\u00edna HCL. Todas nuestras extracciones se realizan en nuestro laboratorio qu\u00edmico bien equipado por nuestros especialistas de laboratorio capacitados.<\/p><p>Para obtener el mejor resultado en extractos de iboga, realizamos todas las extracciones y transformaciones de iboga estrictamente de acuerdo con el protocolo establecido. Estamos comprometidos a ayudar a cualquier persona que tenga depresi\u00f3n, TEPT, ansiedad o una adicci\u00f3n de cualquier tipo y quiera liberarse.<\/p><p>Ofrecemos orientaci\u00f3n sobre c\u00f3mo puedes tratar tus adicciones mediante la automedicaci\u00f3n, impactando y transformando la vida de la mayor cantidad de personas posible.<\/p>\t\t\t\t\t\t\t\t<\/div>\n\t\t\t\t\t<\/div>\n\t\t\t\t<\/div>\n\t\t\t\t<\/div>\n\t\t","protected":false},"excerpt":{"rendered":"<p>Obt\u00e9n comentarios de Get Ibogaine Tenemos la misi\u00f3n de ofrecerte la mejor experiencia posible, \u00a1y nos encantar\u00eda contar con tu [&hellip;]<\/p>\n","protected":false},"author":3,"featured_media":31994,"parent":0,"menu_order":0,"comment_status":"closed","ping_status":"closed","template":"elementor_header_footer","meta":{"site-sidebar-layout":"default","site-content-layout":"","ast-site-content-layout":"default","site-content-style":"default","site-sidebar-style":"default","ast-global-header-display":"","ast-banner-title-visibility":"","ast-main-header-display":"","ast-hfb-above-header-display":"","ast-hfb-below-header-display":"","ast-hfb-mobile-header-display":"","site-post-title":"disabled","ast-breadcrumbs-content":"","ast-featured-img":"","footer-sml-layout":"","ast-disable-related-posts":"","theme-transparent-header-meta":"","adv-header-id-meta":"","stick-header-meta":"","header-above-stick-meta":"","header-main-stick-meta":"","header-below-stick-meta":"","astra-migrate-meta-layouts":"default","ast-page-background-enabled":"default","ast-page-background-meta":{"desktop":{"background-color":"var(--ast-global-color-4)","background-image":"","background-repeat":"repeat","background-position":"center center","background-size":"auto","background-attachment":"scroll","background-type":"","background-media":"","overlay-type":"","overlay-color":"","overlay-opacity":"","overlay-gradient":""},"tablet":{"background-color":"","background-image":"","background-repeat":"repeat","background-position":"center center","background-size":"auto","background-attachment":"scroll","background-type":"","background-media":"","overlay-type":"","overlay-color":"","overlay-opacity":"","overlay-gradient":""},"mobile":{"background-color":"","background-image":"","background-repeat":"repeat","background-position":"center center","background-size":"auto","background-attachment":"scroll","background-type":"","background-media":"","overlay-type":"","overlay-color":"","overlay-opacity":"","overlay-gradient":""}},"ast-content-background-meta":{"desktop":{"background-color":"var(--ast-global-color-5)","background-image":"","background-repeat":"repeat","background-position":"center center","background-size":"auto","background-attachment":"scroll","background-type":"","background-media":"","overlay-type":"","overlay-color":"","overlay-opacity":"","overlay-gradient":""},"tablet":{"background-color":"var(--ast-global-color-5)","background-image":"","background-repeat":"repeat","background-position":"center center","background-size":"auto","background-attachment":"scroll","background-type":"","background-media":"","overlay-type":"","overlay-color":"","overlay-opacity":"","overlay-gradient":""},"mobile":{"background-color":"var(--ast-global-color-5)","background-image":"","background-repeat":"repeat","background-position":"center center","background-size":"auto","background-attachment":"scroll","background-type":"","background-media":"","overlay-type":"","overlay-color":"","overlay-opacity":"","overlay-gradient":""}},"footnotes":""},"class_list":["post-31237","page","type-page","status-publish","has-post-thumbnail","hentry"],"jetpack_sharing_enabled":true,"_links":{"self":[{"href":"https:\/\/getibogaine.com\/es\/wp-json\/wp\/v2\/pages\/31237","targetHints":{"allow":["GET"]}}],"collection":[{"href":"https:\/\/getibogaine.com\/es\/wp-json\/wp\/v2\/pages"}],"about":[{"href":"https:\/\/getibogaine.com\/es\/wp-json\/wp\/v2\/types\/page"}],"author":[{"embeddable":true,"href":"https:\/\/getibogaine.com\/es\/wp-json\/wp\/v2\/users\/3"}],"replies":[{"embeddable":true,"href":"https:\/\/getibogaine.com\/es\/wp-json\/wp\/v2\/comments?post=31237"}],"version-history":[{"count":4,"href":"https:\/\/getibogaine.com\/es\/wp-json\/wp\/v2\/pages\/31237\/revisions"}],"predecessor-version":[{"id":35943,"href":"https:\/\/getibogaine.com\/es\/wp-json\/wp\/v2\/pages\/31237\/revisions\/35943"}],"wp:featuredmedia":[{"embeddable":true,"href":"https:\/\/getibogaine.com\/es\/wp-json\/wp\/v2\/media\/31994"}],"wp:attachment":[{"href":"https:\/\/getibogaine.com\/es\/wp-json\/wp\/v2\/media?parent=31237"}],"curies":[{"name":"wp","href":"https:\/\/api.w.org\/{rel}","templated":true}]}}