{"id":31363,"date":"2026-01-12T15:13:17","date_gmt":"2026-01-12T20:13:17","guid":{"rendered":"https:\/\/getibogaine.com\/?post_type=product&#038;p=29567"},"modified":"2026-03-09T03:32:11","modified_gmt":"2026-03-09T07:32:11","slug":"iboga-raiz-barco-50g","status":"publish","type":"product","link":"https:\/\/getibogaine.com\/es\/producto\/iboga-raiz-barco-50g\/","title":{"rendered":"Corteza de ra\u00edz de iboga (50 g)"},"content":{"rendered":"<div class=\"row\">\n<div class=\"col-lg-7 col-12\">\n<p style=\"text-align: left;\"><strong>Compra 50 gramos de corteza de ra\u00edz de iboga en Los \u00c1ngeles<\/strong><\/p>\n<p>Sabemos que est\u00e1 buscando la mejor corteza de ra\u00edz de iboga en l\u00ednea, y lo tenemos cubierto.<\/p>\n<p>Nuestra corteza de ra\u00edz de iboga se produce en nuestra propia granja iboga libre de pesticidas en \u00c1frica Central. Con nuestra corteza de ra\u00edz de Iboga, puede esperar un producto puro y sin adulterar listo para la ingesti\u00f3n.<\/p>\n<p>Nuestra corteza de ra\u00edz de iboga es una de las mejores <a href=\"http:\/\/getibogaine.com\/ibogaine-therapy-for-drug-and-addiction\/\">Remedios para la adicci\u00f3n a las drogas<\/a>. Una excelente manera de patear su adicci\u00f3n es usar nuestra corteza de ra\u00edz de iboga como suplemento o m\u00e9todo de tratamiento. Nuestra corteza de ra\u00edz de iboga contiene extracto de iboga\u00edna puro al 95%, que ha demostrado hacer maravillas para reducir los s\u00edntomas de abstinencia de los adictos. Nuestra corteza de ra\u00edz de iboga es 100% natural, lo que la hace segura y eficaz para ayudarte a superar tu adicci\u00f3n.<\/p>\n<p>El uso de la corteza de la ra\u00edz de iboga es una forma efectiva de curar varias enfermedades, y su cuerpo comenzar\u00e1 a sentirse mejor en poco tiempo. Elimina los s\u00edntomas de adicci\u00f3n y su salud vuelve a ser normal. Si tiene problemas con la adicci\u00f3n, es posible que ya haya probado varios remedios, pero nada ha funcionado para usted. Ahora, es el momento de probar la corteza de ra\u00edz de iboga.<\/p>\n<h3><strong>Beneficios de la corteza de la ra\u00edz de iboga\u00a0<\/strong><\/h3>\n<p><span style=\"color: #000000;\"><a title=\"Difference Between Iboga And Ibogaine\" href=\"http:\/\/getibogaine.com\/whats-the-difference-between-iboga-and-ibogaine\/\">Iboga e Iboga\u00edna<\/a> tienen el potencial de tratar diferentes condiciones de salud mental. Esto incluye depresi\u00f3n, trastorno de estr\u00e9s postraum\u00e1tico (PTSD) y varios tipos de adicciones. A continuaci\u00f3n se muestra una lista de algunos de los beneficios de usar <a href=\"http:\/\/getibogaine.com\/benefits-of-using-ibogaine-for-nicotine-addiction\/\">Iboga\u00edna para la adicci\u00f3n.<\/a><\/span><\/p>\n<ul>\n<li><span style=\"color: #000000;\">Adicciones de afrontamiento y s\u00edntomas de abstinencia menos dolorosos<\/span><\/li>\n<li><span style=\"color: #000000;\">More intense dream memories<\/span><\/li>\n<li><span style=\"color: #000000;\">Efecto estimulante central<\/span><\/li>\n<li><span style=\"color: #000000;\">sentimiento espiritual, m\u00edstico<\/span><\/li>\n<li><span style=\"color: #000000;\">Sue\u00f1os l\u00facidos, sue\u00f1os l\u00facidos, experiencias fuera del cuerpo<\/span><\/li>\n<li><span style=\"color: #000000;\">Perspectiva en el subconsciente<\/span><\/li>\n<li><span style=\"color: #000000;\">Fortalecimiento de la confianza en uno mismo<\/span><\/li>\n<li><span style=\"color: #000000;\">Afrontar experiencias y trastornos traum\u00e1ticos<\/span><\/li>\n<li><span style=\"color: #000000;\">animar la imaginaci\u00f3n<\/span><\/li>\n<li><span style=\"color: #000000;\">Hacer que los recuerdos de la primera infancia<\/span><\/li>\n<li><span style=\"color: #000000;\">Descalcificaci\u00f3n de la gl\u00e1ndula pineal<\/span><\/li>\n<li><span style=\"color: #000000;\">sue\u00f1o reparador<\/span><\/li>\n<li><span style=\"color: #000000;\">Claridad y enfoque<\/span><\/li>\n<li><span style=\"color: #000000;\">Sincronizaci\u00f3n de los hemisferios cerebrales<\/span><\/li>\n<\/ul>\n<p>&nbsp;<\/p>\n<p><strong>Origen<\/strong>: comprar corteza de ra\u00edz de iboga en Los \u00c1ngeles de la <em>Selva tropical de \u00c1frica central<\/em><\/p>\n<\/div>\n<\/div>\n","protected":false},"excerpt":{"rendered":"<p>Env\u00edo expreso con un tiempo de entrega r\u00e1pido de 3 a 7 d\u00edas<\/p>\n<p>Marca: Get Ibogaine<\/p>\n<p>Peso: 50 gramos<\/p>\n<p>Costo de env\u00edo: calculado al finalizar la compra<\/p>\n<p>Su pedido ser\u00e1 enviado dentro de las 24 horas posteriores a la finalizaci\u00f3n de su compra. Nuestras tarifas de env\u00edo var\u00edan seg\u00fan el peso del paquete.<\/p>\n","protected":false},"featured_media":34509,"comment_status":"open","ping_status":"closed","template":"","meta":{"site-sidebar-layout":"default","site-content-layout":"","ast-site-content-layout":"default","site-content-style":"default","site-sidebar-style":"default","ast-global-header-display":"","ast-banner-title-visibility":"","ast-main-header-display":"","ast-hfb-above-header-display":"","ast-hfb-below-header-display":"","ast-hfb-mobile-header-display":"","site-post-title":"","ast-breadcrumbs-content":"","ast-featured-img":"","footer-sml-layout":"","ast-disable-related-posts":"","theme-transparent-header-meta":"default","adv-header-id-meta":"","stick-header-meta":"default","header-above-stick-meta":"","header-main-stick-meta":"","header-below-stick-meta":"","astra-migrate-meta-layouts":"set","ast-page-background-enabled":"default","ast-page-background-meta":{"desktop":{"background-color":"var(--ast-global-color-4)","background-image":"","background-repeat":"repeat","background-position":"center center","background-size":"auto","background-attachment":"scroll","background-type":"","background-media":"","overlay-type":"","overlay-color":"","overlay-opacity":"","overlay-gradient":""},"tablet":{"background-color":"","background-image":"","background-repeat":"repeat","background-position":"center center","background-size":"auto","background-attachment":"scroll","background-type":"","background-media":"","overlay-type":"","overlay-color":"","overlay-opacity":"","overlay-gradient":""},"mobile":{"background-color":"","background-image":"","background-repeat":"repeat","background-position":"center center","background-size":"auto","background-attachment":"scroll","background-type":"","background-media":"","overlay-type":"","overlay-color":"","overlay-opacity":"","overlay-gradient":""}},"ast-content-background-meta":{"desktop":{"background-color":"var(--ast-global-color-5)","background-image":"","background-repeat":"repeat","background-position":"center center","background-size":"auto","background-attachment":"scroll","background-type":"","background-media":"","overlay-type":"","overlay-color":"","overlay-opacity":"","overlay-gradient":""},"tablet":{"background-color":"var(--ast-global-color-5)","background-image":"","background-repeat":"repeat","background-position":"center center","background-size":"auto","background-attachment":"scroll","background-type":"","background-media":"","overlay-type":"","overlay-color":"","overlay-opacity":"","overlay-gradient":""},"mobile":{"background-color":"var(--ast-global-color-5)","background-image":"","background-repeat":"repeat","background-position":"center center","background-size":"auto","background-attachment":"scroll","background-type":"","background-media":"","overlay-type":"","overlay-color":"","overlay-opacity":"","overlay-gradient":""}},"jetpack_publicize_message":"","jetpack_publicize_feature_enabled":true,"jetpack_social_post_already_shared":true,"jetpack_social_options":{"image_generator_settings":{"template":"highway","default_image_id":0,"font":"","enabled":false},"version":2}},"product_brand":[4011],"product_cat":[3950],"product_tag":[],"class_list":{"0":"post-31363","1":"product","2":"type-product","3":"status-publish","4":"has-post-thumbnail","6":"product_brand-getibogaina","7":"product_cat-iboga-raices-en-venta","8":"pa_product-state-polvo-de-corteza-de-raiz-de-iboga","9":"pa_product-state-virutas-de-corteza-de-raiz-de-iboga","10":"desktop-align-left","11":"tablet-align-left","12":"mobile-align-left","13":"ast-product-gallery-layout-horizontal-slider","14":"ast-product-single-variable","15":"ast-product-tabs-layout-horizontal","17":"first","18":"instock","19":"featured","20":"shipping-taxable","21":"purchasable","22":"product-type-variable","23":"has-default-attributes"},"jetpack_publicize_connections":[],"jetpack_sharing_enabled":true,"_links":{"self":[{"href":"https:\/\/getibogaine.com\/es\/wp-json\/wp\/v2\/product\/31363","targetHints":{"allow":["GET"]}}],"collection":[{"href":"https:\/\/getibogaine.com\/es\/wp-json\/wp\/v2\/product"}],"about":[{"href":"https:\/\/getibogaine.com\/es\/wp-json\/wp\/v2\/types\/product"}],"replies":[{"embeddable":true,"href":"https:\/\/getibogaine.com\/es\/wp-json\/wp\/v2\/comments?post=31363"}],"version-history":[{"count":0,"href":"https:\/\/getibogaine.com\/es\/wp-json\/wp\/v2\/product\/31363\/revisions"}],"wp:featuredmedia":[{"embeddable":true,"href":"https:\/\/getibogaine.com\/es\/wp-json\/wp\/v2\/media\/34509"}],"wp:attachment":[{"href":"https:\/\/getibogaine.com\/es\/wp-json\/wp\/v2\/media?parent=31363"}],"wp:term":[{"taxonomy":"product_brand","embeddable":true,"href":"https:\/\/getibogaine.com\/es\/wp-json\/wp\/v2\/product_brand?post=31363"},{"taxonomy":"product_cat","embeddable":true,"href":"https:\/\/getibogaine.com\/es\/wp-json\/wp\/v2\/product_cat?post=31363"},{"taxonomy":"product_tag","embeddable":true,"href":"https:\/\/getibogaine.com\/es\/wp-json\/wp\/v2\/product_tag?post=31363"}],"curies":[{"name":"wp","href":"https:\/\/api.w.org\/{rel}","templated":true}]}}