{"id":31375,"date":"2025-11-30T20:52:52","date_gmt":"2025-12-01T01:52:52","guid":{"rendered":"https:\/\/getibogaine.com\/?post_type=product&#038;p=29096"},"modified":"2026-03-09T07:28:23","modified_gmt":"2026-03-09T11:28:23","slug":"iboga-ta-7g","status":"publish","type":"product","link":"https:\/\/getibogaine.com\/es\/producto\/iboga-ta-7g\/","title":{"rendered":"Iboga TA (7 g)"},"content":{"rendered":"<div class=\"row\">\n<div class=\"col-lg-7 col-12\">\n<h2 style=\"text-align: left;\">Compra Alcaloides Totales Puros<\/h2>\n<p>\u00bfNecesitas comprar 7 gramos de Iboga TA? \u00a1No busques m\u00e1s!<\/p>\n<p>Compra Alcaloides Totales Puros. Es un gran placer presentarte el legendario Iboga TA de 7 gramos. Este es un producto revolucionario que ofrece lo mejor de la naturaleza y la ciencia para ayudarte a experimentar un cambio de espectro completo en tu percepci\u00f3n del mundo.<\/p>\n<p>Este producto se extrae de corteza de ra\u00edz de iboga pura, y el proceso de extracci\u00f3n se supervisa cuidadosamente para eliminar cualquier contaminante o impureza.<\/p>\n<p>Iboga TA ha sido dise\u00f1ado tanto para principiantes como para quienes desean aumentar la dosis. Es una sustancia completamente hol\u00edstica que no tiene un impacto negativo en el cuerpo. Experimentar\u00e1s una serie de efectos psicod\u00e9licos, como una mayor percepci\u00f3n sensorial, apertura, claridad y alegr\u00eda. Iboga TA viene en una forma amarronada.<\/p>\n<h2 data-start=\"186\" data-end=\"253\">Lo que la gente <em data-start=\"202\" data-end=\"220\">suele reportar<\/em> sobre el TA en el <strong data-start=\"237\" data-end=\"253\">rango de 7 gramos<\/strong><\/h2>\n<p data-start=\"254\" data-end=\"314\">(TA = extracto de alcaloides totales, mucho m\u00e1s fuerte que la corteza de ra\u00edz.)<\/p>\n<p data-start=\"316\" data-end=\"373\">Las cantidades que se comentan en este rango suelen describirse como:<\/p>\n<h2 data-start=\"375\" data-end=\"415\"><strong data-start=\"378\" data-end=\"415\">1. Una dosis terap\u00e9utica muy fuerte<\/strong><\/h2>\n<p data-start=\"416\" data-end=\"436\">La gente dice que se siente as\u00ed:<\/p>\n<ul data-start=\"437\" data-end=\"546\">\n<li data-start=\"437\" data-end=\"461\">\n<p data-start=\"439\" data-end=\"461\">M\u00e1s intenso que 6 g<\/p>\n<\/li>\n<li data-start=\"462\" data-end=\"484\">\n<p data-start=\"464\" data-end=\"484\">M\u00e1s profundo emocionalmente<\/p>\n<\/li>\n<li data-start=\"485\" data-end=\"503\">\n<p data-start=\"487\" data-end=\"503\">M\u00e1s inmersivo<\/p>\n<\/li>\n<li data-start=\"504\" data-end=\"546\">\n<p data-start=\"506\" data-end=\"546\">De mayor duraci\u00f3n (12\u201324+ horas de efectos)<\/p>\n<\/li>\n<\/ul>\n<p data-start=\"548\" data-end=\"638\">Esta es la franja en la que la gente describe experiencias de <strong data-start=\"587\" data-end=\"614\">\u201cgran reinicio\u201d<\/strong> en entornos supervisados.<\/p>\n<h2 data-start=\"645\" data-end=\"676\"><strong data-start=\"648\" data-end=\"676\">2. Mayor carga f\u00edsica<\/strong><\/h2>\n<p data-start=\"677\" data-end=\"695\">Frecuentemente reportado:<\/p>\n<ul data-start=\"696\" data-end=\"848\">\n<li data-start=\"696\" data-end=\"746\">\n<p data-start=\"698\" data-end=\"746\">Necesidad de tumbarse durante la mayor parte de la experiencia<\/p>\n<\/li>\n<li data-start=\"747\" data-end=\"772\">\n<p data-start=\"749\" data-end=\"772\">Fuerte pesadez corporal<\/p>\n<\/li>\n<li data-start=\"773\" data-end=\"803\">\n<p data-start=\"775\" data-end=\"803\">Sensibilidad a la luz\/el sonido<\/p>\n<\/li>\n<li data-start=\"804\" data-end=\"825\">\n<p data-start=\"806\" data-end=\"825\">N\u00e1useas ocasionales<\/p>\n<\/li>\n<li data-start=\"826\" data-end=\"848\">\n<p data-start=\"828\" data-end=\"848\">Dificultad para caminar<\/p>\n<\/li>\n<\/ul>\n<p data-start=\"850\" data-end=\"920\">Por eso los centros con supervisi\u00f3n m\u00e9dica controlan el ECG y los electrolitos.<\/p>\n<h2 data-start=\"927\" data-end=\"972\"><strong data-start=\"930\" data-end=\"972\">3. Efectos psicol\u00f3gicos m\u00e1s profundos<\/strong><\/h2>\n<p data-start=\"973\" data-end=\"995\">La gente suele describir:<\/p>\n<ul data-start=\"996\" data-end=\"1119\">\n<li data-start=\"996\" data-end=\"1011\">\n<p data-start=\"998\" data-end=\"1011\">Revisi\u00f3n de vida<\/p>\n<\/li>\n<li data-start=\"1012\" data-end=\"1060\">\n<p data-start=\"1014\" data-end=\"1060\">Perspectivas sobre las relaciones, el trauma y los h\u00e1bitos<\/p>\n<\/li>\n<li data-start=\"1061\" data-end=\"1087\">\n<p data-start=\"1063\" data-end=\"1087\">\u201cDi\u00e1logo interior\u201d claro<\/p>\n<\/li>\n<li data-start=\"1088\" data-end=\"1119\">\n<p data-start=\"1090\" data-end=\"1119\">Una fuerte inclinaci\u00f3n a la introspecci\u00f3n<\/p>\n<\/li>\n<\/ul>\n<p data-start=\"1121\" data-end=\"1204\">Es lo bastante potente como para que muchas cl\u00ednicas <strong data-start=\"1160\" data-end=\"1189\">nunca permitan que alguien est\u00e9 solo<\/strong> en este nivel.<\/p>\n<h2 data-start=\"1211\" data-end=\"1241\"><strong data-start=\"1214\" data-end=\"1241\">4. Efectos posteriores m\u00e1s prolongados<\/strong><\/h2>\n<p data-start=\"1242\" data-end=\"1256\">Las personas informan:<\/p>\n<ul data-start=\"1257\" data-end=\"1396\">\n<li data-start=\"1257\" data-end=\"1293\">\n<p data-start=\"1259\" data-end=\"1293\">1\u20132 d\u00edas de poco apetito o descanso<\/p>\n<\/li>\n<li data-start=\"1294\" data-end=\"1322\">\n<p data-start=\"1296\" data-end=\"1322\">2\u20133 semanas de \u201cresplandor posterior\u201d<\/p>\n<\/li>\n<li data-start=\"1323\" data-end=\"1343\">\n<p data-start=\"1325\" data-end=\"1343\">Pensamiento m\u00e1s claro<\/p>\n<\/li>\n<li data-start=\"1344\" data-end=\"1372\">\n<p data-start=\"1346\" data-end=\"1372\">Conducta menos compulsiva<\/p>\n<\/li>\n<li data-start=\"1373\" data-end=\"1396\">\n<p data-start=\"1375\" data-end=\"1396\">Estabilidad emocional<\/p>\n<\/li>\n<\/ul>\n<p data-start=\"1398\" data-end=\"1490\">De nuevo, esto solo ocurre de forma constante cuando la persona est\u00e1 <strong data-start=\"1456\" data-end=\"1474\">m\u00e9dicamente segura<\/strong> y supervisada.<\/p>\n<p>&nbsp;<\/p>\n<h3 style=\"text-align: left;\"><strong>Ingredientes de Iboga TA<\/strong><\/h3>\n<p>Nuestro producto de iboga TA es un extracto de alta calidad que contiene un estimado de 45% de iboga\u00edna, y se presenta como trozos o grumos marrones de polvo marr\u00f3n molido.<\/p>\n<ul>\n<li style=\"text-align: left;\"><span style=\"color: #000000;\">Un extracto<a style=\"color: #000000;\" href=\"http:\/\/getibogaine.com\/iboga-ta-extract\/\">\u00a0de alcaloide de iboga\u00edna en venta <\/a>es el extracto de alcaloides totales de iboga.<\/span><\/li>\n<li style=\"text-align: left;\"><span style=\"color: #000000;\">Extra\u00eddo del polvo de corteza de ra\u00edz de iboga.<\/span><\/li>\n<li style=\"text-align: left;\"><span style=\"color: #000000;\">Compuesto por un estimado de 45% de iboga\u00edna.<\/span><\/li>\n<li style=\"text-align: left;\"><span style=\"color: #000000;\">Se presenta como grumos marrones.<\/span><\/li>\n<\/ul>\n<p>&nbsp;<\/p>\n<p>Visita nuestra tienda hoy y descubre nuestros productos de alta calidad a precios asequibles.<\/p>\n<p><strong>Origen<\/strong>: <em>Selva tropical de \u00c1frica Central<\/em><\/p>\n<\/div>\n<\/div>\n","protected":false},"excerpt":{"rendered":"<p>El env\u00edo expr\u00e9s tiene un tiempo de entrega r\u00e1pido de 3\u20137 d\u00edas.<\/p>\n<p>Producto: Iboga TA<\/p>\n<p>Marca: Get Ibogaine<\/p>\n<p>Peso: 7 gramos<\/p>\n<p>Costo de env\u00edo: Calculado al finalizar la compra<\/p>\n","protected":false},"featured_media":34532,"comment_status":"open","ping_status":"closed","template":"","meta":{"site-sidebar-layout":"default","site-content-layout":"","ast-site-content-layout":"default","site-content-style":"default","site-sidebar-style":"default","ast-global-header-display":"","ast-banner-title-visibility":"","ast-main-header-display":"","ast-hfb-above-header-display":"","ast-hfb-below-header-display":"","ast-hfb-mobile-header-display":"","site-post-title":"","ast-breadcrumbs-content":"","ast-featured-img":"","footer-sml-layout":"","ast-disable-related-posts":"","theme-transparent-header-meta":"default","adv-header-id-meta":"","stick-header-meta":"default","header-above-stick-meta":"","header-main-stick-meta":"","header-below-stick-meta":"","astra-migrate-meta-layouts":"set","ast-page-background-enabled":"default","ast-page-background-meta":{"desktop":{"background-color":"var(--ast-global-color-4)","background-image":"","background-repeat":"repeat","background-position":"center center","background-size":"auto","background-attachment":"scroll","background-type":"","background-media":"","overlay-type":"","overlay-color":"","overlay-opacity":"","overlay-gradient":""},"tablet":{"background-color":"","background-image":"","background-repeat":"repeat","background-position":"center center","background-size":"auto","background-attachment":"scroll","background-type":"","background-media":"","overlay-type":"","overlay-color":"","overlay-opacity":"","overlay-gradient":""},"mobile":{"background-color":"","background-image":"","background-repeat":"repeat","background-position":"center center","background-size":"auto","background-attachment":"scroll","background-type":"","background-media":"","overlay-type":"","overlay-color":"","overlay-opacity":"","overlay-gradient":""}},"ast-content-background-meta":{"desktop":{"background-color":"var(--ast-global-color-5)","background-image":"","background-repeat":"repeat","background-position":"center center","background-size":"auto","background-attachment":"scroll","background-type":"","background-media":"","overlay-type":"","overlay-color":"","overlay-opacity":"","overlay-gradient":""},"tablet":{"background-color":"var(--ast-global-color-5)","background-image":"","background-repeat":"repeat","background-position":"center center","background-size":"auto","background-attachment":"scroll","background-type":"","background-media":"","overlay-type":"","overlay-color":"","overlay-opacity":"","overlay-gradient":""},"mobile":{"background-color":"var(--ast-global-color-5)","background-image":"","background-repeat":"repeat","background-position":"center center","background-size":"auto","background-attachment":"scroll","background-type":"","background-media":"","overlay-type":"","overlay-color":"","overlay-opacity":"","overlay-gradient":""}},"jetpack_publicize_message":"","jetpack_publicize_feature_enabled":true,"jetpack_social_post_already_shared":true,"jetpack_social_options":{"image_generator_settings":{"template":"highway","default_image_id":0,"font":"","enabled":false},"version":2}},"product_brand":[4011],"product_cat":[4548],"product_tag":[1550,1523],"class_list":{"0":"post-31375","1":"product","2":"type-product","3":"status-publish","4":"has-post-thumbnail","6":"product_brand-getibogaina","7":"product_cat-iboga-ta","8":"product_tag-iboga-ta","9":"product_tag-natural","10":"desktop-align-left","11":"tablet-align-left","12":"mobile-align-left","13":"ast-product-gallery-layout-horizontal-slider","14":"ast-product-tabs-layout-horizontal","16":"first","17":"instock","18":"shipping-taxable","19":"purchasable","20":"product-type-simple"},"jetpack_publicize_connections":[],"jetpack_sharing_enabled":true,"_links":{"self":[{"href":"https:\/\/getibogaine.com\/es\/wp-json\/wp\/v2\/product\/31375","targetHints":{"allow":["GET"]}}],"collection":[{"href":"https:\/\/getibogaine.com\/es\/wp-json\/wp\/v2\/product"}],"about":[{"href":"https:\/\/getibogaine.com\/es\/wp-json\/wp\/v2\/types\/product"}],"replies":[{"embeddable":true,"href":"https:\/\/getibogaine.com\/es\/wp-json\/wp\/v2\/comments?post=31375"}],"version-history":[{"count":0,"href":"https:\/\/getibogaine.com\/es\/wp-json\/wp\/v2\/product\/31375\/revisions"}],"wp:featuredmedia":[{"embeddable":true,"href":"https:\/\/getibogaine.com\/es\/wp-json\/wp\/v2\/media\/34532"}],"wp:attachment":[{"href":"https:\/\/getibogaine.com\/es\/wp-json\/wp\/v2\/media?parent=31375"}],"wp:term":[{"taxonomy":"product_brand","embeddable":true,"href":"https:\/\/getibogaine.com\/es\/wp-json\/wp\/v2\/product_brand?post=31375"},{"taxonomy":"product_cat","embeddable":true,"href":"https:\/\/getibogaine.com\/es\/wp-json\/wp\/v2\/product_cat?post=31375"},{"taxonomy":"product_tag","embeddable":true,"href":"https:\/\/getibogaine.com\/es\/wp-json\/wp\/v2\/product_tag?post=31375"}],"curies":[{"name":"wp","href":"https:\/\/api.w.org\/{rel}","templated":true}]}}