{"id":31387,"date":"2025-11-30T20:29:47","date_gmt":"2025-12-01T01:29:47","guid":{"rendered":"https:\/\/getibogaine.com\/?post_type=product&#038;p=29095"},"modified":"2026-03-09T07:23:39","modified_gmt":"2026-03-09T11:23:39","slug":"comprar-6-gramos-de-iboga-ta","status":"publish","type":"product","link":"https:\/\/getibogaine.com\/es\/producto\/comprar-6-gramos-de-iboga-ta\/","title":{"rendered":"Iboga TA (6 g)"},"content":{"rendered":"<div class=\"row\">\n<div class=\"col-lg-7 col-12\">\n<h2 style=\"text-align: left;\">Compra 6 gramos de Alcaloides Totales de Iboga<\/h2>\n<p>\u00bfNecesitas comprar 6 gramos de Iboga TA? \u00a1No busques m\u00e1s! Compra Alcaloides Totales Puros hoy.<br \/>\nEste es un producto revolucionario que ofrece lo mejor de la naturaleza y la ciencia para ayudarte a experimentar un cambio de espectro completo en tu percepci\u00f3n del mundo.<\/p>\n<p>Este producto se extrae de corteza de ra\u00edz de Iboga pura, y el proceso de extracci\u00f3n se supervisa cuidadosamente para eliminar cualquier contaminante o impureza.<\/p>\n<h2 data-start=\"358\" data-end=\"432\">Lo que la gente <em data-start=\"374\" data-end=\"385\">generalmente<\/em> reporta sobre una cantidad de TA en el rango de 6 gramos<\/h2>\n<p data-start=\"433\" data-end=\"493\">(Recuerda: esto <strong data-start=\"452\" data-end=\"473\">no es una recomendaci\u00f3n de dosificaci\u00f3n<\/strong>, solo educativo.)<\/p>\n<p data-start=\"495\" data-end=\"617\">La <strong data-start=\"501\" data-end=\"524\">TA (Alcaloide Total)<\/strong> de Iboga es <em data-start=\"528\" data-end=\"552\">mucho m\u00e1s potente por gramo<\/em> que la corteza de ra\u00edz porque contiene alcaloides de iboga concentrados.<\/p>\n<p data-start=\"619\" data-end=\"821\">La gente suele describir cantidades en este rango como dentro de la zona <strong data-start=\"683\" data-end=\"716\">\u201cterap\u00e9utica pero fuerte\u201d<\/strong>, no microdosificaci\u00f3n, no una dosis diminuta, tampoco la dosis extrema de \u201cinundaci\u00f3n\u201d \u2014 pero <strong data-start=\"794\" data-end=\"821\">lo suficientemente alta como para producir:<\/strong><\/p>\n<h3 data-start=\"823\" data-end=\"862\"><strong data-start=\"827\" data-end=\"862\">1. Fuertes efectos psicol\u00f3gicos<\/strong><\/h3>\n<p data-start=\"863\" data-end=\"875\">Muchos informan:<\/p>\n<ul data-start=\"876\" data-end=\"1006\">\n<li data-start=\"876\" data-end=\"898\">\n<p data-start=\"878\" data-end=\"898\">Introspecci\u00f3n profunda<\/p>\n<\/li>\n<li data-start=\"899\" data-end=\"921\">\n<p data-start=\"901\" data-end=\"921\">Afloramiento de recuerdos<\/p>\n<\/li>\n<li data-start=\"922\" data-end=\"946\">\n<p data-start=\"924\" data-end=\"946\">Procesamiento emocional<\/p>\n<\/li>\n<li data-start=\"947\" data-end=\"1006\">\n<p data-start=\"949\" data-end=\"1006\">Visuales tipo revisi\u00f3n de vida (on\u00edricas, no alucinaciones)<\/p>\n<\/li>\n<\/ul>\n<p data-start=\"1008\" data-end=\"1203\">Por eso los extractos de TA en torno a este rango suelen comentarse en el contexto de la <strong data-start=\"1088\" data-end=\"1114\">interrupci\u00f3n de la adicci\u00f3n<\/strong>, el <strong data-start=\"1116\" data-end=\"1135\">reinicio emocional<\/strong> o la <strong data-start=\"1140\" data-end=\"1165\">exploraci\u00f3n espiritual<\/strong> \u2014de nuevo, solo en entornos supervisados.<\/p>\n<h3 data-start=\"1210\" data-end=\"1249\"><strong data-start=\"1214\" data-end=\"1249\">2. Efectos f\u00edsicos significativos<\/strong><\/h3>\n<p data-start=\"1250\" data-end=\"1279\">Las experiencias reportadas incluyen:<\/p>\n<ul data-start=\"1280\" data-end=\"1435\">\n<li data-start=\"1280\" data-end=\"1299\">\n<p data-start=\"1282\" data-end=\"1299\">Gran pesadez corporal<\/p>\n<\/li>\n<li data-start=\"1300\" data-end=\"1338\">\n<p data-start=\"1302\" data-end=\"1338\">Necesidad de acostarse durante muchas horas<\/p>\n<\/li>\n<li data-start=\"1339\" data-end=\"1373\">\n<p data-start=\"1341\" data-end=\"1373\">Sensibilidad a la luz y al sonido<\/p>\n<\/li>\n<li data-start=\"1374\" data-end=\"1398\">\n<p data-start=\"1376\" data-end=\"1398\">N\u00e1useas en algunos casos<\/p>\n<\/li>\n<li data-start=\"1399\" data-end=\"1435\">\n<p data-start=\"1401\" data-end=\"1435\">Alteraci\u00f3n del sue\u00f1o durante 24\u201348 horas<\/p>\n<\/li>\n<\/ul>\n<p data-start=\"1437\" data-end=\"1533\">Por eso, en entornos con supervisi\u00f3n m\u00e9dica siempre se controlan el <strong data-start=\"1498\" data-end=\"1532\">coraz\u00f3n, el h\u00edgado y los electrolitos<\/strong>.<\/p>\n<h3 data-start=\"1540\" data-end=\"1587\"><strong data-start=\"1544\" data-end=\"1587\">3. Reinicio temporal de ciertos comportamientos<\/strong><\/h3>\n<p data-start=\"1588\" data-end=\"1664\">Las personas que atraviesan este nivel en contextos de tipo cl\u00ednico suelen decir que sienten:<\/p>\n<ul data-start=\"1665\" data-end=\"1778\">\n<li data-start=\"1665\" data-end=\"1690\">\n<p data-start=\"1667\" data-end=\"1690\">Un descanso de los antojos<\/p>\n<\/li>\n<li data-start=\"1691\" data-end=\"1716\">\n<p data-start=\"1693\" data-end=\"1716\">Una \u201cinterrupci\u00f3n del patr\u00f3n\u201d<\/p>\n<\/li>\n<li data-start=\"1717\" data-end=\"1743\">\n<p data-start=\"1719\" data-end=\"1743\">Un estado mental m\u00e1s silencioso<\/p>\n<\/li>\n<li data-start=\"1744\" data-end=\"1778\">\n<p data-start=\"1746\" data-end=\"1778\">Menos compulsiones o ansiedad<\/p>\n<\/li>\n<\/ul>\n<p data-start=\"1780\" data-end=\"1906\">Esto se comenta especialmente en torno a los <strong data-start=\"1816\" data-end=\"1864\">opioides, los estimulantes, el alcohol y la depresi\u00f3n<\/strong>, pero, de nuevo, <strong data-start=\"1878\" data-end=\"1905\">nunca debe hacerse con seguridad en solitario<\/strong>.<\/p>\n<h3 data-start=\"1913\" data-end=\"1948\"><strong data-start=\"1917\" data-end=\"1948\">4. Una larga fase de \u201cresplandor posterior\u201d<\/strong><\/h3>\n<p data-start=\"1949\" data-end=\"1990\">Durante d\u00edas o semanas, la gente suele describir:<\/p>\n<ul data-start=\"1991\" data-end=\"2087\">\n<li data-start=\"1991\" data-end=\"2007\">\n<p data-start=\"1993\" data-end=\"2007\">Mayor claridad<\/p>\n<\/li>\n<li data-start=\"2008\" data-end=\"2023\">\n<p data-start=\"2010\" data-end=\"2023\">Mejor estado de \u00e1nimo<\/p>\n<\/li>\n<li data-start=\"2024\" data-end=\"2037\">\n<p data-start=\"2026\" data-end=\"2037\">Menos miedo<\/p>\n<\/li>\n<li data-start=\"2038\" data-end=\"2062\">\n<p data-start=\"2040\" data-end=\"2062\">Mayor motivaci\u00f3n<\/p>\n<\/li>\n<li data-start=\"2063\" data-end=\"2087\">\n<p data-start=\"2065\" data-end=\"2087\">Una sensaci\u00f3n de arraigo<\/p>\n<\/li>\n<\/ul>\n<p data-start=\"2089\" data-end=\"2158\">Pero esto solo sucede cuando la persona est\u00e1 m\u00e9dicamente apta y bajo supervisi\u00f3n.<\/p>\n<h3 style=\"text-align: left;\"><strong>Ingredientes de Iboga TA<\/strong><\/h3>\n<p>Nuestro producto Iboga TA es un extracto de alta calidad que contiene aproximadamente un 45% de iboga\u00edna, y se presenta en trozos o grumos marrones de polvo marr\u00f3n molido.<\/p>\n<ul>\n<li style=\"text-align: left;\"><span style=\"color: #000000;\">Un extracto<a style=\"color: #000000;\" href=\"http:\/\/getibogaine.com\/iboga-ta-extract\/\">\u00a0del alcaloide iboga\u00edna a la venta <\/a>es el extracto total de alcaloides de iboga.<\/span><\/li>\n<li style=\"text-align: left;\"><span style=\"color: #000000;\">Extra\u00eddo del polvo de corteza de ra\u00edz de iboga.<\/span><\/li>\n<li style=\"text-align: left;\"><span style=\"color: #000000;\">Compuesto por un estimado de 45% de iboga\u00edna.<\/span><\/li>\n<li style=\"text-align: left;\"><span style=\"color: #000000;\">Se presenta como grumos marrones.<\/span><\/li>\n<\/ul>\n<p>&nbsp;<\/p>\n<p>Visita nuestra tienda hoy y descubre nuestros productos de alta calidad a precios asequibles.<\/p>\n<p><strong>Origen<\/strong>: <em>Selva tropical de \u00c1frica Central<\/em><\/p>\n<\/div>\n<\/div>\n","protected":false},"excerpt":{"rendered":"<p>El env\u00edo expr\u00e9s tiene un plazo de entrega de 3 a 7 d\u00edas.<\/p>\n<p><strong>Producto:<\/strong> Iboga TA<\/p>\n<p><strong>Marca:<\/strong> Get Ibogaine<\/p>\n<p><strong>Peso:<\/strong> 6 gramos<\/p>\n<p><strong>Costo de env\u00edo:<\/strong> calculado al finalizar la compra<\/p>\n<h5>Beneficios de Iboga TA<\/h5>\n<p>El tratamiento con iboga\u00edna para la adicci\u00f3n es eficaz para varios tipos diferentes de adicci\u00f3n. Un ejemplo de ello es la adicci\u00f3n a la hero\u00edna.<\/p>\n<ul>\n<li>No es t\u00f3xico.<\/li>\n<li>Es seguro.<\/li>\n<li>Muchos centros de tratamiento con Iboga lo prefieren tanto por su facilidad de uso como por la experiencia psicoespiritual m\u00e1s profunda.<\/li>\n<li>Iboga TA es una forma no adictiva y eficaz de tratar afecciones de salud mental.<\/li>\n<li>La mayor\u00eda de los adictos que completan el tratamiento salen con una perspectiva renovada, mostrando un nuevo compromiso para encontrar una soluci\u00f3n y dejar las drogas.<\/li>\n<li>Puede usarse para tratar problemas como la depresi\u00f3n, el trastorno de estr\u00e9s postraum\u00e1tico (TEPT) y diferentes tipos de adicciones.<\/li>\n<li>Iboga TA puede disminuir la tolerancia a la hero\u00edna.<\/li>\n<li>El compuesto TA reduce en gran medida tus antojos y s\u00edntomas de abstinencia y ayuda con los efectos de los antojos, la depresi\u00f3n y la ansiedad.<\/li>\n<li>Puede ser eficaz para reparar el da\u00f1o cerebral con el uso a largo plazo.<\/li>\n<li>Se utiliza en centros de desintoxicaci\u00f3n y te permite atravesar la experiencia con mayor facilidad.<\/li>\n<\/ul>\n<p><em>Tu pedido se enviar\u00e1 dentro de las 24 horas posteriores a que se complete tu compra y llegar\u00e1 dentro de tres a siete d\u00edas h\u00e1biles. Nuestras tarifas de env\u00edo var\u00edan seg\u00fan el peso del paquete.<\/em><\/p>\n","protected":false},"featured_media":34375,"comment_status":"open","ping_status":"closed","template":"","meta":{"site-sidebar-layout":"default","site-content-layout":"","ast-site-content-layout":"default","site-content-style":"default","site-sidebar-style":"default","ast-global-header-display":"","ast-banner-title-visibility":"","ast-main-header-display":"","ast-hfb-above-header-display":"","ast-hfb-below-header-display":"","ast-hfb-mobile-header-display":"","site-post-title":"","ast-breadcrumbs-content":"","ast-featured-img":"","footer-sml-layout":"","ast-disable-related-posts":"","theme-transparent-header-meta":"default","adv-header-id-meta":"","stick-header-meta":"default","header-above-stick-meta":"","header-main-stick-meta":"","header-below-stick-meta":"","astra-migrate-meta-layouts":"set","ast-page-background-enabled":"default","ast-page-background-meta":{"desktop":{"background-color":"var(--ast-global-color-4)","background-image":"","background-repeat":"repeat","background-position":"center center","background-size":"auto","background-attachment":"scroll","background-type":"","background-media":"","overlay-type":"","overlay-color":"","overlay-opacity":"","overlay-gradient":""},"tablet":{"background-color":"","background-image":"","background-repeat":"repeat","background-position":"center center","background-size":"auto","background-attachment":"scroll","background-type":"","background-media":"","overlay-type":"","overlay-color":"","overlay-opacity":"","overlay-gradient":""},"mobile":{"background-color":"","background-image":"","background-repeat":"repeat","background-position":"center center","background-size":"auto","background-attachment":"scroll","background-type":"","background-media":"","overlay-type":"","overlay-color":"","overlay-opacity":"","overlay-gradient":""}},"ast-content-background-meta":{"desktop":{"background-color":"var(--ast-global-color-5)","background-image":"","background-repeat":"repeat","background-position":"center center","background-size":"auto","background-attachment":"scroll","background-type":"","background-media":"","overlay-type":"","overlay-color":"","overlay-opacity":"","overlay-gradient":""},"tablet":{"background-color":"var(--ast-global-color-5)","background-image":"","background-repeat":"repeat","background-position":"center center","background-size":"auto","background-attachment":"scroll","background-type":"","background-media":"","overlay-type":"","overlay-color":"","overlay-opacity":"","overlay-gradient":""},"mobile":{"background-color":"var(--ast-global-color-5)","background-image":"","background-repeat":"repeat","background-position":"center center","background-size":"auto","background-attachment":"scroll","background-type":"","background-media":"","overlay-type":"","overlay-color":"","overlay-opacity":"","overlay-gradient":""}},"jetpack_publicize_message":"","jetpack_publicize_feature_enabled":true,"jetpack_social_post_already_shared":true,"jetpack_social_options":{"image_generator_settings":{"template":"highway","default_image_id":0,"font":"","enabled":false},"version":2}},"product_brand":[4011],"product_cat":[4548],"product_tag":[],"class_list":{"0":"post-31387","1":"product","2":"type-product","3":"status-publish","4":"has-post-thumbnail","6":"product_brand-getibogaina","7":"product_cat-iboga-ta","8":"desktop-align-left","9":"tablet-align-left","10":"mobile-align-left","11":"ast-product-gallery-layout-horizontal-slider","12":"ast-product-tabs-layout-horizontal","14":"first","15":"instock","16":"shipping-taxable","17":"purchasable","18":"product-type-simple"},"jetpack_publicize_connections":[],"jetpack_sharing_enabled":true,"_links":{"self":[{"href":"https:\/\/getibogaine.com\/es\/wp-json\/wp\/v2\/product\/31387","targetHints":{"allow":["GET"]}}],"collection":[{"href":"https:\/\/getibogaine.com\/es\/wp-json\/wp\/v2\/product"}],"about":[{"href":"https:\/\/getibogaine.com\/es\/wp-json\/wp\/v2\/types\/product"}],"replies":[{"embeddable":true,"href":"https:\/\/getibogaine.com\/es\/wp-json\/wp\/v2\/comments?post=31387"}],"version-history":[{"count":1,"href":"https:\/\/getibogaine.com\/es\/wp-json\/wp\/v2\/product\/31387\/revisions"}],"predecessor-version":[{"id":34386,"href":"https:\/\/getibogaine.com\/es\/wp-json\/wp\/v2\/product\/31387\/revisions\/34386"}],"wp:featuredmedia":[{"embeddable":true,"href":"https:\/\/getibogaine.com\/es\/wp-json\/wp\/v2\/media\/34375"}],"wp:attachment":[{"href":"https:\/\/getibogaine.com\/es\/wp-json\/wp\/v2\/media?parent=31387"}],"wp:term":[{"taxonomy":"product_brand","embeddable":true,"href":"https:\/\/getibogaine.com\/es\/wp-json\/wp\/v2\/product_brand?post=31387"},{"taxonomy":"product_cat","embeddable":true,"href":"https:\/\/getibogaine.com\/es\/wp-json\/wp\/v2\/product_cat?post=31387"},{"taxonomy":"product_tag","embeddable":true,"href":"https:\/\/getibogaine.com\/es\/wp-json\/wp\/v2\/product_tag?post=31387"}],"curies":[{"name":"wp","href":"https:\/\/api.w.org\/{rel}","templated":true}]}}