{"id":31391,"date":"2022-06-01T09:07:07","date_gmt":"2022-06-01T09:07:07","guid":{"rendered":"http:\/\/getibogaine.com\/?post_type=product&#038;p=6034"},"modified":"2026-03-17T11:31:08","modified_gmt":"2026-03-17T15:31:08","slug":"cortezas-de-raiz-de-iboga-1kg","status":"publish","type":"product","link":"https:\/\/getibogaine.com\/es\/producto\/cortezas-de-raiz-de-iboga-1kg\/","title":{"rendered":"Cortezas de ra\u00edz de iboga (1 kg)"},"content":{"rendered":"<h2><strong>1 kg de corteza de ra\u00edz de iboga a la venta<\/strong><\/h2>\n<p><iframe title=\"YouTube video player\" src=\"https:\/\/www.youtube.com\/embed\/MO4Qm_bjK8A?si=37t6iVNiJ5CtbxAG\" width=\"560\" height=\"315\" frameborder=\"0\" allowfullscreen=\"allowfullscreen\"><\/iframe><br \/>\nSabemos que est\u00e1s buscando la mejor corteza de ra\u00edz de iboga en l\u00ednea, y tenemos lo que necesitas. Nuestra corteza de ra\u00edz de iboga se produce en nuestra granja de iboga sin pesticidas en \u00c1frica Central. Con nuestra corteza de ra\u00edz de iboga, puedes esperar un producto puro, sin adulterar, listo para su ingesti\u00f3n.<\/p>\n<p>Nuestra corteza de ra\u00edz de iboga es uno de los mejores remedios naturales para la adicci\u00f3n a las drogas. Una excelente manera de dejar tu adicci\u00f3n es usar nuestra corteza de ra\u00edz de iboga como suplemento o m\u00e9todo de tratamiento. Nuestra corteza de ra\u00edz de iboga contiene un extracto de iboga\u00edna pura al 95%, que ha demostrado hacer maravillas al reducir los s\u00edntomas de abstinencia en personas con un trastorno por consumo de sustancias. Nuestra corteza de ra\u00edz de iboga es 100% natural, lo que la hace segura y eficaz para ayudarte a superar tu adicci\u00f3n.<\/p>\n<p><img fetchpriority=\"high\" decoding=\"async\" class=\"alignnone size-medium wp-image-10888\" src=\"http:\/\/getibogaine.com\/wp-content\/uploads\/2022\/10\/iboga-root-bark-full-320x403.jpg\" alt=\"1 kg Iboga Root Bark for Sale\" width=\"320\" height=\"403\" title=\"\" srcset=\"https:\/\/getibogaine.com\/wp-content\/uploads\/2022\/10\/iboga-root-bark-full-320x403.jpg 320w, https:\/\/getibogaine.com\/wp-content\/uploads\/2022\/10\/iboga-root-bark-full-525x662.jpg 525w, https:\/\/getibogaine.com\/wp-content\/uploads\/2022\/10\/iboga-root-bark-full-813x1024.jpg 813w, https:\/\/getibogaine.com\/wp-content\/uploads\/2022\/10\/iboga-root-bark-full-768x968.jpg 768w, https:\/\/getibogaine.com\/wp-content\/uploads\/2022\/10\/iboga-root-bark-full.jpg 900w\" sizes=\"(max-width: 320px) 100vw, 320px\" \/><\/p>\n<h3><strong>Beneficios de la corteza de ra\u00edz de iboga a la venta<\/strong><\/h3>\n<p><a title=\"Difference Between Iboga And Ibogaine\" href=\"http:\/\/getibogaine.com\/whats-the-difference-between-iboga-and-ibogaine\/\">La iboga y la iboga\u00edna<\/a> tienen el potencial de tratar diferentes afecciones de salud mental. Esto incluye la depresi\u00f3n, el trastorno de estr\u00e9s postraum\u00e1tico (TEPT) y varios tipos de adicciones. A continuaci\u00f3n se muestra una lista de algunos de los beneficios de usar iboga para la adicci\u00f3n.<\/p>\n<ul>\n<li>Afrontamiento de la adicci\u00f3n, s\u00edntomas de abstinencia menos dolorosos<\/li>\n<li>Recuerdos de sue\u00f1os m\u00e1s intensos<\/li>\n<li>Efecto estimulante central<\/li>\n<li>Sensaci\u00f3n espiritual y m\u00edstica<\/li>\n<li>Sue\u00f1os l\u00facidos, sue\u00f1os l\u00facidos, experiencias fuera del cuerpo<\/li>\n<li>Comprensi\u00f3n del subconsciente<\/li>\n<li>Fortalecimiento de la confianza en uno mismo<\/li>\n<li>Afrontamiento de experiencias traum\u00e1ticas y trastornos<\/li>\n<li>Avivar la imaginaci\u00f3n<\/li>\n<li>Hacer accesibles los recuerdos de la primera infancia<\/li>\n<li>Descalcificaci\u00f3n de la gl\u00e1ndula pineal<\/li>\n<li>Sue\u00f1o reparador<\/li>\n<li>Claridad y concentraci\u00f3n<\/li>\n<li>Sincronizaci\u00f3n de los hemisferios cerebrales<\/li>\n<\/ul>\n<p><strong>Origen:<\/strong> <em>Selva tropical de \u00c1frica Central<\/em><\/p>\n","protected":false},"excerpt":{"rendered":"<p>Env\u00edo expr\u00e9s con un plazo de entrega r\u00e1pido de 3\u20137 d\u00edas<\/p>\n<p>Marca: Get Ibogaine<\/p>\n<p>Peso: 1 kilogramo<\/p>\n<p>Coste de env\u00edo: Calculado al finalizar la compra<\/p>\n<p>Tu pedido se enviar\u00e1 dentro de las 24 horas posteriores a la finalizaci\u00f3n de tu compra y llegar\u00e1 en un plazo de tres a siete d\u00edas h\u00e1biles. Nuestras tarifas de env\u00edo var\u00edan seg\u00fan el peso del paquete.<\/p>\n","protected":false},"featured_media":34509,"comment_status":"open","ping_status":"closed","template":"","meta":{"site-sidebar-layout":"default","site-content-layout":"","ast-site-content-layout":"default","site-content-style":"default","site-sidebar-style":"default","ast-global-header-display":"","ast-banner-title-visibility":"","ast-main-header-display":"","ast-hfb-above-header-display":"","ast-hfb-below-header-display":"","ast-hfb-mobile-header-display":"","site-post-title":"","ast-breadcrumbs-content":"","ast-featured-img":"","footer-sml-layout":"","ast-disable-related-posts":"","theme-transparent-header-meta":"default","adv-header-id-meta":"","stick-header-meta":"default","header-above-stick-meta":"","header-main-stick-meta":"","header-below-stick-meta":"","astra-migrate-meta-layouts":"set","ast-page-background-enabled":"default","ast-page-background-meta":{"desktop":{"background-color":"var(--ast-global-color-4)","background-image":"","background-repeat":"repeat","background-position":"center center","background-size":"auto","background-attachment":"scroll","background-type":"","background-media":"","overlay-type":"","overlay-color":"","overlay-opacity":"","overlay-gradient":""},"tablet":{"background-color":"","background-image":"","background-repeat":"repeat","background-position":"center center","background-size":"auto","background-attachment":"scroll","background-type":"","background-media":"","overlay-type":"","overlay-color":"","overlay-opacity":"","overlay-gradient":""},"mobile":{"background-color":"","background-image":"","background-repeat":"repeat","background-position":"center center","background-size":"auto","background-attachment":"scroll","background-type":"","background-media":"","overlay-type":"","overlay-color":"","overlay-opacity":"","overlay-gradient":""}},"ast-content-background-meta":{"desktop":{"background-color":"var(--ast-global-color-5)","background-image":"","background-repeat":"repeat","background-position":"center center","background-size":"auto","background-attachment":"scroll","background-type":"","background-media":"","overlay-type":"","overlay-color":"","overlay-opacity":"","overlay-gradient":""},"tablet":{"background-color":"var(--ast-global-color-5)","background-image":"","background-repeat":"repeat","background-position":"center center","background-size":"auto","background-attachment":"scroll","background-type":"","background-media":"","overlay-type":"","overlay-color":"","overlay-opacity":"","overlay-gradient":""},"mobile":{"background-color":"var(--ast-global-color-5)","background-image":"","background-repeat":"repeat","background-position":"center center","background-size":"auto","background-attachment":"scroll","background-type":"","background-media":"","overlay-type":"","overlay-color":"","overlay-opacity":"","overlay-gradient":""}},"jetpack_publicize_message":"","jetpack_publicize_feature_enabled":true,"jetpack_social_post_already_shared":true,"jetpack_social_options":{"image_generator_settings":{"template":"highway","default_image_id":0,"font":"","enabled":false},"version":2}},"product_brand":[4011],"product_cat":[3950],"product_tag":[1523,1559,1532],"class_list":{"0":"post-31391","1":"product","2":"type-product","3":"status-publish","4":"has-post-thumbnail","6":"product_brand-getibogaina","7":"product_cat-iboga-raices-en-venta","8":"product_tag-natural","9":"product_tag-polvo-de-corteza-de-raiz-de-iboga","10":"product_tag-virutas-de-corteza-de-raiz-de-iboga","11":"pa_product-state-polvo-de-corteza-de-raiz-de-iboga","12":"pa_product-state-virutas-de-corteza-de-raiz-de-iboga","13":"desktop-align-left","14":"tablet-align-left","15":"mobile-align-left","16":"ast-product-gallery-layout-horizontal-slider","17":"ast-product-single-variable","18":"ast-product-tabs-layout-horizontal","20":"first","21":"instock","22":"shipping-taxable","23":"purchasable","24":"product-type-variable"},"jetpack_publicize_connections":[],"jetpack_sharing_enabled":true,"_links":{"self":[{"href":"https:\/\/getibogaine.com\/es\/wp-json\/wp\/v2\/product\/31391","targetHints":{"allow":["GET"]}}],"collection":[{"href":"https:\/\/getibogaine.com\/es\/wp-json\/wp\/v2\/product"}],"about":[{"href":"https:\/\/getibogaine.com\/es\/wp-json\/wp\/v2\/types\/product"}],"replies":[{"embeddable":true,"href":"https:\/\/getibogaine.com\/es\/wp-json\/wp\/v2\/comments?post=31391"}],"version-history":[{"count":0,"href":"https:\/\/getibogaine.com\/es\/wp-json\/wp\/v2\/product\/31391\/revisions"}],"wp:featuredmedia":[{"embeddable":true,"href":"https:\/\/getibogaine.com\/es\/wp-json\/wp\/v2\/media\/34509"}],"wp:attachment":[{"href":"https:\/\/getibogaine.com\/es\/wp-json\/wp\/v2\/media?parent=31391"}],"wp:term":[{"taxonomy":"product_brand","embeddable":true,"href":"https:\/\/getibogaine.com\/es\/wp-json\/wp\/v2\/product_brand?post=31391"},{"taxonomy":"product_cat","embeddable":true,"href":"https:\/\/getibogaine.com\/es\/wp-json\/wp\/v2\/product_cat?post=31391"},{"taxonomy":"product_tag","embeddable":true,"href":"https:\/\/getibogaine.com\/es\/wp-json\/wp\/v2\/product_tag?post=31391"}],"curies":[{"name":"wp","href":"https:\/\/api.w.org\/{rel}","templated":true}]}}