{"id":31403,"date":"2022-06-02T06:02:44","date_gmt":"2022-06-02T10:02:44","guid":{"rendered":"http:\/\/getibogaine.com\/?post_type=product&#038;p=6066"},"modified":"2026-03-17T11:31:08","modified_gmt":"2026-03-17T15:31:08","slug":"cortezas-de-raiz-de-iboga-250g","status":"publish","type":"product","link":"https:\/\/getibogaine.com\/es\/producto\/cortezas-de-raiz-de-iboga-250g\/","title":{"rendered":"Cortezas de ra\u00edz de iboga (250g)"},"content":{"rendered":"<div class=\"row\">\n<div class=\"col-lg-7 col-12\">\n<h2 style=\"text-align: left;\"><span style=\"color: #000000;\"><strong>Corteza de ra\u00edz de iboga<\/strong><\/span><\/h2>\n<p>Consigue una planta de iboga en venta. Sabemos que est\u00e1s buscando la mejor corteza de ra\u00edz de iboga en l\u00ednea, y nosotros te cubrimos.<\/p>\n<p>Nuestra corteza de ra\u00edz de iboga se produce en nuestra propia granja de iboga libre de pesticidas en \u00c1frica Central. Con nuestra corteza de ra\u00edz de iboga, puedes esperar un producto puro, sin adulterar, listo para la ingesta.<\/p>\n<p>Nuestra corteza de ra\u00edz de iboga es uno de los mejores remedios naturales para la adicci\u00f3n a las drogas. Una gran manera de dejar tu adicci\u00f3n es usar nuestra <a href=\"http:\/\/getibogaine.com\/iboga-root-bark-for-sale\/\">corteza de ra\u00edz de iboga<\/a> como suplemento o m\u00e9todo de tratamiento. Nuestra corteza de ra\u00edz de iboga contiene un extracto de iboga\u00edna pura al 95%, que ha demostrado hacer maravillas al reducir los s\u00edntomas de abstinencia en personas con un trastorno por consumo de sustancias. Nuestra corteza de ra\u00edz de iboga es 100% natural, lo que la hace segura y eficaz para ayudarte a superar tu adicci\u00f3n.<\/p>\n<p>Usar la corteza de ra\u00edz de iboga es una forma eficaz de curar varias enfermedades, y tu cuerpo empezar\u00e1 a sentirse mejor en poco tiempo. Elimina los s\u00edntomas de la adicci\u00f3n y tu salud vuelve a la normalidad. Si est\u00e1s luchando con una adicci\u00f3n, puede que ya hayas probado varios remedios, pero nada te ha funcionado. Ahora es el momento de probar la corteza de ra\u00edz de iboga.<\/p>\n<h3><strong>Beneficios de la corteza de ra\u00edz de iboga\u00a0<\/strong><\/h3>\n<p><span style=\"color: #000000;\"><a title=\"Difference Between Iboga And Ibogaine\" href=\"http:\/\/getibogaine.com\/whats-the-difference-between-iboga-and-ibogaine\/\">Iboga e iboga\u00edna<\/a> tienen el potencial de tratar diferentes afecciones de salud mental. Esto incluye la depresi\u00f3n, el trastorno de estr\u00e9s postraum\u00e1tico (TEPT) y varios tipos de adicciones. A continuaci\u00f3n se presenta una lista de algunos beneficios del uso de iboga para la adicci\u00f3n.<\/span><\/p>\n<ul>\n<li><span style=\"color: #000000;\">Afrontamiento de la adicci\u00f3n, s\u00edntomas de abstinencia menos dolorosos<\/span><\/li>\n<li><span style=\"color: #000000;\">Recuerdos de sue\u00f1os m\u00e1s intensos<\/span><\/li>\n<li><span style=\"color: #000000;\">Efecto estimulante central<\/span><\/li>\n<li><span style=\"color: #000000;\">Sensaci\u00f3n espiritual y m\u00edstica<\/span><\/li>\n<li><span style=\"color: #000000;\">Sue\u00f1os l\u00facidos, sue\u00f1os l\u00facidos, experiencias fuera del cuerpo<\/span><\/li>\n<li><span style=\"color: #000000;\">Comprensi\u00f3n del subconsciente<\/span><\/li>\n<li><span style=\"color: #000000;\">Fortalecimiento de la confianza en uno mismo<\/span><\/li>\n<li><span style=\"color: #000000;\">Afrontamiento de experiencias y trastornos traum\u00e1ticos<\/span><\/li>\n<li><span style=\"color: #000000;\">Dar vida a la imaginaci\u00f3n<\/span><\/li>\n<li><span style=\"color: #000000;\">Hacer accesibles los recuerdos de la primera infancia<\/span><\/li>\n<li><span style=\"color: #000000;\">Descalcificar la gl\u00e1ndula pineal<\/span><\/li>\n<li><span style=\"color: #000000;\">Sue\u00f1o reparador<\/span><\/li>\n<li><span style=\"color: #000000;\">Claridad y concentraci\u00f3n<\/span><\/li>\n<li><span style=\"color: #000000;\">Sincronizaci\u00f3n de los hemisferios cerebrales<\/span><\/li>\n<\/ul>\n<p><strong>Origen<\/strong>: <em>Selva tropical de \u00c1frica Central<\/em><\/p>\n<\/div>\n<\/div>\n","protected":false},"excerpt":{"rendered":"<p>Env\u00edo expr\u00e9s con un tiempo de entrega r\u00e1pido de 3 a 7 d\u00edas<\/p>\n<p>Marca: Get Ibogaine<\/p>\n<p>Peso: 250 gramos<\/p>\n<p>Costo de env\u00edo: Calculado al finalizar la compra<\/p>\n<p><em>Tu pedido se enviar\u00e1 dentro de las 24 horas posteriores a que tu compra se complete y llegar\u00e1 en un plazo de tres a siete d\u00edas h\u00e1biles. Nuestras tarifas de env\u00edo var\u00edan seg\u00fan el peso del paquete.<\/em><\/p>\n","protected":false},"featured_media":34665,"comment_status":"open","ping_status":"closed","template":"","meta":{"site-sidebar-layout":"default","site-content-layout":"","ast-site-content-layout":"default","site-content-style":"default","site-sidebar-style":"default","ast-global-header-display":"","ast-banner-title-visibility":"","ast-main-header-display":"","ast-hfb-above-header-display":"","ast-hfb-below-header-display":"","ast-hfb-mobile-header-display":"","site-post-title":"","ast-breadcrumbs-content":"","ast-featured-img":"","footer-sml-layout":"","ast-disable-related-posts":"","theme-transparent-header-meta":"default","adv-header-id-meta":"","stick-header-meta":"default","header-above-stick-meta":"","header-main-stick-meta":"","header-below-stick-meta":"","astra-migrate-meta-layouts":"set","ast-page-background-enabled":"default","ast-page-background-meta":{"desktop":{"background-color":"var(--ast-global-color-4)","background-image":"","background-repeat":"repeat","background-position":"center center","background-size":"auto","background-attachment":"scroll","background-type":"","background-media":"","overlay-type":"","overlay-color":"","overlay-opacity":"","overlay-gradient":""},"tablet":{"background-color":"","background-image":"","background-repeat":"repeat","background-position":"center center","background-size":"auto","background-attachment":"scroll","background-type":"","background-media":"","overlay-type":"","overlay-color":"","overlay-opacity":"","overlay-gradient":""},"mobile":{"background-color":"","background-image":"","background-repeat":"repeat","background-position":"center center","background-size":"auto","background-attachment":"scroll","background-type":"","background-media":"","overlay-type":"","overlay-color":"","overlay-opacity":"","overlay-gradient":""}},"ast-content-background-meta":{"desktop":{"background-color":"var(--ast-global-color-5)","background-image":"","background-repeat":"repeat","background-position":"center center","background-size":"auto","background-attachment":"scroll","background-type":"","background-media":"","overlay-type":"","overlay-color":"","overlay-opacity":"","overlay-gradient":""},"tablet":{"background-color":"var(--ast-global-color-5)","background-image":"","background-repeat":"repeat","background-position":"center center","background-size":"auto","background-attachment":"scroll","background-type":"","background-media":"","overlay-type":"","overlay-color":"","overlay-opacity":"","overlay-gradient":""},"mobile":{"background-color":"var(--ast-global-color-5)","background-image":"","background-repeat":"repeat","background-position":"center center","background-size":"auto","background-attachment":"scroll","background-type":"","background-media":"","overlay-type":"","overlay-color":"","overlay-opacity":"","overlay-gradient":""}},"jetpack_publicize_message":"","jetpack_publicize_feature_enabled":true,"jetpack_social_post_already_shared":true,"jetpack_social_options":{"image_generator_settings":{"template":"highway","default_image_id":0,"font":"","enabled":false},"version":2}},"product_brand":[4011],"product_cat":[3950],"product_tag":[1595],"class_list":{"0":"post-31403","1":"product","2":"type-product","3":"status-publish","4":"has-post-thumbnail","6":"product_brand-getibogaina","7":"product_cat-iboga-raices-en-venta","8":"product_tag-iboga","9":"pa_product-state-polvo-de-corteza-de-raiz-de-iboga","10":"pa_product-state-virutas-de-corteza-de-raiz-de-iboga","11":"desktop-align-left","12":"tablet-align-left","13":"mobile-align-left","14":"ast-product-gallery-layout-horizontal-slider","15":"ast-product-single-variable","16":"ast-product-tabs-layout-horizontal","18":"first","19":"instock","20":"shipping-taxable","21":"purchasable","22":"product-type-variable"},"jetpack_publicize_connections":[],"jetpack_sharing_enabled":true,"_links":{"self":[{"href":"https:\/\/getibogaine.com\/es\/wp-json\/wp\/v2\/product\/31403","targetHints":{"allow":["GET"]}}],"collection":[{"href":"https:\/\/getibogaine.com\/es\/wp-json\/wp\/v2\/product"}],"about":[{"href":"https:\/\/getibogaine.com\/es\/wp-json\/wp\/v2\/types\/product"}],"replies":[{"embeddable":true,"href":"https:\/\/getibogaine.com\/es\/wp-json\/wp\/v2\/comments?post=31403"}],"version-history":[{"count":0,"href":"https:\/\/getibogaine.com\/es\/wp-json\/wp\/v2\/product\/31403\/revisions"}],"wp:featuredmedia":[{"embeddable":true,"href":"https:\/\/getibogaine.com\/es\/wp-json\/wp\/v2\/media\/34665"}],"wp:attachment":[{"href":"https:\/\/getibogaine.com\/es\/wp-json\/wp\/v2\/media?parent=31403"}],"wp:term":[{"taxonomy":"product_brand","embeddable":true,"href":"https:\/\/getibogaine.com\/es\/wp-json\/wp\/v2\/product_brand?post=31403"},{"taxonomy":"product_cat","embeddable":true,"href":"https:\/\/getibogaine.com\/es\/wp-json\/wp\/v2\/product_cat?post=31403"},{"taxonomy":"product_tag","embeddable":true,"href":"https:\/\/getibogaine.com\/es\/wp-json\/wp\/v2\/product_tag?post=31403"}],"curies":[{"name":"wp","href":"https:\/\/api.w.org\/{rel}","templated":true}]}}