{"id":31409,"date":"2022-10-10T10:50:58","date_gmt":"2022-10-10T14:50:58","guid":{"rendered":"http:\/\/getibogaine.com\/?post_type=product&#038;p=10284"},"modified":"2026-03-17T11:31:06","modified_gmt":"2026-03-17T15:31:06","slug":"raiz-de-iboga-sin-adulterar-a-la-venta-100g","status":"publish","type":"product","link":"https:\/\/getibogaine.com\/es\/producto\/raiz-de-iboga-sin-adulterar-a-la-venta-100g\/","title":{"rendered":"Cortezas de ra\u00edz de iboga (100 g)"},"content":{"rendered":"<div class=\"row\">\n<div class=\"col-lg-7 col-12\">\n<h2 style=\"text-align: left;\">Consigue tu Ra\u00edz de Iboga sin adulterar en venta, 100 g<\/h2>\n<p>Ra\u00edces de Iboga sin adulterar de 100 g en venta. Sabemos que quieres corteza de ra\u00edz de iboga pura, sin adulterar, y eso es exactamente lo que ofrecemos.<\/p>\n<p>Nuestra corteza de ra\u00edz de iboga se produce en nuestra granja libre de pesticidas en \u00c1frica Central. Con nuestra corteza de ra\u00edz de iboga, puedes esperar un producto puro, sin adulterar, listo para ingerirse. Sabemos que es dif\u00edcil encontrar una tienda online de corteza de ra\u00edz de iboga de confianza, pero estamos aqu\u00ed para ayudarte. Puedes ver las <strong><a href=\"http:\/\/getibogaine.com\/ibogaine-treatment-testimonials\/\">rese\u00f1as de clientes<\/a> <\/strong>que compraron este producto.<\/p>\n<p>Getibogaine Ra\u00edz de Iboga sin adulterar en venta es uno de los mejores remedios naturales para la drogadicci\u00f3n. Una excelente manera de dejar tu adicci\u00f3n es usar nuestra corteza de ra\u00edz de iboga como suplemento o m\u00e9todo de tratamiento. Nuestra corteza de ra\u00edz de iboga contiene un 95% de extracto de iboga\u00edna pura, que ha demostrado hacer maravillas al reducir los <a title=\"What is Addiction? Understanding Causes, Symptoms, and Treatment\" href=\"http:\/\/getibogaine.com\/what-is-addiction\/\" data-wpil-monitor-id=\"166\">s\u00edntomas de abstinencia de los adictos<\/a>. Nuestra corteza de ra\u00edz de iboga es 100% natural, lo que la hace segura y eficaz para ayudarte a superar tu <a title=\"How Ibogaine Can Help With Depression\" href=\"http:\/\/getibogaine.com\/how-ibogaine-can-help-with-depression\/\" data-wpil-monitor-id=\"167\">adicci\u00f3n<\/a>.<\/p>\n<p>La corteza de ra\u00edz de iboga es una forma eficaz de curar varias enfermedades, y tu cuerpo comenzar\u00e1 a sentirse mejor r\u00e1pidamente. Elimina los s\u00edntomas de la <a title=\"addiction\" href=\"http:\/\/getibogaine.com\/tag\/addiction\/\" data-wpil-monitor-id=\"168\">adicci\u00f3n<\/a>, y tu salud vuelve a la normalidad. Si est\u00e1s luchando contra una adicci\u00f3n, quiz\u00e1 ya hayas probado varios remedios, pero nada te ha funcionado. Ahora es el momento de probar nuestra Ra\u00edz de Iboga Pura en Venta.<\/p>\n<h3><strong>Beneficios de la corteza de ra\u00edz de iboga\u00a0<\/strong><\/h3>\n<p><span style=\"color: #000000;\"><a title=\"Difference Between Iboga And Ibogaine\" href=\"http:\/\/getibogaine.com\/whats-the-difference-between-iboga-and-ibogaine\/\">La iboga y la iboga\u00edna<\/a> tienen el potencial de tratar diferentes afecciones de salud mental. Esto incluye la depresi\u00f3n, el trastorno de estr\u00e9s postraum\u00e1tico (TEPT) y varios <a href=\"http:\/\/getibogaine.com\/methadone-addiction-treatment\/\">tipos de adicciones.<\/a> A continuaci\u00f3n se muestra una lista de algunos beneficios de usar iboga para la adicci\u00f3n.<\/span><\/p>\n<ul>\n<li><span style=\"color: #000000;\">Afrontamiento de la adicci\u00f3n y s\u00edntomas de <a title=\"Opioid Addiction Withdrawal Symptoms And Cravings\" href=\"http:\/\/getibogaine.com\/withdrawal-symptoms-and-cravings-for-people-addicted-to-opioids\/\" data-wpil-monitor-id=\"169\">abstinencia<\/a> menos dolorosos<\/span><\/li>\n<li><span style=\"color: #000000;\">Recuerdos de sue\u00f1os m\u00e1s intensos<\/span><\/li>\n<li><span style=\"color: #000000;\">Efecto estimulante central<\/span><\/li>\n<li><span style=\"color: #000000;\">Sensaci\u00f3n espiritual y m\u00edstica<\/span><\/li>\n<li><span style=\"color: #000000;\">Sue\u00f1os l\u00facidos, sue\u00f1os l\u00facidos, experiencias fuera del cuerpo<\/span><\/li>\n<li><span style=\"color: #000000;\">Perspectiva sobre el subconsciente<\/span><\/li>\n<li><span style=\"color: #000000;\">Fortalecimiento de la confianza en uno mismo<\/span><\/li>\n<li><span style=\"color: #000000;\">Afrontar experiencias traum\u00e1ticas y trastornos<\/span><\/li>\n<li><span style=\"color: #000000;\">Avivar la imaginaci\u00f3n<\/span><\/li>\n<li><span style=\"color: #000000;\">Hacer accesibles los recuerdos de la primera infancia<\/span><\/li>\n<li><span style=\"color: #000000;\">Descalcificaci\u00f3n de la gl\u00e1ndula pineal<\/span><\/li>\n<li><span style=\"color: #000000;\">Sue\u00f1o reparador<\/span><\/li>\n<li><span style=\"color: #000000;\">Claridad y concentraci\u00f3n<\/span><\/li>\n<li><span style=\"color: #000000;\">Sincronizaci\u00f3n de los hemisferios cerebrales<\/span><\/li>\n<\/ul>\n<p>&nbsp;<\/p>\n<p><strong>Origen<\/strong>: Ra\u00edz de iboga sin adulterar a la venta de la <em>selva tropical de \u00c1frica Central<\/em><\/p>\n<\/div>\n<\/div>\n","protected":false},"excerpt":{"rendered":"<p>Env\u00edo expr\u00e9s con un tiempo de entrega r\u00e1pido de 3\u20137 d\u00edas<\/p>\n<p>Marca: Get Ibogaine<\/p>\n<p>Peso: 100 gramos Costo de env\u00edo: Calculado al finalizar la compra<\/p>\n<p>Tu pedido se enviar\u00e1 dentro de las 24 horas posteriores a tu compra y llegar\u00e1 en un plazo de tres a siete d\u00edas h\u00e1biles. Nuestras tarifas de env\u00edo var\u00edan seg\u00fan el peso del paquete.<\/p>\n","protected":false},"featured_media":34420,"comment_status":"open","ping_status":"closed","template":"","meta":{"site-sidebar-layout":"default","site-content-layout":"","ast-site-content-layout":"default","site-content-style":"default","site-sidebar-style":"default","ast-global-header-display":"","ast-banner-title-visibility":"","ast-main-header-display":"","ast-hfb-above-header-display":"","ast-hfb-below-header-display":"","ast-hfb-mobile-header-display":"","site-post-title":"","ast-breadcrumbs-content":"","ast-featured-img":"","footer-sml-layout":"","ast-disable-related-posts":"","theme-transparent-header-meta":"default","adv-header-id-meta":"","stick-header-meta":"default","header-above-stick-meta":"","header-main-stick-meta":"","header-below-stick-meta":"","astra-migrate-meta-layouts":"set","ast-page-background-enabled":"default","ast-page-background-meta":{"desktop":{"background-color":"var(--ast-global-color-4)","background-image":"","background-repeat":"repeat","background-position":"center center","background-size":"auto","background-attachment":"scroll","background-type":"","background-media":"","overlay-type":"","overlay-color":"","overlay-opacity":"","overlay-gradient":""},"tablet":{"background-color":"","background-image":"","background-repeat":"repeat","background-position":"center center","background-size":"auto","background-attachment":"scroll","background-type":"","background-media":"","overlay-type":"","overlay-color":"","overlay-opacity":"","overlay-gradient":""},"mobile":{"background-color":"","background-image":"","background-repeat":"repeat","background-position":"center center","background-size":"auto","background-attachment":"scroll","background-type":"","background-media":"","overlay-type":"","overlay-color":"","overlay-opacity":"","overlay-gradient":""}},"ast-content-background-meta":{"desktop":{"background-color":"var(--ast-global-color-5)","background-image":"","background-repeat":"repeat","background-position":"center center","background-size":"auto","background-attachment":"scroll","background-type":"","background-media":"","overlay-type":"","overlay-color":"","overlay-opacity":"","overlay-gradient":""},"tablet":{"background-color":"var(--ast-global-color-5)","background-image":"","background-repeat":"repeat","background-position":"center center","background-size":"auto","background-attachment":"scroll","background-type":"","background-media":"","overlay-type":"","overlay-color":"","overlay-opacity":"","overlay-gradient":""},"mobile":{"background-color":"var(--ast-global-color-5)","background-image":"","background-repeat":"repeat","background-position":"center center","background-size":"auto","background-attachment":"scroll","background-type":"","background-media":"","overlay-type":"","overlay-color":"","overlay-opacity":"","overlay-gradient":""}},"jetpack_publicize_message":"","jetpack_publicize_feature_enabled":true,"jetpack_social_post_already_shared":true,"jetpack_social_options":{"image_generator_settings":{"template":"highway","default_image_id":0,"font":"","enabled":false},"version":2}},"product_brand":[4011],"product_cat":[3950],"product_tag":[],"class_list":{"0":"post-31409","1":"product","2":"type-product","3":"status-publish","4":"has-post-thumbnail","6":"product_brand-getibogaina","7":"product_cat-iboga-raices-en-venta","8":"pa_product-state-polvo-de-corteza-de-raiz-de-iboga","9":"pa_product-state-virutas-de-corteza-de-raiz-de-iboga","10":"desktop-align-left","11":"tablet-align-left","12":"mobile-align-left","13":"ast-product-gallery-layout-horizontal-slider","14":"ast-product-single-variable","15":"ast-product-tabs-layout-horizontal","17":"first","18":"instock","19":"featured","20":"shipping-taxable","21":"purchasable","22":"product-type-variable","23":"has-default-attributes"},"jetpack_publicize_connections":[],"jetpack_sharing_enabled":true,"_links":{"self":[{"href":"https:\/\/getibogaine.com\/es\/wp-json\/wp\/v2\/product\/31409","targetHints":{"allow":["GET"]}}],"collection":[{"href":"https:\/\/getibogaine.com\/es\/wp-json\/wp\/v2\/product"}],"about":[{"href":"https:\/\/getibogaine.com\/es\/wp-json\/wp\/v2\/types\/product"}],"replies":[{"embeddable":true,"href":"https:\/\/getibogaine.com\/es\/wp-json\/wp\/v2\/comments?post=31409"}],"version-history":[{"count":0,"href":"https:\/\/getibogaine.com\/es\/wp-json\/wp\/v2\/product\/31409\/revisions"}],"wp:featuredmedia":[{"embeddable":true,"href":"https:\/\/getibogaine.com\/es\/wp-json\/wp\/v2\/media\/34420"}],"wp:attachment":[{"href":"https:\/\/getibogaine.com\/es\/wp-json\/wp\/v2\/media?parent=31409"}],"wp:term":[{"taxonomy":"product_brand","embeddable":true,"href":"https:\/\/getibogaine.com\/es\/wp-json\/wp\/v2\/product_brand?post=31409"},{"taxonomy":"product_cat","embeddable":true,"href":"https:\/\/getibogaine.com\/es\/wp-json\/wp\/v2\/product_cat?post=31409"},{"taxonomy":"product_tag","embeddable":true,"href":"https:\/\/getibogaine.com\/es\/wp-json\/wp\/v2\/product_tag?post=31409"}],"curies":[{"name":"wp","href":"https:\/\/api.w.org\/{rel}","templated":true}]}}