{"id":31415,"date":"2022-10-11T05:56:38","date_gmt":"2022-10-11T04:56:38","guid":{"rendered":"http:\/\/getibogaine.com\/?post_type=product&#038;p=10307"},"modified":"2026-03-17T11:31:06","modified_gmt":"2026-03-17T15:31:06","slug":"corteza-de-raiz-de-iboga-80-g","status":"publish","type":"product","link":"https:\/\/getibogaine.com\/es\/producto\/corteza-de-raiz-de-iboga-80-g\/","title":{"rendered":"Corteza de ra\u00edz de iboga 80 g"},"content":{"rendered":"<div class=\"row\">\n<div class=\"col-lg-7 col-12\">\n<h2 style=\"text-align: left;\">Corteza de ra\u00edz de iboga para la recuperaci\u00f3n de adicciones<\/h2>\n<p>Experimenta el poder transformador de nuestra corteza de ra\u00edz de iboga (80 g), un potente remedio natural dise\u00f1ado para la recuperaci\u00f3n de adicciones. Con un 95% de extracto puro de iboga\u00edna, esta corteza de ra\u00edz de alta calidad est\u00e1 formulada espec\u00edficamente para ayudar a reducir los s\u00edntomas de abstinencia y apoyar tu camino para superar la adicci\u00f3n.<\/p>\n<p>Aprovechando las propiedades curativas de la naturaleza, nuestra corteza de ra\u00edz de iboga 100% natural ofrece un suplemento seguro y eficaz para quienes buscan recuperar sus vidas. Ya sea que quieras complementar tu tratamiento o emprender un enfoque hol\u00edstico para la recuperaci\u00f3n, nuestra corteza de ra\u00edz de iboga es un aliado esencial en tu camino hacia el bienestar. Abraza un futuro m\u00e1s brillante con la corteza de ra\u00edz de iboga para la recuperaci\u00f3n de adicciones y da el primer paso hacia un cambio duradero.<\/p>\n<p>\u00bfBuscas la mejor corteza de ra\u00edz de iboga en l\u00ednea? \u00a1No busques m\u00e1s!<\/p>\n<p>Nuestra granja de iboga, libre de pesticidas, en \u00c1frica Central produce nuestra corteza de ra\u00edz de iboga de la m\u00e1s alta calidad. Cuando eliges nuestro producto, obtienes corteza de ra\u00edz de iboga pura y sin adulterar, lista para su ingesta.<\/p>\n<p>Deja atr\u00e1s tu adicci\u00f3n con nuestro remedio natural: la corteza de ra\u00edz de iboga. Ya sea que la uses como suplemento o como m\u00e9todo de tratamiento, nuestra corteza de ra\u00edz de iboga es conocida por su eficacia para ayudar en la recuperaci\u00f3n de adicciones. Con un 95% de extracto puro de iboga\u00edna, se ha demostrado que hace maravillas para reducir los s\u00edntomas de abstinencia. Conf\u00eda en nuestra corteza de ra\u00edz de iboga 100% natural para un apoyo seguro y eficaz en tu camino para superar la adicci\u00f3n.<\/p>\n<p>La corteza de ra\u00edz de iboga para la recuperaci\u00f3n de adicciones es una forma eficaz de tratar varias afecciones, y tu cuerpo empezar\u00e1 a sentirse mejor r\u00e1pidamente. Elimina los s\u00edntomas de la <a title=\"addiction\" href=\"http:\/\/getibogaine.com\/tag\/addiction\/\" data-wpil-monitor-id=\"161\">adicci\u00f3n<\/a> y tu salud vuelve a la normalidad. Si est\u00e1s luchando contra una adicci\u00f3n, es posible que ya hayas probado varios remedios, pero nada te ha funcionado. Ahora es el momento de probar la corteza de ra\u00edz de iboga.<\/p>\n<h2>Corteza de ra\u00edz de iboga 80 g \u2013 Apoyo natural para la recuperaci\u00f3n de adicciones<\/h2>\n<p>La corteza de ra\u00edz de iboga es conocida por su potencial \u00fanico para ayudar en el tratamiento de la adicci\u00f3n y el bienestar mental. Ha mostrado efectos prometedores para diversas preocupaciones de salud mental, incluidas la adicci\u00f3n, la depresi\u00f3n y el TEPT. As\u00ed es como la corteza de ra\u00edz de iboga puede apoyar la recuperaci\u00f3n:<\/p>\n<ul>\n<li>Alivia la abstinencia: ayuda a manejar los antojos de la adicci\u00f3n y reduce las molestias de la abstinencia.<\/li>\n<li>Mejora la claridad de los sue\u00f1os: favorece sue\u00f1os v\u00edvidos y una auto-reflexi\u00f3n m\u00e1s profunda.<\/li>\n<li>Estimula la mente: ofrece un impulso suave de energ\u00eda mental y conciencia.<\/li>\n<li>Conexi\u00f3n espiritual: genera una sensaci\u00f3n de despertar espiritual y paz interior.<\/li>\n<li>Profunda introspecci\u00f3n: promueve la comprensi\u00f3n de pensamientos y emociones subconscientes.<\/li>\n<li>Fortalece la confianza: desarrolla resiliencia y apoya la sanaci\u00f3n emocional.<\/li>\n<li>Apoya la recuperaci\u00f3n del trauma: ayuda a procesar traumas del pasado.<\/li>\n<li>Potencia la imaginaci\u00f3n y la creatividad: fomenta el pensamiento creativo y la inspiraci\u00f3n.<\/li>\n<li>Mejora el recuerdo de la memoria: puede desbloquear recuerdos de la infancia y detalles olvidados.<\/li>\n<li>Promueve un sue\u00f1o reparador: favorece una mejor calidad del sue\u00f1o y claridad.<\/li>\n<li>Equilibra la actividad cerebral: busca armonizar la funci\u00f3n del hemisferio izquierdo y derecho para ganar claridad y concentraci\u00f3n.<\/li>\n<\/ul>\n<p>Experimenta los beneficios naturales de la corteza de ra\u00edz de iboga, que puede ayudar a la claridad mental, la recuperaci\u00f3n y la paz interior.<\/p>\n<p><strong>Origen<\/strong>: Camer\u00fan<\/p>\n<\/div>\n<\/div>\n","protected":false},"excerpt":{"rendered":"<p>Env\u00edo expr\u00e9s con un tiempo de entrega r\u00e1pido de 3 a 7<\/p>\n<p>d\u00edas Marca: Get Ibogaine<\/p>\n<p>Peso: 80 gramos<\/p>\n<p>Costo de env\u00edo: calculado al finalizar la compra<\/p>\n<p><em>Tu pedido se enviar\u00e1 dentro de las 24 horas posteriores a que se complete tu compra y llegar\u00e1 dentro de tres a siete d\u00edas h\u00e1biles. Nuestras tarifas de env\u00edo var\u00edan seg\u00fan el peso del paquete.<\/em><\/p>\n","protected":false},"featured_media":34393,"comment_status":"open","ping_status":"closed","template":"","meta":{"site-sidebar-layout":"default","site-content-layout":"","ast-site-content-layout":"default","site-content-style":"default","site-sidebar-style":"default","ast-global-header-display":"","ast-banner-title-visibility":"","ast-main-header-display":"","ast-hfb-above-header-display":"","ast-hfb-below-header-display":"","ast-hfb-mobile-header-display":"","site-post-title":"","ast-breadcrumbs-content":"","ast-featured-img":"","footer-sml-layout":"","ast-disable-related-posts":"","theme-transparent-header-meta":"default","adv-header-id-meta":"","stick-header-meta":"default","header-above-stick-meta":"","header-main-stick-meta":"","header-below-stick-meta":"","astra-migrate-meta-layouts":"set","ast-page-background-enabled":"default","ast-page-background-meta":{"desktop":{"background-color":"var(--ast-global-color-4)","background-image":"","background-repeat":"repeat","background-position":"center center","background-size":"auto","background-attachment":"scroll","background-type":"","background-media":"","overlay-type":"","overlay-color":"","overlay-opacity":"","overlay-gradient":""},"tablet":{"background-color":"","background-image":"","background-repeat":"repeat","background-position":"center center","background-size":"auto","background-attachment":"scroll","background-type":"","background-media":"","overlay-type":"","overlay-color":"","overlay-opacity":"","overlay-gradient":""},"mobile":{"background-color":"","background-image":"","background-repeat":"repeat","background-position":"center center","background-size":"auto","background-attachment":"scroll","background-type":"","background-media":"","overlay-type":"","overlay-color":"","overlay-opacity":"","overlay-gradient":""}},"ast-content-background-meta":{"desktop":{"background-color":"var(--ast-global-color-5)","background-image":"","background-repeat":"repeat","background-position":"center center","background-size":"auto","background-attachment":"scroll","background-type":"","background-media":"","overlay-type":"","overlay-color":"","overlay-opacity":"","overlay-gradient":""},"tablet":{"background-color":"var(--ast-global-color-5)","background-image":"","background-repeat":"repeat","background-position":"center center","background-size":"auto","background-attachment":"scroll","background-type":"","background-media":"","overlay-type":"","overlay-color":"","overlay-opacity":"","overlay-gradient":""},"mobile":{"background-color":"var(--ast-global-color-5)","background-image":"","background-repeat":"repeat","background-position":"center center","background-size":"auto","background-attachment":"scroll","background-type":"","background-media":"","overlay-type":"","overlay-color":"","overlay-opacity":"","overlay-gradient":""}},"jetpack_publicize_message":"","jetpack_publicize_feature_enabled":true,"jetpack_social_post_already_shared":true,"jetpack_social_options":{"image_generator_settings":{"template":"highway","default_image_id":0,"font":"","enabled":false},"version":2}},"product_brand":[4011],"product_cat":[3950],"product_tag":[1523],"class_list":{"0":"post-31415","1":"product","2":"type-product","3":"status-publish","4":"has-post-thumbnail","6":"product_brand-getibogaina","7":"product_cat-iboga-raices-en-venta","8":"product_tag-natural","9":"pa_product-state-polvo-de-corteza-de-raiz-de-iboga","10":"pa_product-state-virutas-de-corteza-de-raiz-de-iboga","11":"desktop-align-left","12":"tablet-align-left","13":"mobile-align-left","14":"ast-product-gallery-layout-horizontal-slider","15":"ast-product-single-variable","16":"ast-product-tabs-layout-horizontal","18":"first","19":"instock","20":"shipping-taxable","21":"purchasable","22":"product-type-variable","23":"has-default-attributes"},"jetpack_publicize_connections":[],"jetpack_sharing_enabled":true,"_links":{"self":[{"href":"https:\/\/getibogaine.com\/es\/wp-json\/wp\/v2\/product\/31415","targetHints":{"allow":["GET"]}}],"collection":[{"href":"https:\/\/getibogaine.com\/es\/wp-json\/wp\/v2\/product"}],"about":[{"href":"https:\/\/getibogaine.com\/es\/wp-json\/wp\/v2\/types\/product"}],"replies":[{"embeddable":true,"href":"https:\/\/getibogaine.com\/es\/wp-json\/wp\/v2\/comments?post=31415"}],"version-history":[{"count":0,"href":"https:\/\/getibogaine.com\/es\/wp-json\/wp\/v2\/product\/31415\/revisions"}],"wp:featuredmedia":[{"embeddable":true,"href":"https:\/\/getibogaine.com\/es\/wp-json\/wp\/v2\/media\/34393"}],"wp:attachment":[{"href":"https:\/\/getibogaine.com\/es\/wp-json\/wp\/v2\/media?parent=31415"}],"wp:term":[{"taxonomy":"product_brand","embeddable":true,"href":"https:\/\/getibogaine.com\/es\/wp-json\/wp\/v2\/product_brand?post=31415"},{"taxonomy":"product_cat","embeddable":true,"href":"https:\/\/getibogaine.com\/es\/wp-json\/wp\/v2\/product_cat?post=31415"},{"taxonomy":"product_tag","embeddable":true,"href":"https:\/\/getibogaine.com\/es\/wp-json\/wp\/v2\/product_tag?post=31415"}],"curies":[{"name":"wp","href":"https:\/\/api.w.org\/{rel}","templated":true}]}}