{"id":31427,"date":"2022-10-11T06:24:46","date_gmt":"2022-10-11T10:24:46","guid":{"rendered":"http:\/\/getibogaine.com\/?post_type=product&#038;p=10314"},"modified":"2026-03-07T10:02:13","modified_gmt":"2026-03-07T15:02:13","slug":"comprar-corteza-de-raiz-de-iboga-en-san-francisco-200g","status":"publish","type":"product","link":"https:\/\/getibogaine.com\/es\/producto\/comprar-corteza-de-raiz-de-iboga-en-san-francisco-200g\/","title":{"rendered":"Corteza de ra\u00edz de iboga (200 g)"},"content":{"rendered":"<div class=\"row\">\n<div class=\"col-lg-7 col-12\">\n<h2 style=\"text-align: left;\">Compra corteza de ra\u00edz de Iboga en San Francisco<\/h2>\n<p>Sabemos que est\u00e1s buscando la mejor corteza de ra\u00edz de iboga en l\u00ednea, y te tenemos cubierto. Nuestras cortezas de <a title=\"Secret Bwiti Religion &amp; Healing with Iboga Plant\" href=\"http:\/\/getibogaine.com\/bwiti-religion-and-healing-practices-with-iboga\/\" data-wpil-monitor-id=\"142\">Iboga<\/a> se producen en nuestra propia granja de Iboga, libre de pesticidas, en \u00c1frica Central. Con nuestro Iboga, puedes esperar un producto puro, <a href=\"https:\/\/www.dictionary.com\/browse\/unadulterated\" target=\"_blank\" rel=\"noopener\">sin adulterar<\/a>, listo para ingerirse. La lucha de San Francisco contra la adicci\u00f3n a las drogas, especialmente en zonas como el distrito Tenderloin, est\u00e1 bien documentada, con un aumento en el n\u00famero de sobredosis y problemas de salud relacionados. Muchos residentes est\u00e1n buscando enfoques hol\u00edsticos para el tratamiento. Nuestra corteza de ra\u00edz de Iboga ofrece una soluci\u00f3n natural y eficaz que aborda las causas de ra\u00edz de la adicci\u00f3n, ayudando a los residentes de San Francisco a iniciar su camino hacia la recuperaci\u00f3n.<\/p>\n<p>Nuestra corteza de ra\u00edz de iboga es uno de <a href=\"http:\/\/getibogaine.com\/\">los mejores remedios naturales para la adicci\u00f3n a las drogas<\/a>. Una excelente manera de dejar tu h\u00e1bito es usar nuestra <a title=\"iboga\" href=\"http:\/\/getibogaine.com\/product-tag\/iboga\/\" data-wpil-monitor-id=\"143\">Iboga<\/a> como suplemento o m\u00e9todo de tratamiento. Nuestras ra\u00edces de iboga contienen un 95% de extracto puro de <a title=\"ibogaine\" href=\"http:\/\/getibogaine.com\/tag\/ibogaine\/\" data-wpil-monitor-id=\"144\">iboga\u00edna<\/a>, que ha demostrado hacer maravillas para reducir los s\u00edntomas de abstinencia en las personas con adicci\u00f3n. Nuestra corteza de ra\u00edz de iboga es 100% natural, lo que la hace segura y eficaz para ayudarte a superar tu <a title=\"addiction\" href=\"http:\/\/getibogaine.com\/tag\/addiction\/\" data-wpil-monitor-id=\"145\">adicci\u00f3n<\/a>.<\/p>\n<p>Usar iboga es una forma eficaz de tratar varias enfermedades, y tu cuerpo empezar\u00e1 a sentirse mejor en poco tiempo. Elimina los s\u00edntomas de la <a title=\"How Ibogaine Can Help With Depression\" href=\"http:\/\/getibogaine.com\/how-ibogaine-can-help-with-depression\/\" data-wpil-monitor-id=\"146\">adicci\u00f3n<\/a>, y tu salud vuelve a la normalidad. Si est\u00e1s luchando contra una adicci\u00f3n, quiz\u00e1 ya hayas probado varios remedios, pero nada te ha funcionado. Ahora es el momento de probar la iboga.<\/p>\n<h3><strong>Beneficios de la corteza de ra\u00edz de iboga\u00a0<\/strong><\/h3>\n<p>La <a href=\"https:\/\/getibogaine.com\/es\/?page_id=30949\">corteza de ra\u00edz de iboga<\/a> ofrece diversas ventajas. Tiene el potencial de tratar problemas de salud mental como la depresi\u00f3n, el TEPT y las adicciones. Estos son algunos beneficios de usar iboga para la adicci\u00f3n:<\/p>\n<ul>\n<li>Alivia los s\u00edntomas de abstinencia y ayuda a sobrellevar la adicci\u00f3n<\/li>\n<li>Mejora el recuerdo y la intensidad de los sue\u00f1os<\/li>\n<li>Proporciona un efecto estimulante en el sistema central<\/li>\n<li>Ofrece una experiencia espiritual y m\u00edstica<\/li>\n<li>Facilita los sue\u00f1os l\u00facidos y las experiencias extracorporales<\/li>\n<li>Proporciona informaci\u00f3n sobre la mente subconsciente<\/li>\n<li>Aumenta la confianza en uno mismo<\/li>\n<li>Ayuda a afrontar traumas y trastornos<\/li>\n<li>Estimula la imaginaci\u00f3n<\/li>\n<li>Accede a recuerdos de la primera infancia<\/li>\n<li>Desintoxica la gl\u00e1ndula pineal<\/li>\n<li>Promueve un sue\u00f1o reparador<\/li>\n<li>Mejora la claridad y la concentraci\u00f3n<\/li>\n<li>Sincroniza los hemisferios cerebrales<\/li>\n<\/ul>\n<p>Compra corteza de ra\u00edz de iboga en San Francisco. Obt\u00e9n corteza de ra\u00edz de iboga (200 g).<\/p>\n<p>&nbsp;<\/p>\n<p><strong>Origen<\/strong>: <em>Selva tropical de \u00c1frica Central<\/em><\/p>\n<\/div>\n<div class=\"col-lg-5 col-12\"><\/div>\n<\/div>\n","protected":false},"excerpt":{"rendered":"<p>Env\u00edo expr\u00e9s con un tiempo de entrega r\u00e1pido de 3\u20137 d\u00edas<\/p>\n<p>Marca: Get Ibogaine<\/p>\n<p>Peso: 200 gramos<\/p>\n<p>Costo de env\u00edo: calculado al finalizar la compra<\/p>\n<p>Tu pedido se enviar\u00e1 dentro de las 24 horas posteriores a tu compra y llegar\u00e1 en un plazo de tres a siete d\u00edas h\u00e1biles. Nuestras tarifas de env\u00edo var\u00edan seg\u00fan el peso del paquete.<\/p>\n","protected":false},"featured_media":34466,"comment_status":"open","ping_status":"closed","template":"","meta":{"site-sidebar-layout":"default","site-content-layout":"","ast-site-content-layout":"default","site-content-style":"default","site-sidebar-style":"default","ast-global-header-display":"","ast-banner-title-visibility":"","ast-main-header-display":"","ast-hfb-above-header-display":"","ast-hfb-below-header-display":"","ast-hfb-mobile-header-display":"","site-post-title":"","ast-breadcrumbs-content":"","ast-featured-img":"","footer-sml-layout":"","ast-disable-related-posts":"","theme-transparent-header-meta":"default","adv-header-id-meta":"","stick-header-meta":"default","header-above-stick-meta":"","header-main-stick-meta":"","header-below-stick-meta":"","astra-migrate-meta-layouts":"set","ast-page-background-enabled":"default","ast-page-background-meta":{"desktop":{"background-color":"var(--ast-global-color-4)","background-image":"","background-repeat":"repeat","background-position":"center center","background-size":"auto","background-attachment":"scroll","background-type":"","background-media":"","overlay-type":"","overlay-color":"","overlay-opacity":"","overlay-gradient":""},"tablet":{"background-color":"","background-image":"","background-repeat":"repeat","background-position":"center center","background-size":"auto","background-attachment":"scroll","background-type":"","background-media":"","overlay-type":"","overlay-color":"","overlay-opacity":"","overlay-gradient":""},"mobile":{"background-color":"","background-image":"","background-repeat":"repeat","background-position":"center center","background-size":"auto","background-attachment":"scroll","background-type":"","background-media":"","overlay-type":"","overlay-color":"","overlay-opacity":"","overlay-gradient":""}},"ast-content-background-meta":{"desktop":{"background-color":"var(--ast-global-color-5)","background-image":"","background-repeat":"repeat","background-position":"center center","background-size":"auto","background-attachment":"scroll","background-type":"","background-media":"","overlay-type":"","overlay-color":"","overlay-opacity":"","overlay-gradient":""},"tablet":{"background-color":"var(--ast-global-color-5)","background-image":"","background-repeat":"repeat","background-position":"center center","background-size":"auto","background-attachment":"scroll","background-type":"","background-media":"","overlay-type":"","overlay-color":"","overlay-opacity":"","overlay-gradient":""},"mobile":{"background-color":"var(--ast-global-color-5)","background-image":"","background-repeat":"repeat","background-position":"center center","background-size":"auto","background-attachment":"scroll","background-type":"","background-media":"","overlay-type":"","overlay-color":"","overlay-opacity":"","overlay-gradient":""}},"jetpack_publicize_message":"","jetpack_publicize_feature_enabled":true,"jetpack_social_post_already_shared":true,"jetpack_social_options":{"image_generator_settings":{"template":"highway","default_image_id":0,"font":"","enabled":false},"version":2}},"product_brand":[4011],"product_cat":[3950],"product_tag":[1523],"class_list":{"0":"post-31427","1":"product","2":"type-product","3":"status-publish","4":"has-post-thumbnail","6":"product_brand-getibogaina","7":"product_cat-iboga-raices-en-venta","8":"product_tag-natural","9":"pa_product-state-polvo-de-corteza-de-raiz-de-iboga","10":"pa_product-state-virutas-de-corteza-de-raiz-de-iboga","11":"desktop-align-left","12":"tablet-align-left","13":"mobile-align-left","14":"ast-product-gallery-layout-horizontal-slider","15":"ast-product-single-variable","16":"ast-product-tabs-layout-horizontal","18":"first","19":"instock","20":"featured","21":"shipping-taxable","22":"purchasable","23":"product-type-variable","24":"has-default-attributes"},"jetpack_publicize_connections":[],"jetpack_sharing_enabled":true,"_links":{"self":[{"href":"https:\/\/getibogaine.com\/es\/wp-json\/wp\/v2\/product\/31427","targetHints":{"allow":["GET"]}}],"collection":[{"href":"https:\/\/getibogaine.com\/es\/wp-json\/wp\/v2\/product"}],"about":[{"href":"https:\/\/getibogaine.com\/es\/wp-json\/wp\/v2\/types\/product"}],"replies":[{"embeddable":true,"href":"https:\/\/getibogaine.com\/es\/wp-json\/wp\/v2\/comments?post=31427"}],"version-history":[{"count":0,"href":"https:\/\/getibogaine.com\/es\/wp-json\/wp\/v2\/product\/31427\/revisions"}],"wp:featuredmedia":[{"embeddable":true,"href":"https:\/\/getibogaine.com\/es\/wp-json\/wp\/v2\/media\/34466"}],"wp:attachment":[{"href":"https:\/\/getibogaine.com\/es\/wp-json\/wp\/v2\/media?parent=31427"}],"wp:term":[{"taxonomy":"product_brand","embeddable":true,"href":"https:\/\/getibogaine.com\/es\/wp-json\/wp\/v2\/product_brand?post=31427"},{"taxonomy":"product_cat","embeddable":true,"href":"https:\/\/getibogaine.com\/es\/wp-json\/wp\/v2\/product_cat?post=31427"},{"taxonomy":"product_tag","embeddable":true,"href":"https:\/\/getibogaine.com\/es\/wp-json\/wp\/v2\/product_tag?post=31427"}],"curies":[{"name":"wp","href":"https:\/\/api.w.org\/{rel}","templated":true}]}}