{"id":31433,"date":"2022-10-11T07:37:54","date_gmt":"2022-10-11T11:37:54","guid":{"rendered":"http:\/\/getibogaine.com\/?post_type=product&#038;p=10320"},"modified":"2026-03-17T11:30:46","modified_gmt":"2026-03-17T15:30:46","slug":"20-gramos-de-corteza-de-raiz-de-iboga-en-venta","status":"publish","type":"product","link":"https:\/\/getibogaine.com\/es\/producto\/20-gramos-de-corteza-de-raiz-de-iboga-en-venta\/","title":{"rendered":"Cortezas de ra\u00edz de iboga (20g)"},"content":{"rendered":"<div class=\"row\">\n<div class=\"col-lg-7 col-12\">\n<h2 style=\"text-align: left;\">20 gramos de corteza de ra\u00edz de iboga a la venta<\/h2>\n<p>&nbsp;<\/p>\n<p>Compra corteza de ra\u00edz de iboga en l\u00ednea. Sabemos que est\u00e1s buscando la mejor corteza de ra\u00edz de iboga en l\u00ednea, y te tenemos cubierto. Filadelfia, en particular el barrio de Kensington, se ha convertido en un epicentro de la crisis de opioides, con miles de personas luchando contra la adicci\u00f3n. Los tratamientos tradicionales a menudo no son suficientes, dejando a muchos en busca de soluciones alternativas. La corteza de ra\u00edz de iboga, conocida por sus propiedades desintoxicantes, puede ser la clave para superar la adicci\u00f3n, ofreciendo esperanza a quienes en Filadelfia se sienten atrapados por sus dependencias.<\/p>\n<p>Nuestra corteza de ra\u00edz de iboga se produce en nuestra propia granja de iboga sin pesticidas en \u00c1frica Central. Con nuestra corteza de ra\u00edz de iboga, puedes esperar un producto puro, sin adulterar, listo para su ingesta.<\/p>\n<p>Nuestra corteza de ra\u00edz de iboga es uno de los mejores remedios naturales para la <a title=\"Could Ibogaine Be The Key To Ending Drug Addiction?\" href=\"http:\/\/getibogaine.com\/could-ibogaine-be-the-key-to-ending-drug-addiction\/\" data-wpil-monitor-id=\"135\">adicci\u00f3n a las drogas<\/a>. Una excelente manera de dejar tu <a title=\"addiction\" href=\"http:\/\/getibogaine.com\/tag\/addiction\/\" data-wpil-monitor-id=\"136\">adicci\u00f3n<\/a> es usar nuestra corteza de ra\u00edz de iboga como suplemento o m\u00e9todo de tratamiento. Nuestra corteza de ra\u00edz de iboga contiene un extracto de <a title=\"ibogaine\" href=\"http:\/\/getibogaine.com\/tag\/ibogaine\/\" data-wpil-monitor-id=\"137\">iboga\u00edna<\/a> pura al 95%, que ha demostrado hacer maravillas al reducir los s\u00edntomas de abstinencia de los adictos. Nuestra corteza de ra\u00edz de iboga es 100% natural, lo que la hace segura y eficaz para ayudarte a superar tu <a title=\"How Ibogaine Can Help With Depression\" href=\"http:\/\/getibogaine.com\/how-ibogaine-can-help-with-depression\/\" data-wpil-monitor-id=\"138\">adicci\u00f3n<\/a>.<\/p>\n<p>Usar corteza de ra\u00edz de iboga es una forma eficaz de curar varias enfermedades, y tu cuerpo empezar\u00e1 a sentirse mejor en poco tiempo. Elimina los s\u00edntomas de la adicci\u00f3n y tu salud vuelve a la normalidad. Si est\u00e1s luchando con una adicci\u00f3n, quiz\u00e1 ya hayas probado varios remedios, pero nada te ha funcionado. Ahora es el momento de probar la corteza de ra\u00edz de iboga.<\/p>\n<h3><strong>Beneficios de la corteza de ra\u00edz de iboga\u00a0<\/strong><\/h3>\n<p><span style=\"color: #000000;\"><a title=\"Difference Between Iboga And Ibogaine\" href=\"http:\/\/getibogaine.com\/whats-the-difference-between-iboga-and-ibogaine\/\">Iboga y la iboga\u00edna<\/a> tienen el potencial de tratar diferentes afecciones de salud mental. Esto incluye la <a title=\"Rehab: Can it Help You Overcome Depression?\" href=\"http:\/\/getibogaine.com\/is-there-rehab-for-depression\/\" data-wpil-monitor-id=\"139\">depresi\u00f3n<\/a>, el trastorno de estr\u00e9s postraum\u00e1tico (TEPT) y varios tipos de adicciones. A continuaci\u00f3n se muestra una lista de algunos beneficios de usar <a href=\"http:\/\/getibogaine.com\/what-is-iboga\/\">iboga<\/a> para la adicci\u00f3n.<\/span><\/p>\n<ul>\n<li><span style=\"color: #000000;\">Afrontamiento de la adicci\u00f3n, <a title=\"Opioid Addiction Withdrawal Symptoms And Cravings\" href=\"http:\/\/getibogaine.com\/withdrawal-symptoms-and-cravings-for-people-addicted-to-opioids\/\" data-wpil-monitor-id=\"140\">s\u00edntomas de abstinencia<\/a> menos dolorosos<\/span><\/li>\n<li><span style=\"color: #000000;\">Recuerdos de sue\u00f1os m\u00e1s intensos<\/span><\/li>\n<li><span style=\"color: #000000;\">Efecto estimulante central<\/span><\/li>\n<li><span style=\"color: #000000;\">Sensaci\u00f3n espiritual y m\u00edstica<\/span><\/li>\n<li><span style=\"color: #000000;\">Sue\u00f1os l\u00facidos, sue\u00f1os l\u00facidos, experiencias fuera del cuerpo<\/span><\/li>\n<li><span style=\"color: #000000;\">Perspectiva sobre el subconsciente<\/span><\/li>\n<li><span style=\"color: #000000;\">Fortalecimiento de la confianza en uno mismo<\/span><\/li>\n<li><span style=\"color: #000000;\">Afrontamiento de experiencias y trastornos traum\u00e1ticos<\/span><\/li>\n<li><span style=\"color: #000000;\">Avivar la imaginaci\u00f3n<\/span><\/li>\n<li><span style=\"color: #000000;\">Hacer accesibles los recuerdos de la primera infancia<\/span><\/li>\n<li><span style=\"color: #000000;\">Descalcificaci\u00f3n de la gl\u00e1ndula pineal<\/span><\/li>\n<li><span style=\"color: #000000;\">Sue\u00f1o reparador<\/span><\/li>\n<li><span style=\"color: #000000;\">Claridad y enfoque<\/span><\/li>\n<li><span style=\"color: #000000;\">Sincronizaci\u00f3n de los hemisferios cerebrales<\/span><\/li>\n<\/ul>\n<p>&nbsp;<\/p>\n<p><strong>Origen<\/strong>: <em>Selva tropical de \u00c1frica Central<\/em><\/p>\n<\/div>\n<\/div>\n","protected":false},"excerpt":{"rendered":"<p>Env\u00edo expr\u00e9s con un plazo de entrega r\u00e1pido de 3\u20137 d\u00edas<\/p>\n<p>Marca: Get Ibogaine<\/p>\n<p>Peso: 20 gramos<\/p>\n<p>Costo de env\u00edo: Calculado al pagar<\/p>\n<p>Tu pedido se enviar\u00e1 dentro de las 24 horas posteriores a que se complete tu compra y llegar\u00e1 en un plazo de tres a siete d\u00edas h\u00e1biles. Nuestras tarifas de env\u00edo var\u00edan seg\u00fan el peso del paquete.<\/p>\n","protected":false},"featured_media":34477,"comment_status":"open","ping_status":"closed","template":"","meta":{"site-sidebar-layout":"default","site-content-layout":"","ast-site-content-layout":"default","site-content-style":"default","site-sidebar-style":"default","ast-global-header-display":"","ast-banner-title-visibility":"","ast-main-header-display":"","ast-hfb-above-header-display":"","ast-hfb-below-header-display":"","ast-hfb-mobile-header-display":"","site-post-title":"","ast-breadcrumbs-content":"","ast-featured-img":"","footer-sml-layout":"","ast-disable-related-posts":"","theme-transparent-header-meta":"default","adv-header-id-meta":"","stick-header-meta":"default","header-above-stick-meta":"","header-main-stick-meta":"","header-below-stick-meta":"","astra-migrate-meta-layouts":"set","ast-page-background-enabled":"default","ast-page-background-meta":{"desktop":{"background-color":"var(--ast-global-color-4)","background-image":"","background-repeat":"repeat","background-position":"center center","background-size":"auto","background-attachment":"scroll","background-type":"","background-media":"","overlay-type":"","overlay-color":"","overlay-opacity":"","overlay-gradient":""},"tablet":{"background-color":"","background-image":"","background-repeat":"repeat","background-position":"center center","background-size":"auto","background-attachment":"scroll","background-type":"","background-media":"","overlay-type":"","overlay-color":"","overlay-opacity":"","overlay-gradient":""},"mobile":{"background-color":"","background-image":"","background-repeat":"repeat","background-position":"center center","background-size":"auto","background-attachment":"scroll","background-type":"","background-media":"","overlay-type":"","overlay-color":"","overlay-opacity":"","overlay-gradient":""}},"ast-content-background-meta":{"desktop":{"background-color":"var(--ast-global-color-5)","background-image":"","background-repeat":"repeat","background-position":"center center","background-size":"auto","background-attachment":"scroll","background-type":"","background-media":"","overlay-type":"","overlay-color":"","overlay-opacity":"","overlay-gradient":""},"tablet":{"background-color":"var(--ast-global-color-5)","background-image":"","background-repeat":"repeat","background-position":"center center","background-size":"auto","background-attachment":"scroll","background-type":"","background-media":"","overlay-type":"","overlay-color":"","overlay-opacity":"","overlay-gradient":""},"mobile":{"background-color":"var(--ast-global-color-5)","background-image":"","background-repeat":"repeat","background-position":"center center","background-size":"auto","background-attachment":"scroll","background-type":"","background-media":"","overlay-type":"","overlay-color":"","overlay-opacity":"","overlay-gradient":""}},"jetpack_publicize_message":"","jetpack_publicize_feature_enabled":true,"jetpack_social_post_already_shared":true,"jetpack_social_options":{"image_generator_settings":{"template":"highway","default_image_id":0,"font":"","enabled":false},"version":2}},"product_brand":[4011],"product_cat":[3950],"product_tag":[1523],"class_list":{"0":"post-31433","1":"product","2":"type-product","3":"status-publish","4":"has-post-thumbnail","6":"product_brand-getibogaina","7":"product_cat-iboga-raices-en-venta","8":"product_tag-natural","9":"pa_product-state-polvo-de-corteza-de-raiz-de-iboga","10":"pa_product-state-virutas-de-corteza-de-raiz-de-iboga","11":"desktop-align-left","12":"tablet-align-left","13":"mobile-align-left","14":"ast-product-gallery-layout-horizontal-slider","15":"ast-product-single-variable","16":"ast-product-tabs-layout-horizontal","18":"first","19":"outofstock","20":"shipping-taxable","21":"purchasable","22":"product-type-variable","23":"has-default-attributes"},"jetpack_publicize_connections":[],"jetpack_sharing_enabled":true,"_links":{"self":[{"href":"https:\/\/getibogaine.com\/es\/wp-json\/wp\/v2\/product\/31433","targetHints":{"allow":["GET"]}}],"collection":[{"href":"https:\/\/getibogaine.com\/es\/wp-json\/wp\/v2\/product"}],"about":[{"href":"https:\/\/getibogaine.com\/es\/wp-json\/wp\/v2\/types\/product"}],"replies":[{"embeddable":true,"href":"https:\/\/getibogaine.com\/es\/wp-json\/wp\/v2\/comments?post=31433"}],"version-history":[{"count":0,"href":"https:\/\/getibogaine.com\/es\/wp-json\/wp\/v2\/product\/31433\/revisions"}],"wp:featuredmedia":[{"embeddable":true,"href":"https:\/\/getibogaine.com\/es\/wp-json\/wp\/v2\/media\/34477"}],"wp:attachment":[{"href":"https:\/\/getibogaine.com\/es\/wp-json\/wp\/v2\/media?parent=31433"}],"wp:term":[{"taxonomy":"product_brand","embeddable":true,"href":"https:\/\/getibogaine.com\/es\/wp-json\/wp\/v2\/product_brand?post=31433"},{"taxonomy":"product_cat","embeddable":true,"href":"https:\/\/getibogaine.com\/es\/wp-json\/wp\/v2\/product_cat?post=31433"},{"taxonomy":"product_tag","embeddable":true,"href":"https:\/\/getibogaine.com\/es\/wp-json\/wp\/v2\/product_tag?post=31433"}],"curies":[{"name":"wp","href":"https:\/\/api.w.org\/{rel}","templated":true}]}}