{"id":31463,"date":"2022-10-12T08:55:22","date_gmt":"2022-10-12T12:55:22","guid":{"rendered":"http:\/\/getibogaine.com\/?post_type=product&#038;p=10330"},"modified":"2026-03-18T13:52:11","modified_gmt":"2026-03-18T17:52:11","slug":"compra-8-gramos-de-iboga-ta","status":"publish","type":"product","link":"https:\/\/getibogaine.com\/es\/producto\/compra-8-gramos-de-iboga-ta\/","title":{"rendered":"Iboga TA (8 g)"},"content":{"rendered":"<div class=\"row\">\n<div class=\"col-lg-7 col-12\">\n<h2 style=\"text-align: left;\"><strong>Iboga TA 8 gramos<\/strong><\/h2>\n<p>\u00bfSon 8 gramos de Iboga TA lo que necesitas? Est\u00e1s a un paso de conseguirlo.<\/p>\n<p>Es un gran placer presentarte el legendario <strong>Iboga TA 8 gramos<\/strong>. Este es un producto revolucionario que ofrece lo mejor de la naturaleza y la ciencia para ayudarte a experimentar un cambio de espectro completo en tu percepci\u00f3n del mundo.<\/p>\n<p>Este producto se extrae de corteza pura de ra\u00edz de iboga, y el proceso de extracci\u00f3n se supervisa cuidadosamente para eliminar cualquier contaminante o impureza.<\/p>\n<p>Iboga TA ha sido dise\u00f1ado tanto para principiantes como para quienes desean aumentar su dosis. Adem\u00e1s, es una sustancia puramente hol\u00edstica que no tiene ning\u00fan impacto negativo en el cuerpo. Experimentar\u00e1s una serie de efectos psicod\u00e9licos, incluyendo una mayor percepci\u00f3n sensorial, apertura, claridad y alegr\u00eda. Iboga TA viene en una forma amarronada.<\/p>\n<p>Con Iboga TA, puedes disfrutar de los mismos beneficios que se reportan con la iboga\u00edna, pero sin los muchos riesgos asociados a ella.<\/p>\n<\/div>\n<\/div>\n<h3><strong>Toma Iboga TA\u00a0<\/strong><\/h3>\n<ul>\n<li>Una experiencia espiritual que puede transformar positivamente tu vida<\/li>\n<li>est\u00e1 garantizado que te dar\u00e1 un cambio de espectro completo<\/li>\n<li>M\u00e1s confianza en situaciones sociales<\/li>\n<li>Pensamiento creativo y confiar en tu intuici\u00f3n<\/li>\n<li>Una mayor comprensi\u00f3n del universo<\/li>\n<\/ul>\n<p>&nbsp;<\/p>\n<div class=\"row\">\n<div class=\"col-lg-7 col-12\">\n<h3 style=\"text-align: left;\"><strong>Ingredientes de Iboga TA<\/strong><\/h3>\n<p>Nuestro producto Iboga TA es un extracto de alta calidad que contiene un estimado del 45% de iboga\u00edna, y se presenta en trozos o grumos marrones de polvo marr\u00f3n molido.<\/p>\n<ul>\n<li style=\"text-align: left;\"><span style=\"color: #000000;\"><a style=\"color: #000000;\" href=\"http:\/\/getibogaine.com\/iboga-ta-extract\/\">Extracto del alcaloide iboga\u00edna en venta <\/a>es un extracto del alcaloide iboga\u00edna.<\/span><\/li>\n<li style=\"text-align: left;\"><span style=\"color: #000000;\">Extra\u00eddo del polvo de corteza de ra\u00edz de iboga.<\/span><\/li>\n<li style=\"text-align: left;\"><span style=\"color: #000000;\">Compuesto por un estimado del 45% de iboga\u00edna.<\/span><\/li>\n<li style=\"text-align: left;\"><span style=\"color: #000000;\">Se presenta como grumos marrones.<\/span><\/li>\n<\/ul>\n<p>&nbsp;<\/p>\n<p>Compra hoy nuestros productos de alta calidad en nuestra tienda y aprovecha nuestros precios asequibles.<\/p>\n<p><strong>Origen<\/strong>: <em>Compra 8 gramos de Iboga TA de Camer\u00fan<\/em><\/p>\n<\/div>\n<\/div>\n","protected":false},"excerpt":{"rendered":"<p>El env\u00edo expr\u00e9s tiene un tiempo de entrega r\u00e1pido de 3\u20137 d\u00edas.<\/p>\n<p>Producto: Iboga TA<\/p>\n<p>Marca: Get Ibogaine<\/p>\n<p>Peso: 8 gramos<\/p>\n<p>Costo de env\u00edo: calculado al finalizar la compra<\/p>\n<p><em>Tu pedido se enviar\u00e1 dentro de las 24 horas posteriores a que tu compra se complete y llegar\u00e1 dentro de tres a siete d\u00edas h\u00e1biles. Nuestras tarifas de env\u00edo var\u00edan seg\u00fan el peso del paquete.<\/em><\/p>\n","protected":false},"featured_media":34550,"comment_status":"open","ping_status":"closed","template":"","meta":{"site-sidebar-layout":"default","site-content-layout":"","ast-site-content-layout":"default","site-content-style":"default","site-sidebar-style":"default","ast-global-header-display":"","ast-banner-title-visibility":"","ast-main-header-display":"","ast-hfb-above-header-display":"","ast-hfb-below-header-display":"","ast-hfb-mobile-header-display":"","site-post-title":"","ast-breadcrumbs-content":"","ast-featured-img":"","footer-sml-layout":"","ast-disable-related-posts":"","theme-transparent-header-meta":"default","adv-header-id-meta":"","stick-header-meta":"default","header-above-stick-meta":"","header-main-stick-meta":"","header-below-stick-meta":"","astra-migrate-meta-layouts":"set","ast-page-background-enabled":"default","ast-page-background-meta":{"desktop":{"background-color":"var(--ast-global-color-4)","background-image":"","background-repeat":"repeat","background-position":"center center","background-size":"auto","background-attachment":"scroll","background-type":"","background-media":"","overlay-type":"","overlay-color":"","overlay-opacity":"","overlay-gradient":""},"tablet":{"background-color":"","background-image":"","background-repeat":"repeat","background-position":"center center","background-size":"auto","background-attachment":"scroll","background-type":"","background-media":"","overlay-type":"","overlay-color":"","overlay-opacity":"","overlay-gradient":""},"mobile":{"background-color":"","background-image":"","background-repeat":"repeat","background-position":"center center","background-size":"auto","background-attachment":"scroll","background-type":"","background-media":"","overlay-type":"","overlay-color":"","overlay-opacity":"","overlay-gradient":""}},"ast-content-background-meta":{"desktop":{"background-color":"var(--ast-global-color-5)","background-image":"","background-repeat":"repeat","background-position":"center center","background-size":"auto","background-attachment":"scroll","background-type":"","background-media":"","overlay-type":"","overlay-color":"","overlay-opacity":"","overlay-gradient":""},"tablet":{"background-color":"var(--ast-global-color-5)","background-image":"","background-repeat":"repeat","background-position":"center center","background-size":"auto","background-attachment":"scroll","background-type":"","background-media":"","overlay-type":"","overlay-color":"","overlay-opacity":"","overlay-gradient":""},"mobile":{"background-color":"var(--ast-global-color-5)","background-image":"","background-repeat":"repeat","background-position":"center center","background-size":"auto","background-attachment":"scroll","background-type":"","background-media":"","overlay-type":"","overlay-color":"","overlay-opacity":"","overlay-gradient":""}},"jetpack_publicize_message":"","jetpack_publicize_feature_enabled":true,"jetpack_social_post_already_shared":true,"jetpack_social_options":{"image_generator_settings":{"template":"highway","default_image_id":0,"font":"","enabled":false},"version":2}},"product_brand":[4011],"product_cat":[4548],"product_tag":[1550,1523],"class_list":{"0":"post-31463","1":"product","2":"type-product","3":"status-publish","4":"has-post-thumbnail","6":"product_brand-getibogaina","7":"product_cat-iboga-ta","8":"product_tag-iboga-ta","9":"product_tag-natural","10":"desktop-align-left","11":"tablet-align-left","12":"mobile-align-left","13":"ast-product-gallery-layout-horizontal-slider","14":"ast-product-tabs-layout-horizontal","16":"first","17":"instock","18":"shipping-taxable","19":"purchasable","20":"product-type-simple"},"jetpack_publicize_connections":[],"jetpack_sharing_enabled":true,"_links":{"self":[{"href":"https:\/\/getibogaine.com\/es\/wp-json\/wp\/v2\/product\/31463","targetHints":{"allow":["GET"]}}],"collection":[{"href":"https:\/\/getibogaine.com\/es\/wp-json\/wp\/v2\/product"}],"about":[{"href":"https:\/\/getibogaine.com\/es\/wp-json\/wp\/v2\/types\/product"}],"replies":[{"embeddable":true,"href":"https:\/\/getibogaine.com\/es\/wp-json\/wp\/v2\/comments?post=31463"}],"version-history":[{"count":0,"href":"https:\/\/getibogaine.com\/es\/wp-json\/wp\/v2\/product\/31463\/revisions"}],"wp:featuredmedia":[{"embeddable":true,"href":"https:\/\/getibogaine.com\/es\/wp-json\/wp\/v2\/media\/34550"}],"wp:attachment":[{"href":"https:\/\/getibogaine.com\/es\/wp-json\/wp\/v2\/media?parent=31463"}],"wp:term":[{"taxonomy":"product_brand","embeddable":true,"href":"https:\/\/getibogaine.com\/es\/wp-json\/wp\/v2\/product_brand?post=31463"},{"taxonomy":"product_cat","embeddable":true,"href":"https:\/\/getibogaine.com\/es\/wp-json\/wp\/v2\/product_cat?post=31463"},{"taxonomy":"product_tag","embeddable":true,"href":"https:\/\/getibogaine.com\/es\/wp-json\/wp\/v2\/product_tag?post=31463"}],"curies":[{"name":"wp","href":"https:\/\/api.w.org\/{rel}","templated":true}]}}