{"id":31481,"date":"2022-10-13T08:40:21","date_gmt":"2022-10-13T07:40:21","guid":{"rendered":"http:\/\/getibogaine.com\/?post_type=product&#038;p=10337"},"modified":"2026-03-17T11:36:51","modified_gmt":"2026-03-17T15:36:51","slug":"ibogaina-hcl-4-g-a-la-venta","status":"publish","type":"product","link":"https:\/\/getibogaine.com\/es\/producto\/ibogaina-hcl-4-g-a-la-venta\/","title":{"rendered":"Iboga\u00edna HCL (4 g)"},"content":{"rendered":"<div class=\"row\">\n<div class=\"col-lg-7 col-12\">\n<h2 style=\"text-align: left;\"><strong>Iboga\u00edna HCL 4 gramos<\/strong><\/h2>\n<p>Compra Iboga\u00edna HCL 4 g a la venta. Cuando se trata de iboga\u00edna HCL a la venta, nuestra tienda es uno de los principales proveedores de iboga\u00edna HCL de alta calidad en l\u00ednea. No solo somos proveedores l\u00edderes de iboga\u00edna HCL, sino tambi\u00e9n proveedores l\u00edderes de corteza de ra\u00edz de iboga e Iboga TA en l\u00ednea.<\/p>\n<p>Compra Iboga\u00edna HCL 4 g a la venta como una gran opci\u00f3n. Nuestra iboga\u00edna se extrae como un polvo blanco y nuestra iboga\u00edna HCL est\u00e1 compuesta por un 95% de iboga\u00edna. Esto la convierte en uno de los productos m\u00e1s potentes disponibles y, por lo tanto, puede consumirse en cantidades m\u00e1s peque\u00f1as que muchos otros productos similares.<\/p>\n<p>Con nuestra iboga\u00edna HCL, experimentar\u00e1s efectos psicod\u00e9licos como alucinaciones, pero con una sensaci\u00f3n limpia y segura que hace posible obtener nuevas perspectivas del proceso. Puedes tener sensaciones de flotar y volar o visiones de viajar a trav\u00e9s de t\u00faneles a velocidad de v\u00e9rtigo. Es importante recordar que no son solo alucinaciones; tu mente consciente se ralentiza para que puedas procesar recuerdos traum\u00e1ticos con la suficiente rapidez como para que estas im\u00e1genes sean procesadas por tu mente subconsciente. Esto ocurrir\u00e1 en muchas partes de tu vida y te dar\u00e1 la oportunidad de conectar m\u00e1s profundamente contigo mismo.<\/p>\n<h3 style=\"text-align: left;\"><strong>Componentes b\u00e1sicos de nuestra Iboga\u00edna HCL<\/strong><\/h3>\n<ul>\n<li style=\"text-align: left;\">La iboga\u00edna HCL pura se extrajo de Tabernanthe.<\/li>\n<li style=\"text-align: left;\">Compuesta por un 95% de iboga\u00edna.<\/li>\n<li style=\"text-align: left;\">La HCL aparece como un polvo marr\u00f3n en lugar de blanco.<\/li>\n<\/ul>\n<h3 style=\"text-align: left;\"><strong>Beneficios de nuestra Iboga\u00edna HCL<\/strong><\/h3>\n<p>Nuestra iboga\u00edna en venta es iboga\u00edna HCL pura extra\u00edda de Tabernanthe.<br \/>\nAdem\u00e1s, ofrecemos los siguientes beneficios cuando pides este producto:<\/p>\n<ul>\n<li>Un est\u00e1ndar garantizado de contenido de Iboga\u00edna HCL de &gt;95%.<\/li>\n<li>Se elabora en un laboratorio sin el uso de productos qu\u00edmicos ni disolventes, como acetona o \u00e9ter.<\/li>\n<li>Desde 2017 hemos estado refinando de forma experta nuestras extracciones de Iboga y estamos dedicados a producir extractos de la m\u00e1s alta calidad destinados a fines m\u00e9dicos.<\/li>\n<li>La Iboga\u00edna HCL puede sacar por completo a una persona del estado f\u00edsico y psicol\u00f3gico de adicci\u00f3n durante un per\u00edodo que va de una semana a 12 meses.<\/li>\n<li>La Iboga\u00edna HCL tiene un efecto que a menudo se compara con una curaci\u00f3n por intervenci\u00f3n divina. Quienes han experimentado este f\u00e1rmaco milagroso lo saben.<\/li>\n<li>Otro beneficio importante de la Iboga\u00edna HCL son sus remedios naturales contra dolencias espec\u00edficas. Se considera que este f\u00e1rmaco es beneficioso para la depresi\u00f3n y la adicci\u00f3n a los opioides.<\/li>\n<\/ul>\n<h3 style=\"text-align: left;\"><strong>\u00bfPor qu\u00e9 comprarnos a nosotros?<\/strong><\/h3>\n<p>A diferencia de otros vendedores, solo vendemos productos de Iboga. Esto se debe a nuestro compromiso de ofrecer la forma m\u00e1s pura de Iboga\u00edna HCL a un precio asequible. Notar\u00e1s que algunos vendedores tienen una gran selecci\u00f3n de productos. Sin embargo, los clientes tambi\u00e9n pueden sentirse abrumados.<\/p>\n<p><strong>Origen<\/strong>: Compra Iboga\u00edna HCL 4g en venta desde Camer\u00fan<\/p>\n<\/div>\n<\/div>\n","protected":false},"excerpt":{"rendered":"<p>El env\u00edo expr\u00e9s tiene un plazo de entrega r\u00e1pido de 3 a 7 d\u00edas.<\/p>\n<p>Producto: Iboga\u00edna HCL<\/p>\n<p>Marca: Get Ibogaine<\/p>\n<p>Peso: 4 gramos<\/p>\n<p>Costo de env\u00edo: Calculado al finalizar la compra<\/p>\n<h5>\u00bfPor qu\u00e9 comprar Iboga\u00edna HCL con nosotros?<\/h5>\n<ul>\n<li>Un est\u00e1ndar garantizado de contenido de iboga\u00edna HCL &gt;95%.<\/li>\n<li>Se fabrica en un laboratorio sin el uso de productos qu\u00edmicos ni disolventes, como acetona o \u00e9ter.<\/li>\n<li>Llevamos refinando de forma experta nuestras extracciones de Iboga desde 2017 y estamos dedicados a producir extractos de la m\u00e1s alta calidad destinados a fines m\u00e9dicos y de investigaci\u00f3n.<\/li>\n<li>Nuestro env\u00edo expr\u00e9s es r\u00e1pido, de tres a siete d\u00edas en todo el mundo.<\/li>\n<li>La iboga\u00edna HCL tiene la capacidad de sacar por completo a una persona del estado f\u00edsico y psicol\u00f3gico de adicci\u00f3n durante un per\u00edodo que va de una semana a 12 meses.<\/li>\n<li>La iboga\u00edna HCL tiene un efecto que a menudo se compara con una sanaci\u00f3n por intervenci\u00f3n divina.<\/li>\n<li>Quienes han experimentado este f\u00e1rmaco maravilloso lo saben. Otro beneficio importante de la iboga\u00edna HCL son sus remedios naturales contra dolencias espec\u00edficas.<\/li>\n<li>Este f\u00e1rmaco se considera beneficioso para la depresi\u00f3n y los opi\u00e1ceos.<\/li>\n<\/ul>\n<p><em>Tu pedido se enviar\u00e1 dentro de las 24 horas posteriores a completar tu compra y llegar\u00e1 en un plazo de tres a siete d\u00edas h\u00e1biles. Nuestras tarifas de env\u00edo var\u00edan seg\u00fan el peso del paquete.<\/em><\/p>\n","protected":false},"featured_media":34587,"comment_status":"open","ping_status":"closed","template":"","meta":{"site-sidebar-layout":"default","site-content-layout":"","ast-site-content-layout":"default","site-content-style":"default","site-sidebar-style":"default","ast-global-header-display":"","ast-banner-title-visibility":"","ast-main-header-display":"","ast-hfb-above-header-display":"","ast-hfb-below-header-display":"","ast-hfb-mobile-header-display":"","site-post-title":"","ast-breadcrumbs-content":"","ast-featured-img":"","footer-sml-layout":"","ast-disable-related-posts":"","theme-transparent-header-meta":"default","adv-header-id-meta":"","stick-header-meta":"default","header-above-stick-meta":"","header-main-stick-meta":"","header-below-stick-meta":"","astra-migrate-meta-layouts":"set","ast-page-background-enabled":"default","ast-page-background-meta":{"desktop":{"background-color":"var(--ast-global-color-4)","background-image":"","background-repeat":"repeat","background-position":"center center","background-size":"auto","background-attachment":"scroll","background-type":"","background-media":"","overlay-type":"","overlay-color":"","overlay-opacity":"","overlay-gradient":""},"tablet":{"background-color":"","background-image":"","background-repeat":"repeat","background-position":"center center","background-size":"auto","background-attachment":"scroll","background-type":"","background-media":"","overlay-type":"","overlay-color":"","overlay-opacity":"","overlay-gradient":""},"mobile":{"background-color":"","background-image":"","background-repeat":"repeat","background-position":"center center","background-size":"auto","background-attachment":"scroll","background-type":"","background-media":"","overlay-type":"","overlay-color":"","overlay-opacity":"","overlay-gradient":""}},"ast-content-background-meta":{"desktop":{"background-color":"var(--ast-global-color-5)","background-image":"","background-repeat":"repeat","background-position":"center center","background-size":"auto","background-attachment":"scroll","background-type":"","background-media":"","overlay-type":"","overlay-color":"","overlay-opacity":"","overlay-gradient":""},"tablet":{"background-color":"var(--ast-global-color-5)","background-image":"","background-repeat":"repeat","background-position":"center center","background-size":"auto","background-attachment":"scroll","background-type":"","background-media":"","overlay-type":"","overlay-color":"","overlay-opacity":"","overlay-gradient":""},"mobile":{"background-color":"var(--ast-global-color-5)","background-image":"","background-repeat":"repeat","background-position":"center center","background-size":"auto","background-attachment":"scroll","background-type":"","background-media":"","overlay-type":"","overlay-color":"","overlay-opacity":"","overlay-gradient":""}},"jetpack_publicize_message":"","jetpack_publicize_feature_enabled":true,"jetpack_social_post_already_shared":true,"jetpack_social_options":{"image_generator_settings":{"template":"highway","default_image_id":0,"font":"","enabled":false},"version":2}},"product_brand":[4011],"product_cat":[4556],"product_tag":[1541,1523],"class_list":{"0":"post-31481","1":"product","2":"type-product","3":"status-publish","4":"has-post-thumbnail","6":"product_brand-getibogaina","7":"product_cat-comprar-ibogaina-hcl","8":"product_tag-clorhidrato-de-ibogaina","9":"product_tag-natural","10":"desktop-align-left","11":"tablet-align-left","12":"mobile-align-left","13":"ast-product-gallery-layout-horizontal-slider","14":"ast-product-tabs-layout-horizontal","16":"first","17":"instock","18":"shipping-taxable","19":"purchasable","20":"product-type-simple"},"jetpack_publicize_connections":[],"jetpack_sharing_enabled":true,"_links":{"self":[{"href":"https:\/\/getibogaine.com\/es\/wp-json\/wp\/v2\/product\/31481","targetHints":{"allow":["GET"]}}],"collection":[{"href":"https:\/\/getibogaine.com\/es\/wp-json\/wp\/v2\/product"}],"about":[{"href":"https:\/\/getibogaine.com\/es\/wp-json\/wp\/v2\/types\/product"}],"replies":[{"embeddable":true,"href":"https:\/\/getibogaine.com\/es\/wp-json\/wp\/v2\/comments?post=31481"}],"version-history":[{"count":0,"href":"https:\/\/getibogaine.com\/es\/wp-json\/wp\/v2\/product\/31481\/revisions"}],"wp:featuredmedia":[{"embeddable":true,"href":"https:\/\/getibogaine.com\/es\/wp-json\/wp\/v2\/media\/34587"}],"wp:attachment":[{"href":"https:\/\/getibogaine.com\/es\/wp-json\/wp\/v2\/media?parent=31481"}],"wp:term":[{"taxonomy":"product_brand","embeddable":true,"href":"https:\/\/getibogaine.com\/es\/wp-json\/wp\/v2\/product_brand?post=31481"},{"taxonomy":"product_cat","embeddable":true,"href":"https:\/\/getibogaine.com\/es\/wp-json\/wp\/v2\/product_cat?post=31481"},{"taxonomy":"product_tag","embeddable":true,"href":"https:\/\/getibogaine.com\/es\/wp-json\/wp\/v2\/product_tag?post=31481"}],"curies":[{"name":"wp","href":"https:\/\/api.w.org\/{rel}","templated":true}]}}