{"id":31499,"date":"2022-10-13T09:18:56","date_gmt":"2022-10-13T08:18:56","guid":{"rendered":"http:\/\/getibogaine.com\/?post_type=product&#038;p=10341"},"modified":"2026-03-17T11:30:46","modified_gmt":"2026-03-17T15:30:46","slug":"ibogaine-hcl-comprar-a-un-precio-muy-asequible","status":"publish","type":"product","link":"https:\/\/getibogaine.com\/es\/producto\/ibogaine-hcl-comprar-a-un-precio-muy-asequible\/","title":{"rendered":"Iboga\u00edna HCL (1 g)"},"content":{"rendered":"<div class=\"row\">\n<div class=\"col-lg-7 col-12\">\n<h2 style=\"text-align: left;\"><strong>Iboga\u00edna HCL 1 gramo<\/strong><\/h2>\n<p>La iboga\u00edna HCL es muy asequible. Obt\u00e9n iboga\u00edna HCL de alta calidad para un tratamiento eficaz sin gastar una fortuna.<\/p>\n<p>En cuanto a la iboga\u00edna HCL en venta, nuestra tienda es uno de los <a href=\"http:\/\/getibogaine.com\/\">principales proveedores de corteza de ra\u00edz de iboga de alta calidad en l\u00ednea.<\/a><\/p>\n<p>Si quieres comprar iboga\u00edna HCL, esta es una gran opci\u00f3n. Nuestra <a title=\"ibogaine\" href=\"http:\/\/getibogaine.com\/tag\/ibogaine\/\" data-wpil-monitor-id=\"92\">iboga\u00edna<\/a> se extrae como un polvo blanco, y nuestra iboga\u00edna HCL contiene un 95% de iboga\u00edna. Esto la convierte en uno de los productos m\u00e1s potentes disponibles y, por lo tanto, puede consumirse en cantidades menores que muchos otros productos similares.<\/p>\n<p>Con nuestra iboga\u00edna HCL, experimentar\u00e1s efectos <a title=\"Psychedelics\" href=\"http:\/\/getibogaine.com\/tag\/psychedelics\/\" data-wpil-monitor-id=\"93\">psicod\u00e9licos<\/a> como alucinaciones, pero con una sensaci\u00f3n limpia y segura que hace posible obtener nuevos insights del proceso. Puedes tener sensaciones de flotar y volar o visiones de viajar por t\u00faneles a velocidad de v\u00e9rtigo. Es importante recordar que no son solo alucinaciones; tu mente consciente se est\u00e1 ralentizando para que puedas procesar recuerdos traum\u00e1ticos con la suficiente rapidez como para que estas im\u00e1genes sean procesadas por tu mente subconsciente. Esto ocurrir\u00e1 en muchas \u00e1reas de tu vida y te permitir\u00e1 conectar m\u00e1s profundamente contigo mismo.<\/p>\n<h3 style=\"text-align: left;\"><strong>Componentes esenciales de nuestra iboga\u00edna HCL<\/strong><\/h3>\n<ul>\n<li style=\"text-align: left;\">Se extrajo iboga\u00edna HCL pura de Tabernanthe.<\/li>\n<li style=\"text-align: left;\">Compuesta por un 95% de <a title=\"ibogaine.\" href=\"http:\/\/getibogaine.com\/tag\/ibogaine-2\/\" data-wpil-monitor-id=\"94\">ibogaine<\/a>.<\/li>\n<li style=\"text-align: left;\">La HCL se presenta como un polvo marr\u00f3n en lugar de blanco.<\/li>\n<\/ul>\n<h3 style=\"text-align: left;\"><strong>Beneficios de nuestra Iboga\u00edna HCL<\/strong><\/h3>\n<p>Nuestra iboga\u00edna en venta es iboga\u00edna HCL pura extra\u00edda de Tabernanthe.<br \/>\nAdem\u00e1s, ofrecemos los siguientes beneficios cuando pides este producto:<\/p>\n<ul>\n<li>Un est\u00e1ndar garantizado de contenido de iboga\u00edna HCL superior al 95%.<\/li>\n<li>Se elabora en un laboratorio sin qu\u00edmicos ni disolventes como acetona o \u00e9ter.<\/li>\n<li>Desde 2017 hemos estado refinando de forma experta nuestras extracciones de <a title=\"Secret Bwiti Religion &amp; Healing with Iboga Plant\" href=\"http:\/\/getibogaine.com\/bwiti-religion-and-healing-practices-with-iboga\/\" data-wpil-monitor-id=\"95\">Iboga<\/a> y estamos dedicados a producir extractos de la m\u00e1s alta calidad destinados a fines m\u00e9dicos.<\/li>\n<li>La iboga\u00edna HCL puede, en conjunto, sacar a una persona del estado f\u00edsico y psicol\u00f3gico de adicci\u00f3n durante un per\u00edodo que va de <strong>una semana a 12 meses.<\/strong><\/li>\n<li>La iboga\u00edna HCL tiene un efecto que a menudo se compara con una sanaci\u00f3n por intervenci\u00f3n divina. Quienes han experimentado esta <a title=\"drugs\" href=\"http:\/\/getibogaine.com\/tag\/drugs\/\" data-wpil-monitor-id=\"96\">droga<\/a> lo saben.<\/li>\n<li>Otro beneficio importante de la iboga\u00edna HCL son sus remedios naturales contra ciertas dolencias. Se considera que esta droga es beneficiosa para la <a title=\"Rehab: Can it Help You Overcome Depression?\" href=\"http:\/\/getibogaine.com\/is-there-rehab-for-depression\/\" data-wpil-monitor-id=\"97\">depresi\u00f3n<\/a> y los opi\u00e1ceos.<\/li>\n<\/ul>\n<h3 style=\"text-align: left;\"><strong>\u00bfPor qu\u00e9 comprar con nosotros?<\/strong><\/h3>\n<p>A diferencia de otros proveedores, solo vendemos productos de <a title=\"iboga\" href=\"http:\/\/getibogaine.com\/product-tag\/iboga\/\" data-wpil-monitor-id=\"98\">Iboga<\/a>. Esto se debe a nuestro compromiso de ofrecer la forma m\u00e1s pura de Iboga\u00edna HCL a un precio asequible. Notar\u00e1s que algunos proveedores tienen una gran selecci\u00f3n de productos. Sin embargo, los clientes tambi\u00e9n pueden sentirse abrumados.<\/p>\n<p><strong>Origen<\/strong>: Camer\u00fan<\/p>\n<\/div>\n<\/div>\n","protected":false},"excerpt":{"rendered":"<p>El env\u00edo expr\u00e9s tiene un plazo de entrega r\u00e1pido de 3 a 7 d\u00edas.<\/p>\n<p>Producto: Iboga\u00edna HCL<\/p>\n<p>Marca: Get Ibogaine<\/p>\n<p>Peso: 1 gramo<\/p>\n<p>Costo de env\u00edo: Calculado al finalizar la compra<\/p>\n<p>Tu pedido se enviar\u00e1 dentro de las 24 horas posteriores a tu compra y llegar\u00e1 en un plazo de tres a siete d\u00edas h\u00e1biles. Nuestras tarifas de env\u00edo var\u00edan seg\u00fan el peso del paquete.<\/p>\n","protected":false},"featured_media":34625,"comment_status":"open","ping_status":"closed","template":"","meta":{"site-sidebar-layout":"default","site-content-layout":"","ast-site-content-layout":"default","site-content-style":"default","site-sidebar-style":"default","ast-global-header-display":"","ast-banner-title-visibility":"","ast-main-header-display":"","ast-hfb-above-header-display":"","ast-hfb-below-header-display":"","ast-hfb-mobile-header-display":"","site-post-title":"","ast-breadcrumbs-content":"","ast-featured-img":"","footer-sml-layout":"","ast-disable-related-posts":"","theme-transparent-header-meta":"default","adv-header-id-meta":"","stick-header-meta":"default","header-above-stick-meta":"","header-main-stick-meta":"","header-below-stick-meta":"","astra-migrate-meta-layouts":"set","ast-page-background-enabled":"default","ast-page-background-meta":{"desktop":{"background-color":"var(--ast-global-color-4)","background-image":"","background-repeat":"repeat","background-position":"center center","background-size":"auto","background-attachment":"scroll","background-type":"","background-media":"","overlay-type":"","overlay-color":"","overlay-opacity":"","overlay-gradient":""},"tablet":{"background-color":"","background-image":"","background-repeat":"repeat","background-position":"center center","background-size":"auto","background-attachment":"scroll","background-type":"","background-media":"","overlay-type":"","overlay-color":"","overlay-opacity":"","overlay-gradient":""},"mobile":{"background-color":"","background-image":"","background-repeat":"repeat","background-position":"center center","background-size":"auto","background-attachment":"scroll","background-type":"","background-media":"","overlay-type":"","overlay-color":"","overlay-opacity":"","overlay-gradient":""}},"ast-content-background-meta":{"desktop":{"background-color":"var(--ast-global-color-5)","background-image":"","background-repeat":"repeat","background-position":"center center","background-size":"auto","background-attachment":"scroll","background-type":"","background-media":"","overlay-type":"","overlay-color":"","overlay-opacity":"","overlay-gradient":""},"tablet":{"background-color":"var(--ast-global-color-5)","background-image":"","background-repeat":"repeat","background-position":"center center","background-size":"auto","background-attachment":"scroll","background-type":"","background-media":"","overlay-type":"","overlay-color":"","overlay-opacity":"","overlay-gradient":""},"mobile":{"background-color":"var(--ast-global-color-5)","background-image":"","background-repeat":"repeat","background-position":"center center","background-size":"auto","background-attachment":"scroll","background-type":"","background-media":"","overlay-type":"","overlay-color":"","overlay-opacity":"","overlay-gradient":""}},"jetpack_publicize_message":"","jetpack_publicize_feature_enabled":true,"jetpack_social_post_already_shared":true,"jetpack_social_options":{"image_generator_settings":{"template":"highway","default_image_id":0,"font":"","enabled":false},"version":2}},"product_brand":[4011],"product_cat":[4556],"product_tag":[1541,1523],"class_list":{"0":"post-31499","1":"product","2":"type-product","3":"status-publish","4":"has-post-thumbnail","6":"product_brand-getibogaina","7":"product_cat-comprar-ibogaina-hcl","8":"product_tag-clorhidrato-de-ibogaina","9":"product_tag-natural","10":"desktop-align-left","11":"tablet-align-left","12":"mobile-align-left","13":"ast-product-gallery-layout-horizontal-slider","14":"ast-product-tabs-layout-horizontal","16":"first","17":"instock","18":"shipping-taxable","19":"purchasable","20":"product-type-simple"},"jetpack_publicize_connections":[],"jetpack_sharing_enabled":true,"_links":{"self":[{"href":"https:\/\/getibogaine.com\/es\/wp-json\/wp\/v2\/product\/31499","targetHints":{"allow":["GET"]}}],"collection":[{"href":"https:\/\/getibogaine.com\/es\/wp-json\/wp\/v2\/product"}],"about":[{"href":"https:\/\/getibogaine.com\/es\/wp-json\/wp\/v2\/types\/product"}],"replies":[{"embeddable":true,"href":"https:\/\/getibogaine.com\/es\/wp-json\/wp\/v2\/comments?post=31499"}],"version-history":[{"count":0,"href":"https:\/\/getibogaine.com\/es\/wp-json\/wp\/v2\/product\/31499\/revisions"}],"wp:featuredmedia":[{"embeddable":true,"href":"https:\/\/getibogaine.com\/es\/wp-json\/wp\/v2\/media\/34625"}],"wp:attachment":[{"href":"https:\/\/getibogaine.com\/es\/wp-json\/wp\/v2\/media?parent=31499"}],"wp:term":[{"taxonomy":"product_brand","embeddable":true,"href":"https:\/\/getibogaine.com\/es\/wp-json\/wp\/v2\/product_brand?post=31499"},{"taxonomy":"product_cat","embeddable":true,"href":"https:\/\/getibogaine.com\/es\/wp-json\/wp\/v2\/product_cat?post=31499"},{"taxonomy":"product_tag","embeddable":true,"href":"https:\/\/getibogaine.com\/es\/wp-json\/wp\/v2\/product_tag?post=31499"}],"curies":[{"name":"wp","href":"https:\/\/api.w.org\/{rel}","templated":true}]}}