{"id":31517,"date":"2022-10-18T12:23:29","date_gmt":"2022-10-18T16:23:29","guid":{"rendered":"http:\/\/getibogaine.com\/?post_type=product&#038;p=10907"},"modified":"2026-03-09T05:38:25","modified_gmt":"2026-03-09T09:38:25","slug":"semillas-de-iboga-a-la-venta","status":"publish","type":"product","link":"https:\/\/getibogaine.com\/es\/producto\/semillas-de-iboga-a-la-venta\/","title":{"rendered":"Semillas de iboga de m\u00e1xima calidad"},"content":{"rendered":"<div class=\"row\">\n<div class=\"col-lg-7 col-12\">\n<h2 style=\"text-align: left;\"><strong>Las semillas de iboga est\u00e1n a la venta.<\/strong><\/h2>\n<p><iframe title=\"Reproductor de video de YouTube\" src=\"https:\/\/www.youtube.com\/embed\/mrVr6IpjWoY?si=BcEUYr2m0tNODoRN\" width=\"560\" height=\"315\" frameborder=\"0\" allowfullscreen=\"allowfullscreen\"><\/iframe><br \/>\nConsigue semillas de iboga frescas y de alta calidad a la venta. La iboga es un potente alucin\u00f3geno y droga psicod\u00e9lica que se ha usado por sus propiedades medicinales durante siglos. Garantizamos semillas de iboga frescas y de alta calidad, y entre un 10 y un 15% m\u00e1s de semillas que la mayor\u00eda de los dem\u00e1s vendedores.<\/p>\n<h3><strong>\u00bfQu\u00e9 son las semillas de iboga?<\/strong><\/h3>\n<p>Tambi\u00e9n conocida como <em>\u00abla droga milagrosa\u00bb<\/em>, la iboga es un alucin\u00f3geno derivado de las ra\u00edces de un \u00e1rbol que crece en \u00c1frica Central. Otros nombres que recibe la planta incluyen Rap\u00e9 del bosquimano y Peque\u00f1a muerte. Los europeos coloniales popularizaron la costumbre de ingerir iboga.<\/p>\n<p>Cultivada en un suelo rico y f\u00e9rtil, la <a href=\"http:\/\/getibogaine.com\/product\/iboga-root-barks-1kg\/\">iboga<\/a> es un arbusto peque\u00f1o que se convierte en un \u00e1rbol peque\u00f1o cuando recibe abundante sol. Siempre ofrecemos a nuestros clientes la selecci\u00f3n m\u00e1s amplia y el env\u00edo m\u00e1s r\u00e1pido de semillas de iboga en cualquier parte del mundo. \u00a1Nuestras semillas seleccionadas a mano representan la m\u00e1s alta calidad disponible a cualquier precio!<\/p>\n<p><strong>Origen<\/strong>: Semillas de iboga a la venta de Camer\u00fan<\/p>\n<\/div>\n<\/div>\n","protected":false},"excerpt":{"rendered":"<p>El env\u00edo expr\u00e9s tiene un tiempo de entrega r\u00e1pido de 3\u20137 d\u00edas.<\/p>\n<p>Producto: Semillas de Iboga<\/p>\n<p>Marca: Get Ibogaine<\/p>\n<p>Cantidad: Hay 30 semillas disponibles<\/p>\n<p>Costo de env\u00edo: Calculado al finalizar la compra<\/p>\n<ul>\n<li>Solo vendemos semillas de Iboga de m\u00e1xima calidad y confiables. Nuestro amable equipo de atenci\u00f3n al cliente est\u00e1 disponible 7 d\u00edas a la semana. Con algunos de los mejores precios y una amplia selecci\u00f3n de productos, \u00a1tu satisfacci\u00f3n est\u00e1 garantizada!<\/li>\n<\/ul>\n<p><em>Tu pedido se enviar\u00e1 dentro de las 24 horas posteriores a tu compra y llegar\u00e1 en un plazo de tres a siete d\u00edas h\u00e1biles. Excepto en d\u00edas festivos y fines de semana, enviamos de lunes a viernes. Nuestras tarifas de env\u00edo var\u00edan seg\u00fan el peso del paquete.<\/em><\/p>\n","protected":false},"featured_media":34711,"comment_status":"open","ping_status":"closed","template":"","meta":{"site-sidebar-layout":"default","site-content-layout":"","ast-site-content-layout":"default","site-content-style":"default","site-sidebar-style":"default","ast-global-header-display":"","ast-banner-title-visibility":"","ast-main-header-display":"","ast-hfb-above-header-display":"","ast-hfb-below-header-display":"","ast-hfb-mobile-header-display":"","site-post-title":"","ast-breadcrumbs-content":"","ast-featured-img":"","footer-sml-layout":"","ast-disable-related-posts":"","theme-transparent-header-meta":"default","adv-header-id-meta":"","stick-header-meta":"default","header-above-stick-meta":"","header-main-stick-meta":"","header-below-stick-meta":"","astra-migrate-meta-layouts":"set","ast-page-background-enabled":"default","ast-page-background-meta":{"desktop":{"background-color":"var(--ast-global-color-4)","background-image":"","background-repeat":"repeat","background-position":"center center","background-size":"auto","background-attachment":"scroll","background-type":"","background-media":"","overlay-type":"","overlay-color":"","overlay-opacity":"","overlay-gradient":""},"tablet":{"background-color":"","background-image":"","background-repeat":"repeat","background-position":"center center","background-size":"auto","background-attachment":"scroll","background-type":"","background-media":"","overlay-type":"","overlay-color":"","overlay-opacity":"","overlay-gradient":""},"mobile":{"background-color":"","background-image":"","background-repeat":"repeat","background-position":"center center","background-size":"auto","background-attachment":"scroll","background-type":"","background-media":"","overlay-type":"","overlay-color":"","overlay-opacity":"","overlay-gradient":""}},"ast-content-background-meta":{"desktop":{"background-color":"var(--ast-global-color-5)","background-image":"","background-repeat":"repeat","background-position":"center center","background-size":"auto","background-attachment":"scroll","background-type":"","background-media":"","overlay-type":"","overlay-color":"","overlay-opacity":"","overlay-gradient":""},"tablet":{"background-color":"var(--ast-global-color-5)","background-image":"","background-repeat":"repeat","background-position":"center center","background-size":"auto","background-attachment":"scroll","background-type":"","background-media":"","overlay-type":"","overlay-color":"","overlay-opacity":"","overlay-gradient":""},"mobile":{"background-color":"var(--ast-global-color-5)","background-image":"","background-repeat":"repeat","background-position":"center center","background-size":"auto","background-attachment":"scroll","background-type":"","background-media":"","overlay-type":"","overlay-color":"","overlay-opacity":"","overlay-gradient":""}},"jetpack_publicize_message":"","jetpack_publicize_feature_enabled":true,"jetpack_social_post_already_shared":true,"jetpack_social_options":{"image_generator_settings":{"template":"highway","default_image_id":0,"font":"","enabled":false},"version":2}},"product_brand":[4011],"product_cat":[4540],"product_tag":[1523,1577],"class_list":{"0":"post-31517","1":"product","2":"type-product","3":"status-publish","4":"has-post-thumbnail","6":"product_brand-getibogaina","7":"product_cat-uncategorized-es","8":"product_tag-natural","9":"product_tag-semillas-de-iboga","10":"desktop-align-left","11":"tablet-align-left","12":"mobile-align-left","13":"ast-product-gallery-layout-horizontal-slider","14":"ast-product-single-variable","15":"ast-product-tabs-layout-horizontal","17":"first","18":"instock","19":"shipping-taxable","20":"purchasable","21":"product-type-variable","22":"has-default-attributes"},"jetpack_publicize_connections":[],"jetpack_sharing_enabled":true,"_links":{"self":[{"href":"https:\/\/getibogaine.com\/es\/wp-json\/wp\/v2\/product\/31517","targetHints":{"allow":["GET"]}}],"collection":[{"href":"https:\/\/getibogaine.com\/es\/wp-json\/wp\/v2\/product"}],"about":[{"href":"https:\/\/getibogaine.com\/es\/wp-json\/wp\/v2\/types\/product"}],"replies":[{"embeddable":true,"href":"https:\/\/getibogaine.com\/es\/wp-json\/wp\/v2\/comments?post=31517"}],"version-history":[{"count":0,"href":"https:\/\/getibogaine.com\/es\/wp-json\/wp\/v2\/product\/31517\/revisions"}],"wp:featuredmedia":[{"embeddable":true,"href":"https:\/\/getibogaine.com\/es\/wp-json\/wp\/v2\/media\/34711"}],"wp:attachment":[{"href":"https:\/\/getibogaine.com\/es\/wp-json\/wp\/v2\/media?parent=31517"}],"wp:term":[{"taxonomy":"product_brand","embeddable":true,"href":"https:\/\/getibogaine.com\/es\/wp-json\/wp\/v2\/product_brand?post=31517"},{"taxonomy":"product_cat","embeddable":true,"href":"https:\/\/getibogaine.com\/es\/wp-json\/wp\/v2\/product_cat?post=31517"},{"taxonomy":"product_tag","embeddable":true,"href":"https:\/\/getibogaine.com\/es\/wp-json\/wp\/v2\/product_tag?post=31517"}],"curies":[{"name":"wp","href":"https:\/\/api.w.org\/{rel}","templated":true}]}}