{"id":31523,"date":"2022-10-20T04:40:40","date_gmt":"2022-10-20T08:40:40","guid":{"rendered":"http:\/\/getibogaine.com\/?post_type=product&#038;p=11054"},"modified":"2026-03-09T05:53:48","modified_gmt":"2026-03-09T09:53:48","slug":"compra-voacanga-de-calidad-a-la-venta","status":"publish","type":"product","link":"https:\/\/getibogaine.com\/es\/producto\/compra-voacanga-de-calidad-a-la-venta\/","title":{"rendered":"Voacanga"},"content":{"rendered":"<div class=\"row\">\n<div class=\"col-lg-7 col-12\">\n<h2 style=\"text-align: left;\">Compra Voacanga de calidad a la venta<\/h2>\n<p data-pm-slice=\"1 1 []\">Compra Voacanga de calidad. Este peque\u00f1o \u00e1rbol, conocido como Voacanga Africana, es originario de los suelos exuberantes y h\u00famedos de los bosques tropicales y subtropicales de \u00c1frica Occidental. Al principio, la gente podr\u00eda confundirlo con una simple planta ornamental de jard\u00edn. La Voacanga Africana alcanza una altura m\u00e1xima de 6 metros. Sus hojas est\u00e1n formadas por \u00f3valos largos y exuberantes; seg\u00fan el ejemplar, sus flores se asemejan a diminutos copos de nieve y son blancas o amarillas.<\/p>\n<p>Los frutos de la Voacanga Africana son enormes vainas moteadas que se abren en dos cuando maduran. Despu\u00e9s, los animales consumen la pulpa amarilla, lo que en \u00faltima instancia ayuda a la especie vegetal a dispersar sus semillas. La <a href=\"https:\/\/getibogaine.com\/buy-voacanga-africana\/\">Voacanga Africana<\/a> se conoce desde su descubrimiento en 1894 y, hasta la Segunda Guerra Mundial, se consideraba poco m\u00e1s que un arbusto tropical bajo.<\/p>\n<p><strong>Origen<\/strong>: Camer\u00fan<\/p>\n<\/div>\n<\/div>\n","protected":false},"excerpt":{"rendered":"<p>El env\u00edo expr\u00e9s tiene un tiempo de entrega r\u00e1pido de 3\u20137 d\u00edas.<\/p>\n<p>Producto: Voacanga<\/p>\n<p>Marca: Get Ibogaine<\/p>\n<p>Cantidad: $150\/kilogramo<\/p>\n<p>Costo de env\u00edo: Calculado al finalizar la compra.<\/p>\n","protected":false},"featured_media":34777,"comment_status":"open","ping_status":"closed","template":"","meta":{"site-sidebar-layout":"default","site-content-layout":"","ast-site-content-layout":"default","site-content-style":"default","site-sidebar-style":"default","ast-global-header-display":"","ast-banner-title-visibility":"","ast-main-header-display":"","ast-hfb-above-header-display":"","ast-hfb-below-header-display":"","ast-hfb-mobile-header-display":"","site-post-title":"","ast-breadcrumbs-content":"","ast-featured-img":"","footer-sml-layout":"","ast-disable-related-posts":"","theme-transparent-header-meta":"default","adv-header-id-meta":"","stick-header-meta":"default","header-above-stick-meta":"","header-main-stick-meta":"","header-below-stick-meta":"","astra-migrate-meta-layouts":"set","ast-page-background-enabled":"default","ast-page-background-meta":{"desktop":{"background-color":"var(--ast-global-color-4)","background-image":"","background-repeat":"repeat","background-position":"center center","background-size":"auto","background-attachment":"scroll","background-type":"","background-media":"","overlay-type":"","overlay-color":"","overlay-opacity":"","overlay-gradient":""},"tablet":{"background-color":"","background-image":"","background-repeat":"repeat","background-position":"center center","background-size":"auto","background-attachment":"scroll","background-type":"","background-media":"","overlay-type":"","overlay-color":"","overlay-opacity":"","overlay-gradient":""},"mobile":{"background-color":"","background-image":"","background-repeat":"repeat","background-position":"center center","background-size":"auto","background-attachment":"scroll","background-type":"","background-media":"","overlay-type":"","overlay-color":"","overlay-opacity":"","overlay-gradient":""}},"ast-content-background-meta":{"desktop":{"background-color":"var(--ast-global-color-5)","background-image":"","background-repeat":"repeat","background-position":"center center","background-size":"auto","background-attachment":"scroll","background-type":"","background-media":"","overlay-type":"","overlay-color":"","overlay-opacity":"","overlay-gradient":""},"tablet":{"background-color":"var(--ast-global-color-5)","background-image":"","background-repeat":"repeat","background-position":"center center","background-size":"auto","background-attachment":"scroll","background-type":"","background-media":"","overlay-type":"","overlay-color":"","overlay-opacity":"","overlay-gradient":""},"mobile":{"background-color":"var(--ast-global-color-5)","background-image":"","background-repeat":"repeat","background-position":"center center","background-size":"auto","background-attachment":"scroll","background-type":"","background-media":"","overlay-type":"","overlay-color":"","overlay-opacity":"","overlay-gradient":""}},"jetpack_publicize_message":"","jetpack_publicize_feature_enabled":true,"jetpack_social_post_already_shared":true,"jetpack_social_options":{"image_generator_settings":{"template":"highway","default_image_id":0,"font":"","enabled":false},"version":2}},"product_brand":[4011],"product_cat":[4570],"product_tag":[1586],"class_list":{"0":"post-31523","1":"product","2":"type-product","3":"status-publish","4":"has-post-thumbnail","6":"product_brand-getibogaina","7":"product_cat-vocalico","8":"product_tag-voacanga-en-venta","9":"desktop-align-left","10":"tablet-align-left","11":"mobile-align-left","12":"ast-product-gallery-layout-horizontal-slider","13":"ast-product-single-variable","14":"ast-product-tabs-layout-horizontal","16":"first","17":"instock","18":"shipping-taxable","19":"purchasable","20":"product-type-variable"},"jetpack_publicize_connections":[],"jetpack_sharing_enabled":true,"_links":{"self":[{"href":"https:\/\/getibogaine.com\/es\/wp-json\/wp\/v2\/product\/31523","targetHints":{"allow":["GET"]}}],"collection":[{"href":"https:\/\/getibogaine.com\/es\/wp-json\/wp\/v2\/product"}],"about":[{"href":"https:\/\/getibogaine.com\/es\/wp-json\/wp\/v2\/types\/product"}],"replies":[{"embeddable":true,"href":"https:\/\/getibogaine.com\/es\/wp-json\/wp\/v2\/comments?post=31523"}],"version-history":[{"count":0,"href":"https:\/\/getibogaine.com\/es\/wp-json\/wp\/v2\/product\/31523\/revisions"}],"wp:featuredmedia":[{"embeddable":true,"href":"https:\/\/getibogaine.com\/es\/wp-json\/wp\/v2\/media\/34777"}],"wp:attachment":[{"href":"https:\/\/getibogaine.com\/es\/wp-json\/wp\/v2\/media?parent=31523"}],"wp:term":[{"taxonomy":"product_brand","embeddable":true,"href":"https:\/\/getibogaine.com\/es\/wp-json\/wp\/v2\/product_brand?post=31523"},{"taxonomy":"product_cat","embeddable":true,"href":"https:\/\/getibogaine.com\/es\/wp-json\/wp\/v2\/product_cat?post=31523"},{"taxonomy":"product_tag","embeddable":true,"href":"https:\/\/getibogaine.com\/es\/wp-json\/wp\/v2\/product_tag?post=31523"}],"curies":[{"name":"wp","href":"https:\/\/api.w.org\/{rel}","templated":true}]}}