{"id":31529,"date":"2022-10-28T04:38:42","date_gmt":"2022-10-28T08:38:42","guid":{"rendered":"http:\/\/getibogaine.com\/?post_type=product&#038;p=12329"},"modified":"2026-03-09T05:58:14","modified_gmt":"2026-03-09T09:58:14","slug":"capsulas-de-ibogaina","status":"publish","type":"product","link":"https:\/\/getibogaine.com\/es\/producto\/capsulas-de-ibogaina\/","title":{"rendered":"C\u00e1psulas de iboga\u00edna"},"content":{"rendered":"<div class=\"row\">\n<div class=\"col-lg-7 col-12\">\n<h2 style=\"text-align: left;\">C\u00e1psulas de iboga\u00edna en venta<\/h2>\n<p>Las c\u00e1psulas de iboga\u00edna son una excelente manera de experimentar los beneficios de estas poderosas plantas sin tener que ingerir la corteza de la ra\u00edz ni TA. Como ocurre con la mayor\u00eda de los dem\u00e1s f\u00e1rmacos y suplementos, tomarlas en forma de c\u00e1psula significa que evitar\u00e1s algunos de los sabores desagradables asociados con consumir lo aut\u00e9ntico.<\/p>\n<p>Tanto si te interesa usar esta planta por sus propiedades psicoactivas como simplemente por sus propiedades medicinales, debes saber qu\u00e9 tipo de c\u00e1psula se ofrece. Aunque la mayor\u00eda de las empresas venden sus productos como c\u00e1psulas de corteza de ra\u00edz de iboga o TA, hay algunas que venden una forma encapsulada de iboga\u00edna HCL.<\/p>\n<p>Esto puede resultar confuso para algunas personas porque no hay una definici\u00f3n clara de qu\u00e9 constituye un extracto de iboga o cu\u00e1nto deber\u00eda haber presente en cada c\u00e1psula. Sin embargo, si buscas un buen punto de partida para tu b\u00fasqueda de estos productos, te recomendamos buscar empresas que vendan una forma encapsulada de iboga\u00edna HCL, porque se ha demostrado que tiene mejores tasas de absorci\u00f3n que cualquier otra forma disponible.<\/p>\n<h2>\u00bfQu\u00e9 son las c\u00e1psulas de iboga\u00edna?<\/h2>\n<p>Las c\u00e1psulas de iboga <a title=\"Difference Between Iboga And Ibogaine\" href=\"http:\/\/getibogaine.com\/whats-the-difference-between-iboga-and-ibogaine\/\">e iboga\u00edna<\/a> pueden obtenerse encapsulando corteza de ra\u00edz de iboga, iboga TA o iboga\u00edna HCL. Cuando las cortezas de ra\u00edz se secan, luego se muelen y se tamizan para producir un polvo fino, que posteriormente se encapsula en distintas cantidades en gramos listas para venderse y usarse.<\/p>\n<h2>C\u00e1psulas de iboga<\/h2>\n<p>Las pastillas de iboga est\u00e1n compuestas por polvo puro de corteza de ra\u00edz, que se ha secado, pulverizado hasta obtener una bolsa de polvo fino y luego se introduce en una c\u00e1psula. La f\u00e1cil digesti\u00f3n de estas c\u00e1psulas por el organismo se debe a su composici\u00f3n, que es de gelatina o de celulosa vegetal. El tama\u00f1o de estas c\u00e1psulas var\u00eda seg\u00fan la cantidad de polvo que requiera cada persona. Los tama\u00f1os pueden ir de 25 mg hasta 300 mg por c\u00e1psula, seg\u00fan lo que necesites.<\/p>\n<h2>C\u00e1psulas de iboga TA<\/h2>\n<p>Las c\u00e1psulas de iboga TA se elaboran a partir de extracto TA puro que se ha deshidratado, pulverizado hasta obtener un polvo fino y luego se coloca en c\u00e1psulas de distintos tama\u00f1os seg\u00fan tus necesidades.<\/p>\n<p>La cantidad de extracto TA puede variar de 100 mg a 1000 mg por c\u00e1psula, dependiendo del tipo de dosis que prefieras tomar cada d\u00eda al usar este producto como medicina alternativa para tratar problemas de adicci\u00f3n como el alcoholismo o la dependencia de drogas, como la adicci\u00f3n a la coca\u00edna<\/p>\n<\/div>\n<div class=\"col-lg-7 col-12\">\n<p><strong>Origen<\/strong>: Camer\u00fan<\/p>\n<\/div>\n<\/div>\n","protected":false},"excerpt":{"rendered":"<p>El env\u00edo expr\u00e9s tiene un tiempo de entrega r\u00e1pido de 3 a 7 d\u00edas.<\/p>\n<p>Producto: C\u00e1psula de iboga\u00edna<\/p>\n<p>Marca: Get Ibogaine<\/p>\n<p>Costo de env\u00edo: Calculado al finalizar la compra<\/p>\n<ul>\n<li>Solo vendemos c\u00e1psulas de iboga\u00edna de primera calidad y confiables. Lo sentimos, pero nuestra c\u00e1psula de iboga\u00edna no est\u00e1 disponible en este momento. Sin embargo, puede comprar el polvo de iboga\u00edna HCL y, una vez recibido, puede encapsularlo o consumir la cantidad requerida en forma de polvo. Esperamos poder ofrecerlas en el futuro.<\/li>\n<\/ul>\n<p><em>Su pedido se enviar\u00e1 dentro de las 24 horas posteriores a que su compra se complete y llegar\u00e1 en un plazo de tres a siete d\u00edas h\u00e1biles. Excepto en d\u00edas festivos y fines de semana, realizamos env\u00edos de lunes a viernes. Nuestras tarifas de env\u00edo var\u00edan seg\u00fan el peso del paquete.<\/em><\/p>\n","protected":false},"featured_media":34855,"comment_status":"open","ping_status":"closed","template":"","meta":{"site-sidebar-layout":"default","site-content-layout":"","ast-site-content-layout":"default","site-content-style":"default","site-sidebar-style":"default","ast-global-header-display":"","ast-banner-title-visibility":"","ast-main-header-display":"","ast-hfb-above-header-display":"","ast-hfb-below-header-display":"","ast-hfb-mobile-header-display":"","site-post-title":"","ast-breadcrumbs-content":"","ast-featured-img":"","footer-sml-layout":"","ast-disable-related-posts":"","theme-transparent-header-meta":"default","adv-header-id-meta":"","stick-header-meta":"default","header-above-stick-meta":"","header-main-stick-meta":"","header-below-stick-meta":"","astra-migrate-meta-layouts":"set","ast-page-background-enabled":"default","ast-page-background-meta":{"desktop":{"background-color":"var(--ast-global-color-4)","background-image":"","background-repeat":"repeat","background-position":"center center","background-size":"auto","background-attachment":"scroll","background-type":"","background-media":"","overlay-type":"","overlay-color":"","overlay-opacity":"","overlay-gradient":""},"tablet":{"background-color":"","background-image":"","background-repeat":"repeat","background-position":"center center","background-size":"auto","background-attachment":"scroll","background-type":"","background-media":"","overlay-type":"","overlay-color":"","overlay-opacity":"","overlay-gradient":""},"mobile":{"background-color":"","background-image":"","background-repeat":"repeat","background-position":"center center","background-size":"auto","background-attachment":"scroll","background-type":"","background-media":"","overlay-type":"","overlay-color":"","overlay-opacity":"","overlay-gradient":""}},"ast-content-background-meta":{"desktop":{"background-color":"var(--ast-global-color-5)","background-image":"","background-repeat":"repeat","background-position":"center center","background-size":"auto","background-attachment":"scroll","background-type":"","background-media":"","overlay-type":"","overlay-color":"","overlay-opacity":"","overlay-gradient":""},"tablet":{"background-color":"var(--ast-global-color-5)","background-image":"","background-repeat":"repeat","background-position":"center center","background-size":"auto","background-attachment":"scroll","background-type":"","background-media":"","overlay-type":"","overlay-color":"","overlay-opacity":"","overlay-gradient":""},"mobile":{"background-color":"var(--ast-global-color-5)","background-image":"","background-repeat":"repeat","background-position":"center center","background-size":"auto","background-attachment":"scroll","background-type":"","background-media":"","overlay-type":"","overlay-color":"","overlay-opacity":"","overlay-gradient":""}},"jetpack_publicize_message":"","jetpack_publicize_feature_enabled":true,"jetpack_social_post_already_shared":true,"jetpack_social_options":{"image_generator_settings":{"template":"highway","default_image_id":0,"font":"","enabled":false},"version":2}},"product_brand":[4011],"product_cat":[3935],"product_tag":[1523],"class_list":{"0":"post-31529","1":"product","2":"type-product","3":"status-publish","4":"has-post-thumbnail","6":"product_brand-getibogaina","7":"product_cat-iboga-capsulas-con-ibogaina-e-iboga-ta","8":"product_tag-natural","9":"desktop-align-left","10":"tablet-align-left","11":"mobile-align-left","12":"ast-product-gallery-layout-horizontal-slider","13":"ast-product-tabs-layout-horizontal","15":"first","16":"outofstock","17":"sold-individually","18":"shipping-taxable","19":"purchasable","20":"product-type-simple"},"jetpack_publicize_connections":[],"jetpack_sharing_enabled":true,"_links":{"self":[{"href":"https:\/\/getibogaine.com\/es\/wp-json\/wp\/v2\/product\/31529","targetHints":{"allow":["GET"]}}],"collection":[{"href":"https:\/\/getibogaine.com\/es\/wp-json\/wp\/v2\/product"}],"about":[{"href":"https:\/\/getibogaine.com\/es\/wp-json\/wp\/v2\/types\/product"}],"replies":[{"embeddable":true,"href":"https:\/\/getibogaine.com\/es\/wp-json\/wp\/v2\/comments?post=31529"}],"version-history":[{"count":0,"href":"https:\/\/getibogaine.com\/es\/wp-json\/wp\/v2\/product\/31529\/revisions"}],"wp:featuredmedia":[{"embeddable":true,"href":"https:\/\/getibogaine.com\/es\/wp-json\/wp\/v2\/media\/34855"}],"wp:attachment":[{"href":"https:\/\/getibogaine.com\/es\/wp-json\/wp\/v2\/media?parent=31529"}],"wp:term":[{"taxonomy":"product_brand","embeddable":true,"href":"https:\/\/getibogaine.com\/es\/wp-json\/wp\/v2\/product_brand?post=31529"},{"taxonomy":"product_cat","embeddable":true,"href":"https:\/\/getibogaine.com\/es\/wp-json\/wp\/v2\/product_cat?post=31529"},{"taxonomy":"product_tag","embeddable":true,"href":"https:\/\/getibogaine.com\/es\/wp-json\/wp\/v2\/product_tag?post=31529"}],"curies":[{"name":"wp","href":"https:\/\/api.w.org\/{rel}","templated":true}]}}