{"id":31541,"date":"2023-11-21T21:05:14","date_gmt":"2023-11-21T20:05:14","guid":{"rendered":"http:\/\/getibogaine.com\/?post_type=product&#038;p=19806"},"modified":"2026-03-09T06:25:26","modified_gmt":"2026-03-09T10:25:26","slug":"extracto-de-polvo-de-corteza-de-yohimbe-en-venta","status":"publish","type":"product","link":"https:\/\/getibogaine.com\/es\/producto\/extracto-de-polvo-de-corteza-de-yohimbe-en-venta\/","title":{"rendered":"Yohimbe en polvo"},"content":{"rendered":"<p><strong>El mejor extracto en polvo de corteza de yohimbe en venta<\/strong><\/p>\n<p>Ad\u00e9ntrate en el mundo de la salud hol\u00edstica con nuestro polvo de yohimbe premium en venta. Obtenido de la mejor corteza de yohimbe, nuestro polvo es un testimonio de pureza y potencia, y ofrece una forma pr\u00e1ctica de integrar los beneficios del yohimbe en tu rutina diaria de bienestar.<\/p>\n<p><strong>Caracter\u00edsticas clave<\/strong>:<\/p>\n<ul>\n<li><strong>Puro y natural<\/strong>: Elaborado con corteza de <a title=\"Yohimbe barks\" href=\"http:\/\/getibogaine.com\/product-tag\/yohimbe-barks\/\">yohimbe<\/a> 100% natural, sin aditivos ni conservantes.<\/li>\n<li><strong>Molido fino<\/strong>: Nuestro <a title=\"yohimbe powder\" href=\"http:\/\/getibogaine.com\/product-tag\/yohimbe-powder\/\">polvo de yohimbe<\/a> en venta pasa por un proceso de molienda fina que da como resultado una textura f\u00e1cil de consumir y que permite una absorci\u00f3n \u00f3ptima.<\/li>\n<li><strong>Vers\u00e1til y pr\u00e1ctico<\/strong>: Perfecto para mezclar en batidos, t\u00e9s o tus preparados de salud preferidos.<\/li>\n<\/ul>\n<p><strong>Beneficios<\/strong>:<\/p>\n<ul>\n<li><strong>Bienestar tradicional<\/strong>: Aprovecha los posibles beneficios del <a title=\"Yohimbe\" href=\"http:\/\/getibogaine.com\/product-tag\/yohimbe\/\">yohimbe<\/a>, utilizado tradicionalmente para mejorar la vitalidad y el bienestar.<\/li>\n<li><strong>Propiedades energizantes<\/strong>: Ideal para quienes buscan un impulso natural en sus niveles de energ\u00eda.<\/li>\n<li><strong>Garant\u00eda de calidad<\/strong>: Nos aseguramos de que cada lote de nuestra Yohimbina en polvo a la venta cumpla con los m\u00e1s altos est\u00e1ndares de calidad y eficacia.<\/li>\n<\/ul>\n<p><strong>C\u00f3mo usarlo:<\/strong><\/p>\n<p>Incorpora tu yohimbe en polvo a tu rutina diaria a\u00f1adi\u00e9ndolo a batidos, t\u00e9s u otras bebidas. Comienza con una cantidad peque\u00f1a para evaluar la tolerancia. Consulta a un profesional de la salud antes de usarlo, especialmente si tienes problemas de salud o est\u00e1s tomando medicamentos.<\/p>\n<p><strong>Por qu\u00e9 nuestro Yohimbe en polvo:<\/strong><\/p>\n<p><strong><a href=\"http:\/\/getibogaine.com\">Get Ibogaine<\/a><\/strong> se dedica a ofrecer productos naturales que mejoran la salud. Nuestro yohimbe en polvo a la venta refleja nuestro compromiso con la calidad y el bienestar natural, ofreciendo un producto en el que puedes confiar.<\/p>\n<p>Lleva tu camino de bienestar al siguiente nivel con nuestro yohimbe en polvo. Haz tu pedido hoy y adopta un enfoque m\u00e1s natural hacia la vitalidad y la salud.<\/p>\n","protected":false},"excerpt":{"rendered":"<p>La corteza de yohimbe y el polvo de corteza de yohimbe ofrecen muchas ventajas:<\/p>\n<ul>\n<li>Favorece el rendimiento deportivo<\/li>\n<li>Te aporta energ\u00eda<\/li>\n<li>Env\u00edo y entrega: Nuestro tiempo de env\u00edo es de 2\u20135 d\u00edas como m\u00e1ximo a nivel mundial.<\/li>\n<li>Pol\u00edtica de devoluciones: garant\u00eda de devoluci\u00f3n del 100% del dinero<\/li>\n<\/ul>\n","protected":false},"featured_media":35013,"comment_status":"open","ping_status":"closed","template":"","meta":{"site-sidebar-layout":"default","site-content-layout":"","ast-site-content-layout":"default","site-content-style":"default","site-sidebar-style":"default","ast-global-header-display":"","ast-banner-title-visibility":"","ast-main-header-display":"","ast-hfb-above-header-display":"","ast-hfb-below-header-display":"","ast-hfb-mobile-header-display":"","site-post-title":"","ast-breadcrumbs-content":"","ast-featured-img":"","footer-sml-layout":"","ast-disable-related-posts":"","theme-transparent-header-meta":"default","adv-header-id-meta":"","stick-header-meta":"default","header-above-stick-meta":"","header-main-stick-meta":"","header-below-stick-meta":"","astra-migrate-meta-layouts":"set","ast-page-background-enabled":"default","ast-page-background-meta":{"desktop":{"background-color":"var(--ast-global-color-4)","background-image":"","background-repeat":"repeat","background-position":"center center","background-size":"auto","background-attachment":"scroll","background-type":"","background-media":"","overlay-type":"","overlay-color":"","overlay-opacity":"","overlay-gradient":""},"tablet":{"background-color":"","background-image":"","background-repeat":"repeat","background-position":"center center","background-size":"auto","background-attachment":"scroll","background-type":"","background-media":"","overlay-type":"","overlay-color":"","overlay-opacity":"","overlay-gradient":""},"mobile":{"background-color":"","background-image":"","background-repeat":"repeat","background-position":"center center","background-size":"auto","background-attachment":"scroll","background-type":"","background-media":"","overlay-type":"","overlay-color":"","overlay-opacity":"","overlay-gradient":""}},"ast-content-background-meta":{"desktop":{"background-color":"var(--ast-global-color-5)","background-image":"","background-repeat":"repeat","background-position":"center center","background-size":"auto","background-attachment":"scroll","background-type":"","background-media":"","overlay-type":"","overlay-color":"","overlay-opacity":"","overlay-gradient":""},"tablet":{"background-color":"var(--ast-global-color-5)","background-image":"","background-repeat":"repeat","background-position":"center center","background-size":"auto","background-attachment":"scroll","background-type":"","background-media":"","overlay-type":"","overlay-color":"","overlay-opacity":"","overlay-gradient":""},"mobile":{"background-color":"var(--ast-global-color-5)","background-image":"","background-repeat":"repeat","background-position":"center center","background-size":"auto","background-attachment":"scroll","background-type":"","background-media":"","overlay-type":"","overlay-color":"","overlay-opacity":"","overlay-gradient":""}},"jetpack_publicize_message":"","jetpack_publicize_feature_enabled":true,"jetpack_social_post_already_shared":true,"jetpack_social_options":{"image_generator_settings":{"template":"highway","default_image_id":0,"font":"","enabled":false},"version":2}},"product_brand":[4011],"product_cat":[4575],"product_tag":[1622],"class_list":{"0":"post-31541","1":"product","2":"type-product","3":"status-publish","4":"has-post-thumbnail","6":"product_brand-getibogaina","7":"product_cat-yohimbe","8":"product_tag-polvo-de-yohimbe","9":"desktop-align-left","10":"tablet-align-left","11":"mobile-align-left","12":"ast-product-gallery-layout-horizontal-slider","13":"ast-product-single-variable","14":"ast-product-tabs-layout-horizontal","16":"first","17":"instock","18":"shipping-taxable","19":"purchasable","20":"product-type-variable"},"jetpack_publicize_connections":[],"jetpack_sharing_enabled":true,"_links":{"self":[{"href":"https:\/\/getibogaine.com\/es\/wp-json\/wp\/v2\/product\/31541","targetHints":{"allow":["GET"]}}],"collection":[{"href":"https:\/\/getibogaine.com\/es\/wp-json\/wp\/v2\/product"}],"about":[{"href":"https:\/\/getibogaine.com\/es\/wp-json\/wp\/v2\/types\/product"}],"replies":[{"embeddable":true,"href":"https:\/\/getibogaine.com\/es\/wp-json\/wp\/v2\/comments?post=31541"}],"version-history":[{"count":1,"href":"https:\/\/getibogaine.com\/es\/wp-json\/wp\/v2\/product\/31541\/revisions"}],"predecessor-version":[{"id":35085,"href":"https:\/\/getibogaine.com\/es\/wp-json\/wp\/v2\/product\/31541\/revisions\/35085"}],"wp:featuredmedia":[{"embeddable":true,"href":"https:\/\/getibogaine.com\/es\/wp-json\/wp\/v2\/media\/35013"}],"wp:attachment":[{"href":"https:\/\/getibogaine.com\/es\/wp-json\/wp\/v2\/media?parent=31541"}],"wp:term":[{"taxonomy":"product_brand","embeddable":true,"href":"https:\/\/getibogaine.com\/es\/wp-json\/wp\/v2\/product_brand?post=31541"},{"taxonomy":"product_cat","embeddable":true,"href":"https:\/\/getibogaine.com\/es\/wp-json\/wp\/v2\/product_cat?post=31541"},{"taxonomy":"product_tag","embeddable":true,"href":"https:\/\/getibogaine.com\/es\/wp-json\/wp\/v2\/product_tag?post=31541"}],"curies":[{"name":"wp","href":"https:\/\/api.w.org\/{rel}","templated":true}]}}