{"id":31553,"date":"2024-07-22T11:26:30","date_gmt":"2024-07-22T15:26:30","guid":{"rendered":"http:\/\/getibogaine.com\/?post_type=product&#038;p=24381"},"modified":"2026-03-09T06:50:41","modified_gmt":"2026-03-09T10:50:41","slug":"iboga-healing-bundle-80g-root-bark-2g-ta","status":"publish","type":"product","link":"https:\/\/getibogaine.com\/es\/producto\/iboga-healing-bundle-80g-root-bark-2g-ta\/","title":{"rendered":"Paquete completo de sanaci\u00f3n con iboga\u00edna &#8211; 80 g de corteza de ra\u00edz y 2 g de TA"},"content":{"rendered":"<p>Desbloquea el poder transformador de la Iboga con nuestro paquete completo de sanaci\u00f3n con Iboga, que incluye 80 gramos de corteza de ra\u00edz de Iboga y 2 gramos de alcaloide total de Iboga (TA). Esta combinaci\u00f3n es perfecta para quienes buscan un enfoque integral del bienestar mental, emocional y f\u00edsico. La corteza de ra\u00edz de Iboga proporciona un m\u00e9todo natural y hol\u00edstico para viajes espirituales, mientras que la Iboga TA ofrece alcaloides concentrados para potenciar <strong><a href=\"https:\/\/en.wikipedia.org\/wiki\/Therapeutic_effect\" target=\"_blank\" rel=\"noopener\"> los efectos terap\u00e9uticos.<\/a><\/strong> Este paquete ayuda a interrumpir la adicci\u00f3n, favorece profundas percepciones psicol\u00f3gicas y respalda el bienestar general.<\/p>\n<p><strong>Beneficios e importancia:<\/strong><\/p>\n<ul>\n<li><strong>Interrupci\u00f3n de la adicci\u00f3n<\/strong>: Ayuda a reducir los s\u00edntomas de abstinencia y los antojos, facilitando superar las dependencias a sustancias.<\/li>\n<li><strong>Percepciones psicol\u00f3gicas<\/strong>: Facilita una introspecci\u00f3n profunda y la comprensi\u00f3n de conductas y emociones personales.<\/li>\n<li><strong>Sanaci\u00f3n hol\u00edstica<\/strong>: Favorece la claridad mental, el equilibrio emocional y la salud f\u00edsica mediante compuestos naturales.<\/li>\n<\/ul>\n<p><strong>Posible dosificaci\u00f3n y gu\u00eda:<\/strong><\/p>\n<ul>\n<li><strong>Dosis inicial<\/strong>: Comienza con 1\u20132 gramos de corteza de ra\u00edz de Iboga para una introducci\u00f3n suave. Aumenta gradualmente seg\u00fan tu tolerancia y los efectos deseados.<\/li>\n<li><strong>Iboga TA<\/strong>: Para sesiones m\u00e1s intensas, toma 0.5-1 gramo de Iboga TA. Consulta siempre a un <a href=\"http:\/\/getibogaine.com\/get-ibogaine-team\/\">profesional de la salud<\/a> o a un gu\u00eda con experiencia antes de comenzar tu viaje.<\/li>\n<\/ul>\n","protected":false},"excerpt":{"rendered":"<p>Ahorra un 10% en este paquete completo de sanaci\u00f3n con iboga\u00edna: 80 g de corteza de ra\u00edz y 2 g de TA. $354 + $68 de env\u00edo<\/p>\n","protected":false},"featured_media":32294,"comment_status":"open","ping_status":"closed","template":"","meta":{"site-sidebar-layout":"default","site-content-layout":"","ast-site-content-layout":"default","site-content-style":"default","site-sidebar-style":"default","ast-global-header-display":"","ast-banner-title-visibility":"","ast-main-header-display":"","ast-hfb-above-header-display":"","ast-hfb-below-header-display":"","ast-hfb-mobile-header-display":"","site-post-title":"","ast-breadcrumbs-content":"","ast-featured-img":"","footer-sml-layout":"","ast-disable-related-posts":"","theme-transparent-header-meta":"default","adv-header-id-meta":"","stick-header-meta":"default","header-above-stick-meta":"","header-main-stick-meta":"","header-below-stick-meta":"","astra-migrate-meta-layouts":"set","ast-page-background-enabled":"default","ast-page-background-meta":{"desktop":{"background-color":"var(--ast-global-color-4)","background-image":"","background-repeat":"repeat","background-position":"center center","background-size":"auto","background-attachment":"scroll","background-type":"","background-media":"","overlay-type":"","overlay-color":"","overlay-opacity":"","overlay-gradient":""},"tablet":{"background-color":"","background-image":"","background-repeat":"repeat","background-position":"center center","background-size":"auto","background-attachment":"scroll","background-type":"","background-media":"","overlay-type":"","overlay-color":"","overlay-opacity":"","overlay-gradient":""},"mobile":{"background-color":"","background-image":"","background-repeat":"repeat","background-position":"center center","background-size":"auto","background-attachment":"scroll","background-type":"","background-media":"","overlay-type":"","overlay-color":"","overlay-opacity":"","overlay-gradient":""}},"ast-content-background-meta":{"desktop":{"background-color":"var(--ast-global-color-5)","background-image":"","background-repeat":"repeat","background-position":"center center","background-size":"auto","background-attachment":"scroll","background-type":"","background-media":"","overlay-type":"","overlay-color":"","overlay-opacity":"","overlay-gradient":""},"tablet":{"background-color":"var(--ast-global-color-5)","background-image":"","background-repeat":"repeat","background-position":"center center","background-size":"auto","background-attachment":"scroll","background-type":"","background-media":"","overlay-type":"","overlay-color":"","overlay-opacity":"","overlay-gradient":""},"mobile":{"background-color":"var(--ast-global-color-5)","background-image":"","background-repeat":"repeat","background-position":"center center","background-size":"auto","background-attachment":"scroll","background-type":"","background-media":"","overlay-type":"","overlay-color":"","overlay-opacity":"","overlay-gradient":""}},"jetpack_publicize_message":"","jetpack_publicize_feature_enabled":true,"jetpack_social_post_already_shared":true,"jetpack_social_options":{"image_generator_settings":{"template":"highway","default_image_id":0,"font":"","enabled":false},"version":2}},"product_brand":[4011],"product_cat":[4561],"product_tag":[1550,1532],"class_list":{"0":"post-31553","1":"product","2":"type-product","3":"status-publish","4":"has-post-thumbnail","6":"product_brand-getibogaina","7":"product_cat-promocion-de-getibogaine","8":"product_tag-iboga-ta","9":"product_tag-virutas-de-corteza-de-raiz-de-iboga","10":"desktop-align-left","11":"tablet-align-left","12":"mobile-align-left","13":"ast-product-gallery-layout-horizontal-slider","14":"ast-product-tabs-layout-horizontal","16":"first","17":"instock","18":"sale","19":"shipping-taxable","20":"purchasable","21":"product-type-simple"},"jetpack_publicize_connections":[],"jetpack_sharing_enabled":true,"_links":{"self":[{"href":"https:\/\/getibogaine.com\/es\/wp-json\/wp\/v2\/product\/31553","targetHints":{"allow":["GET"]}}],"collection":[{"href":"https:\/\/getibogaine.com\/es\/wp-json\/wp\/v2\/product"}],"about":[{"href":"https:\/\/getibogaine.com\/es\/wp-json\/wp\/v2\/types\/product"}],"replies":[{"embeddable":true,"href":"https:\/\/getibogaine.com\/es\/wp-json\/wp\/v2\/comments?post=31553"}],"version-history":[{"count":0,"href":"https:\/\/getibogaine.com\/es\/wp-json\/wp\/v2\/product\/31553\/revisions"}],"wp:featuredmedia":[{"embeddable":true,"href":"https:\/\/getibogaine.com\/es\/wp-json\/wp\/v2\/media\/32294"}],"wp:attachment":[{"href":"https:\/\/getibogaine.com\/es\/wp-json\/wp\/v2\/media?parent=31553"}],"wp:term":[{"taxonomy":"product_brand","embeddable":true,"href":"https:\/\/getibogaine.com\/es\/wp-json\/wp\/v2\/product_brand?post=31553"},{"taxonomy":"product_cat","embeddable":true,"href":"https:\/\/getibogaine.com\/es\/wp-json\/wp\/v2\/product_cat?post=31553"},{"taxonomy":"product_tag","embeddable":true,"href":"https:\/\/getibogaine.com\/es\/wp-json\/wp\/v2\/product_tag?post=31553"}],"curies":[{"name":"wp","href":"https:\/\/api.w.org\/{rel}","templated":true}]}}