{"id":31559,"date":"2024-07-22T12:12:50","date_gmt":"2024-07-22T16:12:50","guid":{"rendered":"http:\/\/getibogaine.com\/?post_type=product&#038;p=24407"},"modified":"2026-03-09T06:55:01","modified_gmt":"2026-03-09T10:55:01","slug":"paquete-equilibrado-de-bienestar-con-ibogaina","status":"publish","type":"product","link":"https:\/\/getibogaine.com\/es\/producto\/paquete-equilibrado-de-bienestar-con-ibogaina\/","title":{"rendered":"Paquete equilibrado de bienestar con iboga\u00edna &#8211; 20 g de corteza de ra\u00edz y 2 g de HCL"},"content":{"rendered":"<p><strong>Pack de Bienestar de Iboga\u00edna<\/strong><\/p>\n<p>Descubre los efectos sin\u00e9rgicos de la iboga con nuestro pack de bienestar equilibrado, que combina 20 gramos de corteza de ra\u00edz de iboga con 2 gramos de iboga\u00edna HCL. Esta combinaci\u00f3n ofrece un enfoque integral para lograr claridad mental y equilibrio emocional. La corteza de ra\u00edz de iboga ofrece un<a href=\"http:\/\/getibogaine.com\"> camino natural hacia el autodescubrimiento<\/a>, mientras que la iboga\u00edna HCL proporciona un efecto potente y espec\u00edfico. Este paquete est\u00e1 dise\u00f1ado para apoyar una sanaci\u00f3n profunda, la recuperaci\u00f3n de adicciones y el bienestar general.<\/p>\n<p><strong>Beneficios e importancia:<\/strong><\/p>\n<ul>\n<li><strong>Claridad mental<\/strong>: Favorece la mejora cognitiva y la concentraci\u00f3n.<\/li>\n<li><strong>Equilibrio emocional<\/strong>: Ayuda a gestionar el estr\u00e9s, la ansiedad y la turbulencia emocional.<\/li>\n<li><strong>Recuperaci\u00f3n de adicciones<\/strong>: Ayuda a liberarse de <a href=\"https:\/\/www.google.com\/url?sa=t&amp;source=web&amp;rct=j&amp;opi=89978449&amp;url=https:\/\/www.ncbi.nlm.nih.gov\/pmc\/articles\/PMC3990000\/&amp;ved=2ahUKEwjT5JbWhLuHAxXV_7sIHSzrBggQFnoECBwQAQ&amp;usg=AOvVaw161DIWb1MueEG4RNwsWn81\" target=\"_blank\" rel=\"noopener\">dependencias con menos antojos<\/a> y s\u00edntomas de abstinencia.<\/li>\n<\/ul>\n<p><strong>Posible dosis y gu\u00eda:<\/strong><\/p>\n<ul>\n<li><strong>Dosis inicial<\/strong>: Usa 1\u20132 gramos de corteza de ra\u00edz de iboga para empezar. Ajusta la dosis seg\u00fan sea necesario en funci\u00f3n de tu respuesta.<\/li>\n<li><strong>Iboga\u00edna HCL<\/strong>: Por lo general, se usan 0,5-1 gramo de Iboga\u00edna HCL para experiencias m\u00e1s profundas. Consulta siempre con un profesional de la salud o un gu\u00eda con conocimientos antes de usarla.<\/li>\n<\/ul>\n","protected":false},"excerpt":{"rendered":"<p>Paquete equilibrado de bienestar con iboga\u00edna \u2013 20 g de corteza de ra\u00edz y 2 g de HCL. \u00a110% DE DESCUENTO! $442 + $68 de env\u00edo<\/p>\n","protected":false},"featured_media":32272,"comment_status":"open","ping_status":"closed","template":"","meta":{"site-sidebar-layout":"default","site-content-layout":"","ast-site-content-layout":"default","site-content-style":"default","site-sidebar-style":"default","ast-global-header-display":"","ast-banner-title-visibility":"","ast-main-header-display":"","ast-hfb-above-header-display":"","ast-hfb-below-header-display":"","ast-hfb-mobile-header-display":"","site-post-title":"","ast-breadcrumbs-content":"","ast-featured-img":"","footer-sml-layout":"","ast-disable-related-posts":"","theme-transparent-header-meta":"default","adv-header-id-meta":"","stick-header-meta":"default","header-above-stick-meta":"","header-main-stick-meta":"","header-below-stick-meta":"","astra-migrate-meta-layouts":"set","ast-page-background-enabled":"default","ast-page-background-meta":{"desktop":{"background-color":"var(--ast-global-color-4)","background-image":"","background-repeat":"repeat","background-position":"center center","background-size":"auto","background-attachment":"scroll","background-type":"","background-media":"","overlay-type":"","overlay-color":"","overlay-opacity":"","overlay-gradient":""},"tablet":{"background-color":"","background-image":"","background-repeat":"repeat","background-position":"center center","background-size":"auto","background-attachment":"scroll","background-type":"","background-media":"","overlay-type":"","overlay-color":"","overlay-opacity":"","overlay-gradient":""},"mobile":{"background-color":"","background-image":"","background-repeat":"repeat","background-position":"center center","background-size":"auto","background-attachment":"scroll","background-type":"","background-media":"","overlay-type":"","overlay-color":"","overlay-opacity":"","overlay-gradient":""}},"ast-content-background-meta":{"desktop":{"background-color":"var(--ast-global-color-5)","background-image":"","background-repeat":"repeat","background-position":"center center","background-size":"auto","background-attachment":"scroll","background-type":"","background-media":"","overlay-type":"","overlay-color":"","overlay-opacity":"","overlay-gradient":""},"tablet":{"background-color":"var(--ast-global-color-5)","background-image":"","background-repeat":"repeat","background-position":"center center","background-size":"auto","background-attachment":"scroll","background-type":"","background-media":"","overlay-type":"","overlay-color":"","overlay-opacity":"","overlay-gradient":""},"mobile":{"background-color":"var(--ast-global-color-5)","background-image":"","background-repeat":"repeat","background-position":"center center","background-size":"auto","background-attachment":"scroll","background-type":"","background-media":"","overlay-type":"","overlay-color":"","overlay-opacity":"","overlay-gradient":""}},"jetpack_publicize_message":"","jetpack_publicize_feature_enabled":true,"jetpack_social_post_already_shared":true,"jetpack_social_options":{"image_generator_settings":{"template":"highway","default_image_id":0,"font":"","enabled":false},"version":2}},"product_brand":[4011],"product_cat":[4561],"product_tag":[1541,1532],"class_list":{"0":"post-31559","1":"product","2":"type-product","3":"status-publish","4":"has-post-thumbnail","6":"product_brand-getibogaina","7":"product_cat-promocion-de-getibogaine","8":"product_tag-clorhidrato-de-ibogaina","9":"product_tag-virutas-de-corteza-de-raiz-de-iboga","10":"desktop-align-left","11":"tablet-align-left","12":"mobile-align-left","13":"ast-product-gallery-layout-horizontal-slider","14":"ast-product-tabs-layout-horizontal","16":"first","17":"instock","18":"sale","19":"shipping-taxable","20":"purchasable","21":"product-type-simple"},"jetpack_publicize_connections":[],"jetpack_sharing_enabled":true,"_links":{"self":[{"href":"https:\/\/getibogaine.com\/es\/wp-json\/wp\/v2\/product\/31559","targetHints":{"allow":["GET"]}}],"collection":[{"href":"https:\/\/getibogaine.com\/es\/wp-json\/wp\/v2\/product"}],"about":[{"href":"https:\/\/getibogaine.com\/es\/wp-json\/wp\/v2\/types\/product"}],"replies":[{"embeddable":true,"href":"https:\/\/getibogaine.com\/es\/wp-json\/wp\/v2\/comments?post=31559"}],"version-history":[{"count":0,"href":"https:\/\/getibogaine.com\/es\/wp-json\/wp\/v2\/product\/31559\/revisions"}],"wp:featuredmedia":[{"embeddable":true,"href":"https:\/\/getibogaine.com\/es\/wp-json\/wp\/v2\/media\/32272"}],"wp:attachment":[{"href":"https:\/\/getibogaine.com\/es\/wp-json\/wp\/v2\/media?parent=31559"}],"wp:term":[{"taxonomy":"product_brand","embeddable":true,"href":"https:\/\/getibogaine.com\/es\/wp-json\/wp\/v2\/product_brand?post=31559"},{"taxonomy":"product_cat","embeddable":true,"href":"https:\/\/getibogaine.com\/es\/wp-json\/wp\/v2\/product_cat?post=31559"},{"taxonomy":"product_tag","embeddable":true,"href":"https:\/\/getibogaine.com\/es\/wp-json\/wp\/v2\/product_tag?post=31559"}],"curies":[{"name":"wp","href":"https:\/\/api.w.org\/{rel}","templated":true}]}}